{"id":14814,"date":"2021-08-05T11:27:29","date_gmt":"2021-08-05T09:27:29","guid":{"rendered":"https:\/\/agora.xtec.cat\/ceipestalella\/?page_id=14814"},"modified":"2025-09-18T13:32:04","modified_gmt":"2025-09-18T11:32:04","slug":"informacio-general-p3","status":"publish","type":"page","link":"https:\/\/agora.xtec.cat\/ceipestalella\/informacio-general-p3\/","title":{"rendered":"Informaci\u00f3 general I3"},"content":{"rendered":"<div style=\"position: relative; width: 100%; height: 0; padding-top: 70.7071%; padding-bottom: 0; box-shadow: 0 2px 8px 0 rgba(63,69,81,0.16); margin-top: 1.6em; margin-bottom: 0.9em; overflow: hidden; border-radius: 8px; will-change: transform;\"><iframe style=\"position: absolute; width: 100%; height: 100%; top: 0; left: 0; border: none; padding: 0; margin: 0;\" src=\"https:\/\/www.canva.com\/design\/DAGzUaj25NY\/kdkI4qfuryzjChsa_-LvsQ\/view?embed\" allowfullscreen=\"allowfullscreen\" data-mce-fragment=\"1\"><br \/>\n<\/iframe><\/div>\n<p><u>CORREU ELECTR\u00d2NIC PER COMUNICAR-NOS <\/u>Si ens heu de donar alguna informaci\u00f3 puntual, us preguem que ho feu amb una nota per escrit o a traves del nostre correu.<\/p>\n<ul>\n<li>I3 A : irene@estalella.cat<\/li>\n<li>I3 B: carla@estalella.cat<\/li>\n<\/ul>\n<p>Si un nen\/a falta ens heu d\u2019avisar escrivint al nostre correu. El contestarem el m\u00e9s r\u00e0pid possible.<\/p>\n<p><strong><u>ENTRADES I SORTIDES<\/u><\/strong><\/p>\n<p>Les entrades i les sortides es fan pel c\/ de la Font.<\/p>\n<p>Mat\u00ed: 9- 12:25h.<\/p>\n<p>Tarda: 15 -16.25h.<\/p>\n<p>Si us plau, respecteu els horaris i sigueu puntuals.<\/p>\n<p>Cal\u00a0que ens aviseu abans, si ha de venir a recollir el vostre fill\\a, alguna persona diferent de l\u2019habitual. Si \u00e9s un germ\u00e0 menor d\u2019edat, haureu d\u2019omplir una autoritzaci\u00f3.<\/p>\n<p><strong><u>TREBALLEM PLEGATS PERQU\u00c8 SIGUIN EL M\u00c0XIM D\u2019AUT\u00d2NOMS POSSIBLE.<\/u><\/strong><\/p>\n<p>Cal que des de casa tamb\u00e9 els ajudeu a\u00a0<strong>ser aut\u00f2noms,<\/strong>\u00a0deixeu que facin les coses sols i faciliteu al m\u00e0xim que les puguin fer: marqueu totes les seves coses amb nom i cognom, poseu-li roba i sabates c\u00f2modes i f\u00e0cils de cordar i descordar, una carmanyola i cantimplora f\u00e0cils d\u2019obrir i tancar, ensenyeu-los a posar-se la bata i la jaqueta tots sols\u2026).<\/p>\n<p><strong><u>ESMORZARS<\/u><\/strong><\/p>\n<p>No \u00e9s obligatori portar esmorzar a l\u2019escola. Pensem que el primer \u00e0pat \u00e9s molt important i que conv\u00e9 fer-lo a casa. Tot i aix\u00ed, el fet de menjar a la classe ens permet treballar els h\u00e0bits de seure, d\u2019higiene personal i de la taula, i de menjar sols.<\/p>\n<p>Si decidiu portar alguna cosa per esmorzar a l\u2019escola procureu que sigui variat. <strong>No es poden portar ni sucs ni iogurts.<\/strong><\/p>\n<p>En una motxilla petita han de portar l\u2019ampolla o cantimplora per beure aigua i la carmanyola.<\/p>\n<p>La bata la portaran <strong>divendres<\/strong> per rentar. Preguem que el <strong>dilluns<\/strong>\u00a0torni neta a l\u2019escola.<\/p>\n<p><strong><u>ACTIVITATS QUE FEM AMB LA COL.LABORACI\u00d3 DE LES\u00a0 FAMILIES<\/u><\/strong><\/p>\n<p>Les activitats que treballem afavoriran l\u2019adquisici\u00f3 d\u2019h\u00e0bits de conviv\u00e8ncia, d\u2019autonomia i de treball.<\/p>\n<p>Quan treballem un tema, els nens s\u2019han d\u2019acostumar a portar coses de casa quan arribi el moment us avisarem pel grup de whatsapp de la classe.<\/p>\n<p><strong><u>No es poden portar coses que no facin refer\u00e8ncia al tema que treballem<\/u><\/strong>.<\/p>\n<p><strong>EL NOM I LA FAM\u00cdLIA<\/strong><\/p>\n<p>A I3 treballem el coneixement d&#8217;un mateix i per aquest motiu hem escollit aquesta activitat per saber per qu\u00e8 vau triar aquest nom per al vostre fill i filla.<\/p>\n<p>\u00c9s una manera de que ens coneguem i de cohesionar el grup.<\/p>\n<p><strong><u>INFORMES I ENTREVISTES<\/u><\/strong><\/p>\n<p>Us lliurarem dos informes un per Nadal i un altre a final de curs.<\/p>\n<p>Tindrem, com a m\u00ednim, una entrevista amb vosaltres durant el curs.<\/p>\n<p>L\u2019horari d\u2019atenci\u00f3 a les fam\u00edlies \u00e9s el <b>dimecres <\/b>de 12:40h. a 13:30h.<\/p>\n<p><strong><u>HORARI I MESTRES QUE INTERVENEN A LES AULES DE I3 A\/B<\/u><\/strong><\/p>\n<p><strong>PSICOMOTRICITAT<\/strong>:<\/p>\n<p>I3 A: <strong>Dimecres<\/strong> a la tarda. Ivette Esc\u00e1ndil i Marta C\u00e1novas.<\/p>\n<p>I3 B: <strong>Dimarts<\/strong> a la tarda .\u00a0 Ivette Esc\u00e1ndil i Marta C\u00e1novas.<\/p>\n<p>Els dies de psicomotricitat cal que vinguin amb vambes i xandall.<\/p>\n<p><strong>M\u00daSICA<\/strong>: Una hora setmanal amb la Laia Muray.<\/p>\n<p><strong>EDUCACI\u00d3 ESPECIAL<\/strong>: M\u00edriam Martos (SIEI)\u00a0 i Marta Guilera.<\/p>\n<p><strong>REFOR\u00c7OS<\/strong>: Raquel Tornay.<\/p>\n<p><strong>TEEI<\/strong> (T\u00e8cnica d\u2019Educaci\u00f3 Infantil): Cristina Gordillo i Marta C\u00e1novas.<\/p>\n<p><a href=\"https:\/\/agora.xtec.cat\/ceipestalella\/categoria\/radio-estalella\/\"><strong><u>R\u00c0DIO ESTALELLA<\/u><\/strong><\/a><\/p>\n<p>A Vilafranca se\u2019ns pot sintonitzar al 97.9 de la FM. Fem una emissi\u00f3 en directe, de les 10 a 2\/4 d\u201911 del mat\u00ed, i dues en diferit: el mateix dia a les 8 del vespre i l\u2019endem\u00e0 a 1\/4 de 9 del mat\u00ed.<\/p>\n<p>Tamb\u00e9 podeu <a href=\"http:\/\/ceipestalella.xtec.cat:8084\/radio\">escoltar els programes en directe<\/a> a trav\u00e9s d&#8217;internet.<\/p>\n<p>Les col\u00b7laboracions d&#8217;infantil seran els divendres, l&#8217;alumnat d&#8217;I3 hi participa al tercer trimestre.<\/p>\n<p><strong><u>MENJADOR<\/u><\/strong><\/p>\n<ul>\n<li>Cal portar un informe m\u00e8dic en el cas de que hi hagi algun nen\/a amb algun tipus d\u2019al\u00b7l\u00e8rgia.<\/li>\n<li>Recordeu que el servei de menjador \u00e9s un servei educatiu i que per tant als nens se\u2019ls acostuma a que mengin de tot o si m\u00e9s no que provin tot el que se\u2019ls posa.<\/li>\n<li>Despr\u00e9s de dinar els nens de I3 dormen una estoneta.<\/li>\n<\/ul>\n<p><strong><u>MEDICAMENTS<\/u><\/strong><\/p>\n<p>Si hem d\u2019administrar algun medicament cal que porteu <strong>l\u2019autoritzaci\u00f3<\/strong> degudament complimentada (es pot descarregar al web de l\u2019escola) i la <strong>recepta m\u00e8dica<\/strong>. \u00c9s normatiu i no podrem administrar cap medicament sense aquests dos documents.<\/p>\n<p><strong><u>ACTUALITZACI\u00d3 DADES FAM\u00cdLIES<\/u><\/strong><\/p>\n<p>\u00c9s molt important tenir les\u00a0<strong>dades actualitzades<\/strong>. Si hi ha alguna variaci\u00f3 (autoritzaci\u00f3 de les sortides per Vilafranca, drets d\u2019imatge, tel\u00e8fon, correu\u2026) cal comunicar-ho a la tutora.<\/p>\n","protected":false},"excerpt":{"rendered":"<p>CORREU ELECTR\u00d2NIC PER COMUNICAR-NOS Si ens heu de donar alguna informaci\u00f3 puntual, us preguem que ho feu amb una nota [&hellip;]<\/p>\n","protected":false},"author":1,"featured_media":0,"parent":0,"menu_order":0,"comment_status":"closed","ping_status":"closed","template":"","meta":{"_bbp_topic_count":0,"_bbp_reply_count":0,"_bbp_total_topic_count":0,"_bbp_total_reply_count":0,"_bbp_voice_count":0,"_bbp_anonymous_reply_count":0,"_bbp_topic_count_hidden":0,"_bbp_reply_count_hidden":0,"_bbp_forum_subforum_count":0,"site-sidebar-layout":"default","site-content-layout":"","ast-site-content-layout":"default","site-content-style":"default","site-sidebar-style":"default","ast-global-header-display":"","ast-banner-title-visibility":"","ast-main-header-display":"","ast-hfb-above-header-display":"","ast-hfb-below-header-display":"","ast-hfb-mobile-header-display":"","site-post-title":"","ast-breadcrumbs-content":"","ast-featured-img":"","footer-sml-layout":"","theme-transparent-header-meta":"","adv-header-id-meta":"","stick-header-meta":"","header-above-stick-meta":"","header-main-stick-meta":"","header-below-stick-meta":"","astra-migrate-meta-layouts":"set","ast-page-background-enabled":"default","ast-page-background-meta":{"desktop":{"background-color":"var(--ast-global-color-4)","background-image":"","background-repeat":"repeat","background-position":"center center","background-size":"auto","background-attachment":"scroll","background-type":"","background-media":"","overlay-type":"","overlay-color":"","overlay-opacity":"","overlay-gradient":""},"tablet":{"background-color":"","background-image":"","background-repeat":"repeat","background-position":"center center","background-size":"auto","background-attachment":"scroll","background-type":"","background-media":"","overlay-type":"","overlay-color":"","overlay-opacity":"","overlay-gradient":""},"mobile":{"background-color":"","background-image":"","background-repeat":"repeat","background-position":"center center","background-size":"auto","background-attachment":"scroll","background-type":"","background-media":"","overlay-type":"","overlay-color":"","overlay-opacity":"","overlay-gradient":""}},"ast-content-background-meta":{"desktop":{"background-color":"var(--ast-global-color-5)","background-image":"","background-repeat":"repeat","background-position":"center center","background-size":"auto","background-attachment":"scroll","background-type":"","background-media":"","overlay-type":"","overlay-color":"","overlay-opacity":"","overlay-gradient":""},"tablet":{"background-color":"var(--ast-global-color-5)","background-image":"","background-repeat":"repeat","background-position":"center center","background-size":"auto","background-attachment":"scroll","background-type":"","background-media":"","overlay-type":"","overlay-color":"","overlay-opacity":"","overlay-gradient":""},"mobile":{"background-color":"var(--ast-global-color-5)","background-image":"","background-repeat":"repeat","background-position":"center center","background-size":"auto","background-attachment":"scroll","background-type":"","background-media":"","overlay-type":"","overlay-color":"","overlay-opacity":"","overlay-gradient":""}},"footnotes":""},"class_list":["post-14814","page","type-page","status-publish","hentry"],"post_mailing_queue_ids":[],"_links":{"self":[{"href":"https:\/\/agora.xtec.cat\/ceipestalella\/wp-json\/wp\/v2\/pages\/14814","targetHints":{"allow":["GET"]}}],"collection":[{"href":"https:\/\/agora.xtec.cat\/ceipestalella\/wp-json\/wp\/v2\/pages"}],"about":[{"href":"https:\/\/agora.xtec.cat\/ceipestalella\/wp-json\/wp\/v2\/types\/page"}],"author":[{"embeddable":true,"href":"https:\/\/agora.xtec.cat\/ceipestalella\/wp-json\/wp\/v2\/users\/1"}],"replies":[{"embeddable":true,"href":"https:\/\/agora.xtec.cat\/ceipestalella\/wp-json\/wp\/v2\/comments?post=14814"}],"version-history":[{"count":5,"href":"https:\/\/agora.xtec.cat\/ceipestalella\/wp-json\/wp\/v2\/pages\/14814\/revisions"}],"predecessor-version":[{"id":20088,"href":"https:\/\/agora.xtec.cat\/ceipestalella\/wp-json\/wp\/v2\/pages\/14814\/revisions\/20088"}],"wp:attachment":[{"href":"https:\/\/agora.xtec.cat\/ceipestalella\/wp-json\/wp\/v2\/media?parent=14814"}],"curies":[{"name":"wp","href":"https:\/\/api.w.org\/{rel}","templated":true}]}}