{"id":1433,"date":"2016-01-15T04:09:22","date_gmt":"2016-01-15T03:09:22","guid":{"rendered":"http:\/\/agora.xtec.cat\/ceipestalella\/?page_id=1433"},"modified":"2025-09-16T21:56:00","modified_gmt":"2025-09-16T19:56:00","slug":"la-capsa","status":"publish","type":"page","link":"https:\/\/agora.xtec.cat\/ceipestalella\/la-capsa\/","title":{"rendered":"La Capsa"},"content":{"rendered":"<p>La Capsa \u00e9s una activitat que t\u00e9 com a objectiu treballar la cohesi\u00f3 de grup, l&#8217;autoestima<span style=\"font-family: inherit; font-size: 1em;\">, la comunicaci\u00f3 i les relacions a l&#8217;aula.\u00a0<\/span><\/p>\n<p>Cada nen du una capsa amb tres coses dues\u00a0 que els agraden i una que no. Cadasc\u00fa d&#8217;ells explica a la resta dels nens i nenes de la classe els objectes que ha triat, perqu\u00e8 els ha triat i, a partir d&#8217;aqu\u00ed, es crea una conversa amb els companys.<\/p>\n<p><img loading=\"lazy\" decoding=\"async\" class=\"alignnone wp-image-11149\" src=\"https:\/\/agora.xtec.cat\/ceipestalella\/wp-content\/uploads\/usu318\/2020\/03\/capsa-Joana-1-1024x768.jpg\" alt=\"\" width=\"525\" height=\"393\" srcset=\"https:\/\/agora.xtec.cat\/ceipestalella\/wp-content\/uploads\/usu318\/2020\/03\/capsa-Joana-1.jpg 1024w, https:\/\/agora.xtec.cat\/ceipestalella\/wp-content\/uploads\/usu318\/2020\/03\/capsa-Joana-1-300x225.jpg 300w, https:\/\/agora.xtec.cat\/ceipestalella\/wp-content\/uploads\/usu318\/2020\/03\/capsa-Joana-1-768x576.jpg 768w, https:\/\/agora.xtec.cat\/ceipestalella\/wp-content\/uploads\/usu318\/2020\/03\/capsa-Joana-1-200x150.jpg 200w\" sizes=\"auto, (max-width: 525px) 100vw, 525px\" \/> <img loading=\"lazy\" decoding=\"async\" class=\"alignnone wp-image-11150\" src=\"https:\/\/agora.xtec.cat\/ceipestalella\/wp-content\/uploads\/usu318\/2020\/03\/capsa-Gen\u00eds-2-768x1024.jpg\" alt=\"\" width=\"295\" height=\"393\" srcset=\"https:\/\/agora.xtec.cat\/ceipestalella\/wp-content\/uploads\/usu318\/2020\/03\/capsa-Gen\u00eds-2.jpg 768w, https:\/\/agora.xtec.cat\/ceipestalella\/wp-content\/uploads\/usu318\/2020\/03\/capsa-Gen\u00eds-2-225x300.jpg 225w\" sizes=\"auto, (max-width: 295px) 100vw, 295px\" \/><\/p>\n<p><strong>CURS 2020-21 &#8211; GALERIA D&#8217;IMATGES<\/strong><\/p>\n<p>LA CAPSA I4 A<\/p>\n<p>LA CAPSA I4 B<\/p>\n<p><a href=\"https:\/\/drive.google.com\/drive\/folders\/1UsAhO5ZzOdIeaEVsLPDQf2PInpv87v8F?usp=sharing\">LA CAPSA I5 A<\/a><\/p>\n<p><a href=\"https:\/\/drive.google.com\/drive\/folders\/17eDc6iV5M5VzCT_PQ340hJyrtOqi8Sgu?usp=sharing\">LA CAPSA I5 B<\/a><\/p>\n","protected":false},"excerpt":{"rendered":"<p>La Capsa \u00e9s una activitat que t\u00e9 com a objectiu treballar la cohesi\u00f3 de grup, l&#8217;autoestima, la comunicaci\u00f3 i les [&hellip;]<\/p>\n","protected":false},"author":1,"featured_media":0,"parent":0,"menu_order":0,"comment_status":"closed","ping_status":"closed","template":"","meta":{"_bbp_topic_count":0,"_bbp_reply_count":0,"_bbp_total_topic_count":0,"_bbp_total_reply_count":0,"_bbp_voice_count":0,"_bbp_anonymous_reply_count":0,"_bbp_topic_count_hidden":0,"_bbp_reply_count_hidden":0,"_bbp_forum_subforum_count":0,"site-sidebar-layout":"default","site-content-layout":"","ast-site-content-layout":"default","site-content-style":"default","site-sidebar-style":"default","ast-global-header-display":"","ast-banner-title-visibility":"","ast-main-header-display":"","ast-hfb-above-header-display":"","ast-hfb-below-header-display":"","ast-hfb-mobile-header-display":"","site-post-title":"","ast-breadcrumbs-content":"","ast-featured-img":"","footer-sml-layout":"","theme-transparent-header-meta":"","adv-header-id-meta":"","stick-header-meta":"","header-above-stick-meta":"","header-main-stick-meta":"","header-below-stick-meta":"","astra-migrate-meta-layouts":"set","ast-page-background-enabled":"default","ast-page-background-meta":{"desktop":{"background-color":"var(--ast-global-color-4)","background-image":"","background-repeat":"repeat","background-position":"center center","background-size":"auto","background-attachment":"scroll","background-type":"","background-media":"","overlay-type":"","overlay-color":"","overlay-opacity":"","overlay-gradient":""},"tablet":{"background-color":"","background-image":"","background-repeat":"repeat","background-position":"center center","background-size":"auto","background-attachment":"scroll","background-type":"","background-media":"","overlay-type":"","overlay-color":"","overlay-opacity":"","overlay-gradient":""},"mobile":{"background-color":"","background-image":"","background-repeat":"repeat","background-position":"center center","background-size":"auto","background-attachment":"scroll","background-type":"","background-media":"","overlay-type":"","overlay-color":"","overlay-opacity":"","overlay-gradient":""}},"ast-content-background-meta":{"desktop":{"background-color":"var(--ast-global-color-5)","background-image":"","background-repeat":"repeat","background-position":"center center","background-size":"auto","background-attachment":"scroll","background-type":"","background-media":"","overlay-type":"","overlay-color":"","overlay-opacity":"","overlay-gradient":""},"tablet":{"background-color":"var(--ast-global-color-5)","background-image":"","background-repeat":"repeat","background-position":"center center","background-size":"auto","background-attachment":"scroll","background-type":"","background-media":"","overlay-type":"","overlay-color":"","overlay-opacity":"","overlay-gradient":""},"mobile":{"background-color":"var(--ast-global-color-5)","background-image":"","background-repeat":"repeat","background-position":"center center","background-size":"auto","background-attachment":"scroll","background-type":"","background-media":"","overlay-type":"","overlay-color":"","overlay-opacity":"","overlay-gradient":""}},"footnotes":""},"class_list":["post-1433","page","type-page","status-publish","hentry"],"post_mailing_queue_ids":[],"_links":{"self":[{"href":"https:\/\/agora.xtec.cat\/ceipestalella\/wp-json\/wp\/v2\/pages\/1433","targetHints":{"allow":["GET"]}}],"collection":[{"href":"https:\/\/agora.xtec.cat\/ceipestalella\/wp-json\/wp\/v2\/pages"}],"about":[{"href":"https:\/\/agora.xtec.cat\/ceipestalella\/wp-json\/wp\/v2\/types\/page"}],"author":[{"embeddable":true,"href":"https:\/\/agora.xtec.cat\/ceipestalella\/wp-json\/wp\/v2\/users\/1"}],"replies":[{"embeddable":true,"href":"https:\/\/agora.xtec.cat\/ceipestalella\/wp-json\/wp\/v2\/comments?post=1433"}],"version-history":[{"count":4,"href":"https:\/\/agora.xtec.cat\/ceipestalella\/wp-json\/wp\/v2\/pages\/1433\/revisions"}],"predecessor-version":[{"id":20032,"href":"https:\/\/agora.xtec.cat\/ceipestalella\/wp-json\/wp\/v2\/pages\/1433\/revisions\/20032"}],"wp:attachment":[{"href":"https:\/\/agora.xtec.cat\/ceipestalella\/wp-json\/wp\/v2\/media?parent=1433"}],"curies":[{"name":"wp","href":"https:\/\/api.w.org\/{rel}","templated":true}]}}