{"id":1360,"date":"2016-01-13T18:08:54","date_gmt":"2016-01-13T17:08:54","guid":{"rendered":"http:\/\/agora.xtec.cat\/ceipestalella\/?page_id=1360"},"modified":"2016-01-18T13:43:15","modified_gmt":"2016-01-18T12:43:15","slug":"proves-de-competencies-basiques","status":"publish","type":"page","link":"https:\/\/agora.xtec.cat\/ceipestalella\/proves-de-competencies-basiques\/","title":{"rendered":"Proves de compet\u00e8ncies b\u00e0siques"},"content":{"rendered":"<p style=\"text-align: justify;\">Cada any, es fa una prova que avalua les compet\u00e8ncies i coneixements b\u00e0sics que ha d&#8217;haver adquirit l&#8217;alumnat al final de l&#8217;educaci\u00f3 prim\u00e0ria per poder seguir amb normalitat el curr\u00edculum previst per a l&#8217;ESO.<\/p>\n<p style=\"text-align: justify;\"><strong>El Departament d&#8217;Ensenyament dur\u00e0 a terme una prova d&#8217;avaluaci\u00f3 externa<\/strong> a l&#8217;alumnat de sis\u00e8 curs d&#8217;educaci\u00f3 prim\u00e0ria en finalitzar el curs, que faran al voltant de 70.000 nens i nenes de Catalunya. Aquesta prova es basar\u00e0 en les compet\u00e8ncies b\u00e0siques ling\u00fc\u00edstiques i matem\u00e0tiques que cal haver assolit en acabar aquesta etapa educativa.<strong> El resultat de la prova no tindr\u00e0 efecte ni en l&#8217;avaluaci\u00f3 final de l&#8217;alumnat ni en les decisions de pas de curs<\/strong>.<\/p>\n<p style=\"text-align: justify;\">Amb aquesta prova, el Departament i cada centre d&#8217;educaci\u00f3 prim\u00e0ria podr\u00e0 disposar d&#8217;informaci\u00f3 acurada sobre la marxa de tot l&#8217;alumnat en un moment clau de la seva escolaritat segons un instrument de mesura homogeni. La prova ha de servir, tamb\u00e9, perqu\u00e8 cada centre pugui corregir els punts febles i potenciar els punts forts a partir de la major autonomia que permet la Llei d&#8217;educaci\u00f3 de Catalunya. L&#8217;objectiu final \u00e9s millorar els resultats de l&#8217;alumnat i afavorir el seu pas a l&#8217;educaci\u00f3 secund\u00e0ria.<\/p>\n<p style=\"text-align: justify;\">Aquesta \u00e9s una actuaci\u00f3 en el camp de l&#8217;avaluaci\u00f3 educativa que fa clarament un pas endavant en l&#8217;avaluaci\u00f3 dels resultats de l&#8217;educaci\u00f3 en una etapa educativa fonamental per a l&#8217;itinerari formatiu de l&#8217;alumnat i que ha d&#8217;esdevenir una eina \u00fatil per a l&#8217;avaluaci\u00f3 formativa dels centres i del conjunt del sistema educatiu.<\/p>\n<p style=\"text-align: justify;\"><strong>L&#8217;avaluaci\u00f3 de sis\u00e8 d&#8217;educaci\u00f3 prim\u00e0ria:<\/strong><\/p>\n<p style=\"text-align: justify;\">&#8211; \u00c9s una avaluaci\u00f3 externa de car\u00e0cter formatiu i orientador.<\/p>\n<p style=\"text-align: justify;\">&#8211; Mesura el grau d&#8217;assoliment de compet\u00e8ncies b\u00e0siques en acabar l&#8217;educaci\u00f3 prim\u00e0ria.<\/p>\n<p style=\"text-align: justify;\">&#8211; Facilita informaci\u00f3 als centres dels punts forts i febles en l&#8217;adquisici\u00f3 de les compet\u00e8ncies b\u00e0siques de l&#8217;alumnat.<\/p>\n<p style=\"text-align: justify;\">&#8211; Constitueix un instrument per a la millora dels resultats de l&#8217;alumnat.<\/p>\n<p style=\"text-align: justify;\">&#8211; Afavoreix la transici\u00f3 de l&#8217;educaci\u00f3 prim\u00e0ria a l&#8217;educaci\u00f3 secund\u00e0ria obligat\u00f2ria.<\/p>\n<p style=\"text-align: justify;\">&#8211; Permet disposar d&#8217;informaci\u00f3 sobre el sistema educatiu catal\u00e0.<\/p>\n<hr \/>\n<h3 style=\"text-align: justify;\">Quan es fa?<\/h3>\n<p style=\"text-align: justify;\">La prova s&#8217;aplica:<\/p>\n<p style=\"text-align: justify;\">&#8211; A principis de\u00a0maig, al mat\u00ed. Cada any varien les dates.<br \/>\n&#8211; En quatre sessions, dues cada mat\u00ed:<br \/>\n&#8211; 1r dia:\u00a0llengua catalana i matem\u00e0tiques<br \/>\n&#8211; 2n dia: llengua castellana i llengua estrangera<br \/>\n&#8211; Cada sessi\u00f3 t\u00e9 una durada de 60 minuts.<br \/>\n&#8211; S&#8217;aplica de manera simult\u00e0nia a tots els centres que imparteixen educaci\u00f3 prim\u00e0ria de Catalunya.<\/p>\n<hr \/>\n<h3 style=\"text-align: justify;\">Qu\u00e8 avalua?<\/h3>\n<p style=\"text-align: justify;\">Les proves en\u00a0<strong>compet\u00e8ncia ling\u00fc\u00edstica en<span style=\"color: #ff6600;\"> llengua catalana i castellana<\/span><\/strong><span style=\"color: #ff6600;\">\u00a0<\/span>(i llengua occitana aranesa) avaluen:<\/p>\n<p style=\"text-align: justify;\">&#8211; La comprensi\u00f3 lectora mitjan\u00e7ant \u00edtems tancats que avaluen els processos d&#8217;obtenci\u00f3 d&#8217;informaci\u00f3, d&#8217;interpretaci\u00f3 i de reflexi\u00f3.<\/p>\n<p style=\"text-align: justify;\">&#8211; L&#8217;expressi\u00f3 escrita mitjan\u00e7ant \u00edtems tancats de compet\u00e8ncia ling\u00fc\u00edstica (l\u00e8xic i morfosintaxi) i mitjan\u00e7ant una composici\u00f3 escrita on s&#8217;avaluen els aspectes formals (lletra,espais, marges), la compet\u00e8ncia discursiva (coher\u00e8ncia i adequaci\u00f3) i la compet\u00e8ncia ling\u00fc\u00edstica (l\u00e8xic, ortografia i morfosintaxi).<\/p>\n<p style=\"text-align: justify;\">&#8211; L&#8217;ortografia tamb\u00e9 s&#8217;avalua\u00a0mitjan\u00e7ant un dictat, en el qual s&#8217;han d&#8217;escriure paraules en uns espais buits.<\/p>\n<p>&nbsp;<\/p>\n<p>La prova de\u00a0<strong>compet\u00e8ncia ling\u00fc\u00edstica en<span style=\"color: #800080;\"> llengua estrangera<\/span><\/strong>\u00a0avalua:<\/p>\n<p style=\"text-align: justify;\">&#8211; La comprensi\u00f3 lectora i la comprensi\u00f3 oral mitjan\u00e7ant \u00edtems tancats que avaluen els processos d&#8217;obtenci\u00f3 d&#8217;informaci\u00f3 i d&#8217;interpretaci\u00f3.<\/p>\n<p style=\"text-align: justify;\">&#8211; L&#8217;expressi\u00f3 escrita, amb l&#8217;elaboraci\u00f3 d&#8217;una breu producci\u00f3, pautada i contextualitzada.\u00a0 Es mesura la compet\u00e8ncia discursiva (coher\u00e8ncia i adequaci\u00f3, guiades pel plantejament de l&#8217;activitat) i la compet\u00e8ncia ling\u00fc\u00edstica (l\u00e8xic, morfosintaxi, ortografia de nivell b\u00e0sic).<\/p>\n<p>&nbsp;<\/p>\n<p>La prova de\u00a0<span style=\"color: #0000ff;\"><strong>compet\u00e8ncia matem\u00e0tica<\/strong><\/span>\u00a0avalua:<\/p>\n<p>&#8211; L&#8217;habilitat de l&#8217;alumnat per comprendre, utilitzar i relacionar els n\u00fameros, produir i interpretar diferents tipus d\u2019informaci\u00f3 matem\u00e0tica, aplicar\u00a0coneixements sobre aspectes quantitatius i espacials de la realitat,\u00a0entendre i resoldre problemes i situacions relacionats amb la vida quotidiana i justificar els resultats obtinguts. Ho fa amb \u00edtems referits a:<\/p>\n<p style=\"padding-left: 30px;\">&#8211; Numeraci\u00f3 i c\u00e0lcul<br \/>\n&#8211; Espai, mesura i lectura de gr\u00e0fics<br \/>\n&#8211; Relacions i canvi<\/p>\n<hr \/>\n<h3>Com s&#8217;estructura la prova?<\/h3>\n<p style=\"text-align: justify;\">La prova est\u00e0 formada per quatre quaderns: compet\u00e8ncia ling\u00fc\u00edstica en llengua catalana, compet\u00e8ncia ling\u00fc\u00edstica en llengua castellana, compet\u00e8ncia ling\u00fc\u00edstica en llengua estrangera i compet\u00e8ncia matem\u00e0tica. L&#8217;alumnat de la Vall d&#8217;Aran t\u00e9 un quadern de compet\u00e8ncia ling\u00fc\u00edstica en llengua occitana aranesa.<\/p>\n<p>Els quaderns de\u00a0<strong>compet\u00e8ncia ling\u00fc\u00edstica en <span style=\"color: #ff6600;\">llengua catalana i castellana<\/span><\/strong>\u00a0avaluen la comprensi\u00f3 lectora mitjan\u00e7ant textos de tipologia diversa (narratius, expositius, etc.). Els quaderns contenen:<\/p>\n<p>&#8211; Un dictat on han d&#8217;escriure paraules en els espais buits.<br \/>\n&#8211; Dos textos\u00a0de tipologies diferents amb els quals s&#8217;avalua la comprensi\u00f3 lectora.<br \/>\n&#8211; \u00cdtems tancats per avaluar la compet\u00e8ncia ling\u00fc\u00edstica (l\u00e8xic i morfosintaxi).<br \/>\n&#8211; Una redacci\u00f3.<\/p>\n<p>El quadern de\u00a0<strong>compet\u00e8ncia ling\u00fc\u00edstica en <span style=\"color: #800080;\">llengua estrangera<\/span><\/strong>\u00a0(angl\u00e8s o franc\u00e8s) cont\u00e9:<\/p>\n<p>&#8211; \u00cdtems tancats sobre dos textos orals\u00a0per avaluar la comprensi\u00f3 oral.<br \/>\n&#8211; \u00cdtems tancats sobre dos textos escrits per avaluar la comprensi\u00f3 lectora.<br \/>\n&#8211; Una redacci\u00f3.<\/p>\n<p>El quadern de\u00a0<span style=\"color: #0000ff;\"><strong>compet\u00e8ncia matem\u00e0tica<\/strong><\/span>\u00a0cont\u00e9 activitats que parteixen d&#8217;est\u00edmuls o situacions-problema que impliquen el domini del llenguatge i del raonament matem\u00e0tic i de diferents tipus de contingut del curr\u00edculum de l&#8217;\u00e0rea de matem\u00e0tiques. S&#8217;avalua:<\/p>\n<p>&#8211; C\u00e0lcul directe, problemes de resposta immediata, justificacions a respostes donades. Amb aquestes activitats s&#8217;avaluen els aspectes relacionats amb la numeraci\u00f3 i el c\u00e0lcul.<br \/>\n&#8211; Contorns i superf\u00edcies de figures planes, elements de figures tridimensionals, comprensi\u00f3 de gr\u00e0fics associats a taules. Amb aquestes activitats s\u2019avaluen els aspectes relacionats amb l&#8217;espai, la mesura i la lectura de gr\u00e0fics.<br \/>\n&#8211; Percentatges relacionats amb situacions quotidianes, equival\u00e8ncies i regularitats en s\u00e8ries. Amb aquestes activitats s&#8217;avaluen els aspectes relacionats amb les relacions i el canvi.<\/p>\n<hr \/>\n<h3>Qui l&#8217;organitza?<\/h3>\n<p style=\"text-align: justify;\"><strong>Consell Superior d\u2019Avaluaci\u00f3 del Sistema Educatiu<\/strong><\/p>\n<p>Organisme responsable de tota l&#8217;avaluaci\u00f3 del sistema educatiu, tant en resultats d&#8217;aprenentatge com en d&#8217;altres aspectes.<\/p>\n","protected":false},"excerpt":{"rendered":"<p>Cada any, es fa una prova que avalua les compet\u00e8ncies i coneixements b\u00e0sics que ha d&#8217;haver adquirit l&#8217;alumnat al final [&hellip;]<\/p>\n","protected":false},"author":28,"featured_media":0,"parent":0,"menu_order":0,"comment_status":"closed","ping_status":"closed","template":"","meta":{"_bbp_topic_count":0,"_bbp_reply_count":0,"_bbp_total_topic_count":0,"_bbp_total_reply_count":0,"_bbp_voice_count":0,"_bbp_anonymous_reply_count":0,"_bbp_topic_count_hidden":0,"_bbp_reply_count_hidden":0,"_bbp_forum_subforum_count":0,"site-sidebar-layout":"default","site-content-layout":"","ast-site-content-layout":"","site-content-style":"default","site-sidebar-style":"default","ast-global-header-display":"","ast-banner-title-visibility":"","ast-main-header-display":"","ast-hfb-above-header-display":"","ast-hfb-below-header-display":"","ast-hfb-mobile-header-display":"","site-post-title":"","ast-breadcrumbs-content":"","ast-featured-img":"","footer-sml-layout":"","theme-transparent-header-meta":"","adv-header-id-meta":"","stick-header-meta":"","header-above-stick-meta":"","header-main-stick-meta":"","header-below-stick-meta":"","astra-migrate-meta-layouts":"default","ast-page-background-enabled":"default","ast-page-background-meta":{"desktop":{"background-color":"var(--ast-global-color-4)","background-image":"","background-repeat":"repeat","background-position":"center center","background-size":"auto","background-attachment":"scroll","background-type":"","background-media":"","overlay-type":"","overlay-color":"","overlay-opacity":"","overlay-gradient":""},"tablet":{"background-color":"","background-image":"","background-repeat":"repeat","background-position":"center center","background-size":"auto","background-attachment":"scroll","background-type":"","background-media":"","overlay-type":"","overlay-color":"","overlay-opacity":"","overlay-gradient":""},"mobile":{"background-color":"","background-image":"","background-repeat":"repeat","background-position":"center center","background-size":"auto","background-attachment":"scroll","background-type":"","background-media":"","overlay-type":"","overlay-color":"","overlay-opacity":"","overlay-gradient":""}},"ast-content-background-meta":{"desktop":{"background-color":"var(--ast-global-color-5)","background-image":"","background-repeat":"repeat","background-position":"center center","background-size":"auto","background-attachment":"scroll","background-type":"","background-media":"","overlay-type":"","overlay-color":"","overlay-opacity":"","overlay-gradient":""},"tablet":{"background-color":"var(--ast-global-color-5)","background-image":"","background-repeat":"repeat","background-position":"center center","background-size":"auto","background-attachment":"scroll","background-type":"","background-media":"","overlay-type":"","overlay-color":"","overlay-opacity":"","overlay-gradient":""},"mobile":{"background-color":"var(--ast-global-color-5)","background-image":"","background-repeat":"repeat","background-position":"center center","background-size":"auto","background-attachment":"scroll","background-type":"","background-media":"","overlay-type":"","overlay-color":"","overlay-opacity":"","overlay-gradient":""}},"footnotes":""},"class_list":["post-1360","page","type-page","status-publish","hentry"],"post_mailing_queue_ids":[],"_links":{"self":[{"href":"https:\/\/agora.xtec.cat\/ceipestalella\/wp-json\/wp\/v2\/pages\/1360","targetHints":{"allow":["GET"]}}],"collection":[{"href":"https:\/\/agora.xtec.cat\/ceipestalella\/wp-json\/wp\/v2\/pages"}],"about":[{"href":"https:\/\/agora.xtec.cat\/ceipestalella\/wp-json\/wp\/v2\/types\/page"}],"author":[{"embeddable":true,"href":"https:\/\/agora.xtec.cat\/ceipestalella\/wp-json\/wp\/v2\/users\/28"}],"replies":[{"embeddable":true,"href":"https:\/\/agora.xtec.cat\/ceipestalella\/wp-json\/wp\/v2\/comments?post=1360"}],"version-history":[{"count":3,"href":"https:\/\/agora.xtec.cat\/ceipestalella\/wp-json\/wp\/v2\/pages\/1360\/revisions"}],"predecessor-version":[{"id":1379,"href":"https:\/\/agora.xtec.cat\/ceipestalella\/wp-json\/wp\/v2\/pages\/1360\/revisions\/1379"}],"wp:attachment":[{"href":"https:\/\/agora.xtec.cat\/ceipestalella\/wp-json\/wp\/v2\/media?parent=1360"}],"curies":[{"name":"wp","href":"https:\/\/api.w.org\/{rel}","templated":true}]}}