{"id":1358,"date":"2016-01-13T18:08:24","date_gmt":"2016-01-13T17:08:24","guid":{"rendered":"http:\/\/agora.xtec.cat\/ceipestalella\/?page_id=1358"},"modified":"2019-09-15T18:09:25","modified_gmt":"2019-09-15T16:09:25","slug":"cantata-de-6e","status":"publish","type":"page","link":"https:\/\/agora.xtec.cat\/ceipestalella\/cantata-de-6e\/","title":{"rendered":"Cantata de 6\u00e8"},"content":{"rendered":"<p>L\u2019Ajuntament de Vilafranca programa diverses activitats al llarg del curs escolar per donar suport a la sensibilitzaci\u00f3 musical, en la l\u00ednia d\u2019oferir recursos que complementin el treball que fan els especialistes de m\u00fasica a totes les escoles. Aquestes iniciatives inclouen les audicions de petit format de la Fira Musical, per als alumnes de 1r a 4t de Prim\u00e0ria, el Sona a cinqu\u00e8, que \u00e9s un concert did\u00e0ctic a l\u2019Auditori per a als alumnes de 5\u00e8, la Corrandescola, una activitat de glosa escolar amb una trobada a l\u2019Auditori amb glosadors professionals i la Cantata Memorial Josep Anton Casas, que interpreten els alumnes de 6\u00e8 de Prim\u00e0ria a l\u2019Auditori de Vilafranca, amb orquestra, director i obra musical de l\u2019Auditori de Barcelona.<\/p>\n<p>La Cantata \u00e9s una activitat interdiciplinar de m\u00fasica, pl\u00e0stica, llengua i medi on els alumnes esdevenen protagonistes d\u2019un espectacle musical amb can\u00e7ons, moviments esc\u00e8nics i elements pl\u00e0stics\u2026 que expliquen una hist\u00f2ria plena de valors i aprenentatges. Cada any \u00e9s una Cantata diferent i s\u2019interpreta una tarda de finals de maig o de principis de juny a dos quarts de sis de la tarda a l\u2019Auditori de Vilafranca. L\u2019escola facilita dues entrades per cantaire a un preu de 5 euros l\u2019entrada perqu\u00e8 els familiars pugueu gaudir del concert.<\/p>\n<p>&nbsp;<\/p>\n","protected":false},"excerpt":{"rendered":"<p>L\u2019Ajuntament de Vilafranca programa diverses activitats al llarg del curs escolar per donar suport a la sensibilitzaci\u00f3 musical, en la [&hellip;]<\/p>\n","protected":false},"author":28,"featured_media":0,"parent":0,"menu_order":0,"comment_status":"closed","ping_status":"closed","template":"","meta":{"_bbp_topic_count":0,"_bbp_reply_count":0,"_bbp_total_topic_count":0,"_bbp_total_reply_count":0,"_bbp_voice_count":0,"_bbp_anonymous_reply_count":0,"_bbp_topic_count_hidden":0,"_bbp_reply_count_hidden":0,"_bbp_forum_subforum_count":0,"site-sidebar-layout":"default","site-content-layout":"","ast-site-content-layout":"","site-content-style":"default","site-sidebar-style":"default","ast-global-header-display":"","ast-banner-title-visibility":"","ast-main-header-display":"","ast-hfb-above-header-display":"","ast-hfb-below-header-display":"","ast-hfb-mobile-header-display":"","site-post-title":"","ast-breadcrumbs-content":"","ast-featured-img":"","footer-sml-layout":"","theme-transparent-header-meta":"","adv-header-id-meta":"","stick-header-meta":"","header-above-stick-meta":"","header-main-stick-meta":"","header-below-stick-meta":"","astra-migrate-meta-layouts":"default","ast-page-background-enabled":"default","ast-page-background-meta":{"desktop":{"background-color":"var(--ast-global-color-4)","background-image":"","background-repeat":"repeat","background-position":"center center","background-size":"auto","background-attachment":"scroll","background-type":"","background-media":"","overlay-type":"","overlay-color":"","overlay-opacity":"","overlay-gradient":""},"tablet":{"background-color":"","background-image":"","background-repeat":"repeat","background-position":"center center","background-size":"auto","background-attachment":"scroll","background-type":"","background-media":"","overlay-type":"","overlay-color":"","overlay-opacity":"","overlay-gradient":""},"mobile":{"background-color":"","background-image":"","background-repeat":"repeat","background-position":"center center","background-size":"auto","background-attachment":"scroll","background-type":"","background-media":"","overlay-type":"","overlay-color":"","overlay-opacity":"","overlay-gradient":""}},"ast-content-background-meta":{"desktop":{"background-color":"var(--ast-global-color-5)","background-image":"","background-repeat":"repeat","background-position":"center center","background-size":"auto","background-attachment":"scroll","background-type":"","background-media":"","overlay-type":"","overlay-color":"","overlay-opacity":"","overlay-gradient":""},"tablet":{"background-color":"var(--ast-global-color-5)","background-image":"","background-repeat":"repeat","background-position":"center center","background-size":"auto","background-attachment":"scroll","background-type":"","background-media":"","overlay-type":"","overlay-color":"","overlay-opacity":"","overlay-gradient":""},"mobile":{"background-color":"var(--ast-global-color-5)","background-image":"","background-repeat":"repeat","background-position":"center center","background-size":"auto","background-attachment":"scroll","background-type":"","background-media":"","overlay-type":"","overlay-color":"","overlay-opacity":"","overlay-gradient":""}},"footnotes":""},"class_list":["post-1358","page","type-page","status-publish","hentry"],"post_mailing_queue_ids":[],"_links":{"self":[{"href":"https:\/\/agora.xtec.cat\/ceipestalella\/wp-json\/wp\/v2\/pages\/1358","targetHints":{"allow":["GET"]}}],"collection":[{"href":"https:\/\/agora.xtec.cat\/ceipestalella\/wp-json\/wp\/v2\/pages"}],"about":[{"href":"https:\/\/agora.xtec.cat\/ceipestalella\/wp-json\/wp\/v2\/types\/page"}],"author":[{"embeddable":true,"href":"https:\/\/agora.xtec.cat\/ceipestalella\/wp-json\/wp\/v2\/users\/28"}],"replies":[{"embeddable":true,"href":"https:\/\/agora.xtec.cat\/ceipestalella\/wp-json\/wp\/v2\/comments?post=1358"}],"version-history":[{"count":3,"href":"https:\/\/agora.xtec.cat\/ceipestalella\/wp-json\/wp\/v2\/pages\/1358\/revisions"}],"predecessor-version":[{"id":9299,"href":"https:\/\/agora.xtec.cat\/ceipestalella\/wp-json\/wp\/v2\/pages\/1358\/revisions\/9299"}],"wp:attachment":[{"href":"https:\/\/agora.xtec.cat\/ceipestalella\/wp-json\/wp\/v2\/media?parent=1358"}],"curies":[{"name":"wp","href":"https:\/\/api.w.org\/{rel}","templated":true}]}}