{"id":1315,"date":"2016-01-13T17:16:30","date_gmt":"2016-01-13T16:16:30","guid":{"rendered":"http:\/\/agora.xtec.cat\/ceipestalella\/?page_id=1315"},"modified":"2018-11-21T13:06:40","modified_gmt":"2018-11-21T12:06:40","slug":"infadimed","status":"publish","type":"page","link":"https:\/\/agora.xtec.cat\/ceipestalella\/infadimed\/","title":{"rendered":"INFADIMED"},"content":{"rendered":"<h2><img loading=\"lazy\" decoding=\"async\" class=\"aligncenter wp-image-7666 size-full\" src=\"https:\/\/agora.xtec.cat\/ceipestalella\/wp-content\/uploads\/usu318\/2018\/11\/infadimed-nova.jpg\" alt=\"\" width=\"571\" height=\"342\" srcset=\"https:\/\/agora.xtec.cat\/ceipestalella\/wp-content\/uploads\/usu318\/2018\/11\/infadimed-nova.jpg 571w, https:\/\/agora.xtec.cat\/ceipestalella\/wp-content\/uploads\/usu318\/2018\/11\/infadimed-nova-300x180.jpg 300w\" sizes=\"auto, (max-width: 571px) 100vw, 571px\" \/>\u00a0Qu\u00e8 \u00e9s INFADIMED?<\/h2>\n<p style=\"text-align: justify;\">INFADIMED (Inf\u00e0ncia i Dieta Mediterr\u00e0nia) \u00e9s un programa adre\u00e7at als infants en edat escolar i que fa promoci\u00f3 de la Dieta Mediterr\u00e0nia com exemple d\u2019estil de vida saludable.<\/p>\n<p style=\"text-align: justify;\">INFADIMED va comen\u00e7ar al curs 2011-2012, amb alumnes d\u2019entre 3 i 7 anys, a dues escoles de Vilafranca del Pened\u00e8s: Estallela i Graells i Sant Josep. Al curs 2012-2013 s\u2019hi van sumar a l\u2019estudi els alumnes d\u2019infantil l\u2019escola Sant Ramon de Penyafort l\u2019escola Mas i Perera, tamb\u00e9 de Vilafranca del Pened\u00e8s. Actualment, prop de 1.200 alumnes d\u2019entre 3 i 10 anys reben educaci\u00f3 sobre nutrici\u00f3 i estil de vida saludable un cop al mes.<\/p>\n<p style=\"text-align: justify;\"><strong>Per qu\u00e8 ho fem?<\/strong><br \/>\nEl motiu del per qu\u00e8 ens va portar a implicar-nos en aquest projecte \u00e9s l&#8217;augment del sobrep\u00e8s i l\u2019obesitat en la poblaci\u00f3 infantil. L\u2019exc\u00e9s de pes en la poblaci\u00f3 infantil espanyola afecta el 45,2% dels nens i nenes amb edats compreses des dels 6 fins als 9 anys, segons l\u2019estudi ALADINO, publicat al juliol del 2011. Aquest estudi recull dades actualitzades de la prevalen\u00e7a de l\u2019obesitat infantil a Espanya i ha estat realitzat en gaireb\u00e9 8.000 nens i nenes de tot Espanya.<\/p>\n<p style=\"text-align: justify;\"><strong>Qu\u00e8 fem?<\/strong><br \/>\nUn cop al mes, durant sis mesos, acudim a les escoles on fem les intervencions. La durada de la intervenci\u00f3 \u00e9s aproximadament de 45 minuts, dins de l\u2019horari lectiu. Comen\u00e7a l\u2019activitat amb una presentaci\u00f3 oral per part del professional d\u2019infermeria sobre el tema a tractar.<\/p>\n<p style=\"text-align: justify;\">A continuaci\u00f3, projectem una pel\u00b7l\u00edcula de dibuixos animats creada per nosaltres d\u2019uns 15 minuts aproximadament. Cada pel\u00b7l\u00edcula parla d\u2019un tema diferent per a un grup concret; \u00e9s a dir: no s\u00f3n les mateixes pel\u00b7l\u00edcules les projectades als alumnes d\u2019infantil, que la projectada als alumnes de primer, segon o tercer. Totes estan adaptades a les edats dels alumnes.<\/p>\n<p style=\"text-align: justify;\">Una vegada finalitzada la pel\u00b7l\u00edcula, projectem una presentaci\u00f3 en format Power Point on es fa un resum, on es demana la col\u00b7laboraci\u00f3 dels alumnes, fent-li preguntes i convidant-los a intervenir amb les seves opinions. La intervenci\u00f3 finalitza amb una activitat relacionada amb el tema tractat. L\u2019activitat \u00e9s una fitxa mida din A-4.<\/p>\n<p>&nbsp;<\/p>\n<p>&nbsp;<\/p>\n<h2><img loading=\"lazy\" decoding=\"async\" class=\"aligncenter wp-image-7674\" src=\"https:\/\/agora.xtec.cat\/ceipestalella\/wp-content\/uploads\/usu318\/2018\/11\/infadimed-menjar.jpeg\" alt=\"\" width=\"433\" height=\"291\" srcset=\"https:\/\/agora.xtec.cat\/ceipestalella\/wp-content\/uploads\/usu318\/2018\/11\/infadimed-menjar.jpeg 504w, https:\/\/agora.xtec.cat\/ceipestalella\/wp-content\/uploads\/usu318\/2018\/11\/infadimed-menjar-300x202.jpeg 300w\" sizes=\"auto, (max-width: 433px) 100vw, 433px\" \/><\/h2>\n","protected":false},"excerpt":{"rendered":"<p>\u00a0Qu\u00e8 \u00e9s INFADIMED? INFADIMED (Inf\u00e0ncia i Dieta Mediterr\u00e0nia) \u00e9s un programa adre\u00e7at als infants en edat escolar i que fa [&hellip;]<\/p>\n","protected":false},"author":28,"featured_media":0,"parent":0,"menu_order":0,"comment_status":"closed","ping_status":"closed","template":"","meta":{"_bbp_topic_count":0,"_bbp_reply_count":0,"_bbp_total_topic_count":0,"_bbp_total_reply_count":0,"_bbp_voice_count":0,"_bbp_anonymous_reply_count":0,"_bbp_topic_count_hidden":0,"_bbp_reply_count_hidden":0,"_bbp_forum_subforum_count":0,"site-sidebar-layout":"default","site-content-layout":"","ast-site-content-layout":"","site-content-style":"default","site-sidebar-style":"default","ast-global-header-display":"","ast-banner-title-visibility":"","ast-main-header-display":"","ast-hfb-above-header-display":"","ast-hfb-below-header-display":"","ast-hfb-mobile-header-display":"","site-post-title":"","ast-breadcrumbs-content":"","ast-featured-img":"","footer-sml-layout":"","theme-transparent-header-meta":"","adv-header-id-meta":"","stick-header-meta":"","header-above-stick-meta":"","header-main-stick-meta":"","header-below-stick-meta":"","astra-migrate-meta-layouts":"default","ast-page-background-enabled":"default","ast-page-background-meta":{"desktop":{"background-color":"var(--ast-global-color-4)","background-image":"","background-repeat":"repeat","background-position":"center center","background-size":"auto","background-attachment":"scroll","background-type":"","background-media":"","overlay-type":"","overlay-color":"","overlay-opacity":"","overlay-gradient":""},"tablet":{"background-color":"","background-image":"","background-repeat":"repeat","background-position":"center center","background-size":"auto","background-attachment":"scroll","background-type":"","background-media":"","overlay-type":"","overlay-color":"","overlay-opacity":"","overlay-gradient":""},"mobile":{"background-color":"","background-image":"","background-repeat":"repeat","background-position":"center center","background-size":"auto","background-attachment":"scroll","background-type":"","background-media":"","overlay-type":"","overlay-color":"","overlay-opacity":"","overlay-gradient":""}},"ast-content-background-meta":{"desktop":{"background-color":"var(--ast-global-color-5)","background-image":"","background-repeat":"repeat","background-position":"center center","background-size":"auto","background-attachment":"scroll","background-type":"","background-media":"","overlay-type":"","overlay-color":"","overlay-opacity":"","overlay-gradient":""},"tablet":{"background-color":"var(--ast-global-color-5)","background-image":"","background-repeat":"repeat","background-position":"center center","background-size":"auto","background-attachment":"scroll","background-type":"","background-media":"","overlay-type":"","overlay-color":"","overlay-opacity":"","overlay-gradient":""},"mobile":{"background-color":"var(--ast-global-color-5)","background-image":"","background-repeat":"repeat","background-position":"center center","background-size":"auto","background-attachment":"scroll","background-type":"","background-media":"","overlay-type":"","overlay-color":"","overlay-opacity":"","overlay-gradient":""}},"footnotes":""},"class_list":["post-1315","page","type-page","status-publish","hentry"],"post_mailing_queue_ids":[],"_links":{"self":[{"href":"https:\/\/agora.xtec.cat\/ceipestalella\/wp-json\/wp\/v2\/pages\/1315","targetHints":{"allow":["GET"]}}],"collection":[{"href":"https:\/\/agora.xtec.cat\/ceipestalella\/wp-json\/wp\/v2\/pages"}],"about":[{"href":"https:\/\/agora.xtec.cat\/ceipestalella\/wp-json\/wp\/v2\/types\/page"}],"author":[{"embeddable":true,"href":"https:\/\/agora.xtec.cat\/ceipestalella\/wp-json\/wp\/v2\/users\/28"}],"replies":[{"embeddable":true,"href":"https:\/\/agora.xtec.cat\/ceipestalella\/wp-json\/wp\/v2\/comments?post=1315"}],"version-history":[{"count":5,"href":"https:\/\/agora.xtec.cat\/ceipestalella\/wp-json\/wp\/v2\/pages\/1315\/revisions"}],"predecessor-version":[{"id":7735,"href":"https:\/\/agora.xtec.cat\/ceipestalella\/wp-json\/wp\/v2\/pages\/1315\/revisions\/7735"}],"wp:attachment":[{"href":"https:\/\/agora.xtec.cat\/ceipestalella\/wp-json\/wp\/v2\/media?parent=1315"}],"curies":[{"name":"wp","href":"https:\/\/api.w.org\/{rel}","templated":true}]}}