{"id":1313,"date":"2016-01-13T17:15:48","date_gmt":"2016-01-13T16:15:48","guid":{"rendered":"http:\/\/agora.xtec.cat\/ceipestalella\/?page_id=1313"},"modified":"2023-02-08T20:28:51","modified_gmt":"2023-02-08T19:28:51","slug":"sortides","status":"publish","type":"page","link":"https:\/\/agora.xtec.cat\/ceipestalella\/sortides\/","title":{"rendered":"Sortides i tallers"},"content":{"rendered":"<p><strong>CURS 2022-2023<\/strong><\/p>\n<h1 class=\"entry-title\">Sortides i activitats I3<\/h1>\n<p><b>Sortides\u00a0<\/b><b>per Vilafranca:<\/b><\/p>\n<ul>\n<li><b>La tardor a Vilafranca<\/b>. Carrers i mercat de Vilafranca. Octubre de 2022.<\/li>\n<li><b>Teatre<\/b>\u00a0al Casal. Vilafranca.\u00a0<i>El Fil Vermell<\/i>. 12 de desembre de 2022.<\/li>\n<li><b>Fira\u00a0<\/b><b>de Santa Ll\u00facia<\/b>. Vilafranca. Desembre 2022.<\/li>\n<li><b>Teatre<\/b>\u00a0a Cal Bolet. Vilafranca.\u00a0<i>En Jan\u00a0<\/i><i>T<\/i><i>otlifan<\/i>. 3 de maig de 2023.<\/li>\n<li><b>Esmorzar\u00a0<\/b><b>dijous gras<\/b>. Una Pla\u00e7a de Vilafranca. Febrer 2023.<\/li>\n<li><\/li>\n<\/ul>\n<p><b>Sortides fora de Vilafranca:<\/b><\/p>\n<ul>\n<li><b>La Granja Mas\u00a0<\/b><b>d\u2019en\u00a0<\/b><b>Giralt<\/b>, Sant Pere de Ribes, 13 de mar\u00e7 de 2023.<\/li>\n<li><b>Les Deus Aventura<\/b>, Sant Quint\u00ed de Mediona, 5 de maig de 2023.<\/li>\n<\/ul>\n<p><strong>Tallers:<\/strong><\/p>\n<ul>\n<li><strong>Mancomunitat<\/strong>: El cuc Vermi. Taller a l\u2019escola<\/li>\n<\/ul>\n<p>&nbsp;<\/p>\n<h1 class=\"entry-title\">Sortides i activitats I4<\/h1>\n<p><strong>Sortides\u00a0 i activitats a Vilafranca:<\/strong><\/p>\n<ul>\n<li>La tardor a Vilafranca. Carrers i mercat de Vilafranca. Octubre.<\/li>\n<li>Fira de Santa Ll\u00facia. Vilafranca. Desembre.<\/li>\n<li>Esmorzar dijous gras. Una Pla\u00e7a de Vilafranca. Febrer.<\/li>\n<li>Piscina.\u00a0 Comen\u00e7a el 21 de setembre\u00a0 fins el 19 d\u2019octubre. De 9:30 a 12:15 al complex aqu\u00e0tic de Vilafranca<\/li>\n<\/ul>\n<p><strong>Teatres i tallers:<\/strong><\/p>\n<ul>\n<li>Casa de la festa Major.16 de setembre de 2022.<\/li>\n<li>Cal Bolet. Vilafranca. Jan Totlifan.\u00a0 3 de maig de 2023.<\/li>\n<li>Teatre en angl\u00e8s a l\u2019escola.<\/li>\n<li>Mancomunitat: el cuc Vermi. Taller a l\u2019escola<\/li>\n<\/ul>\n<p><b>\u00a0Sortides fora de Vilafranca i Col\u00f2nies:<\/b><\/p>\n<ul>\n<li>Amposta Park. Cambrils. 11 i 12 de maig de 2023.<\/li>\n<li>L\u2019\u00a0Aqu\u00e0rium. Barcelona.\u00a019 de maig de 2023.<\/li>\n<\/ul>\n<h1 class=\"entry-title\">Sortides i activitats I5<\/h1>\n<p><strong>Sortides per Vilafranca:<\/strong><\/p>\n<ul>\n<li>La Casa de la Festa Major.13 de setembre de 2022<\/li>\n<li>La tardor a Vilafranca. Carrers i mercat de Vilafranca. Octubre.<\/li>\n<li>Taller a l\u2019escola, La Mancomunitat \u201cUna mar de brossa\u201d, 14 de novembre de 2022<\/li>\n<li>Castanyada, Sortida de tardor per veur el paisatge. Esmorzar cami de Sant Pau. Novembre<\/li>\n<li>Fira de Santa Ll\u00facia. Vilafranca. Desembre.<\/li>\n<li>Esmorzar dijous gras. Una Pla\u00e7a de Vilafranca. Febrer.<\/li>\n<li>Visita a la biblioteca Torras i\u00a0 Bages, 7 de mar\u00e7 de 2023<\/li>\n<\/ul>\n<p><strong>Teatres i tallers:<\/strong><\/p>\n<ul>\n<li>Taller a l\u2019escola. Maleta expressart.<\/li>\n<li>Cal Bolet. Vilafranca. \u201cEn Jan totlifan. 3 de maig de 2023.<\/li>\n<li>Teatre en angl\u00e8s a l\u2019escola.<\/li>\n<\/ul>\n<p><b>\u00a0Sortides fora de Vilafranca i Col\u00f2nies:<\/b><\/p>\n<ul>\n<li>Museu de Ci\u00e8ncies Naturals. Barcelona. \u201csents el bosc\u201d. 13 de gener de 2023<\/li>\n<li>Col\u00f2nies a Amposta Park. 11 i 12 de maig del 2023.<\/li>\n<\/ul>\n<h1 class=\"entry-title\">Sortides i activitats 1r<\/h1>\n<ul>\n<li><strong><em>Torre de les aig\u00fces:<\/em>\u00a0<\/strong>gaudir i descobrir la natura m\u00e9s propera.<\/li>\n<li><strong><em>Vilafranca:<\/em>\u00a0<\/strong>coneixement de l\u2019entorn.<\/li>\n<li><b><i>CRAM:\u00a0<\/i><\/b><i>centre de recuperaci\u00f3 d\u2019animals marins de Catalunya. 20 d\u2019octubre.<\/i><\/li>\n<\/ul>\n<p><strong>COL\u00d2NIES<\/strong><\/p>\n<ul>\n<li><em><strong>Amposta Parc:\u00a0<\/strong><\/em>11 i 12 de maig.<\/li>\n<\/ul>\n<p><strong>ACTIVITATS<\/strong><\/p>\n<ul>\n<li><strong><em>Piscina:<\/em>\u00a0<\/strong>complex aqu\u00e0tic dimarts 14, 21 i 28 de febrer i 7 de mar\u00e7.<\/li>\n<li><strong>Taller de la Mancomunitat.<\/strong><\/li>\n<li><strong>Teatre:\u00a0<\/strong>Auditori.<\/li>\n<li><strong><em>Jornades esportives:\u00a0<\/em><\/strong>zona esportiva.<br \/>\n<h1 class=\"entry-title\"><\/h1>\n<h1 class=\"entry-title\">Sortides i activitats 2n<\/h1>\n<ul>\n<li><strong><em>Cal Mata<\/em>:<\/strong>\u00a0treballarem la verema. 3 d\u2019octubre.<\/li>\n<li><strong><em>Sant Pau:<\/em>\u00a0<\/strong>gaudir i descobrir la natura m\u00e9s propera.<\/li>\n<li><strong><em>Vilafranca:<\/em>\u00a0<\/strong>coneixement de l\u2019entorn.<\/li>\n<\/ul>\n<p><strong>COL\u00d2NIES<\/strong><\/p>\n<ul>\n<li><em><strong>Amposta Parc:\u00a0<\/strong><\/em>11 i 12 de maig.<\/li>\n<\/ul>\n<p><strong>ACTIVITATS<\/strong><\/p>\n<ul>\n<li><strong><em>Piscina:<\/em>\u00a0<\/strong>complex aqu\u00e0tic. 14, 21 i 28 de mar\u00e7 i 11 i 18 d\u2019abril.<\/li>\n<li><strong><em>Taller de la Mancomunitat.<\/em><\/strong><\/li>\n<li><em><strong>Teatre:\u00a0<\/strong><\/em>Auditori.<\/li>\n<li><strong><em>Jornades esportives:\u00a0<\/em><\/strong>zona esportiva.<\/li>\n<\/ul>\n<\/li>\n<\/ul>\n<h1 class=\"entry-title\">Sortides i activitats 3r<\/h1>\n<p><strong>1r trimestre<\/strong><\/p>\n<ul>\n<li><strong>Vinseum:<\/strong>\u00a0Durant la Festa major fem servir tots els sentits, la vista, l\u2019olfacte, el tacte, l\u2019o\u00efda i el gust, per\u00f2 moltes vegades no en som conscients, els fem servir tots alhora i el nostre cos es satura de sensacions. Amb aquest taller intentarem viure la festa a poc a poc, separant tots aquests sentits i donant-los un moment i un pes a cadascun d\u2019ells. A la primera part de l\u2019activitat farem un recorregut sensorial per l\u2019exposici\u00f3 i despr\u00e9s ja posarem en pr\u00e0ctica els nostres sentits tot realitzant un taller d\u2019expressi\u00f3 art\u00edstica, que tindr\u00e0 com a resultat un mocador de la festa major molt ben decorat.<a href=\"https:\/\/agora.xtec.cat\/ceipestalella\/wp-content\/uploads\/usu318\/2022\/09\/FIkp-thWYAALgBJ.jpg\"><img loading=\"lazy\" decoding=\"async\" class=\"wp-image-16396 aligncenter\" src=\"https:\/\/agora.xtec.cat\/ceipestalella\/wp-content\/uploads\/usu318\/2022\/09\/FIkp-thWYAALgBJ-1024x1024.jpg\" sizes=\"auto, (max-width: 277px) 100vw, 277px\" srcset=\"https:\/\/agora.xtec.cat\/ceipestalella\/wp-content\/uploads\/usu318\/2022\/09\/FIkp-thWYAALgBJ-1024x1024.jpg 1024w, https:\/\/agora.xtec.cat\/ceipestalella\/wp-content\/uploads\/usu318\/2022\/09\/FIkp-thWYAALgBJ-300x300.jpg 300w, https:\/\/agora.xtec.cat\/ceipestalella\/wp-content\/uploads\/usu318\/2022\/09\/FIkp-thWYAALgBJ-150x150.jpg 150w, https:\/\/agora.xtec.cat\/ceipestalella\/wp-content\/uploads\/usu318\/2022\/09\/FIkp-thWYAALgBJ-768x768.jpg 768w, https:\/\/agora.xtec.cat\/ceipestalella\/wp-content\/uploads\/usu318\/2022\/09\/FIkp-thWYAALgBJ.jpg 1536w\" alt=\"\" width=\"277\" height=\"277\" \/><\/a><\/li>\n<li><strong>Museu Pau Casals:<\/strong>\u00a0sortida relacionada amb l\u2019\u00e0rea de m\u00fasica. El Museu Pau Casals est\u00e0 ubicat a la casa d\u2019estiueig de Pau Casals situada a la platja de Sant Salvador. La seva visita us permetr\u00e0 descobrir la vida i el llegat hum\u00e0 d\u2019un dels m\u00fasics m\u00e9s importants del segle XX.<\/li>\n<\/ul>\n<p><a href=\"https:\/\/agora.xtec.cat\/ceipestalella\/wp-content\/uploads\/usu318\/2022\/09\/image.png\"><img loading=\"lazy\" decoding=\"async\" class=\"alignnone size-full wp-image-16457\" src=\"https:\/\/agora.xtec.cat\/ceipestalella\/wp-content\/uploads\/usu318\/2022\/09\/image.png\" sizes=\"auto, (max-width: 259px) 100vw, 259px\" srcset=\"https:\/\/agora.xtec.cat\/ceipestalella\/wp-content\/uploads\/usu318\/2022\/09\/image.png 259w, https:\/\/agora.xtec.cat\/ceipestalella\/wp-content\/uploads\/usu318\/2022\/09\/image-200x150.png 200w\" alt=\"\" width=\"259\" height=\"194\" \/><\/a><\/p>\n<p><strong>2n trimestre<\/strong><\/p>\n<ul>\n<li><strong>Caminada per Vilafranca i visita a l\u2019Ajuntament i el campanar:<\/strong>\u00a0Aquesta sortida ens permetr\u00e0 con\u00e8ixer la nostra ciutat i l\u2019Ajuntament. Pujarem al campanar i veurem Vilafranca del Pened\u00e8s des d\u2019una altra perspectiva.<\/li>\n<\/ul>\n<p><a href=\"https:\/\/agora.xtec.cat\/ceipestalella\/wp-content\/uploads\/usu318\/2022\/09\/21_2.jpg\"><img loading=\"lazy\" decoding=\"async\" class=\"wp-image-16397 aligncenter\" src=\"https:\/\/agora.xtec.cat\/ceipestalella\/wp-content\/uploads\/usu318\/2022\/09\/21_2.jpg\" sizes=\"auto, (max-width: 295px) 100vw, 295px\" srcset=\"https:\/\/agora.xtec.cat\/ceipestalella\/wp-content\/uploads\/usu318\/2022\/09\/21_2.jpg 841w, https:\/\/agora.xtec.cat\/ceipestalella\/wp-content\/uploads\/usu318\/2022\/09\/21_2-297x300.jpg 297w, https:\/\/agora.xtec.cat\/ceipestalella\/wp-content\/uploads\/usu318\/2022\/09\/21_2-768x776.jpg 768w\" alt=\"\" width=\"295\" height=\"299\" \/><\/a><\/p>\n<p>&nbsp;<\/p>\n<ul>\n<li><strong>Ruta hist\u00f2rica del comer\u00e7:<\/strong>\u00a0A partir de realitzar aquesta sortida i con\u00e8ixer el comer\u00e7 proper de la nostra localitat, treballarem els oficis i els sectors econ\u00f2mics dintre del projecte de Vilafranca del Pened\u00e8s.<\/li>\n<li><strong>Piscina<\/strong>\u00a0(4 sessions).<\/li>\n<\/ul>\n<p><a href=\"https:\/\/agora.xtec.cat\/ceipestalella\/wp-content\/uploads\/usu318\/2022\/09\/piscina6.jpg\"><img loading=\"lazy\" decoding=\"async\" class=\"wp-image-16398 aligncenter\" src=\"https:\/\/agora.xtec.cat\/ceipestalella\/wp-content\/uploads\/usu318\/2022\/09\/piscina6.jpg\" sizes=\"auto, (max-width: 354px) 100vw, 354px\" srcset=\"https:\/\/agora.xtec.cat\/ceipestalella\/wp-content\/uploads\/usu318\/2022\/09\/piscina6.jpg 800w, https:\/\/agora.xtec.cat\/ceipestalella\/wp-content\/uploads\/usu318\/2022\/09\/piscina6-300x188.jpg 300w, https:\/\/agora.xtec.cat\/ceipestalella\/wp-content\/uploads\/usu318\/2022\/09\/piscina6-768x480.jpg 768w\" alt=\"\" width=\"354\" height=\"221\" \/><\/a><\/p>\n<p><strong>3r trimestre<\/strong><\/p>\n<ul>\n<li><strong>Col\u00f2nies a Amposta Parc:<\/strong>\u00a0els dies 11 i 12 de maig tots els alumnes de l\u2019escola anirem a Amposta Parc. Situada al Parc Natural del Delta de l\u2019Ebre, un dels aiguamolls m\u00e9s importants de la Pen\u00ednsula per gaudir i aprendre de la seva fauna i flora.<\/li>\n<\/ul>\n<p><a href=\"https:\/\/agora.xtec.cat\/ceipestalella\/wp-content\/uploads\/usu318\/2022\/09\/FolletoEsportistes_Pagina_31.jpg\"><img loading=\"lazy\" decoding=\"async\" class=\"wp-image-16399 aligncenter\" src=\"https:\/\/agora.xtec.cat\/ceipestalella\/wp-content\/uploads\/usu318\/2022\/09\/FolletoEsportistes_Pagina_31.jpg\" sizes=\"auto, (max-width: 309px) 100vw, 309px\" srcset=\"https:\/\/agora.xtec.cat\/ceipestalella\/wp-content\/uploads\/usu318\/2022\/09\/FolletoEsportistes_Pagina_31.jpg 891w, https:\/\/agora.xtec.cat\/ceipestalella\/wp-content\/uploads\/usu318\/2022\/09\/FolletoEsportistes_Pagina_31-300x214.jpg 300w, https:\/\/agora.xtec.cat\/ceipestalella\/wp-content\/uploads\/usu318\/2022\/09\/FolletoEsportistes_Pagina_31-768x547.jpg 768w\" alt=\"\" width=\"309\" height=\"220\" \/><\/a><\/p>\n<ul>\n<li><strong>CRARC<\/strong>\u00a0(Centre de Recuperaci\u00f3 de R\u00e8ptils i Amfibis de Catalunya). Qu\u00e8 passa quan es troba un animal en perill d\u2019extinci\u00f3 ferit? Doncs al CRARC es dediquen a curar i recuperar aquests animals. Gaudirem de l\u2019experi\u00e8ncia de con\u00e8ixer r\u00e8ptils i amfibis, propis i foranis.<\/li>\n<\/ul>\n<p><img loading=\"lazy\" decoding=\"async\" class=\"aligncenter\" src=\"https:\/\/mamaquefemdema.com\/wp-content\/uploads\/2017\/08\/crarc_06.jpg\" alt=\"CRARC, el Centre de Recuperaci\u00f3 d&amp;#39;Amfibis i R\u00e8ptils de Catalunya - mama, qu\u00e8 fem dem\u00e0?\" width=\"411\" height=\"274\" \/><\/p>\n<ul>\n<li><strong>Jornades Esportives.<\/strong>\u00a0Com cada any ens passarem el mat\u00ed fent esport i jocs diversos que fomenten la cooperaci\u00f3 , el treball en equip, el respecte i la diversi\u00f3.<\/li>\n<\/ul>\n<p>&nbsp;<\/p>\n<ul>\n<li><strong>Caminada a St. Pau<\/strong>\u00a0per con\u00e8ixer l\u2019entorn i gaudir d\u2019un dia amb els companys i companyes.<\/li>\n<\/ul>\n<p><img loading=\"lazy\" decoding=\"async\" class=\"aligncenter\" src=\"https:\/\/upload.wikimedia.org\/wikipedia\/commons\/0\/06\/Turons_de_Pacs_del_Pened%C3%A8s_-_4.jpg\" alt=\"Muntanya de Sant Pau (Vilafranca del Pened\u00e8s) - Viquip\u00e8dia, l&amp;#39;enciclop\u00e8dia lliure\" width=\"391\" height=\"261\" \/><\/p>\n<header class=\"entry-header\">\n<h1 class=\"entry-title\">Sortides i activitats 4t<\/h1>\n<\/header>\n<div class=\"entry-content\">\n<h4><strong>PRIMER TRIMESTRE<\/strong><\/h4>\n<p><strong>Abric Roman\u00ed (mat\u00ed)<\/strong><\/p>\n<p>La sortida a l\u2019Abric Roman\u00ed de Capellades est\u00e0 enfocada com a activitat complement\u00e0ria de l\u2019\u00e0rea de medi social. All\u00e0 visitarem un jaciment arqueol\u00f2gic i una part del museu prehist\u00f2ric. Tamb\u00e9 realitzarem una activitat relacionada amb les armes de l\u2019\u00e8poca.<\/p>\n<table>\n<tbody>\n<tr>\n<td><a href=\"https:\/\/agora.xtec.cat\/ceipestalella\/wp-content\/uploads\/usu318\/2021\/09\/20191029_113022-scaled.jpg\"><img loading=\"lazy\" decoding=\"async\" class=\"wp-image-15109 aligncenter\" src=\"https:\/\/agora.xtec.cat\/ceipestalella\/wp-content\/uploads\/usu318\/2021\/09\/20191029_113022-1024x768.jpg\" sizes=\"auto, (max-width: 280px) 100vw, 280px\" srcset=\"https:\/\/agora.xtec.cat\/ceipestalella\/wp-content\/uploads\/usu318\/2021\/09\/20191029_113022-1024x768.jpg 1024w, https:\/\/agora.xtec.cat\/ceipestalella\/wp-content\/uploads\/usu318\/2021\/09\/20191029_113022-300x225.jpg 300w, https:\/\/agora.xtec.cat\/ceipestalella\/wp-content\/uploads\/usu318\/2021\/09\/20191029_113022-768x576.jpg 768w, https:\/\/agora.xtec.cat\/ceipestalella\/wp-content\/uploads\/usu318\/2021\/09\/20191029_113022-1536x1152.jpg 1536w, https:\/\/agora.xtec.cat\/ceipestalella\/wp-content\/uploads\/usu318\/2021\/09\/20191029_113022-2048x1536.jpg 2048w, https:\/\/agora.xtec.cat\/ceipestalella\/wp-content\/uploads\/usu318\/2021\/09\/20191029_113022-200x150.jpg 200w\" alt=\"\" width=\"280\" height=\"210\" \/><\/a><\/td>\n<td><img loading=\"lazy\" decoding=\"async\" class=\"wp-image-15108 aligncenter\" src=\"https:\/\/agora.xtec.cat\/ceipestalella\/wp-content\/uploads\/usu318\/2021\/09\/20191029_104454-1024x768.jpg\" sizes=\"auto, (max-width: 279px) 100vw, 279px\" srcset=\"https:\/\/agora.xtec.cat\/ceipestalella\/wp-content\/uploads\/usu318\/2021\/09\/20191029_104454-1024x768.jpg 1024w, https:\/\/agora.xtec.cat\/ceipestalella\/wp-content\/uploads\/usu318\/2021\/09\/20191029_104454-300x225.jpg 300w, https:\/\/agora.xtec.cat\/ceipestalella\/wp-content\/uploads\/usu318\/2021\/09\/20191029_104454-768x576.jpg 768w, https:\/\/agora.xtec.cat\/ceipestalella\/wp-content\/uploads\/usu318\/2021\/09\/20191029_104454-1536x1152.jpg 1536w, https:\/\/agora.xtec.cat\/ceipestalella\/wp-content\/uploads\/usu318\/2021\/09\/20191029_104454-2048x1536.jpg 2048w, https:\/\/agora.xtec.cat\/ceipestalella\/wp-content\/uploads\/usu318\/2021\/09\/20191029_104454-200x150.jpg 200w\" alt=\"\" width=\"279\" height=\"209\" \/><\/td>\n<\/tr>\n<\/tbody>\n<\/table>\n<p>&nbsp;<\/p>\n<hr \/>\n<h4><strong>SEGON TRIMESTRE<\/strong><\/h4>\n<p><strong>Comencem la piscina!<\/strong><a href=\"https:\/\/agora.xtec.cat\/ceipestalella\/wp-content\/uploads\/usu318\/2021\/09\/Dibujo.jpg\"><img loading=\"lazy\" decoding=\"async\" class=\"wp-image-15113 alignright\" src=\"https:\/\/agora.xtec.cat\/ceipestalella\/wp-content\/uploads\/usu318\/2021\/09\/Dibujo.jpg\" sizes=\"auto, (max-width: 305px) 100vw, 305px\" srcset=\"https:\/\/agora.xtec.cat\/ceipestalella\/wp-content\/uploads\/usu318\/2021\/09\/Dibujo.jpg 518w, https:\/\/agora.xtec.cat\/ceipestalella\/wp-content\/uploads\/usu318\/2021\/09\/Dibujo-300x148.jpg 300w\" alt=\"\" width=\"305\" height=\"150\" \/><\/a><\/p>\n<p>Farem 5 sessions de piscina al Complex Aqu\u00e0tic de Vilafranca.<\/p>\n<p>&nbsp;<\/p>\n<p><strong>Visita al museu de Pau Casals<\/strong>\u00a0(pendent de confirmar)<\/p>\n<p>El Museu Pau Casals est\u00e0 ubicat a la casa d\u2019estiueig que Pau Casals es va fer construir a la platja de Sant Salvador, al Vendrell. Visitar-lo ens permetr\u00e0 descobrir la vida i el llegat hum\u00e0 d\u2019un dels m\u00fasics m\u00e9s importants del segle XX i alhora gaudir d\u2019un espai hist\u00f2ric amb vistes al mar mediterrani.<\/p>\n<table>\n<tbody>\n<tr>\n<td><img loading=\"lazy\" decoding=\"async\" class=\"size-full wp-image-16457 aligncenter\" src=\"https:\/\/agora.xtec.cat\/ceipestalella\/wp-content\/uploads\/usu318\/2022\/09\/image.png\" sizes=\"auto, (max-width: 259px) 100vw, 259px\" srcset=\"https:\/\/agora.xtec.cat\/ceipestalella\/wp-content\/uploads\/usu318\/2022\/09\/image.png 259w, https:\/\/agora.xtec.cat\/ceipestalella\/wp-content\/uploads\/usu318\/2022\/09\/image-200x150.png 200w\" alt=\"\" width=\"259\" height=\"194\" \/><\/td>\n<td><img loading=\"lazy\" decoding=\"async\" class=\"aligncenter size-full wp-image-16462\" src=\"https:\/\/agora.xtec.cat\/ceipestalella\/wp-content\/uploads\/usu318\/2022\/09\/download.jpg\" alt=\"\" width=\"290\" height=\"174\" \/><\/td>\n<\/tr>\n<\/tbody>\n<\/table>\n<hr \/>\n<p><strong>TERCER TRIMESTRE<\/strong><\/p>\n<p><img loading=\"lazy\" decoding=\"async\" class=\"wp-image-15193 alignright\" src=\"https:\/\/agora.xtec.cat\/ceipestalella\/wp-content\/uploads\/usu318\/2021\/09\/unnamed.jpg\" sizes=\"auto, (max-width: 292px) 100vw, 292px\" srcset=\"https:\/\/agora.xtec.cat\/ceipestalella\/wp-content\/uploads\/usu318\/2021\/09\/unnamed.jpg 512w, https:\/\/agora.xtec.cat\/ceipestalella\/wp-content\/uploads\/usu318\/2021\/09\/unnamed-300x214.jpg 300w\" alt=\"\" width=\"292\" height=\"208\" \/><\/p>\n<p><strong>Mol\u00ed del Foix<\/strong>\u00a0(mat\u00ed)<\/p>\n<p>El Jard\u00ed Bot\u00e0nic Mol\u00ed del Foix \u00e9s un espai on, a m\u00e9s de passejar i gaudir de les plantes que s\u2019hi troben, podem aprendre sobre la nostra comarca i la vegetaci\u00f3 que hi trobem.<\/p>\n<p>\u00c9s una sortida relacionada amb el contingut de\u00a0 l\u2019\u00e0rea de medi natural.<\/p>\n<p>&nbsp;<\/p>\n<p>&nbsp;<\/p>\n<p><strong>Anem de col\u00f2nies!<img loading=\"lazy\" decoding=\"async\" class=\"wp-image-16465 alignright\" src=\"https:\/\/agora.xtec.cat\/ceipestalella\/wp-content\/uploads\/usu318\/2022\/09\/5b68ddea-b29b-4e78-80a7-09c123e4ed7d.png\" sizes=\"auto, (max-width: 292px) 100vw, 292px\" srcset=\"https:\/\/agora.xtec.cat\/ceipestalella\/wp-content\/uploads\/usu318\/2022\/09\/5b68ddea-b29b-4e78-80a7-09c123e4ed7d.png 768w, https:\/\/agora.xtec.cat\/ceipestalella\/wp-content\/uploads\/usu318\/2022\/09\/5b68ddea-b29b-4e78-80a7-09c123e4ed7d-300x214.png 300w\" alt=\"\" width=\"292\" height=\"208\" \/><\/strong><\/p>\n<p>Els dies 11 i 12 de maig anirem de col\u00f2nies\u00a0a Amposta Parc i ho farem tota la prim\u00e0ria junts.<\/p>\n<p>Aquesta casa de col\u00f2nies est\u00e0 situada\u00a0al Parc Natural del Delta de l\u2019Ebre on gaudirem\u00a0i aprendrem sobre la seva fauna i flora.<\/p>\n<p>&nbsp;<\/p>\n<p>&nbsp;<\/p>\n<p><strong>Sortida a Sant Pau<\/strong>\u00a0(tot el dia)<img loading=\"lazy\" decoding=\"async\" class=\" wp-image-16475 alignright\" src=\"https:\/\/agora.xtec.cat\/ceipestalella\/wp-content\/uploads\/usu318\/2022\/09\/sant-pau.jpg\" sizes=\"auto, (max-width: 291px) 100vw, 291px\" srcset=\"https:\/\/agora.xtec.cat\/ceipestalella\/wp-content\/uploads\/usu318\/2022\/09\/sant-pau.jpg 800w, https:\/\/agora.xtec.cat\/ceipestalella\/wp-content\/uploads\/usu318\/2022\/09\/sant-pau-300x200.jpg 300w, https:\/\/agora.xtec.cat\/ceipestalella\/wp-content\/uploads\/usu318\/2022\/09\/sant-pau-768x512.jpg 768w\" alt=\"\" width=\"291\" height=\"194\" \/><\/p>\n<p>La muntanya de Sant Pau \u00e9s una serra situada a Vilafranca i Pacs, t\u00e9 una elevaci\u00f3 de 302 metres.<\/p>\n<p>Per sort, tenim aquesta muntanya molt a prop de l\u2019escola! Aix\u00ed que farem una caminada tots junts per la natura i gaudirem del nostre entorn m\u00e9s proper.<\/p>\n<p>&nbsp;<\/p>\n<p><strong>Jornades Esportives<\/strong>\u00a0(mat\u00ed)<\/p>\n<p>Al juny anirem a les jornades esportives que s\u2019organitzen a la zona esportiva de Vilafranca, all\u00e0 practicarem diversos esports en equip.<\/p>\n<header class=\"entry-header\">\n<h1 class=\"entry-title\">Sortides i activitats 5\u00e8<\/h1>\n<\/header>\n<div class=\"entry-content\">\n<h4><em><strong>PRIMER TRIMESTRE\u00a0<\/strong><\/em><\/h4>\n<p><b>Ciutadella Ib\u00e8rica (Calafell)\u00a0<\/b>Dijous 3 de novembre de 2022.<\/p>\n<p>&nbsp;<\/p>\n<h4><em><strong>SEGON TRIMESTRE\u00a0<\/strong><\/em><\/h4>\n<p><strong>Sortida d\u2019educaci\u00f3 art\u00edstica (Barcelona)\u00a0<\/strong>Per concretar.<\/p>\n<p><strong>La Tarraco Romana (Tarragona).<\/strong>\u00a0Dijous 23 de mar\u00e7 de 2023<\/p>\n<p><b>Col\u00f2nies a Amposta Park (Amposta)\u00a0<\/b>Dijous 11 i Divendres12 de maig de 2023.<\/p>\n<h4><\/h4>\n<h4><em><strong>TERCER TRIMESTRE\u00a0<\/strong><\/em><\/h4>\n<p><b><strong>Teatre en angl\u00e8s.\u00a0<\/strong><\/b>Dimarts 30 de maig de 2023\u00a0 \u00a0 \u00a0 \u00a0 \u00a0 \u00a0 \u00a0 \u00a0 \u00a0 \u00a0 \u00a0 \u00a0 \u00a0 \u00a0 \u00a0 \u00a0 \u00a0<strong>\u00a0<\/strong><\/p>\n<p>&nbsp;<\/p>\n<p><b>Altres activitats<\/b><\/p>\n<ul>\n<li>Taller de fanalets.<\/li>\n<li>Tallers medioambientals de la mancomunitat.<\/li>\n<li>Sessi\u00f3 de cinema.<\/li>\n<li>Jornades esportives<\/li>\n<\/ul>\n<header class=\"entry-header\">\n<h1 class=\"entry-title\">Sortides i activitats 6\u00e8<\/h1>\n<\/header>\n<div class=\"entry-content\">\n<h4><em><strong>PRIMER TRIMESTRE\u00a0<\/strong><\/em><\/h4>\n<p><b>Museu de la ci\u00e8ncia i de la t\u00e8cnica de Catalunya (Terrassa)\u00a0<\/b>Dijous 10 de novembre\u00a0 de 2022.<\/p>\n<p>&nbsp;<\/p>\n<h4><em><strong>SEGON TRIMESTRE\u00a0<\/strong><\/em><\/h4>\n<p><strong>Sortida d\u2019educaci\u00f3 art\u00edstica (Barcelona)\u00a0<\/strong>Per concretar.<\/p>\n<p><b>Col\u00f2nies a Amposta Park (Amposta)\u00a0<\/b>Dimecres 11 i Dijous 12 de maig de 2023.<\/p>\n<p>&nbsp;<\/p>\n<h4><em><strong>TERCER TRIMESTRE\u00a0<\/strong><\/em><\/h4>\n<p><b><strong>Teatre en angl\u00e8s\u00a0<\/strong><\/b>Dimarts 30 de maig de 2023<\/p>\n<p><strong>Cant\u00e0nia<\/strong>\u00a0Dimecres 31 de maig de 2023<\/p>\n<p><b>Port Aventura\u00a0<\/b>Dijous 1 de juny de 2023<\/p>\n<\/div>\n<\/div>\n<\/div>\n","protected":false},"excerpt":{"rendered":"<p>CURS 2022-2023 Sortides i activitats I3 Sortides\u00a0per Vilafranca: La tardor a Vilafranca. Carrers i mercat de Vilafranca. Octubre de 2022. [&hellip;]<\/p>\n","protected":false},"author":28,"featured_media":0,"parent":0,"menu_order":0,"comment_status":"closed","ping_status":"closed","template":"","meta":{"_bbp_topic_count":0,"_bbp_reply_count":0,"_bbp_total_topic_count":0,"_bbp_total_reply_count":0,"_bbp_voice_count":0,"_bbp_anonymous_reply_count":0,"_bbp_topic_count_hidden":0,"_bbp_reply_count_hidden":0,"_bbp_forum_subforum_count":0,"site-sidebar-layout":"default","site-content-layout":"","ast-site-content-layout":"","site-content-style":"default","site-sidebar-style":"default","ast-global-header-display":"","ast-banner-title-visibility":"","ast-main-header-display":"","ast-hfb-above-header-display":"","ast-hfb-below-header-display":"","ast-hfb-mobile-header-display":"","site-post-title":"","ast-breadcrumbs-content":"","ast-featured-img":"","footer-sml-layout":"","theme-transparent-header-meta":"","adv-header-id-meta":"","stick-header-meta":"","header-above-stick-meta":"","header-main-stick-meta":"","header-below-stick-meta":"","astra-migrate-meta-layouts":"default","ast-page-background-enabled":"default","ast-page-background-meta":{"desktop":{"background-color":"var(--ast-global-color-4)","background-image":"","background-repeat":"repeat","background-position":"center center","background-size":"auto","background-attachment":"scroll","background-type":"","background-media":"","overlay-type":"","overlay-color":"","overlay-opacity":"","overlay-gradient":""},"tablet":{"background-color":"","background-image":"","background-repeat":"repeat","background-position":"center center","background-size":"auto","background-attachment":"scroll","background-type":"","background-media":"","overlay-type":"","overlay-color":"","overlay-opacity":"","overlay-gradient":""},"mobile":{"background-color":"","background-image":"","background-repeat":"repeat","background-position":"center center","background-size":"auto","background-attachment":"scroll","background-type":"","background-media":"","overlay-type":"","overlay-color":"","overlay-opacity":"","overlay-gradient":""}},"ast-content-background-meta":{"desktop":{"background-color":"var(--ast-global-color-5)","background-image":"","background-repeat":"repeat","background-position":"center center","background-size":"auto","background-attachment":"scroll","background-type":"","background-media":"","overlay-type":"","overlay-color":"","overlay-opacity":"","overlay-gradient":""},"tablet":{"background-color":"var(--ast-global-color-5)","background-image":"","background-repeat":"repeat","background-position":"center center","background-size":"auto","background-attachment":"scroll","background-type":"","background-media":"","overlay-type":"","overlay-color":"","overlay-opacity":"","overlay-gradient":""},"mobile":{"background-color":"var(--ast-global-color-5)","background-image":"","background-repeat":"repeat","background-position":"center center","background-size":"auto","background-attachment":"scroll","background-type":"","background-media":"","overlay-type":"","overlay-color":"","overlay-opacity":"","overlay-gradient":""}},"footnotes":""},"class_list":["post-1313","page","type-page","status-publish","hentry"],"post_mailing_queue_ids":[],"_links":{"self":[{"href":"https:\/\/agora.xtec.cat\/ceipestalella\/wp-json\/wp\/v2\/pages\/1313","targetHints":{"allow":["GET"]}}],"collection":[{"href":"https:\/\/agora.xtec.cat\/ceipestalella\/wp-json\/wp\/v2\/pages"}],"about":[{"href":"https:\/\/agora.xtec.cat\/ceipestalella\/wp-json\/wp\/v2\/types\/page"}],"author":[{"embeddable":true,"href":"https:\/\/agora.xtec.cat\/ceipestalella\/wp-json\/wp\/v2\/users\/28"}],"replies":[{"embeddable":true,"href":"https:\/\/agora.xtec.cat\/ceipestalella\/wp-json\/wp\/v2\/comments?post=1313"}],"version-history":[{"count":10,"href":"https:\/\/agora.xtec.cat\/ceipestalella\/wp-json\/wp\/v2\/pages\/1313\/revisions"}],"predecessor-version":[{"id":16898,"href":"https:\/\/agora.xtec.cat\/ceipestalella\/wp-json\/wp\/v2\/pages\/1313\/revisions\/16898"}],"wp:attachment":[{"href":"https:\/\/agora.xtec.cat\/ceipestalella\/wp-json\/wp\/v2\/media?parent=1313"}],"curies":[{"name":"wp","href":"https:\/\/api.w.org\/{rel}","templated":true}]}}