{"id":12285,"date":"2020-07-06T12:15:08","date_gmt":"2020-07-06T10:15:08","guid":{"rendered":"https:\/\/agora.xtec.cat\/ceipestalella\/?page_id=12285"},"modified":"2026-02-17T10:57:49","modified_gmt":"2026-02-17T09:57:49","slug":"matricula-2020-2021","status":"publish","type":"page","link":"https:\/\/agora.xtec.cat\/ceipestalella\/matricula-2020-2021\/","title":{"rendered":"MATR\u00cdCULA CURS 2026\/2027"},"content":{"rendered":"<h2>Quan s&#8217;ha de fer la matr\u00edcula?<\/h2>\n<p>El per\u00edode de matriculaci\u00f3 d&#8217;educaci\u00f3 infantil i prim\u00e0ria \u00e9s del 22 al 30 de juny de 2026. Si no pots fer la matriculaci\u00f3 en aquestes dates,\u00a0 cal que presentis un justificant el m\u00e9s aviat possible al mateix centre, perqu\u00e8 si no es considera que renuncies a la pla\u00e7a i la perds.<\/p>\n<ul>\n<li><span style=\"color: #ff0000;\"><strong>Molt important: si la matr\u00edcula no es fa en el per\u00edode establert, es considera que es renuncia a la pla\u00e7a adjudicada, llevat que sigui per causes justificades.<\/strong><\/span><\/li>\n<\/ul>\n<h2><strong>Com es fa la matr\u00edcula?<\/strong><\/h2>\n<ol>\n<li><strong>Demaneu cita pr\u00e8via per formalitzar la matr\u00edcula <span style=\"text-decoration: underline;\"><span style=\"background-color: #ffff00;\">AQU\u00cd<\/span><\/span><\/strong><\/li>\n<li>El dia de l&#8217;entrevista caldr\u00e0 que\u00a0<u>porteu la seg\u00fcent documentaci\u00f3<\/u>:<br \/>\n<b><span style=\"color: #0000ff;\">*<\/span><span style=\"color: #0000ff;\">\u00a0Targeta sanit\u00e0ria de l&#8217;alumne\/a<br \/>\n* Llibre de vacunes de l&#8217;alumne\/a<br \/>\n* Foto carnet de l&#8217;alumne\/a<\/span><\/b><\/li>\n<\/ol>\n<p><strong>RECORDA:<\/strong><\/p>\n<ul>\n<li><span style=\"color: #ff0000;\"><strong><em>S&#8217;atendr\u00e0 presencialment nom\u00e9s aquelles persones que hagin concertat cita pr\u00e8via i nom\u00e9s a l&#8217;hora que tinguin assignada per a fer-ho.<\/em><\/strong><\/span><\/li>\n<\/ul>\n<h2>Qu\u00e8 necessito per fer la matr\u00edcula ?<\/h2>\n<p><span style=\"color: #008000;\"><strong><span style=\"color: #000000;\">1.- <a style=\"color: #000000;\" href=\"https:\/\/tpvescola.com\/Default2.aspx\">Baixar l&#8217;aplicaci\u00f3 TPVEscola al m\u00f2bil.<\/a><\/span><a href=\"https:\/\/agora.xtec.cat\/ceipestalella\/wp-content\/uploads\/usu318\/2021\/06\/unnamed.png\"><img loading=\"lazy\" decoding=\"async\" class=\"wp-image-14315 alignnone\" src=\"https:\/\/agora.xtec.cat\/ceipestalella\/wp-content\/uploads\/usu318\/2021\/06\/unnamed.png\" alt=\"\" width=\"75\" height=\"75\" srcset=\"https:\/\/agora.xtec.cat\/ceipestalella\/wp-content\/uploads\/usu318\/2021\/06\/unnamed.png 160w, https:\/\/agora.xtec.cat\/ceipestalella\/wp-content\/uploads\/usu318\/2021\/06\/unnamed-150x150.png 150w\" sizes=\"auto, (max-width: 75px) 100vw, 75px\" \/><\/a><\/strong><\/span><\/p>\n<p><span style=\"color: #000000;\"><strong><a style=\"color: #000000;\" href=\"https:\/\/agora.xtec.cat\/ceipestalella\/wp-content\/uploads\/usu318\/2022\/06\/Carta-de-compromis-educatiu-nova-NOU.pdf\">2.- <span style=\"text-decoration: underline;\">Carta de comprom\u00eds educatiu signada<\/span><\/a><\/strong><\/span><\/p>\n<p><strong><span style=\"color: #000000;\">3.- Quotes 2026\/2027<\/span><\/strong><\/p>\n<p><strong>4.- <a href=\"https:\/\/agora.xtec.cat\/ceipestalella\/wp-content\/uploads\/usu318\/2024\/01\/AUTORITZACIO-GENERAL-NOVA-per-al-curs-24_25.pdf\"><span style=\"text-decoration: underline;\">Full d&#8217;autoritzacions signat<\/span><\/a><\/strong><\/p>\n<p><strong>5.- Original i fotoc\u00f2pia del DNI o NIE de l\u2019alumne\/a<\/strong><\/p>\n<p><strong>6.- Original i fotoc\u00f2pia DNI o NIE dels pares o tutors\/es<\/strong><\/p>\n<p><strong>7.- Original i fotoc\u00f2pia de la targeta sanit\u00e0ria de l\u2019alumne\/a (TIS)<\/strong><\/p>\n<p><strong>8.- Original i fotoc\u00f2pia del carnet de vacunes<\/strong> (Si no es t\u00e9 el carnet de vacunacions, s&#8217;ha d&#8217;aportar un certificat m\u00e8dic oficial o el carnet de salut de l&#8217;infant en el qual figurin les dosis de les vacunes rebudes amb les dates corresponents. Si el vostre fill o filla no ha estat vacunat per indicaci\u00f3 m\u00e8dica o per altres circumst\u00e0ncies, cal aportar un certificat m\u00e8dic oficial justificatiu).<\/p>\n<p><strong>9.- Foto de l\u2019alumne\/a<\/strong><\/p>\n<h2>I a partir d&#8217;ara&#8230; qu\u00e8?<\/h2>\n<p>Enhorabona! Has completat amb \u00e8xit tot el proc\u00e9s d&#8217;escolaritzaci\u00f3 del teu fill o filla. El centre t&#8217;explicar\u00e0 tots els passos a seguir a partir d&#8217;ara.<\/p>\n<p>Ara comen\u00e7a una etapa molt emocionant i important per al teu fill o filla, i per a tota la fam\u00edlia. Gaudiu-ne molt!<\/p>\n","protected":false},"excerpt":{"rendered":"<p>Quan s&#8217;ha de fer la matr\u00edcula? El per\u00edode de matriculaci\u00f3 d&#8217;educaci\u00f3 infantil i prim\u00e0ria \u00e9s del 22 al 30 de [&hellip;]<\/p>\n","protected":false},"author":8,"featured_media":0,"parent":0,"menu_order":0,"comment_status":"closed","ping_status":"closed","template":"","meta":{"_bbp_topic_count":0,"_bbp_reply_count":0,"_bbp_total_topic_count":0,"_bbp_total_reply_count":0,"_bbp_voice_count":0,"_bbp_anonymous_reply_count":0,"_bbp_topic_count_hidden":0,"_bbp_reply_count_hidden":0,"_bbp_forum_subforum_count":0,"site-sidebar-layout":"default","site-content-layout":"","ast-site-content-layout":"default","site-content-style":"default","site-sidebar-style":"default","ast-global-header-display":"","ast-banner-title-visibility":"","ast-main-header-display":"","ast-hfb-above-header-display":"","ast-hfb-below-header-display":"","ast-hfb-mobile-header-display":"","site-post-title":"","ast-breadcrumbs-content":"","ast-featured-img":"","footer-sml-layout":"","theme-transparent-header-meta":"","adv-header-id-meta":"","stick-header-meta":"","header-above-stick-meta":"","header-main-stick-meta":"","header-below-stick-meta":"","astra-migrate-meta-layouts":"set","ast-page-background-enabled":"default","ast-page-background-meta":{"desktop":{"background-color":"var(--ast-global-color-4)","background-image":"","background-repeat":"repeat","background-position":"center center","background-size":"auto","background-attachment":"scroll","background-type":"","background-media":"","overlay-type":"","overlay-color":"","overlay-opacity":"","overlay-gradient":""},"tablet":{"background-color":"","background-image":"","background-repeat":"repeat","background-position":"center center","background-size":"auto","background-attachment":"scroll","background-type":"","background-media":"","overlay-type":"","overlay-color":"","overlay-opacity":"","overlay-gradient":""},"mobile":{"background-color":"","background-image":"","background-repeat":"repeat","background-position":"center center","background-size":"auto","background-attachment":"scroll","background-type":"","background-media":"","overlay-type":"","overlay-color":"","overlay-opacity":"","overlay-gradient":""}},"ast-content-background-meta":{"desktop":{"background-color":"var(--ast-global-color-5)","background-image":"","background-repeat":"repeat","background-position":"center center","background-size":"auto","background-attachment":"scroll","background-type":"","background-media":"","overlay-type":"","overlay-color":"","overlay-opacity":"","overlay-gradient":""},"tablet":{"background-color":"var(--ast-global-color-5)","background-image":"","background-repeat":"repeat","background-position":"center center","background-size":"auto","background-attachment":"scroll","background-type":"","background-media":"","overlay-type":"","overlay-color":"","overlay-opacity":"","overlay-gradient":""},"mobile":{"background-color":"var(--ast-global-color-5)","background-image":"","background-repeat":"repeat","background-position":"center center","background-size":"auto","background-attachment":"scroll","background-type":"","background-media":"","overlay-type":"","overlay-color":"","overlay-opacity":"","overlay-gradient":""}},"footnotes":""},"class_list":["post-12285","page","type-page","status-publish","hentry"],"post_mailing_queue_ids":[],"_links":{"self":[{"href":"https:\/\/agora.xtec.cat\/ceipestalella\/wp-json\/wp\/v2\/pages\/12285","targetHints":{"allow":["GET"]}}],"collection":[{"href":"https:\/\/agora.xtec.cat\/ceipestalella\/wp-json\/wp\/v2\/pages"}],"about":[{"href":"https:\/\/agora.xtec.cat\/ceipestalella\/wp-json\/wp\/v2\/types\/page"}],"author":[{"embeddable":true,"href":"https:\/\/agora.xtec.cat\/ceipestalella\/wp-json\/wp\/v2\/users\/8"}],"replies":[{"embeddable":true,"href":"https:\/\/agora.xtec.cat\/ceipestalella\/wp-json\/wp\/v2\/comments?post=12285"}],"version-history":[{"count":6,"href":"https:\/\/agora.xtec.cat\/ceipestalella\/wp-json\/wp\/v2\/pages\/12285\/revisions"}],"predecessor-version":[{"id":20724,"href":"https:\/\/agora.xtec.cat\/ceipestalella\/wp-json\/wp\/v2\/pages\/12285\/revisions\/20724"}],"wp:attachment":[{"href":"https:\/\/agora.xtec.cat\/ceipestalella\/wp-json\/wp\/v2\/media?parent=12285"}],"curies":[{"name":"wp","href":"https:\/\/api.w.org\/{rel}","templated":true}]}}