{"id":11801,"date":"2020-05-04T11:54:25","date_gmt":"2020-05-04T09:54:25","guid":{"rendered":"https:\/\/agora.xtec.cat\/ceipestalella\/?page_id=11801"},"modified":"2026-04-15T09:43:05","modified_gmt":"2026-04-15T07:43:05","slug":"preinscripcio-escolar-2020-2021","status":"publish","type":"page","link":"https:\/\/agora.xtec.cat\/ceipestalella\/preinscripcio-escolar-2020-2021\/","title":{"rendered":"Preinscripci\u00f3 Escolar Curs 2026\/2027"},"content":{"rendered":"<p><a href=\"https:\/\/agora.xtec.cat\/ceipestalella\/wp-content\/uploads\/usu318\/2020\/05\/image-e1611135978134.png\"><img loading=\"lazy\" decoding=\"async\" class=\"wp-image-11803 aligncenter\" src=\"https:\/\/agora.xtec.cat\/ceipestalella\/wp-content\/uploads\/usu318\/2020\/05\/image-e1611135978134.png\" alt=\"\" width=\"466\" height=\"110\" srcset=\"https:\/\/agora.xtec.cat\/ceipestalella\/wp-content\/uploads\/usu318\/2020\/05\/image-e1611135978134.png 584w, https:\/\/agora.xtec.cat\/ceipestalella\/wp-content\/uploads\/usu318\/2020\/05\/image-e1611135978134-300x71.png 300w\" sizes=\"auto, (max-width: 466px) 100vw, 466px\" \/><\/a><\/p>\n<h3><\/h3>\n<h3><span style=\"color: #0000ff;\"><strong>CALENDARI FASES PREINCRIPCI\u00d3 \/ MATRICULA CURS 2026\/2027<\/strong><\/span><\/h3>\n<table style=\"width: 91.1522%; height: 556px;\" width=\"755\">\n<tbody>\n<tr style=\"height: 57px;\">\n<td style=\"width: 27.609%; height: 57px; text-align: center;\" width=\"210\">\n<h4><span style=\"color: #ff0000;\"><strong>DATA<\/strong><\/span><\/h4>\n<\/td>\n<td style=\"width: 88.1374%; height: 57px; text-align: center;\" width=\"545\">\n<h4><span style=\"color: #ff0000;\"><strong>FASES<\/strong><\/span><\/h4>\n<\/td>\n<\/tr>\n<tr style=\"height: 57px;\">\n<td style=\"width: 27.609%; height: 38px; text-align: center;\" width=\"210\"><strong>23 de febrer de 2026<\/strong><\/td>\n<td style=\"width: 88.1374%; height: 38px; text-align: center;\" width=\"545\"><strong>JORNADA PORTES OBERTES A L&#8217;ESTALELLA<\/strong><\/td>\n<\/tr>\n<tr style=\"height: 57px;\">\n<td style=\"width: 27.609%; height: 41px; text-align: center;\" width=\"210\"><strong>3 de mar\u00e7 de 2026<\/strong><\/td>\n<td style=\"width: 88.1374%; height: 41px; text-align: center;\" width=\"545\"><a href=\"https:\/\/agora.xtec.cat\/ceipestalella\/wp-content\/uploads\/usu318\/2026\/03\/Oferta-places-Estalella-i-Graells-2026-27.pdf\"><span style=\"text-decoration: underline; background-color: #ffffff;\"><strong><span style=\"color: #000000; text-decoration: underline;\">PUBLICACI\u00d3 OFERTA INICIAL DE PLACES\u00a0<\/span><\/strong><\/span><\/a><\/td>\n<\/tr>\n<tr style=\"height: 57px;\">\n<td style=\"width: 27.609%; height: 40px; text-align: center;\" width=\"210\"><strong>Del 4 al 18 de mar\u00e7 de 2026<\/strong><\/td>\n<td style=\"width: 88.1374%; height: 40px; text-align: center;\" width=\"545\"><strong>PRESENTACI\u00d3 DE SOL\u00b7LICITUDS<\/strong><\/td>\n<\/tr>\n<tr style=\"height: 57px;\">\n<td style=\"width: 27.609%; height: 35px; text-align: center;\" width=\"210\"><strong>Fins el 19 de mar\u00e7 de 2026<\/strong><\/td>\n<td style=\"width: 88.1374%; height: 35px; text-align: center;\" width=\"545\"><strong>PRESENTACI\u00d3 DE DOCUMENTACI\u00d3<\/strong><\/td>\n<\/tr>\n<tr style=\"height: 57px;\">\n<td style=\"width: 27.609%; height: 32px; text-align: center;\" width=\"210\"><strong>15 d&#8217;abril de 2026<\/strong><\/td>\n<td style=\"width: 88.1374%; height: 32px; text-align: center;\" width=\"545\"><a href=\"https:\/\/agora.xtec.cat\/ceipestalella\/wp-content\/uploads\/usu318\/2026\/04\/Publicacio-llista-primera-peticio-15.04.2026.pdf\"><span style=\"background-color: #ffffff;\"><span style=\"color: #000000;\"><strong>PUBLICACI\u00d3 DE LA LLISTA DE SOL\u00b7LICITUDS AMB LA PUNTUACI\u00d3 PROVISIONAL<\/strong><\/span><\/span><\/a><\/td>\n<\/tr>\n<tr style=\"height: 57px;\">\n<td style=\"width: 27.609%; height: 34px; text-align: center;\" width=\"210\"><strong>Del 5 al 20 d&#8217;abril de 2026<\/strong><\/td>\n<td style=\"width: 88.1374%; height: 34px; text-align: center;\" width=\"545\"><strong>PRESENTACI\u00d3 DE RECLAMACIONS<\/strong><\/td>\n<\/tr>\n<tr style=\"height: 79px;\">\n<td style=\"width: 27.609%; height: 38px; text-align: center;\" width=\"210\"><strong>23 d&#8217;abril de 2026<\/strong><\/td>\n<td style=\"width: 88.1374%; height: 38px; text-align: center;\" width=\"545\"><span style=\"background-color: #ffffff;\"><span style=\"color: #000000;\"><strong>LLISTA DE SOL\u00b7LICITUDS AMB LA PUNTUACI\u00d3 UN COP RESOLTES LES RECLAMACIONS<\/strong><\/span><\/span><\/td>\n<\/tr>\n<tr style=\"height: 79px;\">\n<td style=\"width: 27.609%; height: 38px; text-align: center;\" width=\"210\"><strong>28 d&#8217;abril de 2026<\/strong><\/td>\n<td style=\"width: 88.1374%; height: 38px; text-align: center;\" width=\"545\"><span style=\"color: #000000; background-color: #ffffff;\"><strong>SORTEIG PER RESOLDRE LES SOL\u00b7LICITUDS DE PREINSCRIPCI\u00d3 EMPATADES EN PUNTS<\/strong><\/span><\/td>\n<\/tr>\n<tr style=\"height: 79px;\">\n<td style=\"width: 27.609%; height: 37px; text-align: center;\" width=\"210\"><strong>29 d&#8217;abril de 2026<\/strong><\/td>\n<td style=\"width: 88.1374%; height: 37px; text-align: center;\" width=\"545\"><span style=\"background-color: #ffffff;\"><span style=\"color: #000000;\"><strong>PUBLICACI\u00d3 DE LA LLISTA ORDENADA<\/strong><\/span><\/span><\/td>\n<\/tr>\n<tr style=\"height: 57px;\">\n<td style=\"width: 27.609%; height: 36px; text-align: center;\" width=\"210\"><strong>10 de juny de 2026<\/strong><\/td>\n<td style=\"width: 88.1374%; height: 36px; text-align: center;\" width=\"545\"><span style=\"background-color: #ffffff;\"><span style=\"color: #000000;\"><strong>PUBLICACI\u00d3 DE L&#8217;OFERTA FINAL<\/strong><\/span><\/span><\/td>\n<\/tr>\n<tr style=\"height: 57px;\">\n<td style=\"width: 27.609%; height: 10px; text-align: center;\" width=\"210\"><strong>10 de juny de 2026<\/strong><\/td>\n<td style=\"width: 88.1374%; height: 10px; text-align: center;\" width=\"545\"><span style=\"background-color: #ffffff;\"><strong><span style=\"color: #000000;\">PUBLICACI\u00d3 DE LA LLISTA D&#8217;ADMESOS<\/span> I <span style=\"color: #000000;\">LA LLISTA D&#8217;ESPERA<\/span><\/strong><\/span><\/td>\n<\/tr>\n<tr style=\"height: 57px;\">\n<td style=\"width: 27.609%; height: 63px; text-align: center;\" width=\"210\"><strong>Del 22 al 30 de juny de 2026<\/strong><\/td>\n<td style=\"width: 88.1374%; height: 63px; text-align: center;\" width=\"545\"><b>MATR\u00cdCULA<\/b><\/td>\n<\/tr>\n<tr style=\"height: 57px;\">\n<td style=\"width: 27.609%; text-align: center; height: 57px;\"><\/td>\n<td style=\"width: 88.1374%; text-align: center; height: 57px;\"><\/td>\n<\/tr>\n<\/tbody>\n<\/table>\n<div><\/div>\n<div><\/div>\n<h3><span style=\"color: #ff0000;\"><strong><u>INSTRUCCIONS DE COM FER LA PREINSCRIPCI\u00d3 PEL CURS 2026\/2027<\/u><\/strong><\/span><\/h3>\n<p><strong>POTS FER LA PREINSCRIPCI\u00d3 PER I3 A L\u2019ESCOLA ESTALELLA AMB EL TEU M\u00d2BIL<\/strong><\/p>\n<p><strong>1-<\/strong><u>\u00a0Agafa el m\u00f2bil i fes fotografies de les pagines del\u00a0<strong>llibre de fam\u00edlia<\/strong>\u00a0a on estan escrites les dades del pare, mare i nen\/a i fes fotografia cara i cara del\u00a0<strong>DNI\/NIE\/PASSAPORT<\/strong> del pare\/mare\/tutor\/a.<\/u><\/p>\n<p><a href=\"https:\/\/agora.xtec.cat\/ceipestalella\/wp-content\/uploads\/usu318\/2022\/03\/foto-5.jpg\"><img loading=\"lazy\" decoding=\"async\" class=\"alignnone wp-image-15792\" src=\"https:\/\/agora.xtec.cat\/ceipestalella\/wp-content\/uploads\/usu318\/2022\/03\/foto-5.jpg\" alt=\"\" width=\"506\" height=\"186\" srcset=\"https:\/\/agora.xtec.cat\/ceipestalella\/wp-content\/uploads\/usu318\/2022\/03\/foto-5.jpg 746w, https:\/\/agora.xtec.cat\/ceipestalella\/wp-content\/uploads\/usu318\/2022\/03\/foto-5-300x110.jpg 300w\" sizes=\"auto, (max-width: 506px) 100vw, 506px\" \/><\/a><\/p>\n<p><strong>2-<\/strong><u>\u00a0Entra a:<\/u><\/p>\n<h4>&#8211; <strong>Sol\u00b7licitud Educaci\u00f3 Infantil (3 a 6 anys):<\/strong> <span style=\"background-color: #ff6600;\">\u00a0<a style=\"background-color: #ff6600;\" href=\"https:\/\/preinscripcio.gencat.cat\/ca\/estudis\/infantil-3-6\/inici\/\">https:\/\/preinscripcio.gencat.cat\/ca\/estudis\/infantil-3-6\/inici\/<\/a><\/span><\/h4>\n<h4>&#8211; <strong>Sol\u00b7licitud Educaci\u00f3 Prim\u00e0ria: <\/strong><span style=\"background-color: #ff6600;\"><a style=\"background-color: #ff6600;\" href=\"https:\/\/preinscripcio.gencat.cat\/ca\/estudis\/primaria\/inici\/\">https:\/\/preinscripcio.gencat.cat\/ca\/estudis\/primaria\/inici\/<\/a><\/span><\/h4>\n<p><strong>\u00a0<span style=\"font-size: 18pt;\">3-<\/span><\/strong><span style=\"font-size: 18pt;\">\u00a0<strong>Ves a:<\/strong><\/span><\/p>\n<h4>\u00a0\u00a0\u00a0\u00a0\u00a0\u00a0\u00a0\u00a0\u00a0 2. Presenta la sol\u00b7licitud de preinscripci\u00f3 i fes-ne el seguiment<\/h4>\n<p><span style=\"background-color: #ff6600;\"><a style=\"background-color: #ff6600;\" href=\"https:\/\/preinscripcio.gencat.cat\/ca\/estudis\/primaria\/preinscriute\/sollicitud\/\">Fes la sol\u00b7licitud de preinscripci\u00f3 i presenta-la<\/a><\/span><\/p>\n<p><a href=\"https:\/\/agora.xtec.cat\/ceipestalella\/wp-content\/uploads\/usu318\/2022\/03\/foto-4.jpg\"><img loading=\"lazy\" decoding=\"async\" class=\"alignnone wp-image-15787\" src=\"https:\/\/agora.xtec.cat\/ceipestalella\/wp-content\/uploads\/usu318\/2022\/03\/foto-4.jpg\" alt=\"\" width=\"295\" height=\"61\" srcset=\"https:\/\/agora.xtec.cat\/ceipestalella\/wp-content\/uploads\/usu318\/2022\/03\/foto-4.jpg 449w, https:\/\/agora.xtec.cat\/ceipestalella\/wp-content\/uploads\/usu318\/2022\/03\/foto-4-300x62.jpg 300w\" sizes=\"auto, (max-width: 295px) 100vw, 295px\" \/><\/a><\/p>\n<p><u>SOL\u00b7LICITUD EN SUPORT INFORM\u00c0TIC<\/u>:<\/p>\n<ul>\n<li>Omple el formulari.<\/li>\n<li>El codi de centre de l\u2019Escola Estalella \u00e9s\u00a0<strong>08031320<\/strong>.<\/li>\n<li><strong>Adjunta <\/strong>fotografies del\u00a0<strong>llibre de fam\u00edlia i d<\/strong>el\u00a0<strong>DNI pare\/mare\/tutor\/a\u00a0<\/strong>cara i cara.<\/li>\n<li>Si cal, adjunta altra documentaci\u00f3 a efectes de barems (padr\u00f3 municipal, contracte de treball, fam\u00edlia nombrosa, fam\u00edlia monoparental, bessons, acolliment familiar, discapacitat superior o igual al 33%, etc..)<span style=\"background-color: #ff6600;\"> <a style=\"background-color: #ff6600;\" href=\"https:\/\/preinscripcio.gencat.cat\/ca\/estudis\/infantil-3-6\/informat\/prepara-documentacio\/\">https:\/\/preinscripcio.gencat.cat\/ca\/estudis\/infantil-3-6\/informat\/prepara-documentacio\/<\/a><\/span><\/li>\n<\/ul>\n<p><strong>Si tens dubtes truca a l\u2019escola (93 892 08 13) o entra a\u00a0\u00a0<\/strong><span style=\"background-color: #ff6600;\"><a style=\"background-color: #ff6600;\" href=\"https:\/\/preinscripcio.gencat.cat\/ca\/inici\"><strong>https:\/\/preinscripcio.gencat.cat\/ca\/inici<\/strong><\/a><\/span><\/p>\n<p><a href=\"https:\/\/agora.xtec.cat\/ceipestalella\/wp-content\/uploads\/usu318\/2026\/03\/Oferta-places-Estalella-i-Graells-2026-27.pdf\"><strong style=\"color: #ff6600; font-size: 1.6875em;\">Publicaci\u00f3 de l\u2019oferta inicial de places<\/strong><\/a><\/p>\n<p><a href=\"https:\/\/agora.xtec.cat\/ceipestalella\/wp-content\/uploads\/usu318\/2026\/03\/Oferta-places-Estalella-i-Graells-2026-27.pdf\">https:\/\/agora.xtec.cat\/ceipestalella\/wp-content\/uploads\/usu318\/2026\/03\/Oferta-places-Estalella-i-Graells-2026-27.pdf<\/a><\/p>\n<p><strong>Novetats:<\/strong><\/p>\n<ul>\n<li>Totes les sol\u00b7licituds s\u00f3n en format telem\u00e0tic, per tant, no hi ha la possibilitat de full de preinscripci\u00f3 en paper.<\/li>\n<li>No cal lliurar cap documentaci\u00f3 presencialment al centre educatiu que indiqueu en primera opci\u00f3.<\/li>\n<li>Hi ha dos tipus de sol\u00b7licitud:<\/li>\n<\/ul>\n<p>* Electr\u00f2nica: cal identificaci\u00f3 digital<\/p>\n<p>* Suport inform\u00e0tic: sense identificaci\u00f3 digital<\/p>\n<p><strong>Qu\u00e8 em cal per omplir la sol\u00b7licitud? <\/strong><\/p>\n<p>Hi ha dues opcions:<\/p>\n<ol>\n<li><strong><u> SOL\u00b7LICITUD ELECTR\u00d2NICA:<\/u><\/strong> Mitjan\u00e7ant certificat digital, com DNI electr\u00f2nic, Cl@ve, IdCat, etc. Si no es disposa de cap certificat, us en podeu generar un de forma f\u00e0cil, l\u2019idCat M\u00f2bil, us expliquem com:<\/li>\n<\/ol>\n<p>Cal complir els requisits seg\u00fcents:<\/p>\n<ul>\n<li>Ser major de 16 anys<\/li>\n<li>Disposar de DNI\/NIE\/Passaport\/Doc identificador d\u2019un pa\u00eds de la UE o targeta de resid\u00e8ncia comunit\u00e0ria<\/li>\n<li>Disposar d\u2019adre\u00e7a de correu electr\u00f2nic i un tel\u00e8fon m\u00f2bil a efectes d\u2019identificaci\u00f3 i contacte<\/li>\n<li>Targeta sanit\u00e0ria per la teva identificaci\u00f3<\/li>\n<\/ul>\n<p>Accediu a l\u2019adre\u00e7a<span style=\"color: #0000ff;\"> <strong><a style=\"color: #0000ff;\" href=\"https:\/\/idcatmobil.seu.cat\/\">https:\/\/idcatmobil.seu.cat\/<\/a> <\/strong><\/span>\u00a0i trobareu les instruccions pas a pas de com fer-ho.<\/p>\n<p>Per utilitzar l\u2019idCAT M\u00f2bil nom\u00e9s cal introduir el n\u00famero de document d\u2019identitat i el n\u00famero de tel\u00e8fon m\u00f2bil en el web on calgui identificar-se electr\u00f2nicament per fer un tr\u00e0mit. Tot seguit es rep un missatge al tel\u00e8fon, que cont\u00e9 una clau d\u2019acc\u00e9s per introduir-la en el web. En aquest cas, al tr\u00e0mit de sol\u00b7licitud de preinscripci\u00f3.<\/p>\n<p>Una vegada identificats, caldr\u00e0 entrar el n\u00famero d\u2019identificaci\u00f3 de l\u2019alumne\/a (IDALU) que us proporcionar\u00e0 l\u2019escola on est\u00e0 matriculat per poder recuperar les seves dades personals i acad\u00e8miques, omplir les prefer\u00e8ncies i enviar la sol\u00b7licitud. En la majoria de casos no caldr\u00e0 fer res m\u00e9s ni adjuntar cap tipus de documentaci\u00f3, donat que s\u2019haur\u00e0 fet l\u2019intercanvi de validaci\u00f3 de les vostres dades amb totes les administracions implicades.<\/p>\n<ol start=\"2\">\n<li><strong><u> SOL\u00b7LICITUD EN SUPORT INFORM\u00c0TIC:<\/u><\/strong> Caldr\u00e0 identificar l\u2019alumne\/a amb el seu n\u00fam. d\u2019Identificaci\u00f3 d\u2019alumne i omplir el formulari, a l\u2019enviar-ho es far\u00e0 l\u2019intercanvi de dades amb les administracions implicades i adjuntar escanejada o fotografiada la documentaci\u00f3 d\u2019identificaci\u00f3 i filiaci\u00f3 (DNI, llibre de fam\u00edlia, etc), juntament amb la que al\u00b7legueu a efectes de barems i que no s\u2019hagi pogut validar.<\/li>\n<\/ol>\n<p><strong>Puc presentar dues sol\u00b7licituds a dos centres diferents per uns mateixos estudis?<\/strong> No, en cap cas. S\u2019ha de presentar una sola sol\u00b7licitud i indicar-hi per ordre de prefer\u00e8ncia els diferents centres als que us interessa inscriure la vostra filla o fill.<\/p>\n<p><strong>Si tinc dubtes omplint la sol\u00b7licitud on em puc adre\u00e7ar?<\/strong> Podeu posar-vos en contacte telef\u00f2nic amb el centre que escolliu inscriure el vostre fill o filla en primera opci\u00f3, en horari d\u2019oficina, i us ajudaran a complimentar el proc\u00e9s.<\/p>\n<p><strong>Com puc saber els criteris pels barems i la seva puntuaci\u00f3?<\/strong> Trobareu tota la informaci\u00f3 sobre criteris, calendari i la resta d\u2019informaci\u00f3 respecte el proc\u00e9s de preinscripci\u00f3 a la p\u00e0gina web<\/p>\n<p><span style=\"color: #0000ff; background-color: #ff6600;\"><strong><a style=\"color: #0000ff; background-color: #ff6600;\" href=\"https:\/\/preinscripcio.gencat.cat\/ca\/inici\">https:\/\/preinscripcio.gencat.cat\/ca\/inici<\/a><\/strong><\/span><\/p>\n<p>CONSIDERACIONS:<\/p>\n<ul>\n<li><u>Centre adscrit:<\/u> Ve d\u2019un centre adscrit tot aquell alumnat de les seg\u00fcents escoles:<\/li>\n<\/ul>\n<p><span style=\"color: #ff0000;\"> \u00a0 o Indicar els centres<\/span><\/p>\n<ul>\n<li><u>Domicili familiar o del lloc de treball:<\/u><\/li>\n<\/ul>\n<p><span style=\"color: #ff0000;\">\u00a0 o Indicar les diferents opcions<\/span><\/p>\n<ul>\n<li><u>Nova incorporaci\u00f3 al sistema educatiu:<\/u> nom\u00e9s afecta a alumnat provinent de fora de Catalunya o que hi porta menys de 2 anys.<\/li>\n<\/ul>\n<p><strong>INFORMACIONS I\/O RECOMANACIONS: <\/strong><\/p>\n<ul>\n<li>Tenir fotografiada o escanejada la documentaci\u00f3 en el mateix dispositiu des d\u2019on es fa la sol\u00b7licitud.<\/li>\n<li>El codi de centre de la nostra escola \u00e9s 08031320 el necessitareu per indicar a quin centre voleu preinscriure-us.<\/li>\n<li>El N\u00fam. d\u2019Identificaci\u00f3 de l\u2019alumne (IDALU) per poder lligar la sol\u00b7licitud al seu expedient acad\u00e8mic i personal, el podreu trobar als informes trimestrals i finals dels vostres fills i filles que us dona l\u2019escola.<\/li>\n<li>Cenyiu-vos al calendari establert, lliurar la sol\u00b7licitud o la documentaci\u00f3 fora de termini us fa perdre tots els drets d\u2019adscripci\u00f3 amb el risc que aix\u00f2 comporta de quedar-se sense pla\u00e7a al centre.<\/li>\n<\/ul>\n<h5 style=\"text-align: center;\"><span style=\"color: #ff6600;\"><strong>Fem un tomb per l&#8217;escola.<\/strong><\/span><\/h5>\n<p style=\"text-align: center;\"><iframe loading=\"lazy\" src=\"https:\/\/www.youtube.com\/embed\/r7Dm5ReiR0w\" width=\"560\" height=\"315\" frameborder=\"0\"><\/iframe><\/p>\n<h5 class=\"rtejustify\" style=\"text-align: center;\"><span style=\"color: #ff6600;\">Cliqueu a la imatge per a con\u00e8ixer l&#8217;Escola Estalella.\u00a0<\/span><\/h5>\n<p><a href=\"https:\/\/agora.xtec.cat\/ceipestalella\/general\/passejada-per-p3\/\"><img loading=\"lazy\" decoding=\"async\" class=\"alignnone size-full wp-image-11934 aligncenter\" src=\"https:\/\/agora.xtec.cat\/ceipestalella\/wp-content\/uploads\/usu318\/2020\/05\/joc-simbweb-22-300x274.jpg\" alt=\"\" width=\"300\" height=\"274\" \/><\/a><\/p>\n<div style=\"text-align: center;\">\n<div style=\"margin: 8px 0px 4px;\">\n<h5 class=\"rtejustify\" style=\"text-align: center;\"><span style=\"color: #ff6600;\">Cliqueu a la imatge per veure la presentaci\u00f3 de l&#8217;Escola Estalella.\u00a0<\/span><\/h5>\n<\/div>\n<\/div>\n<div style=\"text-align: center;\">\n<div style=\"margin: 8px 0px 4px;\">Portes Obertes 2026<\/div>\n<\/div>\n<div style=\"text-align: center;\">\n<div style=\"margin: 4px 0px 8px;\"><\/div>\n<\/div>\n<h3>INFORMACIONS DIVERSES<\/h3>\n<p><b>Informaci\u00f3 referent a la preinscripci\u00f3 publicat per l\u2019Ajuntament de Vilafranca i pel Departament:<\/b><\/p>\n<ul>\n<li><span style=\"background-color: #ff6600;\"><b><a style=\"background-color: #ff6600;\" href=\"https:\/\/educacio.vilafranca.cat\/escolaritzacio\/preinscripcio-i-matricula\">Informaci\u00f3 sobre la preinscripci\u00f3 i matr\u00edcula al web de l\u2019Ajuntament de Vilafranca<\/a><\/b><\/span><\/li>\n<li><span style=\"background-color: #ff6600;\"><b><a style=\"background-color: #ff6600;\" href=\"http:\/\/queestudiar.gencat.cat\/ca\/preinscripcio\/estudis\/obligatoris\/\">Informaci\u00f3 sobre la preinscripci\u00f3 i matr\u00edcula al web del Departament d\u2019Educaci\u00f3\u00a0<\/a><\/b><\/span><\/li>\n<\/ul>\n<p><b>Articles de reflexi\u00f3 a l\u2019hora d\u2019escollir Escola:<\/b><\/p>\n<h5><a href=\"https:\/\/www.fbofill.cat\/publicacions\/8-orientacions-triar-escola\"><b>Fundaci\u00f3 Jaume Bofill.<\/b> <span style=\"font-weight: 400;\">8 orientacions per triar escola\u00a0<\/span><\/a><\/h5>\n<h5><a href=\"https:\/\/www.ara.cat\/especials\/Triar-escola-que-cal_0_875312473.html\"><b>Diari Ara.<\/b> <span style=\"font-weight: 400;\">Triar escola: qu\u00e8 cal saber?\u00a0\u00a0<\/span><\/a><\/h5>\n<h5><\/h5>\n<h5 style=\"text-align: center;\"><strong>Per qualsevol dubte podeu contactar amb nosaltres a trav\u00e9s d\u2019aquest correu: <\/strong>informacio@estalella.cat<\/h5>\n<h5 style=\"text-align: center;\"><\/h5>\n","protected":false},"excerpt":{"rendered":"<p>CALENDARI FASES PREINCRIPCI\u00d3 \/ MATRICULA CURS 2026\/2027 DATA FASES 23 de febrer de 2026 JORNADA PORTES OBERTES A L&#8217;ESTALELLA 3 [&hellip;]<\/p>\n","protected":false},"author":1,"featured_media":0,"parent":0,"menu_order":0,"comment_status":"closed","ping_status":"closed","template":"","meta":{"_bbp_topic_count":0,"_bbp_reply_count":0,"_bbp_total_topic_count":0,"_bbp_total_reply_count":0,"_bbp_voice_count":0,"_bbp_anonymous_reply_count":0,"_bbp_topic_count_hidden":0,"_bbp_reply_count_hidden":0,"_bbp_forum_subforum_count":0,"site-sidebar-layout":"default","site-content-layout":"","ast-site-content-layout":"default","site-content-style":"default","site-sidebar-style":"default","ast-global-header-display":"","ast-banner-title-visibility":"","ast-main-header-display":"","ast-hfb-above-header-display":"","ast-hfb-below-header-display":"","ast-hfb-mobile-header-display":"","site-post-title":"","ast-breadcrumbs-content":"","ast-featured-img":"","footer-sml-layout":"","theme-transparent-header-meta":"","adv-header-id-meta":"","stick-header-meta":"","header-above-stick-meta":"","header-main-stick-meta":"","header-below-stick-meta":"","astra-migrate-meta-layouts":"set","ast-page-background-enabled":"default","ast-page-background-meta":{"desktop":{"background-color":"var(--ast-global-color-4)","background-image":"","background-repeat":"repeat","background-position":"center center","background-size":"auto","background-attachment":"scroll","background-type":"","background-media":"","overlay-type":"","overlay-color":"","overlay-opacity":"","overlay-gradient":""},"tablet":{"background-color":"","background-image":"","background-repeat":"repeat","background-position":"center center","background-size":"auto","background-attachment":"scroll","background-type":"","background-media":"","overlay-type":"","overlay-color":"","overlay-opacity":"","overlay-gradient":""},"mobile":{"background-color":"","background-image":"","background-repeat":"repeat","background-position":"center center","background-size":"auto","background-attachment":"scroll","background-type":"","background-media":"","overlay-type":"","overlay-color":"","overlay-opacity":"","overlay-gradient":""}},"ast-content-background-meta":{"desktop":{"background-color":"var(--ast-global-color-5)","background-image":"","background-repeat":"repeat","background-position":"center center","background-size":"auto","background-attachment":"scroll","background-type":"","background-media":"","overlay-type":"","overlay-color":"","overlay-opacity":"","overlay-gradient":""},"tablet":{"background-color":"var(--ast-global-color-5)","background-image":"","background-repeat":"repeat","background-position":"center center","background-size":"auto","background-attachment":"scroll","background-type":"","background-media":"","overlay-type":"","overlay-color":"","overlay-opacity":"","overlay-gradient":""},"mobile":{"background-color":"var(--ast-global-color-5)","background-image":"","background-repeat":"repeat","background-position":"center center","background-size":"auto","background-attachment":"scroll","background-type":"","background-media":"","overlay-type":"","overlay-color":"","overlay-opacity":"","overlay-gradient":""}},"footnotes":""},"class_list":["post-11801","page","type-page","status-publish","hentry"],"post_mailing_queue_ids":[],"_links":{"self":[{"href":"https:\/\/agora.xtec.cat\/ceipestalella\/wp-json\/wp\/v2\/pages\/11801","targetHints":{"allow":["GET"]}}],"collection":[{"href":"https:\/\/agora.xtec.cat\/ceipestalella\/wp-json\/wp\/v2\/pages"}],"about":[{"href":"https:\/\/agora.xtec.cat\/ceipestalella\/wp-json\/wp\/v2\/types\/page"}],"author":[{"embeddable":true,"href":"https:\/\/agora.xtec.cat\/ceipestalella\/wp-json\/wp\/v2\/users\/1"}],"replies":[{"embeddable":true,"href":"https:\/\/agora.xtec.cat\/ceipestalella\/wp-json\/wp\/v2\/comments?post=11801"}],"version-history":[{"count":6,"href":"https:\/\/agora.xtec.cat\/ceipestalella\/wp-json\/wp\/v2\/pages\/11801\/revisions"}],"predecessor-version":[{"id":20851,"href":"https:\/\/agora.xtec.cat\/ceipestalella\/wp-json\/wp\/v2\/pages\/11801\/revisions\/20851"}],"wp:attachment":[{"href":"https:\/\/agora.xtec.cat\/ceipestalella\/wp-json\/wp\/v2\/media?parent=11801"}],"curies":[{"name":"wp","href":"https:\/\/api.w.org\/{rel}","templated":true}]}}