{"id":11034,"date":"2020-04-01T22:49:13","date_gmt":"2020-04-01T20:49:13","guid":{"rendered":"https:\/\/agora.xtec.cat\/ceipestalella\/?page_id=11034"},"modified":"2022-11-21T16:08:32","modified_gmt":"2022-11-21T15:08:32","slug":"la-placa-de-lametller","status":"publish","type":"page","link":"https:\/\/agora.xtec.cat\/ceipestalella\/la-placa-de-lametller\/","title":{"rendered":"La Pla\u00e7a de l&#8217;Ametller"},"content":{"rendered":"<p><img loading=\"lazy\" decoding=\"async\" class=\"alignnone wp-image-11227\" src=\"https:\/\/agora.xtec.cat\/ceipestalella\/wp-content\/uploads\/usu318\/2020\/04\/joc-simb-web-23-1024x593.jpg\" alt=\"\" width=\"345\" height=\"200\" srcset=\"https:\/\/agora.xtec.cat\/ceipestalella\/wp-content\/uploads\/usu318\/2020\/04\/joc-simb-web-23.jpg 1024w, https:\/\/agora.xtec.cat\/ceipestalella\/wp-content\/uploads\/usu318\/2020\/04\/joc-simb-web-23-300x174.jpg 300w, https:\/\/agora.xtec.cat\/ceipestalella\/wp-content\/uploads\/usu318\/2020\/04\/joc-simb-web-23-768x445.jpg 768w\" sizes=\"auto, (max-width: 345px) 100vw, 345px\" \/> \u00a0<img loading=\"lazy\" decoding=\"async\" class=\"alignnone wp-image-11230\" src=\"https:\/\/agora.xtec.cat\/ceipestalella\/wp-content\/uploads\/usu318\/2020\/04\/joc-simbweb-22.jpg\" alt=\"\" width=\"219\" height=\"200\" srcset=\"https:\/\/agora.xtec.cat\/ceipestalella\/wp-content\/uploads\/usu318\/2020\/04\/joc-simbweb-22.jpg 841w, https:\/\/agora.xtec.cat\/ceipestalella\/wp-content\/uploads\/usu318\/2020\/04\/joc-simbweb-22-300x274.jpg 300w, https:\/\/agora.xtec.cat\/ceipestalella\/wp-content\/uploads\/usu318\/2020\/04\/joc-simbweb-22-768x701.jpg 768w\" sizes=\"auto, (max-width: 219px) 100vw, 219px\" \/> <img loading=\"lazy\" decoding=\"async\" class=\"alignnone wp-image-11228\" src=\"https:\/\/agora.xtec.cat\/ceipestalella\/wp-content\/uploads\/usu318\/2020\/04\/joc-simb-web-6.jpg\" alt=\"\" width=\"158\" height=\"200\" srcset=\"https:\/\/agora.xtec.cat\/ceipestalella\/wp-content\/uploads\/usu318\/2020\/04\/joc-simb-web-6.jpg 768w, https:\/\/agora.xtec.cat\/ceipestalella\/wp-content\/uploads\/usu318\/2020\/04\/joc-simb-web-6-236x300.jpg 236w\" sizes=\"auto, (max-width: 158px) 100vw, 158px\" \/><\/p>\n<p>La<span style=\"font-family: inherit; font-size: 1em;\"> Pla\u00e7a de l&#8217;Ametller \u00e9s una aula de l&#8217;escola habilitada per al joc simb\u00f2lic. Hi ha 8 casetes per jugar: una escola, un taller mec\u00e0nic, una botiga, una casa, una consulta m\u00e8dica, un restaurant, una perruqueria i un rac\u00f3 de les disfr<\/span><span style=\"font-family: inherit; font-size: 1em;\">esses. Totes les cases estan disposades al voltant d&#8217;una aula com si el centre fos una pla\u00e7a.<\/span><\/p>\n<p><img loading=\"lazy\" decoding=\"async\" class=\"alignnone wp-image-11232\" src=\"https:\/\/agora.xtec.cat\/ceipestalella\/wp-content\/uploads\/usu318\/2020\/04\/joc-simb-web-20-1024x678.jpg\" alt=\"\" width=\"302\" height=\"200\" srcset=\"https:\/\/agora.xtec.cat\/ceipestalella\/wp-content\/uploads\/usu318\/2020\/04\/joc-simb-web-20.jpg 1024w, https:\/\/agora.xtec.cat\/ceipestalella\/wp-content\/uploads\/usu318\/2020\/04\/joc-simb-web-20-300x199.jpg 300w, https:\/\/agora.xtec.cat\/ceipestalella\/wp-content\/uploads\/usu318\/2020\/04\/joc-simb-web-20-768x509.jpg 768w\" sizes=\"auto, (max-width: 302px) 100vw, 302px\" \/> <img loading=\"lazy\" decoding=\"async\" class=\"alignnone wp-image-11231\" style=\"font-family: inherit; font-size: 1em;\" src=\"https:\/\/agora.xtec.cat\/ceipestalella\/wp-content\/uploads\/usu318\/2020\/04\/joc-simb-web-18-1024x519.jpg\" alt=\"\" width=\"395\" height=\"200\" srcset=\"https:\/\/agora.xtec.cat\/ceipestalella\/wp-content\/uploads\/usu318\/2020\/04\/joc-simb-web-18.jpg 1024w, https:\/\/agora.xtec.cat\/ceipestalella\/wp-content\/uploads\/usu318\/2020\/04\/joc-simb-web-18-300x152.jpg 300w, https:\/\/agora.xtec.cat\/ceipestalella\/wp-content\/uploads\/usu318\/2020\/04\/joc-simb-web-18-768x389.jpg 768w\" sizes=\"auto, (max-width: 395px) 100vw, 395px\" \/><\/p>\n<p>\u00c9s un espai per fer joc simb\u00f2lic i a l&#8217;hora practicar vocabulari i estructures ling\u00fc\u00edstiques. Aquesta idea es va posar en pr\u00e0ctica ja fa molts anys gr\u00e0cies a la col\u00b7laboraci\u00f3 de les fam\u00edlies i les\/els mestres que van participar en el disseny, dibuix i pintura de cada una de les cases que composen la Pla\u00e7a de l&#8217;Ametller.<\/p>\n<p>En aquest espai, les nenes i els nens co<span style=\"font-family: inherit; font-size: 1em;\">mparteixen jocs i estableixen relacions amb el seus companys i companyes tot adoptant rols de personatges de la vida quotidiana convertint-se en els protagonistes de l&#8217;acci\u00f3 i representant diferents papers (pare, mare, fill, botiguera, mestra, metgessa&#8230;) que poden relacionar amb situacions de la vida quotidiana. Despr\u00e9s, aquests papers els poden transferir a fora de l&#8217;escola (quan van al metge perqu\u00e8 no es troben b\u00e9, quan es van a tallar els cabells en una perruqueria&#8230;). Mentre juguen verbalitzen les seves accions establint aix\u00ed conversa i di\u00e0leg amb els companys.<\/span><\/p>\n<p><img loading=\"lazy\" decoding=\"async\" class=\"alignnone wp-image-11229\" src=\"https:\/\/agora.xtec.cat\/ceipestalella\/wp-content\/uploads\/usu318\/2020\/04\/joc-simb-web-7-1024x564.jpg\" alt=\"\" width=\"356\" height=\"196\" srcset=\"https:\/\/agora.xtec.cat\/ceipestalella\/wp-content\/uploads\/usu318\/2020\/04\/joc-simb-web-7.jpg 1024w, https:\/\/agora.xtec.cat\/ceipestalella\/wp-content\/uploads\/usu318\/2020\/04\/joc-simb-web-7-300x165.jpg 300w, https:\/\/agora.xtec.cat\/ceipestalella\/wp-content\/uploads\/usu318\/2020\/04\/joc-simb-web-7-768x423.jpg 768w\" sizes=\"auto, (max-width: 356px) 100vw, 356px\" \/> <img loading=\"lazy\" decoding=\"async\" class=\"alignnone wp-image-11236\" src=\"https:\/\/agora.xtec.cat\/ceipestalella\/wp-content\/uploads\/usu318\/2020\/04\/joc-sim-2-web-1024x603.jpg\" alt=\"\" width=\"340\" height=\"200\" srcset=\"https:\/\/agora.xtec.cat\/ceipestalella\/wp-content\/uploads\/usu318\/2020\/04\/joc-sim-2-web.jpg 1024w, https:\/\/agora.xtec.cat\/ceipestalella\/wp-content\/uploads\/usu318\/2020\/04\/joc-sim-2-web-300x177.jpg 300w, https:\/\/agora.xtec.cat\/ceipestalella\/wp-content\/uploads\/usu318\/2020\/04\/joc-sim-2-web-768x452.jpg 768w\" sizes=\"auto, (max-width: 340px) 100vw, 340px\" \/><\/p>\n<p>El joc simb\u00f2lic \u00e9s un mitj\u00e0 d&#8217;aprenentatge <span style=\"font-family: inherit; font-size: 1em;\">important que ajuda les nenes i els nens tant a con\u00e8ixer-se a si mateixos com al m\u00f3n que els envolta.<\/span><\/p>\n<p><img loading=\"lazy\" decoding=\"async\" class=\"alignnone wp-image-11237\" src=\"https:\/\/agora.xtec.cat\/ceipestalella\/wp-content\/uploads\/usu318\/2020\/04\/joc-simb-4-web.jpg\" alt=\"\" width=\"255\" height=\"200\" srcset=\"https:\/\/agora.xtec.cat\/ceipestalella\/wp-content\/uploads\/usu318\/2020\/04\/joc-simb-4-web.jpg 976w, https:\/\/agora.xtec.cat\/ceipestalella\/wp-content\/uploads\/usu318\/2020\/04\/joc-simb-4-web-300x236.jpg 300w, https:\/\/agora.xtec.cat\/ceipestalella\/wp-content\/uploads\/usu318\/2020\/04\/joc-simb-4-web-768x604.jpg 768w\" sizes=\"auto, (max-width: 255px) 100vw, 255px\" \/> <img loading=\"lazy\" decoding=\"async\" class=\"alignnone wp-image-11240\" src=\"https:\/\/agora.xtec.cat\/ceipestalella\/wp-content\/uploads\/usu318\/2020\/04\/joc-simb-web-8-540x1024.jpg\" alt=\"\" width=\"105\" height=\"199\" srcset=\"https:\/\/agora.xtec.cat\/ceipestalella\/wp-content\/uploads\/usu318\/2020\/04\/joc-simb-web-8.jpg 540w, https:\/\/agora.xtec.cat\/ceipestalella\/wp-content\/uploads\/usu318\/2020\/04\/joc-simb-web-8-158x300.jpg 158w\" sizes=\"auto, (max-width: 105px) 100vw, 105px\" \/> <img loading=\"lazy\" decoding=\"async\" class=\"alignnone wp-image-11241\" src=\"https:\/\/agora.xtec.cat\/ceipestalella\/wp-content\/uploads\/usu318\/2020\/04\/joc-simb-web-19-1024x750.jpg\" alt=\"\" width=\"272\" height=\"200\" srcset=\"https:\/\/agora.xtec.cat\/ceipestalella\/wp-content\/uploads\/usu318\/2020\/04\/joc-simb-web-19.jpg 1024w, https:\/\/agora.xtec.cat\/ceipestalella\/wp-content\/uploads\/usu318\/2020\/04\/joc-simb-web-19-300x220.jpg 300w, https:\/\/agora.xtec.cat\/ceipestalella\/wp-content\/uploads\/usu318\/2020\/04\/joc-simb-web-19-768x563.jpg 768w\" sizes=\"auto, (max-width: 272px) 100vw, 272px\" \/><\/p>\n<p>La Pla\u00e7a de l&#8217;Ametller compta amb material molt divers i espec\u00edfic de cadascun dels espais.<\/p>\n<p>Els alumnes d&#8217;Educaci\u00f3 Infantil hi van setmanalment en petit grup en sessions de mitja hora o tres quarts d&#8217;hora.<\/p>\n","protected":false},"excerpt":{"rendered":"<p>\u00a0 La Pla\u00e7a de l&#8217;Ametller \u00e9s una aula de l&#8217;escola habilitada per al joc simb\u00f2lic. Hi ha 8 casetes per [&hellip;]<\/p>\n","protected":false},"author":35,"featured_media":0,"parent":0,"menu_order":0,"comment_status":"closed","ping_status":"closed","template":"","meta":{"_bbp_topic_count":0,"_bbp_reply_count":0,"_bbp_total_topic_count":0,"_bbp_total_reply_count":0,"_bbp_voice_count":0,"_bbp_anonymous_reply_count":0,"_bbp_topic_count_hidden":0,"_bbp_reply_count_hidden":0,"_bbp_forum_subforum_count":0,"site-sidebar-layout":"default","site-content-layout":"","ast-site-content-layout":"","site-content-style":"default","site-sidebar-style":"default","ast-global-header-display":"","ast-banner-title-visibility":"","ast-main-header-display":"","ast-hfb-above-header-display":"","ast-hfb-below-header-display":"","ast-hfb-mobile-header-display":"","site-post-title":"","ast-breadcrumbs-content":"","ast-featured-img":"","footer-sml-layout":"","theme-transparent-header-meta":"","adv-header-id-meta":"","stick-header-meta":"","header-above-stick-meta":"","header-main-stick-meta":"","header-below-stick-meta":"","astra-migrate-meta-layouts":"default","ast-page-background-enabled":"default","ast-page-background-meta":{"desktop":{"background-color":"var(--ast-global-color-4)","background-image":"","background-repeat":"repeat","background-position":"center center","background-size":"auto","background-attachment":"scroll","background-type":"","background-media":"","overlay-type":"","overlay-color":"","overlay-opacity":"","overlay-gradient":""},"tablet":{"background-color":"","background-image":"","background-repeat":"repeat","background-position":"center center","background-size":"auto","background-attachment":"scroll","background-type":"","background-media":"","overlay-type":"","overlay-color":"","overlay-opacity":"","overlay-gradient":""},"mobile":{"background-color":"","background-image":"","background-repeat":"repeat","background-position":"center center","background-size":"auto","background-attachment":"scroll","background-type":"","background-media":"","overlay-type":"","overlay-color":"","overlay-opacity":"","overlay-gradient":""}},"ast-content-background-meta":{"desktop":{"background-color":"var(--ast-global-color-5)","background-image":"","background-repeat":"repeat","background-position":"center center","background-size":"auto","background-attachment":"scroll","background-type":"","background-media":"","overlay-type":"","overlay-color":"","overlay-opacity":"","overlay-gradient":""},"tablet":{"background-color":"var(--ast-global-color-5)","background-image":"","background-repeat":"repeat","background-position":"center center","background-size":"auto","background-attachment":"scroll","background-type":"","background-media":"","overlay-type":"","overlay-color":"","overlay-opacity":"","overlay-gradient":""},"mobile":{"background-color":"var(--ast-global-color-5)","background-image":"","background-repeat":"repeat","background-position":"center center","background-size":"auto","background-attachment":"scroll","background-type":"","background-media":"","overlay-type":"","overlay-color":"","overlay-opacity":"","overlay-gradient":""}},"footnotes":""},"class_list":["post-11034","page","type-page","status-publish","hentry"],"post_mailing_queue_ids":[],"_links":{"self":[{"href":"https:\/\/agora.xtec.cat\/ceipestalella\/wp-json\/wp\/v2\/pages\/11034","targetHints":{"allow":["GET"]}}],"collection":[{"href":"https:\/\/agora.xtec.cat\/ceipestalella\/wp-json\/wp\/v2\/pages"}],"about":[{"href":"https:\/\/agora.xtec.cat\/ceipestalella\/wp-json\/wp\/v2\/types\/page"}],"author":[{"embeddable":true,"href":"https:\/\/agora.xtec.cat\/ceipestalella\/wp-json\/wp\/v2\/users\/35"}],"replies":[{"embeddable":true,"href":"https:\/\/agora.xtec.cat\/ceipestalella\/wp-json\/wp\/v2\/comments?post=11034"}],"version-history":[{"count":3,"href":"https:\/\/agora.xtec.cat\/ceipestalella\/wp-json\/wp\/v2\/pages\/11034\/revisions"}],"predecessor-version":[{"id":16659,"href":"https:\/\/agora.xtec.cat\/ceipestalella\/wp-json\/wp\/v2\/pages\/11034\/revisions\/16659"}],"wp:attachment":[{"href":"https:\/\/agora.xtec.cat\/ceipestalella\/wp-json\/wp\/v2\/media?parent=11034"}],"curies":[{"name":"wp","href":"https:\/\/api.w.org\/{rel}","templated":true}]}}