{"id":3410,"date":"2020-11-03T13:14:43","date_gmt":"2020-11-03T12:14:43","guid":{"rendered":"http:\/\/agora.xtec.cat\/ceipestacio\/?page_id=3410"},"modified":"2021-02-02T13:20:26","modified_gmt":"2021-02-02T12:20:26","slug":"activitats-anul%c2%b7lades-per-la-pandemia","status":"publish","type":"page","link":"https:\/\/agora.xtec.cat\/ceipestacio\/activitats-anul%c2%b7lades-per-la-pandemia\/","title":{"rendered":"ACTIVITATS NADAL CURS 20-21"},"content":{"rendered":"<p><img loading=\"lazy\" decoding=\"async\" class=\" wp-image-3523 aligncenter\" src=\"https:\/\/agora.xtec.cat\/ceipestacio\/wp-content\/uploads\/usu1918\/2020\/12\/LEscola-Estaci\u00f3-Us-desitja-molt-bones-festes-1-300x144.png\" alt=\"\" width=\"392\" height=\"188\" srcset=\"https:\/\/agora.xtec.cat\/ceipestacio\/wp-content\/uploads\/usu1918\/2020\/12\/LEscola-Estaci\u00f3-Us-desitja-molt-bones-festes-1-300x144.png 300w, https:\/\/agora.xtec.cat\/ceipestacio\/wp-content\/uploads\/usu1918\/2020\/12\/LEscola-Estaci\u00f3-Us-desitja-molt-bones-festes-1-768x370.png 768w, https:\/\/agora.xtec.cat\/ceipestacio\/wp-content\/uploads\/usu1918\/2020\/12\/LEscola-Estaci\u00f3-Us-desitja-molt-bones-festes-1-1024x493.png 1024w, https:\/\/agora.xtec.cat\/ceipestacio\/wp-content\/uploads\/usu1918\/2020\/12\/LEscola-Estaci\u00f3-Us-desitja-molt-bones-festes-1.png 1350w\" sizes=\"auto, (max-width: 392px) 100vw, 392px\" \/><\/p>\n<p style=\"text-align: center;\">\u00a0<iframe loading=\"lazy\" src=\"https:\/\/drive.google.com\/file\/d\/1MA7Bs6_I7Tc4Pf0wfpSfp2wMOKY4bvGd\/preview\" width=\"640\" height=\"480\"><\/iframe><\/p>\n<p style=\"text-align: center;\">Aqu\u00ed teniu les can\u00e7ons i poemes dels nens i nenes de l&#8217;escola. Esperem que us agradi.<\/p>\n<table class=\" aligncenter\" style=\"height: 261px; width: 432px;\" width=\"457\">\n<tbody>\n<tr style=\"height: 31px;\">\n<td style=\"width: 130px; height: 14px;\"><a href=\"https:\/\/drive.google.com\/file\/d\/1JCkRUWmW0mh-yJdlAohpoZ_PbAnlkKFi\/view?usp=sharing\"><strong>P3 (can\u00e7\u00f3)<\/strong><\/a><\/td>\n<td style=\"width: 97px; height: 14px;\"><a href=\"https:\/\/drive.google.com\/file\/d\/1qUr60Rjvu5-R7uOjXwI0MSMo9V11oz_S\/view?usp=sharing\"><strong>P3 (poema)<\/strong><\/a><\/td>\n<td style=\"width: 102px; height: 14px;\"><a href=\"https:\/\/drive.google.com\/file\/d\/1qxl3_EdTt2JVlXrAxhOlhGMVYJ1LkBMV\/view?usp=sharing\"><strong>P4A(poema)<\/strong><\/a><\/td>\n<td style=\"width: 97px; height: 14px;\"><a href=\"https:\/\/drive.google.com\/file\/d\/1qxnPDX9OCickt9MJkTrqsiS23FSJMBUP\/view?usp=sharing\"><strong>P4A(can\u00e7\u00f3)<\/strong><\/a><\/td>\n<\/tr>\n<tr style=\"height: 31px;\">\n<td style=\"width: 130px; height: 31px;\"><strong><a href=\"https:\/\/drive.google.com\/file\/d\/1qdols1miVaosN4q0UCFAa57gc5Uhv3QQ\/view?usp=sharing\">P4B(poema<\/a>)<\/strong><\/td>\n<td style=\"width: 97px; height: 31px;\"><a href=\"https:\/\/drive.google.com\/file\/d\/1qlIW8opGTvWOIbPTa1iCw1yrHXQJBHBQ\/view?usp=sharing\"><strong>P4B(can\u00e7\u00f3)<\/strong><\/a><\/td>\n<td style=\"width: 102px; text-align: center; height: 31px;\"><a href=\"https:\/\/drive.google.com\/file\/d\/115dxqLHj8T2Zu6hn0c1nDLmC9_kw59A5\/view?usp=sharing\"><strong>P5A<\/strong><\/a><\/td>\n<td style=\"width: 97px; text-align: center; height: 31px;\"><a href=\"https:\/\/drive.google.com\/file\/d\/1rk2D3k1TK0E_h_aYO_4g_f1jOeBh3UqI\/view?usp=sharing\"><strong>P5B<\/strong><\/a><\/td>\n<\/tr>\n<tr style=\"height: 31px;\">\n<td style=\"width: 130px; text-align: center; height: 31px;\"><a href=\"https:\/\/drive.google.com\/file\/d\/1h-8nRofESNIucanfnrvC6cHI6jC_jOCK\/view?usp=sharing\"><strong>1r.A<\/strong><\/a><\/td>\n<td style=\"width: 97px; text-align: center; height: 31px;\"><a href=\"https:\/\/photos.app.goo.gl\/SHzHT3VCeVd46VR99\"><strong>1r.B<\/strong><\/a><\/td>\n<td style=\"width: 102px; text-align: center; height: 31px;\"><a href=\"https:\/\/drive.google.com\/file\/d\/135jk_U-WmWN7Nc3c8K5reVMqdXLS-UaW\/view?usp=sharing\"><strong>1r.C<\/strong><\/a><\/td>\n<td style=\"width: 97px; text-align: center; height: 31px;\"><a href=\"https:\/\/drive.google.com\/file\/d\/1RsogCQYqQMZIROG4lycWoZ3s6lA8_uEk\/view?usp=sharing\"><strong>2n.A<\/strong><\/a><\/td>\n<\/tr>\n<tr style=\"height: 31px;\">\n<td style=\"width: 130px; text-align: center; height: 31px;\"><a href=\"https:\/\/drive.google.com\/file\/d\/1VrMlrojgt1jRNlw16UqTd7dbqpGgchw5\/view?usp=sharing\"><strong>2n.B<\/strong><\/a><\/td>\n<td style=\"width: 97px; text-align: center; height: 31px;\"><a href=\"https:\/\/drive.google.com\/file\/d\/1xCWDewYMKSyjiDSwgZShiDZAENKYsgW2\/view?usp=sharing\"><strong>2n.C<\/strong><\/a><\/td>\n<td style=\"width: 102px; text-align: center; height: 31px;\"><a href=\"https:\/\/youtu.be\/Ny6w9NJfD0c\"><strong>3r A (can\u00e7\u00f3)<\/strong><\/a><\/td>\n<td style=\"width: 97px; text-align: center; height: 31px;\"><a href=\"https:\/\/youtu.be\/wFkFoKScJdA\"><strong>3r B (poema)<\/strong><\/a><\/td>\n<\/tr>\n<tr style=\"height: 31px;\">\n<td style=\"width: 130px; text-align: center; height: 31px;\"><a href=\"https:\/\/drive.google.com\/file\/d\/1_3Xq1ABQ6I8aSSozZHxC1Ui-znITNr3y\/view?usp=sharing\"><strong>3r.C<\/strong><\/a><\/td>\n<td style=\"width: 97px; text-align: center; height: 31px;\"><a href=\"https:\/\/drive.google.com\/file\/d\/11N-IYL1R2DR6vbHqyPdK1F34jhvplGwU\/view?usp=sharing\"><strong>4t.A<\/strong><\/a><\/td>\n<td style=\"width: 102px; text-align: center; height: 31px;\"><a href=\"https:\/\/drive.google.com\/file\/d\/1XCO2xIXH2HBwS5Ti0bSpByJQqiXgS5yh\/view?usp=sharing\"><strong>4t B<\/strong><\/a><\/td>\n<td style=\"width: 97px; text-align: center; height: 31px;\"><a href=\"https:\/\/drive.google.com\/file\/d\/1aIRXBIyRMwLDEzsNlThvn2UwiSb6IQUP\/view?usp=sharing\"><strong>4t C<\/strong><\/a><\/td>\n<\/tr>\n<tr style=\"height: 31px;\">\n<td style=\"width: 130px; text-align: center; height: 31px;\"><a href=\"https:\/\/drive.google.com\/file\/d\/1vjiwl38FnFzkpeBLFOOCgi5d1HTgXejH\/view?usp=sharing\"><strong>4t (instrumentaci\u00f3)<\/strong><\/a><\/td>\n<td style=\"width: 97px; text-align: center; height: 31px;\"><a href=\"https:\/\/drive.google.com\/file\/d\/1aZLkJkoAXEVBVCfdRdKIVDKq2VMNzQpX\/view?usp=sharing\">5\u00e8A<\/a><\/td>\n<td style=\"width: 102px; text-align: center; height: 31px;\"><a href=\"https:\/\/drive.google.com\/file\/d\/189Dvsup6lau6hP2NwqEU7lTlSxQw0eym\/view?usp=sharing\"><strong>5\u00e8B<\/strong><\/a><\/td>\n<td style=\"width: 97px; text-align: center; height: 31px;\"><strong><a href=\"https:\/\/drive.google.com\/file\/d\/1Q_7dgFgt5fbower0BXR9472ulzyt5ZPy\/view?usp=sharing\">5\u00e8C<\/a><\/strong><\/td>\n<\/tr>\n<tr style=\"height: 31px;\">\n<td style=\"width: 130px; text-align: center; height: 34px;\"><a href=\"https:\/\/drive.google.com\/file\/d\/1yZ3RiafYw5FNwCsjaD1h3936EBx3yixy\/view?usp=sharing\"><strong>6\u00e8A<\/strong><\/a><\/td>\n<td style=\"width: 97px; text-align: center; height: 34px;\"><a href=\"https:\/\/drive.google.com\/file\/d\/1v92gW2I1Rp47fOFkGSnW8hKN95w5a5Bi\/view?usp=sharing\"><strong>6\u00e8B<\/strong><\/a><\/td>\n<td style=\"width: 102px; text-align: center; height: 34px;\"><a href=\"https:\/\/drive.google.com\/file\/d\/1OXO9soc2iqgKOgxTsq8WiiyuG9yxSWo2\/view?usp=sharing\"><strong>6\u00e8C<\/strong><\/a><\/td>\n<td style=\"width: 97px; text-align: center; height: 34px;\"><\/td>\n<\/tr>\n<\/tbody>\n<\/table>\n","protected":false},"excerpt":{"rendered":"<p>\u00a0 Aqu\u00ed teniu les can\u00e7ons i poemes dels nens i nenes de l&#8217;escola. Esperem que us agradi. P3 (can\u00e7\u00f3) P3 [&hellip;]<\/p>\n","protected":false},"author":1,"featured_media":0,"parent":0,"menu_order":0,"comment_status":"closed","ping_status":"closed","template":"page-templates\/front-page.php","meta":{"_bbp_topic_count":0,"_bbp_reply_count":0,"_bbp_total_topic_count":0,"_bbp_total_reply_count":0,"_bbp_voice_count":0,"_bbp_anonymous_reply_count":0,"_bbp_topic_count_hidden":0,"_bbp_reply_count_hidden":0,"_bbp_forum_subforum_count":0,"site-sidebar-layout":"default","site-content-layout":"","ast-site-content-layout":"","site-content-style":"default","site-sidebar-style":"default","ast-global-header-display":"","ast-banner-title-visibility":"","ast-main-header-display":"","ast-hfb-above-header-display":"","ast-hfb-below-header-display":"","ast-hfb-mobile-header-display":"","site-post-title":"","ast-breadcrumbs-content":"","ast-featured-img":"","footer-sml-layout":"","theme-transparent-header-meta":"","adv-header-id-meta":"","stick-header-meta":"","header-above-stick-meta":"","header-main-stick-meta":"","header-below-stick-meta":"","astra-migrate-meta-layouts":"default","ast-page-background-enabled":"default","ast-page-background-meta":{"desktop":{"background-color":"var(--ast-global-color-4)","background-image":"","background-repeat":"repeat","background-position":"center center","background-size":"auto","background-attachment":"scroll","background-type":"","background-media":"","overlay-type":"","overlay-color":"","overlay-opacity":"","overlay-gradient":""},"tablet":{"background-color":"","background-image":"","background-repeat":"repeat","background-position":"center center","background-size":"auto","background-attachment":"scroll","background-type":"","background-media":"","overlay-type":"","overlay-color":"","overlay-opacity":"","overlay-gradient":""},"mobile":{"background-color":"","background-image":"","background-repeat":"repeat","background-position":"center center","background-size":"auto","background-attachment":"scroll","background-type":"","background-media":"","overlay-type":"","overlay-color":"","overlay-opacity":"","overlay-gradient":""}},"ast-content-background-meta":{"desktop":{"background-color":"var(--ast-global-color-5)","background-image":"","background-repeat":"repeat","background-position":"center center","background-size":"auto","background-attachment":"scroll","background-type":"","background-media":"","overlay-type":"","overlay-color":"","overlay-opacity":"","overlay-gradient":""},"tablet":{"background-color":"var(--ast-global-color-5)","background-image":"","background-repeat":"repeat","background-position":"center center","background-size":"auto","background-attachment":"scroll","background-type":"","background-media":"","overlay-type":"","overlay-color":"","overlay-opacity":"","overlay-gradient":""},"mobile":{"background-color":"var(--ast-global-color-5)","background-image":"","background-repeat":"repeat","background-position":"center center","background-size":"auto","background-attachment":"scroll","background-type":"","background-media":"","overlay-type":"","overlay-color":"","overlay-opacity":"","overlay-gradient":""}},"footnotes":""},"class_list":["post-3410","page","type-page","status-publish","hentry"],"post_mailing_queue_ids":[],"_links":{"self":[{"href":"https:\/\/agora.xtec.cat\/ceipestacio\/wp-json\/wp\/v2\/pages\/3410","targetHints":{"allow":["GET"]}}],"collection":[{"href":"https:\/\/agora.xtec.cat\/ceipestacio\/wp-json\/wp\/v2\/pages"}],"about":[{"href":"https:\/\/agora.xtec.cat\/ceipestacio\/wp-json\/wp\/v2\/types\/page"}],"author":[{"embeddable":true,"href":"https:\/\/agora.xtec.cat\/ceipestacio\/wp-json\/wp\/v2\/users\/1"}],"replies":[{"embeddable":true,"href":"https:\/\/agora.xtec.cat\/ceipestacio\/wp-json\/wp\/v2\/comments?post=3410"}],"version-history":[{"count":5,"href":"https:\/\/agora.xtec.cat\/ceipestacio\/wp-json\/wp\/v2\/pages\/3410\/revisions"}],"predecessor-version":[{"id":3675,"href":"https:\/\/agora.xtec.cat\/ceipestacio\/wp-json\/wp\/v2\/pages\/3410\/revisions\/3675"}],"wp:attachment":[{"href":"https:\/\/agora.xtec.cat\/ceipestacio\/wp-json\/wp\/v2\/media?parent=3410"}],"curies":[{"name":"wp","href":"https:\/\/api.w.org\/{rel}","templated":true}]}}