{"id":1794,"date":"2019-11-05T13:45:04","date_gmt":"2019-11-05T12:45:04","guid":{"rendered":"http:\/\/agora.xtec.cat\/ceipestacio\/?page_id=1794"},"modified":"2026-03-12T07:51:29","modified_gmt":"2026-03-12T06:51:29","slug":"personal","status":"publish","type":"page","link":"https:\/\/agora.xtec.cat\/ceipestacio\/lescola\/personal\/","title":{"rendered":"Equip Docent 25-26"},"content":{"rendered":"<p><strong>EQUIP DIRECTIU<\/strong><\/p>\n<p>Direcci\u00f3: Isabel Ventura Mora<\/p>\n<p>Cap d&#8217;Estudis: Tina Roca Mic\u00f3<\/p>\n<p>Secretaria: Sandra Sol\u00eds Rodr\u00edguez<\/p>\n<p><strong>ED. INFANTIL<\/strong><\/p>\n<p>I3 A Merc\u00e8 Costa<\/p>\n<p>I3 B L\u00eddia Mu\u00f1oz<\/p>\n<p>I4 A Maite Terradas<\/p>\n<p>I4 B Gisela Tenedor<\/p>\n<p>I5 A Arantxa Gonz\u00e1lez<\/p>\n<p>I5 B Cristina Girona<\/p>\n<p>Suport\u00a0 d&#8217;E.I. Anna Serra<\/p>\n<p>TEI Montse Paytuv\u00ed<\/p>\n<p><strong>CICLE INICIAL<\/strong><\/p>\n<p>1r A Marta S\u00e1nchez<\/p>\n<p>1r B Maite Illas<\/p>\n<p>2n A Judit Rodr\u00edguez<\/p>\n<p>2n B Aida Espinosa<\/p>\n<p><strong>CICLE MITJ\u00c0<\/strong><\/p>\n<p>3r A Cristina Junque<\/p>\n<p>4t A Marina Busquets<\/p>\n<p>4t B Laura Ortiz<\/p>\n<p><strong>CICLE SUPERIOR<\/strong><\/p>\n<p>5\u00e8 A Joan Carles P\u00e9riz<\/p>\n<p>5\u00e8 B Irene Mej\u00edas<\/p>\n<p>6\u00e8 A Goretti Serrat<\/p>\n<p>6\u00e8 B Carol Pardo<\/p>\n<p><strong>M\u00daSICA <\/strong>Patti Porcile, Sandra Sol\u00eds i S\u00edlvia Duch<\/p>\n<p><strong>EDUCACI\u00d3 F\u00cdSICA <\/strong>Anna Barb\u00e9<\/p>\n<p><strong>ANGL\u00c8S <\/strong> 1r i 2n Montse Ribot \/ 3r i 4t Carla Fust\u00e9\/Anna Costa \/ 5\u00e8 i 6\u00e8 Mireia Zamora<\/p>\n<p><strong>RELIGI\u00d3<\/strong> Francesc Pedrosa<\/p>\n<p><strong>MESTRA D&#8217;ATENCI\u00d3 A LA DIVERSITAT<\/strong> Maria Cuadros<\/p>\n<p><strong>AULA ACOLLIDA<\/strong> \u00c0ngels Benito<\/p>\n<p><strong>EDUCACI\u00d3 ESPECIAL:<\/strong> Ariadna Irla i M\u00f2nica Ayats<\/p>\n<p><strong>EDUCADORA D&#8217;E.E<\/strong>. Carles Garc\u00eda<\/p>\n<p><strong>AUXILIARS D&#8217;E.E<\/strong>. Ana G\u00f3mez<\/p>\n<p><strong>VETLLADORES S\u00f2nia Lloveras i Olga Jou \/ Eva Albiol<\/p>\n<p><strong>CONSERGE<\/strong>\u00a0Ramon Salgado<\/p>\n<p><strong>AUXILIAR ADMINISTRATIVA<\/strong>\u00a0 Mireia Quintana<\/p>\n<p>&nbsp;<\/p>\n<p>&nbsp;<\/p>\n<p>&nbsp;<\/p>\n","protected":false},"excerpt":{"rendered":"<p>EQUIP DIRECTIU Direcci\u00f3: Isabel Ventura Mora Cap d&#8217;Estudis: Tina Roca Mic\u00f3 Secretaria: Sandra Sol\u00eds Rodr\u00edguez ED. INFANTIL I3 A Merc\u00e8 [&hellip;]<\/p>\n","protected":false},"author":4,"featured_media":0,"parent":22,"menu_order":30,"comment_status":"closed","ping_status":"closed","template":"","meta":{"_bbp_topic_count":0,"_bbp_reply_count":0,"_bbp_total_topic_count":0,"_bbp_total_reply_count":0,"_bbp_voice_count":0,"_bbp_anonymous_reply_count":0,"_bbp_topic_count_hidden":0,"_bbp_reply_count_hidden":0,"_bbp_forum_subforum_count":0,"site-sidebar-layout":"default","site-content-layout":"","ast-site-content-layout":"default","site-content-style":"default","site-sidebar-style":"default","ast-global-header-display":"","ast-banner-title-visibility":"","ast-main-header-display":"","ast-hfb-above-header-display":"","ast-hfb-below-header-display":"","ast-hfb-mobile-header-display":"","site-post-title":"","ast-breadcrumbs-content":"","ast-featured-img":"","footer-sml-layout":"","theme-transparent-header-meta":"default","adv-header-id-meta":"","stick-header-meta":"","header-above-stick-meta":"","header-main-stick-meta":"","header-below-stick-meta":"","astra-migrate-meta-layouts":"set","ast-page-background-enabled":"default","ast-page-background-meta":{"desktop":{"background-color":"var(--ast-global-color-4)","background-image":"","background-repeat":"repeat","background-position":"center center","background-size":"auto","background-attachment":"scroll","background-type":"","background-media":"","overlay-type":"","overlay-color":"","overlay-opacity":"","overlay-gradient":""},"tablet":{"background-color":"","background-image":"","background-repeat":"repeat","background-position":"center center","background-size":"auto","background-attachment":"scroll","background-type":"","background-media":"","overlay-type":"","overlay-color":"","overlay-opacity":"","overlay-gradient":""},"mobile":{"background-color":"","background-image":"","background-repeat":"repeat","background-position":"center center","background-size":"auto","background-attachment":"scroll","background-type":"","background-media":"","overlay-type":"","overlay-color":"","overlay-opacity":"","overlay-gradient":""}},"ast-content-background-meta":{"desktop":{"background-color":"var(--ast-global-color-5)","background-image":"","background-repeat":"repeat","background-position":"center center","background-size":"auto","background-attachment":"scroll","background-type":"","background-media":"","overlay-type":"","overlay-color":"","overlay-opacity":"","overlay-gradient":""},"tablet":{"background-color":"var(--ast-global-color-5)","background-image":"","background-repeat":"repeat","background-position":"center center","background-size":"auto","background-attachment":"scroll","background-type":"","background-media":"","overlay-type":"","overlay-color":"","overlay-opacity":"","overlay-gradient":""},"mobile":{"background-color":"var(--ast-global-color-5)","background-image":"","background-repeat":"repeat","background-position":"center center","background-size":"auto","background-attachment":"scroll","background-type":"","background-media":"","overlay-type":"","overlay-color":"","overlay-opacity":"","overlay-gradient":""}},"footnotes":""},"class_list":["post-1794","page","type-page","status-publish","hentry"],"post_mailing_queue_ids":[],"_links":{"self":[{"href":"https:\/\/agora.xtec.cat\/ceipestacio\/wp-json\/wp\/v2\/pages\/1794","targetHints":{"allow":["GET"]}}],"collection":[{"href":"https:\/\/agora.xtec.cat\/ceipestacio\/wp-json\/wp\/v2\/pages"}],"about":[{"href":"https:\/\/agora.xtec.cat\/ceipestacio\/wp-json\/wp\/v2\/types\/page"}],"author":[{"embeddable":true,"href":"https:\/\/agora.xtec.cat\/ceipestacio\/wp-json\/wp\/v2\/users\/4"}],"replies":[{"embeddable":true,"href":"https:\/\/agora.xtec.cat\/ceipestacio\/wp-json\/wp\/v2\/comments?post=1794"}],"version-history":[{"count":8,"href":"https:\/\/agora.xtec.cat\/ceipestacio\/wp-json\/wp\/v2\/pages\/1794\/revisions"}],"predecessor-version":[{"id":5539,"href":"https:\/\/agora.xtec.cat\/ceipestacio\/wp-json\/wp\/v2\/pages\/1794\/revisions\/5539"}],"up":[{"embeddable":true,"href":"https:\/\/agora.xtec.cat\/ceipestacio\/wp-json\/wp\/v2\/pages\/22"}],"wp:attachment":[{"href":"https:\/\/agora.xtec.cat\/ceipestacio\/wp-json\/wp\/v2\/media?parent=1794"}],"curies":[{"name":"wp","href":"https:\/\/api.w.org\/{rel}","templated":true}]}}