{"id":775,"date":"2021-09-14T15:36:10","date_gmt":"2021-09-14T13:36:10","guid":{"rendered":"https:\/\/agora.xtec.cat\/ceipespriu-granollers\/?page_id=775"},"modified":"2026-04-30T15:30:57","modified_gmt":"2026-04-30T13:30:57","slug":"menjador-escolar","status":"publish","type":"page","link":"https:\/\/agora.xtec.cat\/ceipespriu-granollers\/serveis\/menjador-escolar\/","title":{"rendered":"Menjador Escolar"},"content":{"rendered":"\n<p class=\"has-text-align-center\">&nbsp;<strong>Men\u00fas del mes de maig<\/strong><\/p>\n\n\n\n<figure class=\"wp-block-gallery has-nested-images columns-default is-cropped wp-block-gallery-1 is-layout-flex wp-block-gallery-is-layout-flex\">\n<figure class=\"wp-block-image size-large\"><a href=\"https:\/\/agora.xtec.cat\/ceipespriu-granollers\/wp-content\/uploads\/usu780\/2026\/04\/SALVADOR-ESPRIU-3_page-0001.jpg\"><img loading=\"lazy\" decoding=\"async\" width=\"724\" height=\"1024\" data-id=\"10886\" src=\"https:\/\/agora.xtec.cat\/ceipespriu-granollers\/wp-content\/uploads\/usu780\/2026\/04\/SALVADOR-ESPRIU-3_page-0001-724x1024.jpg\" alt=\"\" class=\"wp-image-10886\" srcset=\"https:\/\/agora.xtec.cat\/ceipespriu-granollers\/wp-content\/uploads\/usu780\/2026\/04\/SALVADOR-ESPRIU-3_page-0001-724x1024.jpg 724w, https:\/\/agora.xtec.cat\/ceipespriu-granollers\/wp-content\/uploads\/usu780\/2026\/04\/SALVADOR-ESPRIU-3_page-0001-212x300.jpg 212w, https:\/\/agora.xtec.cat\/ceipespriu-granollers\/wp-content\/uploads\/usu780\/2026\/04\/SALVADOR-ESPRIU-3_page-0001-768x1086.jpg 768w, https:\/\/agora.xtec.cat\/ceipespriu-granollers\/wp-content\/uploads\/usu780\/2026\/04\/SALVADOR-ESPRIU-3_page-0001-1086x1536.jpg 1086w, https:\/\/agora.xtec.cat\/ceipespriu-granollers\/wp-content\/uploads\/usu780\/2026\/04\/SALVADOR-ESPRIU-3_page-0001.jpg 1241w\" sizes=\"auto, (max-width: 724px) 100vw, 724px\" \/><\/a><\/figure>\n\n\n\n<figure class=\"wp-block-image size-large\"><a href=\"https:\/\/agora.xtec.cat\/ceipespriu-granollers\/wp-content\/uploads\/usu780\/2026\/04\/SALVADOR-ESPRIU-SENSE-PORC-2_page-0001.jpg\"><img loading=\"lazy\" decoding=\"async\" width=\"724\" height=\"1024\" data-id=\"10887\" src=\"https:\/\/agora.xtec.cat\/ceipespriu-granollers\/wp-content\/uploads\/usu780\/2026\/04\/SALVADOR-ESPRIU-SENSE-PORC-2_page-0001-724x1024.jpg\" alt=\"\" class=\"wp-image-10887\" srcset=\"https:\/\/agora.xtec.cat\/ceipespriu-granollers\/wp-content\/uploads\/usu780\/2026\/04\/SALVADOR-ESPRIU-SENSE-PORC-2_page-0001-724x1024.jpg 724w, https:\/\/agora.xtec.cat\/ceipespriu-granollers\/wp-content\/uploads\/usu780\/2026\/04\/SALVADOR-ESPRIU-SENSE-PORC-2_page-0001-212x300.jpg 212w, https:\/\/agora.xtec.cat\/ceipespriu-granollers\/wp-content\/uploads\/usu780\/2026\/04\/SALVADOR-ESPRIU-SENSE-PORC-2_page-0001-768x1086.jpg 768w, https:\/\/agora.xtec.cat\/ceipespriu-granollers\/wp-content\/uploads\/usu780\/2026\/04\/SALVADOR-ESPRIU-SENSE-PORC-2_page-0001-1086x1536.jpg 1086w, https:\/\/agora.xtec.cat\/ceipespriu-granollers\/wp-content\/uploads\/usu780\/2026\/04\/SALVADOR-ESPRIU-SENSE-PORC-2_page-0001.jpg 1241w\" sizes=\"auto, (max-width: 724px) 100vw, 724px\" \/><\/a><\/figure>\n\n\n\n<figure class=\"wp-block-image size-large\"><a href=\"https:\/\/agora.xtec.cat\/ceipespriu-granollers\/wp-content\/uploads\/usu780\/2026\/04\/SENSE-LACTOSA-2_page-0001.jpg\"><img loading=\"lazy\" decoding=\"async\" width=\"724\" height=\"1024\" data-id=\"10884\" src=\"https:\/\/agora.xtec.cat\/ceipespriu-granollers\/wp-content\/uploads\/usu780\/2026\/04\/SENSE-LACTOSA-2_page-0001-724x1024.jpg\" alt=\"\" class=\"wp-image-10884\" srcset=\"https:\/\/agora.xtec.cat\/ceipespriu-granollers\/wp-content\/uploads\/usu780\/2026\/04\/SENSE-LACTOSA-2_page-0001-724x1024.jpg 724w, https:\/\/agora.xtec.cat\/ceipespriu-granollers\/wp-content\/uploads\/usu780\/2026\/04\/SENSE-LACTOSA-2_page-0001-212x300.jpg 212w, https:\/\/agora.xtec.cat\/ceipespriu-granollers\/wp-content\/uploads\/usu780\/2026\/04\/SENSE-LACTOSA-2_page-0001-768x1086.jpg 768w, https:\/\/agora.xtec.cat\/ceipespriu-granollers\/wp-content\/uploads\/usu780\/2026\/04\/SENSE-LACTOSA-2_page-0001-1086x1536.jpg 1086w, https:\/\/agora.xtec.cat\/ceipespriu-granollers\/wp-content\/uploads\/usu780\/2026\/04\/SENSE-LACTOSA-2_page-0001.jpg 1241w\" sizes=\"auto, (max-width: 724px) 100vw, 724px\" \/><\/a><\/figure>\n\n\n\n<figure class=\"wp-block-image size-large\"><a href=\"https:\/\/agora.xtec.cat\/ceipespriu-granollers\/wp-content\/uploads\/usu780\/2026\/04\/SENSE-PLV-2_page-0001.jpg\"><img loading=\"lazy\" decoding=\"async\" width=\"724\" height=\"1024\" data-id=\"10885\" src=\"https:\/\/agora.xtec.cat\/ceipespriu-granollers\/wp-content\/uploads\/usu780\/2026\/04\/SENSE-PLV-2_page-0001-724x1024.jpg\" alt=\"\" class=\"wp-image-10885\" srcset=\"https:\/\/agora.xtec.cat\/ceipespriu-granollers\/wp-content\/uploads\/usu780\/2026\/04\/SENSE-PLV-2_page-0001-724x1024.jpg 724w, https:\/\/agora.xtec.cat\/ceipespriu-granollers\/wp-content\/uploads\/usu780\/2026\/04\/SENSE-PLV-2_page-0001-212x300.jpg 212w, https:\/\/agora.xtec.cat\/ceipespriu-granollers\/wp-content\/uploads\/usu780\/2026\/04\/SENSE-PLV-2_page-0001-768x1086.jpg 768w, https:\/\/agora.xtec.cat\/ceipespriu-granollers\/wp-content\/uploads\/usu780\/2026\/04\/SENSE-PLV-2_page-0001-1086x1536.jpg 1086w, https:\/\/agora.xtec.cat\/ceipespriu-granollers\/wp-content\/uploads\/usu780\/2026\/04\/SENSE-PLV-2_page-0001.jpg 1241w\" sizes=\"auto, (max-width: 724px) 100vw, 724px\" \/><\/a><\/figure>\n\n\n\n<figure class=\"wp-block-image size-large\"><a href=\"https:\/\/agora.xtec.cat\/ceipespriu-granollers\/wp-content\/uploads\/usu780\/2026\/04\/VEGETARIA-2_page-0001.jpg\"><img loading=\"lazy\" decoding=\"async\" width=\"724\" height=\"1024\" data-id=\"10883\" src=\"https:\/\/agora.xtec.cat\/ceipespriu-granollers\/wp-content\/uploads\/usu780\/2026\/04\/VEGETARIA-2_page-0001-724x1024.jpg\" alt=\"\" class=\"wp-image-10883\" srcset=\"https:\/\/agora.xtec.cat\/ceipespriu-granollers\/wp-content\/uploads\/usu780\/2026\/04\/VEGETARIA-2_page-0001-724x1024.jpg 724w, https:\/\/agora.xtec.cat\/ceipespriu-granollers\/wp-content\/uploads\/usu780\/2026\/04\/VEGETARIA-2_page-0001-212x300.jpg 212w, https:\/\/agora.xtec.cat\/ceipespriu-granollers\/wp-content\/uploads\/usu780\/2026\/04\/VEGETARIA-2_page-0001-768x1086.jpg 768w, https:\/\/agora.xtec.cat\/ceipespriu-granollers\/wp-content\/uploads\/usu780\/2026\/04\/VEGETARIA-2_page-0001-1086x1536.jpg 1086w, https:\/\/agora.xtec.cat\/ceipespriu-granollers\/wp-content\/uploads\/usu780\/2026\/04\/VEGETARIA-2_page-0001.jpg 1241w\" sizes=\"auto, (max-width: 724px) 100vw, 724px\" \/><\/a><\/figure>\n<\/figure>\n\n\n\n<div style=\"position: relative; width: 100%; height: 0; padding-top: 56.2500%; padding-bottom: 0; box-shadow: 0 2px 8px 0 rgba(63,69,81,0.16); margin-top: 1.6em; margin-bottom: 0.9em; overflow: hidden; border-radius: 8px; will-change: transform;\"><iframe style=\"position: absolute; width: 100%; height: 100%; top: 0; left: 0; border: none; padding: 0; margin: 0;\" src=\"https:\/\/www.canva.com\/design\/DAGzIeFeqbo\/dqxSOLu8T4MTSUmdwi3dwg\/view?embed\" allowfullscreen=\"allowfullscreen\"><br \/><\/iframe><\/div>\n\n\n\n<p>&nbsp;<\/p>\n\n\n\n<p>El menjador escolar funciona en dos torns:<\/p>\n\n\n\n<p>1r torn: a les 12.30\u202fh<\/p>\n\n\n\n<ul class=\"wp-block-list\">\n<li>I3 i I4: dinen a les classes.<\/li>\n\n\n\n<li>I5, 1r, 2n i 3r: dinen al menjador.<\/li>\n<\/ul>\n\n\n\n<p>2n torn: a les 13.45\u202fh<\/p>\n\n\n\n<ul class=\"wp-block-list\">\n<li>De 4t a 6\u00e8: dinen al menjador.<\/li>\n<\/ul>\n\n\n\n<p>Quan un alumne\/a, per malaltia o qualsevol altre motiu, no es pugui quedar al menjador, heu d&#8217;avisar a la Sra. Mari Rivera, personalment o per tel\u00e8fon al 684 760 481 (trucada o whatsapp), o al mail mari.rivera@espriu.cat abans de les 09:30 h del mat\u00ed. Els mestres no poden agafar enc\u00e0rrecs relacionats amb el menjador.<\/p>\n\n\n\n<p>En cas d\u2019al\u00b7l\u00e8rgia o intoler\u00e0ncia a algun aliment cal portar a secretaria l\u2019informe cl\u00ednic, la fitxa de comensal i el protocol d\u2019actuaci\u00f3 en cas d\u2019ingesta accidental (models establerts). Per a una indisposici\u00f3 passatgera cal avisar a la Sra. Mari Rivera tamb\u00e9 abans de les 09:30 h per demanar la dieta corresponent, la qual es donar\u00e0 durant dos dies si no es comunica el contrari.<\/p>\n\n\n\n<p>Cada mes trobareu el men\u00fa penjat en aquesta mateixa secci\u00f3 de la web. A m\u00e9s a m\u00e9s, cada trimestre rebreu l&#8217;informe del menjador del vostre fill\/a.<\/p>\n\n\n\n<p>Per a q\u00fcestions relacionades amb aspectes de funcionament del menjador (rebuts, beques, dietes, monitors, alimentaci\u00f3, actitud de l&#8217;alumnat, etc.) us heu de dirigir a la coordinadora, Sra. Mari Rivera. Cal sol\u00b7licitar entrevista a secretaria.<\/p>\n\n\n\n<p>Davant de qualsevol problema o situaci\u00f3 especial que es pugui presentar, cal dirigir-se a la directora.<\/p>\n\n\n\n<ul class=\"wp-block-list\">\n<li>Preu alumnat fix d&#8217;Educaci\u00f3 Infantil i Prim\u00e0ria: 7,54 \u20ac.<\/li>\n\n\n\n<li>Preu alumnat espor\u00e0dic (\u00fas puntual o inferior a tres dies a la setmana) d&#8217;Educaci\u00f3 Infantil i Prim\u00e0ria: 8,29 \u20ac.<\/li>\n<\/ul>\n\n\n\n<p>&nbsp;<\/p>\n\n\n\n<p><\/p>\n","protected":false},"excerpt":{"rendered":"<p>&nbsp;Men\u00fas del mes de maig &nbsp; El menjador escolar funciona en dos torns: 1r torn: a les 12.30\u202fh 2n torn: a les 13.45\u202fh Quan un alumne\/a, per malaltia o qualsevol altre motiu, no es pugui quedar al menjador, heu d&#8217;avisar a la Sra. Mari Rivera, personalment o per tel\u00e8fon al 684 760 481 (trucada o [&hellip;]<\/p>\n","protected":false},"author":1,"featured_media":10604,"parent":66,"menu_order":10,"comment_status":"closed","ping_status":"closed","template":"","meta":{"_bbp_topic_count":0,"_bbp_reply_count":0,"_bbp_total_topic_count":0,"_bbp_total_reply_count":0,"_bbp_voice_count":0,"_bbp_anonymous_reply_count":0,"_bbp_topic_count_hidden":0,"_bbp_reply_count_hidden":0,"_bbp_forum_subforum_count":0,"site-sidebar-layout":"default","site-content-layout":"","ast-site-content-layout":"default","site-content-style":"default","site-sidebar-style":"default","ast-global-header-display":"","ast-banner-title-visibility":"","ast-main-header-display":"","ast-hfb-above-header-display":"","ast-hfb-below-header-display":"","ast-hfb-mobile-header-display":"","site-post-title":"","ast-breadcrumbs-content":"","ast-featured-img":"","footer-sml-layout":"","theme-transparent-header-meta":"","adv-header-id-meta":"","stick-header-meta":"","header-above-stick-meta":"","header-main-stick-meta":"","header-below-stick-meta":"","astra-migrate-meta-layouts":"set","ast-page-background-enabled":"default","ast-page-background-meta":{"desktop":{"background-color":"var(--ast-global-color-4)","background-image":"","background-repeat":"repeat","background-position":"center center","background-size":"auto","background-attachment":"scroll","background-type":"","background-media":"","overlay-type":"","overlay-color":"","overlay-opacity":"","overlay-gradient":""},"tablet":{"background-color":"","background-image":"","background-repeat":"repeat","background-position":"center center","background-size":"auto","background-attachment":"scroll","background-type":"","background-media":"","overlay-type":"","overlay-color":"","overlay-opacity":"","overlay-gradient":""},"mobile":{"background-color":"","background-image":"","background-repeat":"repeat","background-position":"center center","background-size":"auto","background-attachment":"scroll","background-type":"","background-media":"","overlay-type":"","overlay-color":"","overlay-opacity":"","overlay-gradient":""}},"ast-content-background-meta":{"desktop":{"background-color":"var(--ast-global-color-5)","background-image":"","background-repeat":"repeat","background-position":"center center","background-size":"auto","background-attachment":"scroll","background-type":"","background-media":"","overlay-type":"","overlay-color":"","overlay-opacity":"","overlay-gradient":""},"tablet":{"background-color":"var(--ast-global-color-5)","background-image":"","background-repeat":"repeat","background-position":"center center","background-size":"auto","background-attachment":"scroll","background-type":"","background-media":"","overlay-type":"","overlay-color":"","overlay-opacity":"","overlay-gradient":""},"mobile":{"background-color":"var(--ast-global-color-5)","background-image":"","background-repeat":"repeat","background-position":"center center","background-size":"auto","background-attachment":"scroll","background-type":"","background-media":"","overlay-type":"","overlay-color":"","overlay-opacity":"","overlay-gradient":""}},"footnotes":""},"class_list":["post-775","page","type-page","status-publish","has-post-thumbnail","hentry"],"post_mailing_queue_ids":[],"_links":{"self":[{"href":"https:\/\/agora.xtec.cat\/ceipespriu-granollers\/wp-json\/wp\/v2\/pages\/775","targetHints":{"allow":["GET"]}}],"collection":[{"href":"https:\/\/agora.xtec.cat\/ceipespriu-granollers\/wp-json\/wp\/v2\/pages"}],"about":[{"href":"https:\/\/agora.xtec.cat\/ceipespriu-granollers\/wp-json\/wp\/v2\/types\/page"}],"author":[{"embeddable":true,"href":"https:\/\/agora.xtec.cat\/ceipespriu-granollers\/wp-json\/wp\/v2\/users\/1"}],"replies":[{"embeddable":true,"href":"https:\/\/agora.xtec.cat\/ceipespriu-granollers\/wp-json\/wp\/v2\/comments?post=775"}],"version-history":[{"count":6,"href":"https:\/\/agora.xtec.cat\/ceipespriu-granollers\/wp-json\/wp\/v2\/pages\/775\/revisions"}],"predecessor-version":[{"id":10939,"href":"https:\/\/agora.xtec.cat\/ceipespriu-granollers\/wp-json\/wp\/v2\/pages\/775\/revisions\/10939"}],"up":[{"embeddable":true,"href":"https:\/\/agora.xtec.cat\/ceipespriu-granollers\/wp-json\/wp\/v2\/pages\/66"}],"wp:featuredmedia":[{"embeddable":true,"href":"https:\/\/agora.xtec.cat\/ceipespriu-granollers\/wp-json\/wp\/v2\/media\/10604"}],"wp:attachment":[{"href":"https:\/\/agora.xtec.cat\/ceipespriu-granollers\/wp-json\/wp\/v2\/media?parent=775"}],"curies":[{"name":"wp","href":"https:\/\/api.w.org\/{rel}","templated":true}]}}