{"id":7681,"date":"2024-10-02T13:11:02","date_gmt":"2024-10-02T11:11:02","guid":{"rendered":"https:\/\/agora.xtec.cat\/ceipespriu-granollers\/?page_id=7681"},"modified":"2025-10-16T11:48:29","modified_gmt":"2025-10-16T09:48:29","slug":"mestres","status":"publish","type":"page","link":"https:\/\/agora.xtec.cat\/ceipespriu-granollers\/projecte-educatiu\/mestres\/","title":{"rendered":"Mestres"},"content":{"rendered":"<p>A continuaci\u00f3 podeu consultar quina persona \u00e9s la tutora de cada grup, aix\u00ed com la seva adre\u00e7a de correu electr\u00f2nic.<\/p>\n<table>\n<tbody>\n<tr>\n<td><b>Grup<\/b><\/td>\n<td><b> Tutor\/a<\/b><\/td>\n<td><b>Correu electr\u00f2nic<\/b><\/td>\n<\/tr>\n<tr>\n<td><span style=\"font-weight: 400;\">I3 A<\/span><\/td>\n<td><span style=\"font-weight: 400;\">Vero Mart\u00ednez<\/span><\/td>\n<td><span style=\"font-weight: 400;\">vmarti73@espriu.cat<\/span><\/td>\n<\/tr>\n<tr>\n<td><span style=\"font-weight: 400;\">I3 B<\/span><\/td>\n<td><span style=\"font-weight: 400;\">Marta Estany<\/span><\/td>\n<td><span style=\"font-weight: 400;\">marta.estany@espriu.cat<\/span><\/td>\n<\/tr>\n<tr>\n<td><span style=\"font-weight: 400;\">I4 A<\/span><\/td>\n<td><span style=\"font-weight: 400;\">Gisela Pera<\/span><\/td>\n<td><span style=\"font-weight: 400;\">gpera@espriu.cat<\/span><\/td>\n<\/tr>\n<tr>\n<td><span style=\"font-weight: 400;\">I4 B<\/span><\/td>\n<td><span style=\"font-weight: 400;\">Montse Buf\u00ed\u00a0<\/span><\/td>\n<td><span style=\"font-weight: 400;\">montse.bufi@espriu.cat<\/span><\/td>\n<\/tr>\n<tr>\n<td><span style=\"font-weight: 400;\">I5 A<\/span><\/td>\n<td><span style=\"font-weight: 400;\">Irene C\u00e1mara<\/span><\/td>\n<td><span style=\"font-weight: 400;\">icamara@espriu.cat<\/span><\/td>\n<\/tr>\n<tr>\n<td><span style=\"font-weight: 400;\">I5 B<\/span><\/td>\n<td><span style=\"font-weight: 400;\">Adela Font\u00e1n<\/span><\/td>\n<td><span style=\"font-weight: 400;\">afontan2@espriu.cat<\/span><\/td>\n<\/tr>\n<tr>\n<td><span style=\"font-weight: 400;\">1r A<\/span><\/td>\n<td><span style=\"font-weight: 400;\">Noelia Yetor<\/span><\/td>\n<td><span style=\"font-weight: 400;\">noelia.yetor@espriu.cat<\/span><\/td>\n<\/tr>\n<tr>\n<td><span style=\"font-weight: 400;\">1r B<\/span><\/td>\n<td><span style=\"font-weight: 400;\">S\u00edlvia Font<\/span><\/td>\n<td><span style=\"font-weight: 400;\">silvia.font@espriu.cat<\/span><\/td>\n<\/tr>\n<tr>\n<td><span style=\"font-weight: 400;\">2n A<\/span><\/td>\n<td><span style=\"font-weight: 400;\">Vanessa Aso<\/span><\/td>\n<td><span style=\"font-weight: 400;\">vanessa.aso@espriu.cat<\/span><\/td>\n<\/tr>\n<tr>\n<td><span style=\"font-weight: 400;\">2n B<\/span><\/td>\n<td><span style=\"font-weight: 400;\">Albert Orejas<\/span><\/td>\n<td><span style=\"font-weight: 400;\">albert.orejas@espriu.cat<\/span><\/td>\n<\/tr>\n<tr>\n<td><span style=\"font-weight: 400;\">3r A<\/span><\/td>\n<td><span style=\"font-weight: 400;\">Alba Calaf<\/span><\/td>\n<td><span style=\"font-weight: 400;\">alba.calaf@espriu.cat<\/span><\/td>\n<\/tr>\n<tr>\n<td><span style=\"font-weight: 400;\">3r B<\/span><\/td>\n<td><span style=\"font-weight: 400;\">Laia Ontiveros<\/span><\/td>\n<td><span style=\"font-weight: 400;\">laia.ontiveros@espriu.cat<\/span><\/td>\n<\/tr>\n<tr>\n<td><span style=\"font-weight: 400;\">4t A<\/span><\/td>\n<td><span style=\"font-weight: 400;\">Jordi Gabarr\u00f3<\/span><\/td>\n<td><span style=\"font-weight: 400;\">jordi.gabarro@espriu.cat<\/span><\/td>\n<\/tr>\n<tr>\n<td><span style=\"font-weight: 400;\">4t B<\/span><\/td>\n<td><span style=\"font-weight: 400;\">S\u00edlvia Tint\u00f3<\/span><\/td>\n<td><span style=\"font-weight: 400;\">silvia.tinto@espriu.cat<\/span><\/td>\n<\/tr>\n<tr>\n<td><span style=\"font-weight: 400;\">5\u00e8 A<\/span><\/td>\n<td><span style=\"font-weight: 400;\">Eug\u00e8nia Gil\u00a0<\/span><\/td>\n<td><span style=\"font-weight: 400;\">eugenia@espriu.cat<\/span><\/td>\n<\/tr>\n<tr>\n<td><span style=\"font-weight: 400;\">5\u00e8 B<\/span><\/td>\n<td><span style=\"font-weight: 400;\">Virginia Rossini<\/span><\/td>\n<td><span style=\"font-weight: 400;\">virginia.rossini@espriu.cat<\/span><\/td>\n<\/tr>\n<tr>\n<td><span style=\"font-weight: 400;\">6\u00e8 A<\/span><\/td>\n<td><span style=\"font-weight: 400;\">Mireia Castellsagu\u00e9<\/span><\/td>\n<td><span style=\"font-weight: 400;\">mireia.castellsague@espriu.cat<\/span><\/td>\n<\/tr>\n<tr>\n<td><span style=\"font-weight: 400;\">6\u00e8 B<\/span><\/td>\n<td><span style=\"font-weight: 400;\">Alberto Corbacho<\/span><\/td>\n<td><span style=\"font-weight: 400;\">alberto.corbacho@espriu.cat<\/span><\/td>\n<\/tr>\n<\/tbody>\n<\/table>\n","protected":false},"excerpt":{"rendered":"<p>A continuaci\u00f3 podeu consultar quina persona \u00e9s la tutora de cada grup, aix\u00ed com la seva adre\u00e7a de correu electr\u00f2nic. Grup Tutor\/a Correu electr\u00f2nic I3 A Vero Mart\u00ednez vmarti73@espriu.cat I3 B Marta Estany marta.estany@espriu.cat I4 A Gisela Pera gpera@espriu.cat I4 B Montse Buf\u00ed\u00a0 montse.bufi@espriu.cat I5 A Irene C\u00e1mara icamara@espriu.cat I5 B Adela Font\u00e1n afontan2@espriu.cat 1r [&hellip;]<\/p>\n","protected":false},"author":1,"featured_media":0,"parent":64,"menu_order":0,"comment_status":"closed","ping_status":"closed","template":"page-templates\/side-menu.php","meta":{"_bbp_topic_count":0,"_bbp_reply_count":0,"_bbp_total_topic_count":0,"_bbp_total_reply_count":0,"_bbp_voice_count":0,"_bbp_anonymous_reply_count":0,"_bbp_topic_count_hidden":0,"_bbp_reply_count_hidden":0,"_bbp_forum_subforum_count":0,"site-sidebar-layout":"default","site-content-layout":"","ast-site-content-layout":"","site-content-style":"default","site-sidebar-style":"default","ast-global-header-display":"","ast-banner-title-visibility":"","ast-main-header-display":"","ast-hfb-above-header-display":"","ast-hfb-below-header-display":"","ast-hfb-mobile-header-display":"","site-post-title":"","ast-breadcrumbs-content":"","ast-featured-img":"","footer-sml-layout":"","theme-transparent-header-meta":"","adv-header-id-meta":"","stick-header-meta":"","header-above-stick-meta":"","header-main-stick-meta":"","header-below-stick-meta":"","astra-migrate-meta-layouts":"default","ast-page-background-enabled":"default","ast-page-background-meta":{"desktop":{"background-color":"var(--ast-global-color-4)","background-image":"","background-repeat":"repeat","background-position":"center center","background-size":"auto","background-attachment":"scroll","background-type":"","background-media":"","overlay-type":"","overlay-color":"","overlay-opacity":"","overlay-gradient":""},"tablet":{"background-color":"","background-image":"","background-repeat":"repeat","background-position":"center center","background-size":"auto","background-attachment":"scroll","background-type":"","background-media":"","overlay-type":"","overlay-color":"","overlay-opacity":"","overlay-gradient":""},"mobile":{"background-color":"","background-image":"","background-repeat":"repeat","background-position":"center center","background-size":"auto","background-attachment":"scroll","background-type":"","background-media":"","overlay-type":"","overlay-color":"","overlay-opacity":"","overlay-gradient":""}},"ast-content-background-meta":{"desktop":{"background-color":"var(--ast-global-color-5)","background-image":"","background-repeat":"repeat","background-position":"center center","background-size":"auto","background-attachment":"scroll","background-type":"","background-media":"","overlay-type":"","overlay-color":"","overlay-opacity":"","overlay-gradient":""},"tablet":{"background-color":"var(--ast-global-color-5)","background-image":"","background-repeat":"repeat","background-position":"center center","background-size":"auto","background-attachment":"scroll","background-type":"","background-media":"","overlay-type":"","overlay-color":"","overlay-opacity":"","overlay-gradient":""},"mobile":{"background-color":"var(--ast-global-color-5)","background-image":"","background-repeat":"repeat","background-position":"center center","background-size":"auto","background-attachment":"scroll","background-type":"","background-media":"","overlay-type":"","overlay-color":"","overlay-opacity":"","overlay-gradient":""}},"footnotes":""},"class_list":["post-7681","page","type-page","status-publish","hentry"],"post_mailing_queue_ids":[],"_links":{"self":[{"href":"https:\/\/agora.xtec.cat\/ceipespriu-granollers\/wp-json\/wp\/v2\/pages\/7681","targetHints":{"allow":["GET"]}}],"collection":[{"href":"https:\/\/agora.xtec.cat\/ceipespriu-granollers\/wp-json\/wp\/v2\/pages"}],"about":[{"href":"https:\/\/agora.xtec.cat\/ceipespriu-granollers\/wp-json\/wp\/v2\/types\/page"}],"author":[{"embeddable":true,"href":"https:\/\/agora.xtec.cat\/ceipespriu-granollers\/wp-json\/wp\/v2\/users\/1"}],"replies":[{"embeddable":true,"href":"https:\/\/agora.xtec.cat\/ceipespriu-granollers\/wp-json\/wp\/v2\/comments?post=7681"}],"version-history":[{"count":3,"href":"https:\/\/agora.xtec.cat\/ceipespriu-granollers\/wp-json\/wp\/v2\/pages\/7681\/revisions"}],"predecessor-version":[{"id":9670,"href":"https:\/\/agora.xtec.cat\/ceipespriu-granollers\/wp-json\/wp\/v2\/pages\/7681\/revisions\/9670"}],"up":[{"embeddable":true,"href":"https:\/\/agora.xtec.cat\/ceipespriu-granollers\/wp-json\/wp\/v2\/pages\/64"}],"wp:attachment":[{"href":"https:\/\/agora.xtec.cat\/ceipespriu-granollers\/wp-json\/wp\/v2\/media?parent=7681"}],"curies":[{"name":"wp","href":"https:\/\/api.w.org\/{rel}","templated":true}]}}