{"id":34,"date":"2014-09-18T12:32:18","date_gmt":"2014-09-18T11:32:18","guid":{"rendered":"http:\/\/agora.xtec.cat\/ceipespriu-granollers\/?page_id=34"},"modified":"2023-06-28T08:43:56","modified_gmt":"2023-06-28T06:43:56","slug":"oferta-educativa","status":"publish","type":"page","link":"https:\/\/agora.xtec.cat\/ceipespriu-granollers\/lescola\/oferta-educativa\/","title":{"rendered":"Oferta educativa"},"content":{"rendered":"<p><strong>Pluriling\u00fcisme CLIL<\/strong> (<em>Content and Language Integrated Learning<\/em>). L\u2019escola realitza part d\u2019\u00e0rees en llengua anglesa, com ara, <em>Arts and Craft<\/em>, Science i <em>Mental Arithmetic<\/em>.<\/p>\n<p><strong>Tractament integrat de lleng\u00fces.<\/strong> En algunes unitats did\u00e0ctiques hi conflueixen diverses lleng\u00fces, com ara el catal\u00e0, el castell\u00e0, l\u2019angl\u00e8s o el franc\u00e8s, entre d\u2019altres. Tamb\u00e9 fem nadales en diferents lleng\u00fces.<\/p>\n<p><strong>Introducci\u00f3 d\u2019una segona llengua estrangera<\/strong>: el franc\u00e8s a 5\u00e8 i 6\u00e8.<\/p>\n<p><strong>TAC Inform\u00e0tica i rob\u00f2tica.<\/strong> Es fomenta el pensament computacional i es disposa d\u2019impressora 3D.<\/p>\n<p><strong>Atenci\u00f3 a la diversitat.<\/strong> Escola d\u2019agrupament d\u2019alumnat amb defici\u00e8ncies auditives, hi ha una mestra d\u2019Audici\u00f3 i Llenguatge, Logop\u00e8dia, mestres d\u2019Educaci\u00f3 Especial i Psicopedagog (EAP).<\/p>\n<p><strong>Gran participaci\u00f3 de l\u2019AFA<\/strong> amb projectes com el Niu de mat\u00ed i de tarda, extraescolars de migdia i de tarda, socialitzaci\u00f3 de llibres, biblioteca oberta, Carnaval, festes, xerrades, actes solidaris i escola de mares i pares.<\/p>\n<h3><\/h3>\n<h3>Educaci\u00f3 Infantil<\/h3>\n<ul style=\"list-style-type: disc;\">\n<li>I3<\/li>\n<li>I4<\/li>\n<li>I5<\/li>\n<\/ul>\n<h3>Educaci\u00f3 Prim\u00e0ria<\/h3>\n<ul style=\"list-style-type: disc;\">\n<li>1r<\/li>\n<li>2n<\/li>\n<li>3r<\/li>\n<li>4t<\/li>\n<li>5\u00e8<\/li>\n<li>6\u00e8<\/li>\n<\/ul>\n","protected":false},"excerpt":{"rendered":"<p>Pluriling\u00fcisme CLIL (Content and Language Integrated Learning). L\u2019escola realitza part d\u2019\u00e0rees en llengua anglesa, com ara, Arts and Craft, Science i Mental Arithmetic. Tractament integrat de lleng\u00fces. En algunes unitats did\u00e0ctiques hi conflueixen diverses lleng\u00fces, com ara el catal\u00e0, el castell\u00e0, l\u2019angl\u00e8s o el franc\u00e8s, entre d\u2019altres. Tamb\u00e9 fem nadales en diferents lleng\u00fces. Introducci\u00f3 d\u2019una [&hellip;]<\/p>\n","protected":false},"author":1,"featured_media":0,"parent":22,"menu_order":60,"comment_status":"closed","ping_status":"closed","template":"page-templates\/side-menu.php","meta":{"_bbp_topic_count":0,"_bbp_reply_count":0,"_bbp_total_topic_count":0,"_bbp_total_reply_count":0,"_bbp_voice_count":0,"_bbp_anonymous_reply_count":0,"_bbp_topic_count_hidden":0,"_bbp_reply_count_hidden":0,"_bbp_forum_subforum_count":0,"site-sidebar-layout":"default","site-content-layout":"","ast-site-content-layout":"","site-content-style":"default","site-sidebar-style":"default","ast-global-header-display":"","ast-banner-title-visibility":"","ast-main-header-display":"","ast-hfb-above-header-display":"","ast-hfb-below-header-display":"","ast-hfb-mobile-header-display":"","site-post-title":"","ast-breadcrumbs-content":"","ast-featured-img":"","footer-sml-layout":"","theme-transparent-header-meta":"","adv-header-id-meta":"","stick-header-meta":"","header-above-stick-meta":"","header-main-stick-meta":"","header-below-stick-meta":"","astra-migrate-meta-layouts":"default","ast-page-background-enabled":"default","ast-page-background-meta":{"desktop":{"background-color":"var(--ast-global-color-4)","background-image":"","background-repeat":"repeat","background-position":"center center","background-size":"auto","background-attachment":"scroll","background-type":"","background-media":"","overlay-type":"","overlay-color":"","overlay-opacity":"","overlay-gradient":""},"tablet":{"background-color":"","background-image":"","background-repeat":"repeat","background-position":"center center","background-size":"auto","background-attachment":"scroll","background-type":"","background-media":"","overlay-type":"","overlay-color":"","overlay-opacity":"","overlay-gradient":""},"mobile":{"background-color":"","background-image":"","background-repeat":"repeat","background-position":"center center","background-size":"auto","background-attachment":"scroll","background-type":"","background-media":"","overlay-type":"","overlay-color":"","overlay-opacity":"","overlay-gradient":""}},"ast-content-background-meta":{"desktop":{"background-color":"var(--ast-global-color-5)","background-image":"","background-repeat":"repeat","background-position":"center center","background-size":"auto","background-attachment":"scroll","background-type":"","background-media":"","overlay-type":"","overlay-color":"","overlay-opacity":"","overlay-gradient":""},"tablet":{"background-color":"var(--ast-global-color-5)","background-image":"","background-repeat":"repeat","background-position":"center center","background-size":"auto","background-attachment":"scroll","background-type":"","background-media":"","overlay-type":"","overlay-color":"","overlay-opacity":"","overlay-gradient":""},"mobile":{"background-color":"var(--ast-global-color-5)","background-image":"","background-repeat":"repeat","background-position":"center center","background-size":"auto","background-attachment":"scroll","background-type":"","background-media":"","overlay-type":"","overlay-color":"","overlay-opacity":"","overlay-gradient":""}},"footnotes":""},"class_list":["post-34","page","type-page","status-publish","hentry"],"post_mailing_queue_ids":[],"_links":{"self":[{"href":"https:\/\/agora.xtec.cat\/ceipespriu-granollers\/wp-json\/wp\/v2\/pages\/34","targetHints":{"allow":["GET"]}}],"collection":[{"href":"https:\/\/agora.xtec.cat\/ceipespriu-granollers\/wp-json\/wp\/v2\/pages"}],"about":[{"href":"https:\/\/agora.xtec.cat\/ceipespriu-granollers\/wp-json\/wp\/v2\/types\/page"}],"author":[{"embeddable":true,"href":"https:\/\/agora.xtec.cat\/ceipespriu-granollers\/wp-json\/wp\/v2\/users\/1"}],"replies":[{"embeddable":true,"href":"https:\/\/agora.xtec.cat\/ceipespriu-granollers\/wp-json\/wp\/v2\/comments?post=34"}],"version-history":[{"count":4,"href":"https:\/\/agora.xtec.cat\/ceipespriu-granollers\/wp-json\/wp\/v2\/pages\/34\/revisions"}],"predecessor-version":[{"id":5216,"href":"https:\/\/agora.xtec.cat\/ceipespriu-granollers\/wp-json\/wp\/v2\/pages\/34\/revisions\/5216"}],"up":[{"embeddable":true,"href":"https:\/\/agora.xtec.cat\/ceipespriu-granollers\/wp-json\/wp\/v2\/pages\/22"}],"wp:attachment":[{"href":"https:\/\/agora.xtec.cat\/ceipespriu-granollers\/wp-json\/wp\/v2\/media?parent=34"}],"curies":[{"name":"wp","href":"https:\/\/api.w.org\/{rel}","templated":true}]}}