{"id":2852,"date":"2022-05-25T10:55:02","date_gmt":"2022-05-25T08:55:02","guid":{"rendered":"https:\/\/agora.xtec.cat\/ceipespriu-granollers\/?page_id=2852"},"modified":"2023-05-15T12:48:03","modified_gmt":"2023-05-15T10:48:03","slug":"comunicacio","status":"publish","type":"page","link":"https:\/\/agora.xtec.cat\/ceipespriu-granollers\/estrategia-digital-de-centre\/cultura-digital\/comunicacio\/","title":{"rendered":"Comunicaci\u00f3"},"content":{"rendered":"<div style=\"display: flex; background-color: #0eb1ff; font-size: 24pt; height: 40pt; justify-content: center; margin-top: 4pt; margin-bottom: 4 pt; color: white!important;\">\n<p>PORTAL WEB<\/p>\n<\/div>\n<p>&nbsp;<\/p>\n<p>El centre disposa d\u2019un web amb la informaci\u00f3 p\u00fablica. S\u2019hi poden trobar informacions est\u00e0tiques,<img loading=\"lazy\" decoding=\"async\" class=\"alignright size-medium wp-image-9488\" src=\"https:\/\/projectes.xtec.cat\/edc-suport\/wp-content\/uploads\/usu2435\/2021\/12\/nodes-300x173.png\" sizes=\"auto, (max-width: 300px) 100vw, 300px\" srcset=\"https:\/\/projectes.xtec.cat\/edc-suport\/wp-content\/uploads\/usu2435\/2021\/12\/nodes-300x173.png 300w, https:\/\/projectes.xtec.cat\/edc-suport\/wp-content\/uploads\/usu2435\/2021\/12\/nodes.png 580w\" alt=\"\" width=\"300\" height=\"173\" \/>\u00a0que es revisen\u00a0peri\u00f2dicament (documentaci\u00f3, claustre, dates del curs, etc.) i articles din\u00e0mics sobre el que va succeint al centre dia a dia.<\/p>\n<p>Aquest web est\u00e0 realitzat aprofitant el servei nodes que ofereix el Departament d\u2019Educaci\u00f3.<\/p>\n<p>&nbsp;<\/p>\n<p>Per fer-ne l\u2019actualitzaci\u00f3 se segueix el seg\u00fcent procediment:<\/p>\n<p><a href=\"https:\/\/drive.google.com\/file\/d\/10od7fdIBU4VQQRPY8f7wpFKxG93WKQlo\/view?usp=sharing\" target=\"_blank\" rel=\"noopener\">Actualitzaci\u00f3 del web del centre<\/a><\/p>\n<p>&nbsp;<\/p>\n<p>&nbsp;<\/p>\n<div style=\"display: flex; background-color: #0eb1ff; font-size: 24pt; height: 40pt; justify-content: center; margin-top: 4pt; margin-bottom: 4 pt; color: white!important;\">\n<p>COMUNICACIONS AMB LES FAM\u00cdLIES<\/p>\n<\/div>\n<p>&nbsp;<\/p>\n<p>Totes les informacions amb les fam\u00edlies es realitzaran per un dels seg\u00fcents canals:<\/p>\n<ul>\n<li>per correu electr\u00f2nic, exclusivament amb l\u2019adre\u00e7a que el centre ha subministrat a cada fam\u00edlia.<\/li>\n<li>per tel\u00e8fon, als indicats per la fam\u00edlia en els fulls de renovaci\u00f3 de matr\u00edcula.<\/li>\n<li>per videotrucada, exclusivament amb l\u2019adre\u00e7a que el centre ha subministrat a cada fam\u00edlia.<\/li>\n<li>en persona, amb cita pr\u00e8via.<\/li>\n<\/ul>\n","protected":false},"excerpt":{"rendered":"<p>PORTAL WEB &nbsp; El centre disposa d\u2019un web amb la informaci\u00f3 p\u00fablica. S\u2019hi poden trobar informacions est\u00e0tiques,\u00a0que es revisen\u00a0peri\u00f2dicament (documentaci\u00f3, claustre, dates del curs, etc.) i articles din\u00e0mics sobre el que va succeint al centre dia a dia. Aquest web est\u00e0 realitzat aprofitant el servei nodes que ofereix el Departament d\u2019Educaci\u00f3. &nbsp; Per fer-ne l\u2019actualitzaci\u00f3 [&hellip;]<\/p>\n","protected":false},"author":1,"featured_media":0,"parent":2835,"menu_order":3,"comment_status":"closed","ping_status":"closed","template":"page-templates\/side-menu.php","meta":{"_bbp_topic_count":0,"_bbp_reply_count":0,"_bbp_total_topic_count":0,"_bbp_total_reply_count":0,"_bbp_voice_count":0,"_bbp_anonymous_reply_count":0,"_bbp_topic_count_hidden":0,"_bbp_reply_count_hidden":0,"_bbp_forum_subforum_count":0,"site-sidebar-layout":"default","site-content-layout":"","ast-site-content-layout":"","site-content-style":"default","site-sidebar-style":"default","ast-global-header-display":"","ast-banner-title-visibility":"","ast-main-header-display":"","ast-hfb-above-header-display":"","ast-hfb-below-header-display":"","ast-hfb-mobile-header-display":"","site-post-title":"","ast-breadcrumbs-content":"","ast-featured-img":"","footer-sml-layout":"","theme-transparent-header-meta":"","adv-header-id-meta":"","stick-header-meta":"","header-above-stick-meta":"","header-main-stick-meta":"","header-below-stick-meta":"","astra-migrate-meta-layouts":"default","ast-page-background-enabled":"default","ast-page-background-meta":{"desktop":{"background-color":"var(--ast-global-color-4)","background-image":"","background-repeat":"repeat","background-position":"center center","background-size":"auto","background-attachment":"scroll","background-type":"","background-media":"","overlay-type":"","overlay-color":"","overlay-opacity":"","overlay-gradient":""},"tablet":{"background-color":"","background-image":"","background-repeat":"repeat","background-position":"center center","background-size":"auto","background-attachment":"scroll","background-type":"","background-media":"","overlay-type":"","overlay-color":"","overlay-opacity":"","overlay-gradient":""},"mobile":{"background-color":"","background-image":"","background-repeat":"repeat","background-position":"center center","background-size":"auto","background-attachment":"scroll","background-type":"","background-media":"","overlay-type":"","overlay-color":"","overlay-opacity":"","overlay-gradient":""}},"ast-content-background-meta":{"desktop":{"background-color":"var(--ast-global-color-5)","background-image":"","background-repeat":"repeat","background-position":"center center","background-size":"auto","background-attachment":"scroll","background-type":"","background-media":"","overlay-type":"","overlay-color":"","overlay-opacity":"","overlay-gradient":""},"tablet":{"background-color":"var(--ast-global-color-5)","background-image":"","background-repeat":"repeat","background-position":"center center","background-size":"auto","background-attachment":"scroll","background-type":"","background-media":"","overlay-type":"","overlay-color":"","overlay-opacity":"","overlay-gradient":""},"mobile":{"background-color":"var(--ast-global-color-5)","background-image":"","background-repeat":"repeat","background-position":"center center","background-size":"auto","background-attachment":"scroll","background-type":"","background-media":"","overlay-type":"","overlay-color":"","overlay-opacity":"","overlay-gradient":""}},"footnotes":""},"class_list":["post-2852","page","type-page","status-publish","hentry"],"post_mailing_queue_ids":[],"_links":{"self":[{"href":"https:\/\/agora.xtec.cat\/ceipespriu-granollers\/wp-json\/wp\/v2\/pages\/2852","targetHints":{"allow":["GET"]}}],"collection":[{"href":"https:\/\/agora.xtec.cat\/ceipespriu-granollers\/wp-json\/wp\/v2\/pages"}],"about":[{"href":"https:\/\/agora.xtec.cat\/ceipespriu-granollers\/wp-json\/wp\/v2\/types\/page"}],"author":[{"embeddable":true,"href":"https:\/\/agora.xtec.cat\/ceipespriu-granollers\/wp-json\/wp\/v2\/users\/1"}],"replies":[{"embeddable":true,"href":"https:\/\/agora.xtec.cat\/ceipespriu-granollers\/wp-json\/wp\/v2\/comments?post=2852"}],"version-history":[{"count":3,"href":"https:\/\/agora.xtec.cat\/ceipespriu-granollers\/wp-json\/wp\/v2\/pages\/2852\/revisions"}],"predecessor-version":[{"id":4982,"href":"https:\/\/agora.xtec.cat\/ceipespriu-granollers\/wp-json\/wp\/v2\/pages\/2852\/revisions\/4982"}],"up":[{"embeddable":true,"href":"https:\/\/agora.xtec.cat\/ceipespriu-granollers\/wp-json\/wp\/v2\/pages\/2835"}],"wp:attachment":[{"href":"https:\/\/agora.xtec.cat\/ceipespriu-granollers\/wp-json\/wp\/v2\/media?parent=2852"}],"curies":[{"name":"wp","href":"https:\/\/api.w.org\/{rel}","templated":true}]}}