{"id":2844,"date":"2022-05-25T10:48:09","date_gmt":"2022-05-25T08:48:09","guid":{"rendered":"https:\/\/agora.xtec.cat\/ceipespriu-granollers\/?page_id=2844"},"modified":"2023-05-15T13:35:56","modified_gmt":"2023-05-15T11:35:56","slug":"documentacio-basica","status":"publish","type":"page","link":"https:\/\/agora.xtec.cat\/ceipespriu-granollers\/estrategia-digital-de-centre\/cultura-digital\/documentacio-basica\/","title":{"rendered":"Documentaci\u00f3 b\u00e0sica"},"content":{"rendered":"<p>La cultura digital apareix en pr\u00e0cticament tots els documents b\u00e0sics del centre. A continuaci\u00f3 es remarquen els aspectes m\u00e9s importants de cada un d\u2019ells.<\/p>\n<div style=\"display: flex; background-color: #0eb1ff; font-size: 24pt; height: 40pt; justify-content: center; margin-top: 4pt; margin-bottom: 4 pt; color: white!important;\">\n<p>PEC<\/p>\n<\/div>\n<p>&nbsp;<\/p>\n<p>B\u00e0sicament, podem concretar el seg\u00fcent:<\/p>\n<ul>\n<li>Tenint en compte que <em>&#8220;Des de llavors [any 1989], la creaci\u00f3 de la 1\u00aa aula d\u2019inform\u00e0tica i l\u2019\u00fas dels ordinadors per part de l\u2019alumnat i del professorat, tant per a tasques de preparaci\u00f3 com de comunicaci\u00f3 interna i externa&#8221;, <\/em>la Cultura Digital al centre <em>&#8220;ha estat un objectiu prioritari&#8221;<\/em>.<\/li>\n<li>L\u2019objectiu del PEC referent a la cultura digital \u00e9s<em> \u201carribar al pensament computacional: recollida, an\u00e0lisi i interpretaci\u00f3 de dades, fins a arribar a la iniciaci\u00f3 a la programaci\u00f3 o a la rob\u00f2tica.\u201d<\/em><\/li>\n<li>La comunicaci\u00f3 \u00e9s vital i <em>&#8220;considerem idoni fer servir les TIC&#8217;s com un mitj\u00e0 de comunicaci\u00f3 amb les fam\u00edlies, tant des de l\u2019escola com des de l\u2019AFA&#8221;.<\/em><\/li>\n<\/ul>\n<div style=\"display: flex; background-color: #0eb1ff; font-size: 24pt; height: 40pt; justify-content: center; margin-top: 4pt; margin-bottom: 4 pt; color: white!important;\">\n<p>NOFC<\/p>\n<\/div>\n<p>B\u00e0sicament apareix en quatre apartats:<\/p>\n<ul class=\"n8H08c UVNKR\">\n<li class=\"TYR86d wXCUfe zfr3Q\" dir=\"ltr\">\n<p class=\"CDt4Ke zfr3Q\" dir=\"ltr\">Detalla les funcions del coordinador digital del centre i de la comissi\u00f3 digital del centre. En el seg\u00fcent enlla\u00e7 es poden consultar.<\/p>\n<\/li>\n<li class=\"TYR86d wXCUfe zfr3Q\" dir=\"ltr\">\n<p class=\"CDt4Ke zfr3Q\" dir=\"ltr\">Es detalla el projecte digital com a projecte d\u2019innovaci\u00f3 de centre.<\/p>\n<\/li>\n<li class=\"TYR86d wXCUfe zfr3Q\" dir=\"ltr\">\n<p class=\"CDt4Ke zfr3Q\" dir=\"ltr\">Es designa la cultura digital com a \u00e0mbit prioritari de formaci\u00f3 del professorat.<\/p>\n<\/li>\n<li class=\"TYR86d wXCUfe zfr3Q\" dir=\"ltr\">\n<p class=\"CDt4Ke zfr3Q\" dir=\"ltr\">S\u2019introduir\u00e0 en la normativa de conviv\u00e8ncia, especialment pel que fa als m\u00f2bils i ordinadors port\u00e0tils.<\/p>\n<\/li>\n<\/ul>\n","protected":false},"excerpt":{"rendered":"<p>La cultura digital apareix en pr\u00e0cticament tots els documents b\u00e0sics del centre. A continuaci\u00f3 es remarquen els aspectes m\u00e9s importants de cada un d\u2019ells. PEC &nbsp; B\u00e0sicament, podem concretar el seg\u00fcent: Tenint en compte que &#8220;Des de llavors [any 1989], la creaci\u00f3 de la 1\u00aa aula d\u2019inform\u00e0tica i l\u2019\u00fas dels ordinadors per part de l\u2019alumnat [&hellip;]<\/p>\n","protected":false},"author":1,"featured_media":0,"parent":2835,"menu_order":1,"comment_status":"closed","ping_status":"closed","template":"page-templates\/side-menu.php","meta":{"_bbp_topic_count":0,"_bbp_reply_count":0,"_bbp_total_topic_count":0,"_bbp_total_reply_count":0,"_bbp_voice_count":0,"_bbp_anonymous_reply_count":0,"_bbp_topic_count_hidden":0,"_bbp_reply_count_hidden":0,"_bbp_forum_subforum_count":0,"site-sidebar-layout":"default","site-content-layout":"","ast-site-content-layout":"","site-content-style":"default","site-sidebar-style":"default","ast-global-header-display":"","ast-banner-title-visibility":"","ast-main-header-display":"","ast-hfb-above-header-display":"","ast-hfb-below-header-display":"","ast-hfb-mobile-header-display":"","site-post-title":"","ast-breadcrumbs-content":"","ast-featured-img":"","footer-sml-layout":"","theme-transparent-header-meta":"","adv-header-id-meta":"","stick-header-meta":"","header-above-stick-meta":"","header-main-stick-meta":"","header-below-stick-meta":"","astra-migrate-meta-layouts":"default","ast-page-background-enabled":"default","ast-page-background-meta":{"desktop":{"background-color":"var(--ast-global-color-4)","background-image":"","background-repeat":"repeat","background-position":"center center","background-size":"auto","background-attachment":"scroll","background-type":"","background-media":"","overlay-type":"","overlay-color":"","overlay-opacity":"","overlay-gradient":""},"tablet":{"background-color":"","background-image":"","background-repeat":"repeat","background-position":"center center","background-size":"auto","background-attachment":"scroll","background-type":"","background-media":"","overlay-type":"","overlay-color":"","overlay-opacity":"","overlay-gradient":""},"mobile":{"background-color":"","background-image":"","background-repeat":"repeat","background-position":"center center","background-size":"auto","background-attachment":"scroll","background-type":"","background-media":"","overlay-type":"","overlay-color":"","overlay-opacity":"","overlay-gradient":""}},"ast-content-background-meta":{"desktop":{"background-color":"var(--ast-global-color-5)","background-image":"","background-repeat":"repeat","background-position":"center center","background-size":"auto","background-attachment":"scroll","background-type":"","background-media":"","overlay-type":"","overlay-color":"","overlay-opacity":"","overlay-gradient":""},"tablet":{"background-color":"var(--ast-global-color-5)","background-image":"","background-repeat":"repeat","background-position":"center center","background-size":"auto","background-attachment":"scroll","background-type":"","background-media":"","overlay-type":"","overlay-color":"","overlay-opacity":"","overlay-gradient":""},"mobile":{"background-color":"var(--ast-global-color-5)","background-image":"","background-repeat":"repeat","background-position":"center center","background-size":"auto","background-attachment":"scroll","background-type":"","background-media":"","overlay-type":"","overlay-color":"","overlay-opacity":"","overlay-gradient":""}},"footnotes":""},"class_list":["post-2844","page","type-page","status-publish","hentry"],"post_mailing_queue_ids":[],"_links":{"self":[{"href":"https:\/\/agora.xtec.cat\/ceipespriu-granollers\/wp-json\/wp\/v2\/pages\/2844","targetHints":{"allow":["GET"]}}],"collection":[{"href":"https:\/\/agora.xtec.cat\/ceipespriu-granollers\/wp-json\/wp\/v2\/pages"}],"about":[{"href":"https:\/\/agora.xtec.cat\/ceipespriu-granollers\/wp-json\/wp\/v2\/types\/page"}],"author":[{"embeddable":true,"href":"https:\/\/agora.xtec.cat\/ceipespriu-granollers\/wp-json\/wp\/v2\/users\/1"}],"replies":[{"embeddable":true,"href":"https:\/\/agora.xtec.cat\/ceipespriu-granollers\/wp-json\/wp\/v2\/comments?post=2844"}],"version-history":[{"count":3,"href":"https:\/\/agora.xtec.cat\/ceipespriu-granollers\/wp-json\/wp\/v2\/pages\/2844\/revisions"}],"predecessor-version":[{"id":4988,"href":"https:\/\/agora.xtec.cat\/ceipespriu-granollers\/wp-json\/wp\/v2\/pages\/2844\/revisions\/4988"}],"up":[{"embeddable":true,"href":"https:\/\/agora.xtec.cat\/ceipespriu-granollers\/wp-json\/wp\/v2\/pages\/2835"}],"wp:attachment":[{"href":"https:\/\/agora.xtec.cat\/ceipespriu-granollers\/wp-json\/wp\/v2\/media?parent=2844"}],"curies":[{"name":"wp","href":"https:\/\/api.w.org\/{rel}","templated":true}]}}