{"id":84,"date":"2014-09-18T14:11:31","date_gmt":"2014-09-18T13:11:31","guid":{"rendered":"http:\/\/agora.xtec.cat\/ceipescursell-ripollet\/?page_id=84"},"modified":"2025-12-17T16:57:07","modified_gmt":"2025-12-17T15:57:07","slug":"activitats-extraescolars","status":"publish","type":"page","link":"https:\/\/agora.xtec.cat\/ceipescursell-ripollet\/serveis\/ampa\/activitats-extraescolars\/","title":{"rendered":"Activitats extraescolars"},"content":{"rendered":"<p data-start=\"114\" data-end=\"416\">L\u2019esport escolar est\u00e0 organitzat pel <strong data-start=\"151\" data-end=\"183\">Patronat Municipal d\u2019Esports<\/strong>, amb la col\u00b7laboraci\u00f3 de l\u2019<strong data-start=\"211\" data-end=\"231\">AMPA de l\u2019escola<\/strong>, i es desenvolupa principalment a les instal\u00b7lacions del centre. Algunes activitats tamb\u00e9 es duen a terme al <strong data-start=\"341\" data-end=\"357\">poliesportiu<\/strong> o al <strong data-start=\"363\" data-end=\"384\">pavell\u00f3 municipal<\/strong>, segons la modalitat esportiva.<\/p>\n<p data-start=\"114\" data-end=\"416\">L\u2019oferta d\u2019activitats esportives inclou:<\/p>\n<ul>\n<li data-start=\"418\" data-end=\"458\"><strong data-start=\"462\" data-end=\"477\">Futbol sala<\/strong> i <strong data-start=\"480\" data-end=\"491\">b\u00e0squet<\/strong>, amb participaci\u00f3 a les lligues escolars.<\/li>\n<li data-start=\"418\" data-end=\"458\"><strong data-start=\"536\" data-end=\"546\">Tennis<\/strong><\/li>\n<li data-start=\"418\" data-end=\"458\"><strong data-start=\"549\" data-end=\"565\">Tennis taula<\/strong><\/li>\n<li data-start=\"418\" data-end=\"458\"><strong data-start=\"568\" data-end=\"581\">Patinatge<\/strong><\/li>\n<\/ul>\n<p data-start=\"638\" data-end=\"824\">Aquestes activitats fomenten l\u2019h\u00e0bit esportiu, el treball en equip i els valors de l\u2019esport, afavorint el desenvolupament f\u00edsic i personal de l\u2019alumnat en un entorn educatiu i saludable.<\/p>\n<p data-start=\"638\" data-end=\"824\">A m\u00e9s a l&#8217;escola tamb\u00e9 poden fer una extraescolar de<strong> Rob\u00f2tica i Programaci\u00f3<\/strong> de forma gratu\u00efta.<\/p>\n","protected":false},"excerpt":{"rendered":"<p>L\u2019esport escolar est\u00e0 organitzat pel Patronat Municipal d\u2019Esports, amb la col\u00b7laboraci\u00f3 de l\u2019AMPA de l\u2019escola, i es desenvolupa principalment a les instal\u00b7lacions del centre. Algunes activitats tamb\u00e9 es duen a terme al poliesportiu o al pavell\u00f3 municipal, segons la modalitat esportiva. L\u2019oferta d\u2019activitats esportives inclou: Futbol sala i b\u00e0squet, amb participaci\u00f3 a les lligues escolars. [&hellip;]<\/p>\n","protected":false},"author":1,"featured_media":0,"parent":2752,"menu_order":4,"comment_status":"closed","ping_status":"closed","template":"","meta":{"_bbp_topic_count":0,"_bbp_reply_count":0,"_bbp_total_topic_count":0,"_bbp_total_reply_count":0,"_bbp_voice_count":0,"_bbp_anonymous_reply_count":0,"_bbp_topic_count_hidden":0,"_bbp_reply_count_hidden":0,"_bbp_forum_subforum_count":0,"site-sidebar-layout":"default","site-content-layout":"","ast-site-content-layout":"default","site-content-style":"default","site-sidebar-style":"default","ast-global-header-display":"","ast-banner-title-visibility":"","ast-main-header-display":"","ast-hfb-above-header-display":"","ast-hfb-below-header-display":"","ast-hfb-mobile-header-display":"","site-post-title":"","ast-breadcrumbs-content":"","ast-featured-img":"","footer-sml-layout":"","theme-transparent-header-meta":"","adv-header-id-meta":"","stick-header-meta":"","header-above-stick-meta":"","header-main-stick-meta":"","header-below-stick-meta":"","astra-migrate-meta-layouts":"set","ast-page-background-enabled":"default","ast-page-background-meta":{"desktop":{"background-color":"var(--ast-global-color-5)","background-image":"","background-repeat":"repeat","background-position":"center center","background-size":"auto","background-attachment":"scroll","background-type":"","background-media":"","overlay-type":"","overlay-color":"","overlay-opacity":"","overlay-gradient":""},"tablet":{"background-color":"","background-image":"","background-repeat":"repeat","background-position":"center center","background-size":"auto","background-attachment":"scroll","background-type":"","background-media":"","overlay-type":"","overlay-color":"","overlay-opacity":"","overlay-gradient":""},"mobile":{"background-color":"","background-image":"","background-repeat":"repeat","background-position":"center center","background-size":"auto","background-attachment":"scroll","background-type":"","background-media":"","overlay-type":"","overlay-color":"","overlay-opacity":"","overlay-gradient":""}},"ast-content-background-meta":{"desktop":{"background-color":"var(--ast-global-color-4)","background-image":"","background-repeat":"repeat","background-position":"center center","background-size":"auto","background-attachment":"scroll","background-type":"","background-media":"","overlay-type":"","overlay-color":"","overlay-opacity":"","overlay-gradient":""},"tablet":{"background-color":"var(--ast-global-color-4)","background-image":"","background-repeat":"repeat","background-position":"center center","background-size":"auto","background-attachment":"scroll","background-type":"","background-media":"","overlay-type":"","overlay-color":"","overlay-opacity":"","overlay-gradient":""},"mobile":{"background-color":"var(--ast-global-color-4)","background-image":"","background-repeat":"repeat","background-position":"center center","background-size":"auto","background-attachment":"scroll","background-type":"","background-media":"","overlay-type":"","overlay-color":"","overlay-opacity":"","overlay-gradient":""}},"footnotes":""},"class_list":["post-84","page","type-page","status-publish","hentry"],"post_mailing_queue_ids":[],"_links":{"self":[{"href":"https:\/\/agora.xtec.cat\/ceipescursell-ripollet\/wp-json\/wp\/v2\/pages\/84","targetHints":{"allow":["GET"]}}],"collection":[{"href":"https:\/\/agora.xtec.cat\/ceipescursell-ripollet\/wp-json\/wp\/v2\/pages"}],"about":[{"href":"https:\/\/agora.xtec.cat\/ceipescursell-ripollet\/wp-json\/wp\/v2\/types\/page"}],"author":[{"embeddable":true,"href":"https:\/\/agora.xtec.cat\/ceipescursell-ripollet\/wp-json\/wp\/v2\/users\/1"}],"replies":[{"embeddable":true,"href":"https:\/\/agora.xtec.cat\/ceipescursell-ripollet\/wp-json\/wp\/v2\/comments?post=84"}],"version-history":[{"count":5,"href":"https:\/\/agora.xtec.cat\/ceipescursell-ripollet\/wp-json\/wp\/v2\/pages\/84\/revisions"}],"predecessor-version":[{"id":3316,"href":"https:\/\/agora.xtec.cat\/ceipescursell-ripollet\/wp-json\/wp\/v2\/pages\/84\/revisions\/3316"}],"up":[{"embeddable":true,"href":"https:\/\/agora.xtec.cat\/ceipescursell-ripollet\/wp-json\/wp\/v2\/pages\/2752"}],"wp:attachment":[{"href":"https:\/\/agora.xtec.cat\/ceipescursell-ripollet\/wp-json\/wp\/v2\/media?parent=84"}],"curies":[{"name":"wp","href":"https:\/\/api.w.org\/{rel}","templated":true}]}}