{"id":791,"date":"2018-01-12T16:17:23","date_gmt":"2018-01-12T15:17:23","guid":{"rendered":"http:\/\/agora.xtec.cat\/ceipescursell-ripollet\/?page_id=791"},"modified":"2026-04-17T10:30:16","modified_gmt":"2026-04-17T08:30:16","slug":"apadrinament-lector","status":"publish","type":"page","link":"https:\/\/agora.xtec.cat\/ceipescursell-ripollet\/documentacio-de-centre\/apadrinament-lector\/","title":{"rendered":"Xarxa de Compet\u00e8ncia Lectora"},"content":{"rendered":"\n<p class=\"isSelectedEnd\">Durant els cursos 2024-2025 i 2025-2026, el nostre centre participa en la <strong>Xarxa de Compet\u00e8ncia Lectora<\/strong>, una iniciativa orientada a la millora de les habilitats lectores de l\u2019alumnat i a la consolidaci\u00f3 d\u2019una cultura lectora compartida.<\/p>\n\n\n\n<p class=\"isSelectedEnd\">En el marc d\u2019aquest projecte, dues mestres del centre formen part activa de la xarxa i assumeixen el rol de grup impulsor. Alhora, actuen com a formadores dins del claustre, compartint els coneixements, recursos i estrat\u00e8gies adquirides amb la resta de docents per tal d\u2019afavorir una pr\u00e0ctica educativa coherent i enriquidora.<\/p>\n\n\n\n<p class=\"isSelectedEnd\">Els principals objectius d\u2019aquesta participaci\u00f3 s\u00f3n:<\/p>\n\n\n\n<ul class=\"wp-block-list\">\n<li>Millorar la comprensi\u00f3 lectora de l\u2019alumnat mitjan\u00e7ant l\u2019intercanvi de bones pr\u00e0ctiques educatives.<\/li>\n\n\n\n<li>Fomentar el gust per la lectura i potenciar l\u2019autonomia lectora dels infants.<\/li>\n\n\n\n<li>Promoure l\u2019\u00fas i l\u2019actualitzaci\u00f3 de les biblioteques escolars com a eina clau d\u2019aprenentatge.<\/li>\n\n\n\n<li>Contribuir a la construcci\u00f3 i sistematitzaci\u00f3 del PLEC (Pla de Lectura de Centre).<\/li>\n\n\n\n<li>Reflexionar sobre els diferents \u00e0mbits de la compet\u00e8ncia lectora: saber llegir, llegir per aprendre i gaudir de la lectura.<\/li>\n<\/ul>\n\n\n\n<p>Aquesta participaci\u00f3 ens permet avan\u00e7ar cap a una escola m\u00e9s compromesa amb el desenvolupament integral de l\u2019alumnat, on la lectura esdev\u00e9 una eina fonamental per a l\u2019aprenentatge i el creixement personal.<\/p>\n\n\n\n<div class=\"wp-block-columns is-layout-flex wp-container-core-columns-is-layout-1 wp-block-columns-is-layout-flex\" style=\"padding-top:0;padding-bottom:var(--wp--preset--spacing--50)\">\n<div class=\"wp-block-column is-layout-flow wp-block-column-is-layout-flow\">\n<figure class=\"wp-block-image size-large\"><a href=\"https:\/\/agora.xtec.cat\/ceipescursell-ripollet\/wp-content\/uploads\/usu1663\/2026\/04\/IMG_0416-1-scaled.jpg\"><img loading=\"lazy\" decoding=\"async\" width=\"1024\" height=\"768\" src=\"https:\/\/agora.xtec.cat\/ceipescursell-ripollet\/wp-content\/uploads\/usu1663\/2026\/04\/IMG_0416-1-1024x768.jpg\" alt=\"\" class=\"wp-image-4337\" srcset=\"https:\/\/agora.xtec.cat\/ceipescursell-ripollet\/wp-content\/uploads\/usu1663\/2026\/04\/IMG_0416-1-1024x768.jpg 1024w, https:\/\/agora.xtec.cat\/ceipescursell-ripollet\/wp-content\/uploads\/usu1663\/2026\/04\/IMG_0416-1-300x225.jpg 300w, https:\/\/agora.xtec.cat\/ceipescursell-ripollet\/wp-content\/uploads\/usu1663\/2026\/04\/IMG_0416-1-768x576.jpg 768w, https:\/\/agora.xtec.cat\/ceipescursell-ripollet\/wp-content\/uploads\/usu1663\/2026\/04\/IMG_0416-1-1536x1152.jpg 1536w, https:\/\/agora.xtec.cat\/ceipescursell-ripollet\/wp-content\/uploads\/usu1663\/2026\/04\/IMG_0416-1-2048x1536.jpg 2048w\" sizes=\"auto, (max-width: 1024px) 100vw, 1024px\" \/><\/a><\/figure>\n<\/div>\n\n\n\n<div class=\"wp-block-column is-layout-flow wp-block-column-is-layout-flow\">\n<figure class=\"wp-block-image size-large\"><a href=\"https:\/\/agora.xtec.cat\/ceipescursell-ripollet\/wp-content\/uploads\/usu1663\/2026\/04\/IMG_0413-scaled.jpg\"><img loading=\"lazy\" decoding=\"async\" width=\"1024\" height=\"768\" src=\"https:\/\/agora.xtec.cat\/ceipescursell-ripollet\/wp-content\/uploads\/usu1663\/2026\/04\/IMG_0413-1024x768.jpg\" alt=\"\" class=\"wp-image-4338\" srcset=\"https:\/\/agora.xtec.cat\/ceipescursell-ripollet\/wp-content\/uploads\/usu1663\/2026\/04\/IMG_0413-1024x768.jpg 1024w, https:\/\/agora.xtec.cat\/ceipescursell-ripollet\/wp-content\/uploads\/usu1663\/2026\/04\/IMG_0413-300x225.jpg 300w, https:\/\/agora.xtec.cat\/ceipescursell-ripollet\/wp-content\/uploads\/usu1663\/2026\/04\/IMG_0413-768x576.jpg 768w, https:\/\/agora.xtec.cat\/ceipescursell-ripollet\/wp-content\/uploads\/usu1663\/2026\/04\/IMG_0413-1536x1152.jpg 1536w, https:\/\/agora.xtec.cat\/ceipescursell-ripollet\/wp-content\/uploads\/usu1663\/2026\/04\/IMG_0413-2048x1536.jpg 2048w\" sizes=\"auto, (max-width: 1024px) 100vw, 1024px\" \/><\/a><\/figure>\n<\/div>\n\n\n\n<div class=\"wp-block-column is-layout-flow wp-block-column-is-layout-flow\">\n<figure class=\"wp-block-image size-large\"><a href=\"https:\/\/agora.xtec.cat\/ceipescursell-ripollet\/wp-content\/uploads\/usu1663\/2026\/04\/IMG_0410-scaled.jpg\"><img loading=\"lazy\" decoding=\"async\" width=\"1024\" height=\"768\" src=\"https:\/\/agora.xtec.cat\/ceipescursell-ripollet\/wp-content\/uploads\/usu1663\/2026\/04\/IMG_0410-1024x768.jpg\" alt=\"\" class=\"wp-image-4339\" srcset=\"https:\/\/agora.xtec.cat\/ceipescursell-ripollet\/wp-content\/uploads\/usu1663\/2026\/04\/IMG_0410-1024x768.jpg 1024w, https:\/\/agora.xtec.cat\/ceipescursell-ripollet\/wp-content\/uploads\/usu1663\/2026\/04\/IMG_0410-300x225.jpg 300w, https:\/\/agora.xtec.cat\/ceipescursell-ripollet\/wp-content\/uploads\/usu1663\/2026\/04\/IMG_0410-768x576.jpg 768w, https:\/\/agora.xtec.cat\/ceipescursell-ripollet\/wp-content\/uploads\/usu1663\/2026\/04\/IMG_0410-1536x1152.jpg 1536w, https:\/\/agora.xtec.cat\/ceipescursell-ripollet\/wp-content\/uploads\/usu1663\/2026\/04\/IMG_0410-2048x1536.jpg 2048w\" sizes=\"auto, (max-width: 1024px) 100vw, 1024px\" \/><\/a><\/figure>\n<\/div>\n<\/div>\n\n\n\n<figure class=\"wp-block-image aligncenter size-full is-resized\"><a href=\"https:\/\/agora.xtec.cat\/ceipescursell-ripollet\/wp-content\/uploads\/usu1663\/2026\/04\/image.png\"><img loading=\"lazy\" decoding=\"async\" width=\"924\" height=\"298\" src=\"https:\/\/agora.xtec.cat\/ceipescursell-ripollet\/wp-content\/uploads\/usu1663\/2026\/04\/image.png\" alt=\"\" class=\"wp-image-4341\" style=\"width:260px;height:auto\" srcset=\"https:\/\/agora.xtec.cat\/ceipescursell-ripollet\/wp-content\/uploads\/usu1663\/2026\/04\/image.png 924w, https:\/\/agora.xtec.cat\/ceipescursell-ripollet\/wp-content\/uploads\/usu1663\/2026\/04\/image-300x97.png 300w, https:\/\/agora.xtec.cat\/ceipescursell-ripollet\/wp-content\/uploads\/usu1663\/2026\/04\/image-768x248.png 768w\" sizes=\"auto, (max-width: 924px) 100vw, 924px\" \/><\/a><\/figure>\n\n\n\n<p><\/p>\n","protected":false},"excerpt":{"rendered":"<p>Durant els cursos 2024-2025 i 2025-2026, el nostre centre participa en la Xarxa de Compet\u00e8ncia Lectora, una iniciativa orientada a la millora de les habilitats lectores de l\u2019alumnat i a la consolidaci\u00f3 d\u2019una cultura lectora compartida. En el marc d\u2019aquest projecte, dues mestres del centre formen part activa de la xarxa i assumeixen el rol [&hellip;]<\/p>\n","protected":false},"author":1,"featured_media":0,"parent":2364,"menu_order":12,"comment_status":"closed","ping_status":"closed","template":"","meta":{"_bbp_topic_count":0,"_bbp_reply_count":0,"_bbp_total_topic_count":0,"_bbp_total_reply_count":0,"_bbp_voice_count":0,"_bbp_anonymous_reply_count":0,"_bbp_topic_count_hidden":0,"_bbp_reply_count_hidden":0,"_bbp_forum_subforum_count":0,"site-sidebar-layout":"default","site-content-layout":"","ast-site-content-layout":"default","site-content-style":"default","site-sidebar-style":"default","ast-global-header-display":"","ast-banner-title-visibility":"","ast-main-header-display":"","ast-hfb-above-header-display":"","ast-hfb-below-header-display":"","ast-hfb-mobile-header-display":"","site-post-title":"","ast-breadcrumbs-content":"","ast-featured-img":"","footer-sml-layout":"","theme-transparent-header-meta":"","adv-header-id-meta":"","stick-header-meta":"","header-above-stick-meta":"","header-main-stick-meta":"","header-below-stick-meta":"","astra-migrate-meta-layouts":"set","ast-page-background-enabled":"default","ast-page-background-meta":{"desktop":{"background-color":"var(--ast-global-color-5)","background-image":"","background-repeat":"repeat","background-position":"center center","background-size":"auto","background-attachment":"scroll","background-type":"","background-media":"","overlay-type":"","overlay-color":"","overlay-opacity":"","overlay-gradient":""},"tablet":{"background-color":"","background-image":"","background-repeat":"repeat","background-position":"center center","background-size":"auto","background-attachment":"scroll","background-type":"","background-media":"","overlay-type":"","overlay-color":"","overlay-opacity":"","overlay-gradient":""},"mobile":{"background-color":"","background-image":"","background-repeat":"repeat","background-position":"center center","background-size":"auto","background-attachment":"scroll","background-type":"","background-media":"","overlay-type":"","overlay-color":"","overlay-opacity":"","overlay-gradient":""}},"ast-content-background-meta":{"desktop":{"background-color":"var(--ast-global-color-4)","background-image":"","background-repeat":"repeat","background-position":"center center","background-size":"auto","background-attachment":"scroll","background-type":"","background-media":"","overlay-type":"","overlay-color":"","overlay-opacity":"","overlay-gradient":""},"tablet":{"background-color":"var(--ast-global-color-4)","background-image":"","background-repeat":"repeat","background-position":"center center","background-size":"auto","background-attachment":"scroll","background-type":"","background-media":"","overlay-type":"","overlay-color":"","overlay-opacity":"","overlay-gradient":""},"mobile":{"background-color":"var(--ast-global-color-4)","background-image":"","background-repeat":"repeat","background-position":"center center","background-size":"auto","background-attachment":"scroll","background-type":"","background-media":"","overlay-type":"","overlay-color":"","overlay-opacity":"","overlay-gradient":""}},"footnotes":""},"class_list":["post-791","page","type-page","status-publish","hentry"],"post_mailing_queue_ids":[],"_links":{"self":[{"href":"https:\/\/agora.xtec.cat\/ceipescursell-ripollet\/wp-json\/wp\/v2\/pages\/791","targetHints":{"allow":["GET"]}}],"collection":[{"href":"https:\/\/agora.xtec.cat\/ceipescursell-ripollet\/wp-json\/wp\/v2\/pages"}],"about":[{"href":"https:\/\/agora.xtec.cat\/ceipescursell-ripollet\/wp-json\/wp\/v2\/types\/page"}],"author":[{"embeddable":true,"href":"https:\/\/agora.xtec.cat\/ceipescursell-ripollet\/wp-json\/wp\/v2\/users\/1"}],"replies":[{"embeddable":true,"href":"https:\/\/agora.xtec.cat\/ceipescursell-ripollet\/wp-json\/wp\/v2\/comments?post=791"}],"version-history":[{"count":6,"href":"https:\/\/agora.xtec.cat\/ceipescursell-ripollet\/wp-json\/wp\/v2\/pages\/791\/revisions"}],"predecessor-version":[{"id":4348,"href":"https:\/\/agora.xtec.cat\/ceipescursell-ripollet\/wp-json\/wp\/v2\/pages\/791\/revisions\/4348"}],"up":[{"embeddable":true,"href":"https:\/\/agora.xtec.cat\/ceipescursell-ripollet\/wp-json\/wp\/v2\/pages\/2364"}],"wp:attachment":[{"href":"https:\/\/agora.xtec.cat\/ceipescursell-ripollet\/wp-json\/wp\/v2\/media?parent=791"}],"curies":[{"name":"wp","href":"https:\/\/api.w.org\/{rel}","templated":true}]}}