{"id":789,"date":"2018-01-12T16:16:59","date_gmt":"2018-01-12T15:16:59","guid":{"rendered":"http:\/\/agora.xtec.cat\/ceipescursell-ripollet\/?page_id=789"},"modified":"2026-03-05T16:55:18","modified_gmt":"2026-03-05T15:55:18","slug":"revista-de-lescola","status":"publish","type":"page","link":"https:\/\/agora.xtec.cat\/ceipescursell-ripollet\/documentacio-de-centre\/revista-de-lescola\/","title":{"rendered":"Documentaci\u00f3 Pedag\u00f2gica"},"content":{"rendered":"\n<p>Donem molta import\u00e0ncia a <strong>fer visible el proc\u00e9s d\u2019aprenentatge dels infants<\/strong>. Per aix\u00f2 elaborem <strong>documentacions pedag\u00f2giques<\/strong>, una eina que ens permet recollir, interpretar i compartir el que passa a l\u2019aula durant les diferents activitats i projectes.<\/p>\n\n\n\n<p>Les documentacions mostren com aprenen els nens i les nenes: quines preguntes es fan, quines estrat\u00e8gies utilitzen, com col\u00b7laboren entre ells i com van construint nous coneixements. A trav\u00e9s de fotografies, converses, produccions dels infants i petites explicacions, expliquem el proc\u00e9s que hi ha darrere de cada experi\u00e8ncia d\u2019aprenentatge.<\/p>\n\n\n\n<p>Aquestes documentacions formen part de la mirada pedag\u00f2gica del centre, ja que posen el focus en el desenvolupament de les compet\u00e8ncies i en els processos d\u2019aprenentatge m\u00e9s que en el resultat final. Ens permeten observar millor els interessos de l\u2019alumnat, reflexionar sobre la pr\u00e0ctica educativa i donar valor al cam\u00ed que fan els infants mentre aprenen.<\/p>\n\n\n\n<p>A m\u00e9s, les documentacions tamb\u00e9 s\u00f3n una manera de <strong>compartir amb les fam\u00edlies la vida a l\u2019escola<\/strong>, fent visible qu\u00e8 aprenen els infants i com ho fan. D\u2019aquesta manera, escola i fam\u00edlies poden acompanyar conjuntament el creixement i l\u2019aprenentatge dels nens i les nenes.<\/p>\n\n\n\n<p>De les documentacions que fem al llarg del curs sorgeix la nostra revista Macatula.<\/p>\n\n\n\n<figure class=\"wp-block-image aligncenter size-large is-resized\"><a href=\"https:\/\/www.canva.com\/design\/DAGEo-BUJXc\/GVdAeodMmsh-Ze3aclVenQ\/view?utm_content=DAGEo-BUJXc&amp;utm_campaign=designshare&amp;utm_medium=link2&amp;utm_source=uniquelinks&amp;utlId=hb672812f7b\"><img loading=\"lazy\" decoding=\"async\" width=\"1024\" height=\"565\" src=\"https:\/\/agora.xtec.cat\/ceipescursell-ripollet\/wp-content\/uploads\/usu1663\/2026\/03\/image-1024x565.png\" alt=\"\" class=\"wp-image-4219\" style=\"width:551px;height:auto\" srcset=\"https:\/\/agora.xtec.cat\/ceipescursell-ripollet\/wp-content\/uploads\/usu1663\/2026\/03\/image-1024x565.png 1024w, https:\/\/agora.xtec.cat\/ceipescursell-ripollet\/wp-content\/uploads\/usu1663\/2026\/03\/image-300x165.png 300w, https:\/\/agora.xtec.cat\/ceipescursell-ripollet\/wp-content\/uploads\/usu1663\/2026\/03\/image-768x424.png 768w, https:\/\/agora.xtec.cat\/ceipescursell-ripollet\/wp-content\/uploads\/usu1663\/2026\/03\/image-1536x847.png 1536w, https:\/\/agora.xtec.cat\/ceipescursell-ripollet\/wp-content\/uploads\/usu1663\/2026\/03\/image.png 1824w\" sizes=\"auto, (max-width: 1024px) 100vw, 1024px\" \/><\/a><\/figure>\n","protected":false},"excerpt":{"rendered":"<p>Donem molta import\u00e0ncia a fer visible el proc\u00e9s d\u2019aprenentatge dels infants. Per aix\u00f2 elaborem documentacions pedag\u00f2giques, una eina que ens permet recollir, interpretar i compartir el que passa a l\u2019aula durant les diferents activitats i projectes. Les documentacions mostren com aprenen els nens i les nenes: quines preguntes es fan, quines estrat\u00e8gies utilitzen, com col\u00b7laboren [&hellip;]<\/p>\n","protected":false},"author":1,"featured_media":0,"parent":2364,"menu_order":14,"comment_status":"closed","ping_status":"closed","template":"","meta":{"_bbp_topic_count":0,"_bbp_reply_count":0,"_bbp_total_topic_count":0,"_bbp_total_reply_count":0,"_bbp_voice_count":0,"_bbp_anonymous_reply_count":0,"_bbp_topic_count_hidden":0,"_bbp_reply_count_hidden":0,"_bbp_forum_subforum_count":0,"site-sidebar-layout":"default","site-content-layout":"","ast-site-content-layout":"default","site-content-style":"default","site-sidebar-style":"default","ast-global-header-display":"","ast-banner-title-visibility":"","ast-main-header-display":"","ast-hfb-above-header-display":"","ast-hfb-below-header-display":"","ast-hfb-mobile-header-display":"","site-post-title":"","ast-breadcrumbs-content":"","ast-featured-img":"","footer-sml-layout":"","theme-transparent-header-meta":"default","adv-header-id-meta":"","stick-header-meta":"","header-above-stick-meta":"","header-main-stick-meta":"","header-below-stick-meta":"","astra-migrate-meta-layouts":"set","ast-page-background-enabled":"default","ast-page-background-meta":{"desktop":{"background-color":"var(--ast-global-color-5)","background-image":"","background-repeat":"repeat","background-position":"center center","background-size":"auto","background-attachment":"scroll","background-type":"","background-media":"","overlay-type":"","overlay-color":"","overlay-opacity":"","overlay-gradient":""},"tablet":{"background-color":"","background-image":"","background-repeat":"repeat","background-position":"center center","background-size":"auto","background-attachment":"scroll","background-type":"","background-media":"","overlay-type":"","overlay-color":"","overlay-opacity":"","overlay-gradient":""},"mobile":{"background-color":"","background-image":"","background-repeat":"repeat","background-position":"center center","background-size":"auto","background-attachment":"scroll","background-type":"","background-media":"","overlay-type":"","overlay-color":"","overlay-opacity":"","overlay-gradient":""}},"ast-content-background-meta":{"desktop":{"background-color":"var(--ast-global-color-4)","background-image":"","background-repeat":"repeat","background-position":"center center","background-size":"auto","background-attachment":"scroll","background-type":"","background-media":"","overlay-type":"","overlay-color":"","overlay-opacity":"","overlay-gradient":""},"tablet":{"background-color":"var(--ast-global-color-4)","background-image":"","background-repeat":"repeat","background-position":"center center","background-size":"auto","background-attachment":"scroll","background-type":"","background-media":"","overlay-type":"","overlay-color":"","overlay-opacity":"","overlay-gradient":""},"mobile":{"background-color":"var(--ast-global-color-4)","background-image":"","background-repeat":"repeat","background-position":"center center","background-size":"auto","background-attachment":"scroll","background-type":"","background-media":"","overlay-type":"","overlay-color":"","overlay-opacity":"","overlay-gradient":""}},"footnotes":""},"class_list":["post-789","page","type-page","status-publish","hentry"],"post_mailing_queue_ids":[],"_links":{"self":[{"href":"https:\/\/agora.xtec.cat\/ceipescursell-ripollet\/wp-json\/wp\/v2\/pages\/789","targetHints":{"allow":["GET"]}}],"collection":[{"href":"https:\/\/agora.xtec.cat\/ceipescursell-ripollet\/wp-json\/wp\/v2\/pages"}],"about":[{"href":"https:\/\/agora.xtec.cat\/ceipescursell-ripollet\/wp-json\/wp\/v2\/types\/page"}],"author":[{"embeddable":true,"href":"https:\/\/agora.xtec.cat\/ceipescursell-ripollet\/wp-json\/wp\/v2\/users\/1"}],"replies":[{"embeddable":true,"href":"https:\/\/agora.xtec.cat\/ceipescursell-ripollet\/wp-json\/wp\/v2\/comments?post=789"}],"version-history":[{"count":6,"href":"https:\/\/agora.xtec.cat\/ceipescursell-ripollet\/wp-json\/wp\/v2\/pages\/789\/revisions"}],"predecessor-version":[{"id":4222,"href":"https:\/\/agora.xtec.cat\/ceipescursell-ripollet\/wp-json\/wp\/v2\/pages\/789\/revisions\/4222"}],"up":[{"embeddable":true,"href":"https:\/\/agora.xtec.cat\/ceipescursell-ripollet\/wp-json\/wp\/v2\/pages\/2364"}],"wp:attachment":[{"href":"https:\/\/agora.xtec.cat\/ceipescursell-ripollet\/wp-json\/wp\/v2\/media?parent=789"}],"curies":[{"name":"wp","href":"https:\/\/api.w.org\/{rel}","templated":true}]}}