{"id":787,"date":"2018-01-12T16:16:26","date_gmt":"2018-01-12T15:16:26","guid":{"rendered":"http:\/\/agora.xtec.cat\/ceipescursell-ripollet\/?page_id=787"},"modified":"2025-12-17T16:28:56","modified_gmt":"2025-12-17T15:28:56","slug":"aula-dacollida","status":"publish","type":"page","link":"https:\/\/agora.xtec.cat\/ceipescursell-ripollet\/documentacio-de-centre\/aula-dacollida\/","title":{"rendered":"Aula d&#8217;Acollida"},"content":{"rendered":"\n<p>L&#8217;Aula d\u2019Acollida \u00e9s un espai per aquells infants que acaben d\u2019arribar a l\u2019escola des d\u2019un altre pa\u00eds d\u2019arreu del m\u00f3n.&nbsp;<\/p>\n\n\n\n<p>Donem la benvinguda a diferents cultures i procurem apropar-los a la llengua catalana des d\u2019una vessant l\u00fadica i significativa, treballant en grups redu\u00efts. \u00c9s un espai on ens coneixem, ens escoltem i compartim diferents formes de veure el m\u00f3n, enriquint-nos de totes les cultures i tradicions que ens envolten\u2026 ja que a l\u2019escola en s\u00f3n moltes!<\/p>\n\n\n\n<p>Cada curs agafem un centre d&#8217;inter\u00e8s a trav\u00e9s del qual treballem totes les vessants ling\u00fc\u00edstiques (expressi\u00f3 oral i escrita i comprensi\u00f3 oral i lectora, adaptant-nos a les necessitats de cada infant) amb diferents propostes d\u2019aprenentatge.<\/p>\n\n\n\n<p style=\"padding-top:0;padding-bottom:0;line-height:1.5\">Per\u00f2 sobretot, a l\u2019Aula d\u2019Acollida gaudim jugant i aprenent en catal\u00e0!<\/p>\n\n\n\n<div class=\"wp-block-columns is-layout-flex wp-container-core-columns-is-layout-1 wp-block-columns-is-layout-flex\" style=\"margin-top:0;margin-bottom:0;padding-top:0;padding-bottom:var(--wp--preset--spacing--50)\">\n<div class=\"wp-block-column is-layout-flow wp-block-column-is-layout-flow\">\n<figure class=\"wp-block-image size-large\"><a href=\"https:\/\/agora.xtec.cat\/ceipescursell-ripollet\/wp-content\/uploads\/usu1663\/2025\/11\/AA3.jpg\"><img loading=\"lazy\" decoding=\"async\" width=\"1024\" height=\"768\" src=\"https:\/\/agora.xtec.cat\/ceipescursell-ripollet\/wp-content\/uploads\/usu1663\/2025\/11\/AA3-1024x768.jpg\" alt=\"\" class=\"wp-image-3164\" srcset=\"https:\/\/agora.xtec.cat\/ceipescursell-ripollet\/wp-content\/uploads\/usu1663\/2025\/11\/AA3-1024x768.jpg 1024w, https:\/\/agora.xtec.cat\/ceipescursell-ripollet\/wp-content\/uploads\/usu1663\/2025\/11\/AA3-300x225.jpg 300w, https:\/\/agora.xtec.cat\/ceipescursell-ripollet\/wp-content\/uploads\/usu1663\/2025\/11\/AA3-768x576.jpg 768w, https:\/\/agora.xtec.cat\/ceipescursell-ripollet\/wp-content\/uploads\/usu1663\/2025\/11\/AA3-1536x1152.jpg 1536w, https:\/\/agora.xtec.cat\/ceipescursell-ripollet\/wp-content\/uploads\/usu1663\/2025\/11\/AA3.jpg 2000w\" sizes=\"auto, (max-width: 1024px) 100vw, 1024px\" \/><\/a><\/figure>\n<\/div>\n\n\n\n<div class=\"wp-block-column is-layout-flow wp-block-column-is-layout-flow\">\n<figure class=\"wp-block-image size-large\"><a href=\"https:\/\/agora.xtec.cat\/ceipescursell-ripollet\/wp-content\/uploads\/usu1663\/2025\/11\/AA.jpg\"><img loading=\"lazy\" decoding=\"async\" width=\"1024\" height=\"768\" src=\"https:\/\/agora.xtec.cat\/ceipescursell-ripollet\/wp-content\/uploads\/usu1663\/2025\/11\/AA-1024x768.jpg\" alt=\"\" class=\"wp-image-3158\" srcset=\"https:\/\/agora.xtec.cat\/ceipescursell-ripollet\/wp-content\/uploads\/usu1663\/2025\/11\/AA-1024x768.jpg 1024w, https:\/\/agora.xtec.cat\/ceipescursell-ripollet\/wp-content\/uploads\/usu1663\/2025\/11\/AA-300x225.jpg 300w, https:\/\/agora.xtec.cat\/ceipescursell-ripollet\/wp-content\/uploads\/usu1663\/2025\/11\/AA-768x576.jpg 768w, https:\/\/agora.xtec.cat\/ceipescursell-ripollet\/wp-content\/uploads\/usu1663\/2025\/11\/AA-1536x1152.jpg 1536w, https:\/\/agora.xtec.cat\/ceipescursell-ripollet\/wp-content\/uploads\/usu1663\/2025\/11\/AA.jpg 2000w\" sizes=\"auto, (max-width: 1024px) 100vw, 1024px\" \/><\/a><\/figure>\n<\/div>\n\n\n\n<div class=\"wp-block-column is-layout-flow wp-block-column-is-layout-flow\">\n<figure class=\"wp-block-image size-large\"><a href=\"https:\/\/agora.xtec.cat\/ceipescursell-ripollet\/wp-content\/uploads\/usu1663\/2025\/11\/AA1.jpg\"><img loading=\"lazy\" decoding=\"async\" width=\"1024\" height=\"768\" src=\"https:\/\/agora.xtec.cat\/ceipescursell-ripollet\/wp-content\/uploads\/usu1663\/2025\/11\/AA1-1024x768.jpg\" alt=\"\" class=\"wp-image-3160\" srcset=\"https:\/\/agora.xtec.cat\/ceipescursell-ripollet\/wp-content\/uploads\/usu1663\/2025\/11\/AA1-1024x768.jpg 1024w, https:\/\/agora.xtec.cat\/ceipescursell-ripollet\/wp-content\/uploads\/usu1663\/2025\/11\/AA1-300x225.jpg 300w, https:\/\/agora.xtec.cat\/ceipescursell-ripollet\/wp-content\/uploads\/usu1663\/2025\/11\/AA1-768x576.jpg 768w, https:\/\/agora.xtec.cat\/ceipescursell-ripollet\/wp-content\/uploads\/usu1663\/2025\/11\/AA1-1536x1152.jpg 1536w, https:\/\/agora.xtec.cat\/ceipescursell-ripollet\/wp-content\/uploads\/usu1663\/2025\/11\/AA1.jpg 2000w\" sizes=\"auto, (max-width: 1024px) 100vw, 1024px\" \/><\/a><\/figure>\n<\/div>\n<\/div>\n\n\n\n<p><strong>Els contes tradicionals<\/strong><\/p>\n\n\n\n<p>Aquest curs 25-26 el centre d\u2019inter\u00e8s de l\u2019Aula d\u2019Acollida \u00e9s \u201cContes tradicionals\u201d.<\/p>\n\n\n\n<p>Hem comen\u00e7at treballant el conte \u201cEls 3 porquets\u201d amb diferents propostes d\u2019aprenentatge: ordenar les imatges del conte, reescriure la hist\u00f2ria a partir d\u2019imatges, treball del vocabulari amb diferents jocs i jocs de paraules\u2026 i ara ens queda la part m\u00e9s interessant: representar l\u2019obra!<\/p>\n\n\n\n<div class=\"wp-block-columns is-layout-flex wp-container-core-columns-is-layout-2 wp-block-columns-is-layout-flex\" style=\"padding-top:0;padding-right:0;padding-bottom:var(--wp--preset--spacing--50);padding-left:0\">\n<div class=\"wp-block-column is-layout-flow wp-block-column-is-layout-flow\" style=\"padding-right:0;padding-left:0\">\n<p>Estem molt engrescats\/es amb la hist\u00f2ria\u2026<\/p>\n<\/div>\n\n\n\n<div class=\"wp-block-column is-layout-flow wp-block-column-is-layout-flow\" style=\"padding-right:0;padding-left:0\">\n<figure class=\"wp-block-image size-full is-resized has-custom-border\"><a href=\"https:\/\/www.canva.com\/design\/DAG4rg9C1r4\/ivphnaCWEmGYoTvkG5uzVw\/view?utm_content=DAG4rg9C1r4&amp;utm_campaign=designshare&amp;utm_medium=link2&amp;utm_source=uniquelinks&amp;utlId=he981bee6b5\"><img loading=\"lazy\" decoding=\"async\" width=\"769\" height=\"536\" src=\"https:\/\/agora.xtec.cat\/ceipescursell-ripollet\/wp-content\/uploads\/usu1663\/2025\/11\/Captura-de-pantalla-2025-11-28-104240.png\" alt=\"\" class=\"wp-image-3171\" style=\"border-width:1px;width:301px;height:auto\" srcset=\"https:\/\/agora.xtec.cat\/ceipescursell-ripollet\/wp-content\/uploads\/usu1663\/2025\/11\/Captura-de-pantalla-2025-11-28-104240.png 769w, https:\/\/agora.xtec.cat\/ceipescursell-ripollet\/wp-content\/uploads\/usu1663\/2025\/11\/Captura-de-pantalla-2025-11-28-104240-300x209.png 300w\" sizes=\"auto, (max-width: 769px) 100vw, 769px\" \/><\/a><\/figure>\n<\/div>\n<\/div>\n\n\n\n<p><strong>Les estacions<\/strong><\/p>\n\n\n\n<p>El curs 24-25 el centre d\u2019inter\u00e8s van ser les estacions. Vam treballar la tardor, l\u2019hivern, la primavera i l\u2019estiu a partir de diferents jocs i activitats: memory, tab\u00fa, sopes de lletres, mots encreuats, textos, expressions escrites a partir d\u2019un dau\u2026 gaudint de l\u2019aprenentatge de la llengua. Tamb\u00e9 vam descobrir algunes de les festes que celebrem a l\u2019escola amb motiu de cada estaci\u00f3, com ara la castanyada, el ti\u00f3, el carnaval o Sant Jordi.<\/p>\n\n\n\n<div class=\"wp-block-columns is-layout-flex wp-container-core-columns-is-layout-3 wp-block-columns-is-layout-flex\" style=\"padding-top:0;padding-bottom:var(--wp--preset--spacing--60);line-height:0\">\n<div class=\"wp-block-column is-layout-flow wp-block-column-is-layout-flow\">\n<figure class=\"wp-block-image size-full has-custom-border\"><a href=\"https:\/\/www.canva.com\/design\/DAGTQ4Abki4\/kYu_-ogVzZBiJHJlCjiwyw\/view?utm_content=DAGTQ4Abki4&amp;utm_campaign=designshare&amp;utm_medium=link2&amp;utm_source=uniquelinks&amp;utlId=hb65ac55b28\"><img loading=\"lazy\" decoding=\"async\" width=\"784\" height=\"536\" src=\"https:\/\/agora.xtec.cat\/ceipescursell-ripollet\/wp-content\/uploads\/usu1663\/2025\/11\/Captura-de-pantalla-2025-11-28-110059.png\" alt=\"\" class=\"has-border-color has-black-border-color wp-image-3185\" style=\"border-width:1px\" srcset=\"https:\/\/agora.xtec.cat\/ceipescursell-ripollet\/wp-content\/uploads\/usu1663\/2025\/11\/Captura-de-pantalla-2025-11-28-110059.png 784w, https:\/\/agora.xtec.cat\/ceipescursell-ripollet\/wp-content\/uploads\/usu1663\/2025\/11\/Captura-de-pantalla-2025-11-28-110059-300x205.png 300w, https:\/\/agora.xtec.cat\/ceipescursell-ripollet\/wp-content\/uploads\/usu1663\/2025\/11\/Captura-de-pantalla-2025-11-28-110059-768x525.png 768w\" sizes=\"auto, (max-width: 784px) 100vw, 784px\" \/><\/a><\/figure>\n<\/div>\n\n\n\n<div class=\"wp-block-column is-layout-flow wp-block-column-is-layout-flow\">\n<figure class=\"wp-block-image size-full has-custom-border\"><a href=\"https:\/\/www.canva.com\/design\/DAGdd08xc0E\/HwLTSmu3MReDiJUryu7hqg\/view?utm_content=DAGdd08xc0E&amp;utm_campaign=designshare&amp;utm_medium=link2&amp;utm_source=uniquelinks&amp;utlId=h22dded47a9\"><img loading=\"lazy\" decoding=\"async\" width=\"779\" height=\"530\" src=\"https:\/\/agora.xtec.cat\/ceipescursell-ripollet\/wp-content\/uploads\/usu1663\/2025\/11\/Captura-de-pantalla-2025-11-28-110136.png\" alt=\"\" class=\"has-border-color has-black-border-color wp-image-3189\" style=\"border-width:1px\" srcset=\"https:\/\/agora.xtec.cat\/ceipescursell-ripollet\/wp-content\/uploads\/usu1663\/2025\/11\/Captura-de-pantalla-2025-11-28-110136.png 779w, https:\/\/agora.xtec.cat\/ceipescursell-ripollet\/wp-content\/uploads\/usu1663\/2025\/11\/Captura-de-pantalla-2025-11-28-110136-300x204.png 300w, https:\/\/agora.xtec.cat\/ceipescursell-ripollet\/wp-content\/uploads\/usu1663\/2025\/11\/Captura-de-pantalla-2025-11-28-110136-768x523.png 768w\" sizes=\"auto, (max-width: 779px) 100vw, 779px\" \/><\/a><\/figure>\n<\/div>\n\n\n\n<div class=\"wp-block-column is-layout-flow wp-block-column-is-layout-flow\">\n<figure class=\"wp-block-image size-full has-custom-border\"><a href=\"https:\/\/www.canva.com\/design\/DAGj834nF1Q\/wvM7G4OXLd66pDp_ZxL9NA\/view?utm_content=DAGj834nF1Q&amp;utm_campaign=designshare&amp;utm_medium=link2&amp;utm_source=uniquelinks&amp;utlId=hffe93dcdba\"><img loading=\"lazy\" decoding=\"async\" width=\"776\" height=\"530\" src=\"https:\/\/agora.xtec.cat\/ceipescursell-ripollet\/wp-content\/uploads\/usu1663\/2025\/11\/Captura-de-pantalla-2025-11-28-110214.png\" alt=\"\" class=\"has-border-color has-black-border-color wp-image-3192\" style=\"border-width:1px\" srcset=\"https:\/\/agora.xtec.cat\/ceipescursell-ripollet\/wp-content\/uploads\/usu1663\/2025\/11\/Captura-de-pantalla-2025-11-28-110214.png 776w, https:\/\/agora.xtec.cat\/ceipescursell-ripollet\/wp-content\/uploads\/usu1663\/2025\/11\/Captura-de-pantalla-2025-11-28-110214-300x205.png 300w, https:\/\/agora.xtec.cat\/ceipescursell-ripollet\/wp-content\/uploads\/usu1663\/2025\/11\/Captura-de-pantalla-2025-11-28-110214-768x525.png 768w\" sizes=\"auto, (max-width: 776px) 100vw, 776px\" \/><\/a><\/figure>\n<\/div>\n<\/div>\n\n\n\n<p><strong>El Dia Internacional de la Llengua Materna<\/strong><\/p>\n\n\n\n<p>El 21 de febrer se celebra el Dia Internacional de la Llengua Materna. Aix\u00ed doncs, l\u2019escola s\u2019adhereix a les propostes que fa el Pla Educatiu d\u2019Entorn del municipi de Ripollet per a celebrar la diversitat ling\u00fc\u00edstica que ens envolta.<\/p>\n\n\n\n<p>El passat curs 24-25, la proposta del municipi de Ripollet era escriure una hist\u00f2ria en una llengua materna que tingu\u00e9s l\u2019escola i reescriure-la en catal\u00e0, elaborant un llibre amb totes les hist\u00f2ries que havien fet les escoles del municipi.<\/p>\n\n\n\n<p>A l\u2019Escola Escursell vam fer una hist\u00f2ria en angl\u00e8s, titulada \u201cFollow your dreams with strength\u201d. Va ser un projecte compartit entre els infants de 5\u00e8 i 6\u00e8, que van treballar la hist\u00f2ria des de l\u2019\u00e0rea d\u2019angl\u00e8s, i els infants de l\u2019Aula d\u2019Acollida, que es van encarregar de traduir la hist\u00f2ria al catal\u00e0.<\/p>\n\n\n\n<p>Vam escoltar i comprendre la hist\u00f2ria, ordenar les imatges i relacionar-les amb cada par\u00e0graf, treballar el vocabulari m\u00e9s rellevant, fer les il\u00b7lustracions, fins que vam escriure el conte amb les nostres pr\u00f2pies paraules. A m\u00e9s a m\u00e9s, la hist\u00f2ria ens va semblar tan interessant que vam gravar en \u00e0udio per a que la coneguessin a la resta del centre.<\/p>\n\n\n\n<div class=\"wp-block-columns is-layout-flex wp-container-core-columns-is-layout-6 wp-block-columns-is-layout-flex\" style=\"padding-top:0\">\n<div class=\"wp-block-column is-layout-flow wp-block-column-is-layout-flow\">\n<figure class=\"wp-block-image size-full has-custom-border\"><a href=\"https:\/\/www.canva.com\/design\/DAGeP8al5TE\/ls0wxNF_6oD0ybWTuj05cg\/view?utm_content=DAGeP8al5TE&amp;utm_campaign=designshare&amp;utm_medium=link2&amp;utm_source=uniquelinks&amp;utlId=hb4b4507f3c\"><img loading=\"lazy\" decoding=\"async\" width=\"787\" height=\"529\" src=\"https:\/\/agora.xtec.cat\/ceipescursell-ripollet\/wp-content\/uploads\/usu1663\/2025\/11\/Captura-de-pantalla-2025-11-28-120134.png\" alt=\"\" class=\"has-border-color has-black-border-color wp-image-3198\" style=\"border-width:1px\" srcset=\"https:\/\/agora.xtec.cat\/ceipescursell-ripollet\/wp-content\/uploads\/usu1663\/2025\/11\/Captura-de-pantalla-2025-11-28-120134.png 787w, https:\/\/agora.xtec.cat\/ceipescursell-ripollet\/wp-content\/uploads\/usu1663\/2025\/11\/Captura-de-pantalla-2025-11-28-120134-300x202.png 300w, https:\/\/agora.xtec.cat\/ceipescursell-ripollet\/wp-content\/uploads\/usu1663\/2025\/11\/Captura-de-pantalla-2025-11-28-120134-768x516.png 768w\" sizes=\"auto, (max-width: 787px) 100vw, 787px\" \/><\/a><\/figure>\n<\/div>\n\n\n\n<div class=\"wp-block-column is-layout-flow wp-block-column-is-layout-flow\">\n<figure class=\"wp-block-image aligncenter size-full is-resized\"><img loading=\"lazy\" decoding=\"async\" width=\"768\" height=\"537\" src=\"https:\/\/agora.xtec.cat\/ceipescursell-ripollet\/wp-content\/uploads\/usu1663\/2025\/11\/Captura-de-pantalla-2025-11-28-120311.png\" alt=\"\" class=\"wp-image-3200\" style=\"width:310px;height:auto\" srcset=\"https:\/\/agora.xtec.cat\/ceipescursell-ripollet\/wp-content\/uploads\/usu1663\/2025\/11\/Captura-de-pantalla-2025-11-28-120311.png 768w, https:\/\/agora.xtec.cat\/ceipescursell-ripollet\/wp-content\/uploads\/usu1663\/2025\/11\/Captura-de-pantalla-2025-11-28-120311-300x210.png 300w\" sizes=\"auto, (max-width: 768px) 100vw, 768px\" \/><\/figure>\n\n\n\n<div class=\"wp-block-columns is-layout-flex wp-container-core-columns-is-layout-4 wp-block-columns-is-layout-flex\">\n<div class=\"wp-block-column is-layout-flow wp-block-column-is-layout-flow\">\n<p class=\"has-text-align-center has-black-color has-text-color has-link-color wp-elements-d2284c46397a1a87fd941afd610144d2\"><a href=\"https:\/\/www.canva.com\/design\/DAGg74H3nWA\/8WYBEgHVKgNFmBCtR2Zw1w\/watch?utm_content=DAGg74H3nWA&amp;utm_campaign=designshare&amp;utm_medium=link2&amp;utm_source=uniquelinks&amp;utlId=h91fee665e5\">El conte<\/a><\/p>\n<\/div>\n\n\n\n<div class=\"wp-block-column is-layout-flow wp-block-column-is-layout-flow\">\n<p class=\"has-text-align-center has-black-color has-text-color has-link-color wp-elements-03bd25912567be7497d19273caa82ce5\"><a href=\"https:\/\/www.canva.com\/design\/DAGe31EF6P4\/ygShHFro8UMgKivJlr7rhg\/view?utm_content=DAGe31EF6P4&amp;utm_campaign=designshare&amp;utm_medium=link2&amp;utm_source=uniquelinks&amp;utlId=hb47724e51f\">El v\u00eddeo<\/a><\/p>\n<\/div>\n<\/div>\n<\/div>\n\n\n\n<div class=\"wp-block-column is-layout-flow wp-block-column-is-layout-flow\">\n<div class=\"wp-block-columns is-layout-flex wp-container-core-columns-is-layout-5 wp-block-columns-is-layout-flex\">\n<div class=\"wp-block-column is-layout-flow wp-block-column-is-layout-flow\">\n<figure class=\"wp-block-image size-large\" style=\"margin-top:var(--wp--preset--spacing--30);margin-bottom:var(--wp--preset--spacing--30)\"><a href=\"https:\/\/agora.xtec.cat\/ceipescursell-ripollet\/wp-content\/uploads\/usu1663\/2025\/11\/AA4-scaled.jpg\"><img loading=\"lazy\" decoding=\"async\" width=\"768\" height=\"1024\" src=\"https:\/\/agora.xtec.cat\/ceipescursell-ripollet\/wp-content\/uploads\/usu1663\/2025\/11\/AA4-768x1024.jpg\" alt=\"\" class=\"wp-image-3219\" srcset=\"https:\/\/agora.xtec.cat\/ceipescursell-ripollet\/wp-content\/uploads\/usu1663\/2025\/11\/AA4-768x1024.jpg 768w, https:\/\/agora.xtec.cat\/ceipescursell-ripollet\/wp-content\/uploads\/usu1663\/2025\/11\/AA4-225x300.jpg 225w, https:\/\/agora.xtec.cat\/ceipescursell-ripollet\/wp-content\/uploads\/usu1663\/2025\/11\/AA4-1152x1536.jpg 1152w, https:\/\/agora.xtec.cat\/ceipescursell-ripollet\/wp-content\/uploads\/usu1663\/2025\/11\/AA4-1536x2048.jpg 1536w, https:\/\/agora.xtec.cat\/ceipescursell-ripollet\/wp-content\/uploads\/usu1663\/2025\/11\/AA4-scaled.jpg 1920w\" sizes=\"auto, (max-width: 768px) 100vw, 768px\" \/><\/a><\/figure>\n\n\n\n<p style=\"line-height:1.5\"><\/p>\n<\/div>\n\n\n\n<div class=\"wp-block-column is-layout-flow wp-block-column-is-layout-flow\">\n<figure class=\"wp-block-image size-large\" style=\"margin-top:var(--wp--preset--spacing--30);margin-bottom:var(--wp--preset--spacing--30)\"><a href=\"https:\/\/agora.xtec.cat\/ceipescursell-ripollet\/wp-content\/uploads\/usu1663\/2025\/11\/AA5-scaled.jpg\"><img loading=\"lazy\" decoding=\"async\" width=\"768\" height=\"1024\" src=\"https:\/\/agora.xtec.cat\/ceipescursell-ripollet\/wp-content\/uploads\/usu1663\/2025\/11\/AA5-768x1024.jpg\" alt=\"\" class=\"wp-image-3223\" srcset=\"https:\/\/agora.xtec.cat\/ceipescursell-ripollet\/wp-content\/uploads\/usu1663\/2025\/11\/AA5-768x1024.jpg 768w, https:\/\/agora.xtec.cat\/ceipescursell-ripollet\/wp-content\/uploads\/usu1663\/2025\/11\/AA5-225x300.jpg 225w, https:\/\/agora.xtec.cat\/ceipescursell-ripollet\/wp-content\/uploads\/usu1663\/2025\/11\/AA5-1152x1536.jpg 1152w, https:\/\/agora.xtec.cat\/ceipescursell-ripollet\/wp-content\/uploads\/usu1663\/2025\/11\/AA5-1536x2048.jpg 1536w, https:\/\/agora.xtec.cat\/ceipescursell-ripollet\/wp-content\/uploads\/usu1663\/2025\/11\/AA5-scaled.jpg 1920w\" sizes=\"auto, (max-width: 768px) 100vw, 768px\" \/><\/a><\/figure>\n<\/div>\n<\/div>\n<\/div>\n<\/div>\n\n\n\n<p><\/p>\n","protected":false},"excerpt":{"rendered":"<p>L&#8217;Aula d\u2019Acollida \u00e9s un espai per aquells infants que acaben d\u2019arribar a l\u2019escola des d\u2019un altre pa\u00eds d\u2019arreu del m\u00f3n.&nbsp; Donem la benvinguda a diferents cultures i procurem apropar-los a la llengua catalana des d\u2019una vessant l\u00fadica i significativa, treballant en grups redu\u00efts. \u00c9s un espai on ens coneixem, ens escoltem i compartim diferents formes [&hellip;]<\/p>\n","protected":false},"author":1,"featured_media":0,"parent":2364,"menu_order":9,"comment_status":"closed","ping_status":"closed","template":"","meta":{"_bbp_topic_count":0,"_bbp_reply_count":0,"_bbp_total_topic_count":0,"_bbp_total_reply_count":0,"_bbp_voice_count":0,"_bbp_anonymous_reply_count":0,"_bbp_topic_count_hidden":0,"_bbp_reply_count_hidden":0,"_bbp_forum_subforum_count":0,"site-sidebar-layout":"default","site-content-layout":"","ast-site-content-layout":"default","site-content-style":"default","site-sidebar-style":"default","ast-global-header-display":"","ast-banner-title-visibility":"","ast-main-header-display":"","ast-hfb-above-header-display":"","ast-hfb-below-header-display":"","ast-hfb-mobile-header-display":"","site-post-title":"","ast-breadcrumbs-content":"","ast-featured-img":"","footer-sml-layout":"","theme-transparent-header-meta":"","adv-header-id-meta":"","stick-header-meta":"","header-above-stick-meta":"","header-main-stick-meta":"","header-below-stick-meta":"","astra-migrate-meta-layouts":"set","ast-page-background-enabled":"default","ast-page-background-meta":{"desktop":{"background-color":"var(--ast-global-color-5)","background-image":"","background-repeat":"repeat","background-position":"center center","background-size":"auto","background-attachment":"scroll","background-type":"","background-media":"","overlay-type":"","overlay-color":"","overlay-opacity":"","overlay-gradient":""},"tablet":{"background-color":"","background-image":"","background-repeat":"repeat","background-position":"center center","background-size":"auto","background-attachment":"scroll","background-type":"","background-media":"","overlay-type":"","overlay-color":"","overlay-opacity":"","overlay-gradient":""},"mobile":{"background-color":"","background-image":"","background-repeat":"repeat","background-position":"center center","background-size":"auto","background-attachment":"scroll","background-type":"","background-media":"","overlay-type":"","overlay-color":"","overlay-opacity":"","overlay-gradient":""}},"ast-content-background-meta":{"desktop":{"background-color":"var(--ast-global-color-4)","background-image":"","background-repeat":"repeat","background-position":"center center","background-size":"auto","background-attachment":"scroll","background-type":"","background-media":"","overlay-type":"","overlay-color":"","overlay-opacity":"","overlay-gradient":""},"tablet":{"background-color":"var(--ast-global-color-4)","background-image":"","background-repeat":"repeat","background-position":"center center","background-size":"auto","background-attachment":"scroll","background-type":"","background-media":"","overlay-type":"","overlay-color":"","overlay-opacity":"","overlay-gradient":""},"mobile":{"background-color":"var(--ast-global-color-4)","background-image":"","background-repeat":"repeat","background-position":"center center","background-size":"auto","background-attachment":"scroll","background-type":"","background-media":"","overlay-type":"","overlay-color":"","overlay-opacity":"","overlay-gradient":""}},"footnotes":""},"class_list":["post-787","page","type-page","status-publish","hentry"],"post_mailing_queue_ids":[],"_links":{"self":[{"href":"https:\/\/agora.xtec.cat\/ceipescursell-ripollet\/wp-json\/wp\/v2\/pages\/787","targetHints":{"allow":["GET"]}}],"collection":[{"href":"https:\/\/agora.xtec.cat\/ceipescursell-ripollet\/wp-json\/wp\/v2\/pages"}],"about":[{"href":"https:\/\/agora.xtec.cat\/ceipescursell-ripollet\/wp-json\/wp\/v2\/types\/page"}],"author":[{"embeddable":true,"href":"https:\/\/agora.xtec.cat\/ceipescursell-ripollet\/wp-json\/wp\/v2\/users\/1"}],"replies":[{"embeddable":true,"href":"https:\/\/agora.xtec.cat\/ceipescursell-ripollet\/wp-json\/wp\/v2\/comments?post=787"}],"version-history":[{"count":6,"href":"https:\/\/agora.xtec.cat\/ceipescursell-ripollet\/wp-json\/wp\/v2\/pages\/787\/revisions"}],"predecessor-version":[{"id":3310,"href":"https:\/\/agora.xtec.cat\/ceipescursell-ripollet\/wp-json\/wp\/v2\/pages\/787\/revisions\/3310"}],"up":[{"embeddable":true,"href":"https:\/\/agora.xtec.cat\/ceipescursell-ripollet\/wp-json\/wp\/v2\/pages\/2364"}],"wp:attachment":[{"href":"https:\/\/agora.xtec.cat\/ceipescursell-ripollet\/wp-json\/wp\/v2\/media?parent=787"}],"curies":[{"name":"wp","href":"https:\/\/api.w.org\/{rel}","templated":true}]}}