{"id":3690,"date":"2026-01-16T16:33:51","date_gmt":"2026-01-16T15:33:51","guid":{"rendered":"https:\/\/agora.xtec.cat\/ceipescursell-ripollet\/?page_id=3690"},"modified":"2026-01-16T16:49:06","modified_gmt":"2026-01-16T15:49:06","slug":"robotica-2","status":"publish","type":"page","link":"https:\/\/agora.xtec.cat\/ceipescursell-ripollet\/important\/comunitat-dels-grans\/robotica-2\/","title":{"rendered":"Rob\u00f2tica"},"content":{"rendered":"\n<p>A la Comunitat de Grans donem <strong>molta import\u00e0ncia a la rob\u00f2tica i la programaci\u00f3<\/strong> com a eines clau per a l\u2019aprenentatge. Aquestes es treballen de manera integrada dins les <strong>situacions d\u2019aprenentatge<\/strong> i vinculades a l\u2019\u00e0rea de <strong>matem\u00e0tiques<\/strong>, afavorint un aprenentatge competencial, significatiu i connectat amb la realitat.<\/p>\n\n\n\n<p>La rob\u00f2tica i la programaci\u00f3 permeten desenvolupar el <strong>pensament l\u00f2gic i computacional<\/strong>, el raonament matem\u00e0tic i la resoluci\u00f3 de problemes a partir de reptes pr\u00e0ctics. A trav\u00e9s de la planificaci\u00f3, la programaci\u00f3, la prova i l\u2019error, l\u2019alumnat apr\u00e8n a analitzar processos, prendre decisions i millorar les seves propostes.<\/p>\n\n\n\n<p>Integrades dins els projectes i les situacions d\u2019aprenentatge, la rob\u00f2tica i la programaci\u00f3 fomenten tamb\u00e9 el treball cooperatiu, la creativitat i l\u2019autonomia, alhora que ajuden l\u2019alumnat a entendre les matem\u00e0tiques com una eina \u00fatil i aplicada.<\/p>\n\n\n\n<p>Aquest enfocament prepara els infants per afrontar els reptes del m\u00f3n actual amb una mirada cr\u00edtica, activa i tecnol\u00f2gica.<\/p>\n\n\n\n<div class=\"wp-block-columns is-layout-flex wp-container-core-columns-is-layout-1 wp-block-columns-is-layout-flex\" style=\"padding-top:var(--wp--preset--spacing--30);padding-bottom:var(--wp--preset--spacing--30)\">\n<div class=\"wp-block-column is-layout-flow wp-block-column-is-layout-flow\">\n<figure class=\"wp-block-image alignright size-large is-resized\"><a href=\"https:\/\/agora.xtec.cat\/ceipescursell-ripollet\/wp-content\/uploads\/usu1663\/2026\/01\/7-scaled.jpg\"><img loading=\"lazy\" decoding=\"async\" width=\"1024\" height=\"768\" src=\"https:\/\/agora.xtec.cat\/ceipescursell-ripollet\/wp-content\/uploads\/usu1663\/2026\/01\/7-1024x768.jpg\" alt=\"\" class=\"wp-image-3369\" style=\"width:340px;height:auto\" srcset=\"https:\/\/agora.xtec.cat\/ceipescursell-ripollet\/wp-content\/uploads\/usu1663\/2026\/01\/7-1024x768.jpg 1024w, https:\/\/agora.xtec.cat\/ceipescursell-ripollet\/wp-content\/uploads\/usu1663\/2026\/01\/7-300x225.jpg 300w, https:\/\/agora.xtec.cat\/ceipescursell-ripollet\/wp-content\/uploads\/usu1663\/2026\/01\/7-768x576.jpg 768w, https:\/\/agora.xtec.cat\/ceipescursell-ripollet\/wp-content\/uploads\/usu1663\/2026\/01\/7-1536x1152.jpg 1536w, https:\/\/agora.xtec.cat\/ceipescursell-ripollet\/wp-content\/uploads\/usu1663\/2026\/01\/7-2048x1536.jpg 2048w\" sizes=\"auto, (max-width: 1024px) 100vw, 1024px\" \/><\/a><\/figure>\n<\/div>\n\n\n\n<div class=\"wp-block-column is-layout-flow wp-block-column-is-layout-flow\">\n<figure class=\"wp-block-image size-full\"><a href=\"https:\/\/agora.xtec.cat\/ceipescursell-ripollet\/wp-content\/uploads\/usu1663\/2026\/01\/Captura-de-pantalla-2026-01-16-163828.png\"><img loading=\"lazy\" decoding=\"async\" width=\"433\" height=\"286\" src=\"https:\/\/agora.xtec.cat\/ceipescursell-ripollet\/wp-content\/uploads\/usu1663\/2026\/01\/Captura-de-pantalla-2026-01-16-163828.png\" alt=\"\" class=\"wp-image-3694\" srcset=\"https:\/\/agora.xtec.cat\/ceipescursell-ripollet\/wp-content\/uploads\/usu1663\/2026\/01\/Captura-de-pantalla-2026-01-16-163828.png 433w, https:\/\/agora.xtec.cat\/ceipescursell-ripollet\/wp-content\/uploads\/usu1663\/2026\/01\/Captura-de-pantalla-2026-01-16-163828-300x198.png 300w\" sizes=\"auto, (max-width: 433px) 100vw, 433px\" \/><\/a><\/figure>\n<\/div>\n\n\n\n<div class=\"wp-block-column is-layout-flow wp-block-column-is-layout-flow\">\n<figure class=\"wp-block-image size-full is-resized\"><a href=\"https:\/\/agora.xtec.cat\/ceipescursell-ripollet\/wp-content\/uploads\/usu1663\/2026\/01\/Captura-de-pantalla-2026-01-16-164750-e1768578531954.png\"><img loading=\"lazy\" decoding=\"async\" width=\"305\" height=\"206\" src=\"https:\/\/agora.xtec.cat\/ceipescursell-ripollet\/wp-content\/uploads\/usu1663\/2026\/01\/Captura-de-pantalla-2026-01-16-164750-e1768578531954.png\" alt=\"\" class=\"wp-image-3700\" style=\"width:383px;height:auto\" srcset=\"https:\/\/agora.xtec.cat\/ceipescursell-ripollet\/wp-content\/uploads\/usu1663\/2026\/01\/Captura-de-pantalla-2026-01-16-164750-e1768578531954.png 305w, https:\/\/agora.xtec.cat\/ceipescursell-ripollet\/wp-content\/uploads\/usu1663\/2026\/01\/Captura-de-pantalla-2026-01-16-164750-e1768578531954-300x203.png 300w\" sizes=\"auto, (max-width: 305px) 100vw, 305px\" \/><\/a><\/figure>\n<\/div>\n<\/div>\n","protected":false},"excerpt":{"rendered":"<p>A la Comunitat de Grans donem molta import\u00e0ncia a la rob\u00f2tica i la programaci\u00f3 com a eines clau per a l\u2019aprenentatge. Aquestes es treballen de manera integrada dins les situacions d\u2019aprenentatge i vinculades a l\u2019\u00e0rea de matem\u00e0tiques, afavorint un aprenentatge competencial, significatiu i connectat amb la realitat. La rob\u00f2tica i la programaci\u00f3 permeten desenvolupar el [&hellip;]<\/p>\n","protected":false},"author":1,"featured_media":0,"parent":2825,"menu_order":7,"comment_status":"closed","ping_status":"closed","template":"","meta":{"_bbp_topic_count":0,"_bbp_reply_count":0,"_bbp_total_topic_count":0,"_bbp_total_reply_count":0,"_bbp_voice_count":0,"_bbp_anonymous_reply_count":0,"_bbp_topic_count_hidden":0,"_bbp_reply_count_hidden":0,"_bbp_forum_subforum_count":0,"site-sidebar-layout":"default","site-content-layout":"","ast-site-content-layout":"default","site-content-style":"default","site-sidebar-style":"default","ast-global-header-display":"","ast-banner-title-visibility":"","ast-main-header-display":"","ast-hfb-above-header-display":"","ast-hfb-below-header-display":"","ast-hfb-mobile-header-display":"","site-post-title":"","ast-breadcrumbs-content":"","ast-featured-img":"","footer-sml-layout":"","theme-transparent-header-meta":"","adv-header-id-meta":"","stick-header-meta":"","header-above-stick-meta":"","header-main-stick-meta":"","header-below-stick-meta":"","astra-migrate-meta-layouts":"set","ast-page-background-enabled":"default","ast-page-background-meta":{"desktop":{"background-color":"var(--ast-global-color-5)","background-image":"","background-repeat":"repeat","background-position":"center center","background-size":"auto","background-attachment":"scroll","background-type":"","background-media":"","overlay-type":"","overlay-color":"","overlay-opacity":"","overlay-gradient":""},"tablet":{"background-color":"","background-image":"","background-repeat":"repeat","background-position":"center center","background-size":"auto","background-attachment":"scroll","background-type":"","background-media":"","overlay-type":"","overlay-color":"","overlay-opacity":"","overlay-gradient":""},"mobile":{"background-color":"","background-image":"","background-repeat":"repeat","background-position":"center center","background-size":"auto","background-attachment":"scroll","background-type":"","background-media":"","overlay-type":"","overlay-color":"","overlay-opacity":"","overlay-gradient":""}},"ast-content-background-meta":{"desktop":{"background-color":"var(--ast-global-color-4)","background-image":"","background-repeat":"repeat","background-position":"center center","background-size":"auto","background-attachment":"scroll","background-type":"","background-media":"","overlay-type":"","overlay-color":"","overlay-opacity":"","overlay-gradient":""},"tablet":{"background-color":"var(--ast-global-color-4)","background-image":"","background-repeat":"repeat","background-position":"center center","background-size":"auto","background-attachment":"scroll","background-type":"","background-media":"","overlay-type":"","overlay-color":"","overlay-opacity":"","overlay-gradient":""},"mobile":{"background-color":"var(--ast-global-color-4)","background-image":"","background-repeat":"repeat","background-position":"center center","background-size":"auto","background-attachment":"scroll","background-type":"","background-media":"","overlay-type":"","overlay-color":"","overlay-opacity":"","overlay-gradient":""}},"footnotes":""},"class_list":["post-3690","page","type-page","status-publish","hentry"],"post_mailing_queue_ids":[],"_links":{"self":[{"href":"https:\/\/agora.xtec.cat\/ceipescursell-ripollet\/wp-json\/wp\/v2\/pages\/3690","targetHints":{"allow":["GET"]}}],"collection":[{"href":"https:\/\/agora.xtec.cat\/ceipescursell-ripollet\/wp-json\/wp\/v2\/pages"}],"about":[{"href":"https:\/\/agora.xtec.cat\/ceipescursell-ripollet\/wp-json\/wp\/v2\/types\/page"}],"author":[{"embeddable":true,"href":"https:\/\/agora.xtec.cat\/ceipescursell-ripollet\/wp-json\/wp\/v2\/users\/1"}],"replies":[{"embeddable":true,"href":"https:\/\/agora.xtec.cat\/ceipescursell-ripollet\/wp-json\/wp\/v2\/comments?post=3690"}],"version-history":[{"count":6,"href":"https:\/\/agora.xtec.cat\/ceipescursell-ripollet\/wp-json\/wp\/v2\/pages\/3690\/revisions"}],"predecessor-version":[{"id":3702,"href":"https:\/\/agora.xtec.cat\/ceipescursell-ripollet\/wp-json\/wp\/v2\/pages\/3690\/revisions\/3702"}],"up":[{"embeddable":true,"href":"https:\/\/agora.xtec.cat\/ceipescursell-ripollet\/wp-json\/wp\/v2\/pages\/2825"}],"wp:attachment":[{"href":"https:\/\/agora.xtec.cat\/ceipescursell-ripollet\/wp-json\/wp\/v2\/media?parent=3690"}],"curies":[{"name":"wp","href":"https:\/\/api.w.org\/{rel}","templated":true}]}}