{"id":3642,"date":"2026-01-16T15:15:21","date_gmt":"2026-01-16T14:15:21","guid":{"rendered":"https:\/\/agora.xtec.cat\/ceipescursell-ripollet\/?page_id=3642"},"modified":"2026-01-16T15:46:10","modified_gmt":"2026-01-16T14:46:10","slug":"situacions-daprenentatge","status":"publish","type":"page","link":"https:\/\/agora.xtec.cat\/ceipescursell-ripollet\/important\/comunitat-de-mitjans-2\/situacions-daprenentatge\/","title":{"rendered":"Situacions d&#8217;Aprenentatge"},"content":{"rendered":"\n<p>A la Comunitat de Mitjans treballem a partir de <strong>situacions d\u2019aprenentatge<\/strong> que permeten integrar diferents \u00e0rees del curr\u00edculum de manera globalitzada i significativa. Aquest enfocament facilita que l\u2019alumnat aprengui a partir de reptes reals, connectats amb el seu entorn i els seus interessos.<\/p>\n\n\n\n<p>En aquestes situacions d\u2019aprenentatge s\u2019hi integren les <strong>lleng\u00fces<\/strong>, les <strong>matem\u00e0tiques<\/strong> i el <strong>coneixement del medi<\/strong>, promovent un aprenentatge competencial i funcional. L\u2019alumnat desenvolupa habilitats comunicatives, de raonament matem\u00e0tic i de comprensi\u00f3 de l\u2019entorn a trav\u00e9s de projectes que impliquen investigar, analitzar, crear i comunicar.<\/p>\n\n\n\n<p>En aquest proc\u00e9s, el <strong>m\u00e8tode cient\u00edfic <\/strong>pren una import\u00e0ncia especial, ja que els infants aprenen a observar, formular preguntes i hip\u00f2tesis, experimentar, recollir i analitzar dades, extreure conclusions i comunicar els resultats de manera rigorosa.<\/p>\n\n\n\n<p>La Comunitat de Mitjans disposa de <strong>4 hores setmanals<\/strong>, durant les quals els infants treballen de manera cooperativa, utilitzen diferents llenguatges i formats (oral, escrit, visual i digital) i aprenen a fer un \u00fas cr\u00edtic i responsable dels mitjans i les tecnologies.<\/p>\n\n\n\n<p>Aquest model de treball afavoreix l\u2019autonomia, la creativitat i el pensament cr\u00edtic, alhora que ofereix una visi\u00f3 integrada del coneixement i dona sentit als aprenentatges que es fan a l\u2019escola.<\/p>\n\n\n\n<div class=\"wp-block-columns is-layout-flex wp-container-core-columns-is-layout-1 wp-block-columns-is-layout-flex\" style=\"padding-top:var(--wp--preset--spacing--30);padding-bottom:var(--wp--preset--spacing--50)\">\n<div class=\"wp-block-column is-layout-flow wp-block-column-is-layout-flow\">\n<figure class=\"wp-block-image alignright size-full is-resized\"><a href=\"https:\/\/agora.xtec.cat\/ceipescursell-ripollet\/wp-content\/uploads\/usu1663\/2026\/01\/SA-mitjans.png\"><img loading=\"lazy\" decoding=\"async\" width=\"1000\" height=\"745\" src=\"https:\/\/agora.xtec.cat\/ceipescursell-ripollet\/wp-content\/uploads\/usu1663\/2026\/01\/SA-mitjans.png\" alt=\"\" class=\"wp-image-3470\" style=\"width:379px;height:auto\" srcset=\"https:\/\/agora.xtec.cat\/ceipescursell-ripollet\/wp-content\/uploads\/usu1663\/2026\/01\/SA-mitjans.png 1000w, https:\/\/agora.xtec.cat\/ceipescursell-ripollet\/wp-content\/uploads\/usu1663\/2026\/01\/SA-mitjans-300x224.png 300w, https:\/\/agora.xtec.cat\/ceipescursell-ripollet\/wp-content\/uploads\/usu1663\/2026\/01\/SA-mitjans-768x572.png 768w\" sizes=\"auto, (max-width: 1000px) 100vw, 1000px\" \/><\/a><\/figure>\n<\/div>\n\n\n\n<div class=\"wp-block-column is-layout-flow wp-block-column-is-layout-flow\">\n<figure class=\"wp-block-image size-full\"><a href=\"https:\/\/agora.xtec.cat\/ceipescursell-ripollet\/wp-content\/uploads\/usu1663\/2026\/01\/Captura-de-pantalla-2026-01-16-152320.png\"><img loading=\"lazy\" decoding=\"async\" width=\"685\" height=\"459\" src=\"https:\/\/agora.xtec.cat\/ceipescursell-ripollet\/wp-content\/uploads\/usu1663\/2026\/01\/Captura-de-pantalla-2026-01-16-152320.png\" alt=\"\" class=\"wp-image-3647\" srcset=\"https:\/\/agora.xtec.cat\/ceipescursell-ripollet\/wp-content\/uploads\/usu1663\/2026\/01\/Captura-de-pantalla-2026-01-16-152320.png 685w, https:\/\/agora.xtec.cat\/ceipescursell-ripollet\/wp-content\/uploads\/usu1663\/2026\/01\/Captura-de-pantalla-2026-01-16-152320-300x201.png 300w\" sizes=\"auto, (max-width: 685px) 100vw, 685px\" \/><\/a><\/figure>\n<\/div>\n\n\n\n<div class=\"wp-block-column is-layout-flow wp-block-column-is-layout-flow\">\n<figure class=\"wp-block-image alignleft size-full is-resized\"><a href=\"https:\/\/agora.xtec.cat\/ceipescursell-ripollet\/wp-content\/uploads\/usu1663\/2026\/01\/SA-mitjans1.png\"><img loading=\"lazy\" decoding=\"async\" width=\"362\" height=\"281\" src=\"https:\/\/agora.xtec.cat\/ceipescursell-ripollet\/wp-content\/uploads\/usu1663\/2026\/01\/SA-mitjans1.png\" alt=\"\" class=\"wp-image-3654\" style=\"width:264px;height:auto\" srcset=\"https:\/\/agora.xtec.cat\/ceipescursell-ripollet\/wp-content\/uploads\/usu1663\/2026\/01\/SA-mitjans1.png 362w, https:\/\/agora.xtec.cat\/ceipescursell-ripollet\/wp-content\/uploads\/usu1663\/2026\/01\/SA-mitjans1-300x233.png 300w\" sizes=\"auto, (max-width: 362px) 100vw, 362px\" \/><\/a><\/figure>\n<\/div>\n<\/div>\n","protected":false},"excerpt":{"rendered":"<p>A la Comunitat de Mitjans treballem a partir de situacions d\u2019aprenentatge que permeten integrar diferents \u00e0rees del curr\u00edculum de manera globalitzada i significativa. Aquest enfocament facilita que l\u2019alumnat aprengui a partir de reptes reals, connectats amb el seu entorn i els seus interessos. En aquestes situacions d\u2019aprenentatge s\u2019hi integren les lleng\u00fces, les matem\u00e0tiques i el [&hellip;]<\/p>\n","protected":false},"author":1,"featured_media":0,"parent":2822,"menu_order":4,"comment_status":"closed","ping_status":"closed","template":"","meta":{"_bbp_topic_count":0,"_bbp_reply_count":0,"_bbp_total_topic_count":0,"_bbp_total_reply_count":0,"_bbp_voice_count":0,"_bbp_anonymous_reply_count":0,"_bbp_topic_count_hidden":0,"_bbp_reply_count_hidden":0,"_bbp_forum_subforum_count":0,"site-sidebar-layout":"default","site-content-layout":"","ast-site-content-layout":"default","site-content-style":"default","site-sidebar-style":"default","ast-global-header-display":"","ast-banner-title-visibility":"","ast-main-header-display":"","ast-hfb-above-header-display":"","ast-hfb-below-header-display":"","ast-hfb-mobile-header-display":"","site-post-title":"","ast-breadcrumbs-content":"","ast-featured-img":"","footer-sml-layout":"","theme-transparent-header-meta":"","adv-header-id-meta":"","stick-header-meta":"","header-above-stick-meta":"","header-main-stick-meta":"","header-below-stick-meta":"","astra-migrate-meta-layouts":"set","ast-page-background-enabled":"default","ast-page-background-meta":{"desktop":{"background-color":"var(--ast-global-color-5)","background-image":"","background-repeat":"repeat","background-position":"center center","background-size":"auto","background-attachment":"scroll","background-type":"","background-media":"","overlay-type":"","overlay-color":"","overlay-opacity":"","overlay-gradient":""},"tablet":{"background-color":"","background-image":"","background-repeat":"repeat","background-position":"center center","background-size":"auto","background-attachment":"scroll","background-type":"","background-media":"","overlay-type":"","overlay-color":"","overlay-opacity":"","overlay-gradient":""},"mobile":{"background-color":"","background-image":"","background-repeat":"repeat","background-position":"center center","background-size":"auto","background-attachment":"scroll","background-type":"","background-media":"","overlay-type":"","overlay-color":"","overlay-opacity":"","overlay-gradient":""}},"ast-content-background-meta":{"desktop":{"background-color":"var(--ast-global-color-4)","background-image":"","background-repeat":"repeat","background-position":"center center","background-size":"auto","background-attachment":"scroll","background-type":"","background-media":"","overlay-type":"","overlay-color":"","overlay-opacity":"","overlay-gradient":""},"tablet":{"background-color":"var(--ast-global-color-4)","background-image":"","background-repeat":"repeat","background-position":"center center","background-size":"auto","background-attachment":"scroll","background-type":"","background-media":"","overlay-type":"","overlay-color":"","overlay-opacity":"","overlay-gradient":""},"mobile":{"background-color":"var(--ast-global-color-4)","background-image":"","background-repeat":"repeat","background-position":"center center","background-size":"auto","background-attachment":"scroll","background-type":"","background-media":"","overlay-type":"","overlay-color":"","overlay-opacity":"","overlay-gradient":""}},"footnotes":""},"class_list":["post-3642","page","type-page","status-publish","hentry"],"post_mailing_queue_ids":[],"_links":{"self":[{"href":"https:\/\/agora.xtec.cat\/ceipescursell-ripollet\/wp-json\/wp\/v2\/pages\/3642","targetHints":{"allow":["GET"]}}],"collection":[{"href":"https:\/\/agora.xtec.cat\/ceipescursell-ripollet\/wp-json\/wp\/v2\/pages"}],"about":[{"href":"https:\/\/agora.xtec.cat\/ceipescursell-ripollet\/wp-json\/wp\/v2\/types\/page"}],"author":[{"embeddable":true,"href":"https:\/\/agora.xtec.cat\/ceipescursell-ripollet\/wp-json\/wp\/v2\/users\/1"}],"replies":[{"embeddable":true,"href":"https:\/\/agora.xtec.cat\/ceipescursell-ripollet\/wp-json\/wp\/v2\/comments?post=3642"}],"version-history":[{"count":6,"href":"https:\/\/agora.xtec.cat\/ceipescursell-ripollet\/wp-json\/wp\/v2\/pages\/3642\/revisions"}],"predecessor-version":[{"id":3677,"href":"https:\/\/agora.xtec.cat\/ceipescursell-ripollet\/wp-json\/wp\/v2\/pages\/3642\/revisions\/3677"}],"up":[{"embeddable":true,"href":"https:\/\/agora.xtec.cat\/ceipescursell-ripollet\/wp-json\/wp\/v2\/pages\/2822"}],"wp:attachment":[{"href":"https:\/\/agora.xtec.cat\/ceipescursell-ripollet\/wp-json\/wp\/v2\/media?parent=3642"}],"curies":[{"name":"wp","href":"https:\/\/api.w.org\/{rel}","templated":true}]}}