{"id":3414,"date":"2026-01-09T12:55:47","date_gmt":"2026-01-09T11:55:47","guid":{"rendered":"https:\/\/agora.xtec.cat\/ceipescursell-ripollet\/?page_id=3414"},"modified":"2026-01-09T13:26:10","modified_gmt":"2026-01-09T12:26:10","slug":"english-a-la-comunitat-de-grans","status":"publish","type":"page","link":"https:\/\/agora.xtec.cat\/ceipescursell-ripollet\/important\/comunitat-dels-grans\/english-a-la-comunitat-de-grans\/","title":{"rendered":"English a la Comunitat de Grans"},"content":{"rendered":"\n<p>A la comunitat de grans, l\u2019aprenentatge de la llengua anglesa es planteja com un proc\u00e9s actiu i significatiu, basat en situacions d\u2019aprenentatge properes a la realitat dels infants. Les activitats es dissenyen per afavorir el desenvolupament de les diferents compet\u00e8ncies ling\u00fc\u00edstiques \u2014comprensi\u00f3 i expressi\u00f3 oral i escrita\u2014 seguint un fil conductor com\u00fa i amb un prop\u00f2sit final que dona sentit a tot el proc\u00e9s d\u2019aprenentatge.<\/p>\n\n\n\n<p>La metodologia aposta per una participaci\u00f3 activa de l\u2019alumnat, fomentant l\u2019autonomia, la cooperaci\u00f3 i la comunicaci\u00f3 en llengua anglesa. Peri\u00f2dicament, es programen estacions d\u2019aprenentatge, d\u2019acord amb la l\u00ednia metodol\u00f2gica del centre, en les quals els infants treballen en grups heterogenis i interactuen entre ells a trav\u00e9s d\u2019activitats l\u00fadiques, manipulatives i motivadores que faciliten l\u2019\u00fas natural de la llengua.<\/p>\n\n\n\n<p>L\u2019storytelling t\u00e9 un paper rellevant en l\u2019aprenentatge de l\u2019angl\u00e8s, ja que permet treballar la comprensi\u00f3 oral, el vocabulari i les estructures ling\u00fc\u00edstiques d\u2019una manera creativa i contextualitzada, alhora que es desperta el gust per escoltar i crear hist\u00f2ries.<\/p>\n\n\n\n<p>D\u2019altra banda, l\u2019alumnat tamb\u00e9 participa en un taller de teatre musical a partir de can\u00e7ons modernes i actuals. Aquesta proposta afavoreix l\u2019expressi\u00f3 oral, la pronunciaci\u00f3, el ritme i la confian\u00e7a a l\u2019hora d\u2019utilitzar la llengua anglesa, al mateix temps que potencia la creativitat, el treball en equip i el gaudi per l\u2019aprenentatge.<\/p>\n\n\n\n<div class=\"wp-block-columns is-layout-flex wp-container-core-columns-is-layout-1 wp-block-columns-is-layout-flex\" style=\"margin-top:var(--wp--preset--spacing--50);margin-bottom:var(--wp--preset--spacing--50);padding-top:0\">\n<div class=\"wp-block-column is-layout-flow wp-block-column-is-layout-flow\">\n<figure class=\"wp-block-image alignright size-large is-resized\"><a href=\"https:\/\/agora.xtec.cat\/ceipescursell-ripollet\/wp-content\/uploads\/usu1663\/2026\/01\/english1-scaled.jpg\"><img loading=\"lazy\" decoding=\"async\" width=\"1024\" height=\"768\" src=\"https:\/\/agora.xtec.cat\/ceipescursell-ripollet\/wp-content\/uploads\/usu1663\/2026\/01\/english1-1024x768.jpg\" alt=\"\" class=\"wp-image-3422\" style=\"width:260px;height:auto\" srcset=\"https:\/\/agora.xtec.cat\/ceipescursell-ripollet\/wp-content\/uploads\/usu1663\/2026\/01\/english1-1024x768.jpg 1024w, https:\/\/agora.xtec.cat\/ceipescursell-ripollet\/wp-content\/uploads\/usu1663\/2026\/01\/english1-300x225.jpg 300w, https:\/\/agora.xtec.cat\/ceipescursell-ripollet\/wp-content\/uploads\/usu1663\/2026\/01\/english1-768x576.jpg 768w, https:\/\/agora.xtec.cat\/ceipescursell-ripollet\/wp-content\/uploads\/usu1663\/2026\/01\/english1-1536x1152.jpg 1536w, https:\/\/agora.xtec.cat\/ceipescursell-ripollet\/wp-content\/uploads\/usu1663\/2026\/01\/english1-2048x1536.jpg 2048w\" sizes=\"auto, (max-width: 1024px) 100vw, 1024px\" \/><\/a><\/figure>\n<\/div>\n\n\n\n<div class=\"wp-block-column is-layout-flow wp-block-column-is-layout-flow\">\n<figure class=\"wp-block-image size-large\"><a href=\"https:\/\/agora.xtec.cat\/ceipescursell-ripollet\/wp-content\/uploads\/usu1663\/2026\/01\/english2-3-scaled.jpg\"><img loading=\"lazy\" decoding=\"async\" width=\"1024\" height=\"689\" src=\"https:\/\/agora.xtec.cat\/ceipescursell-ripollet\/wp-content\/uploads\/usu1663\/2026\/01\/english2-3-1024x689.jpg\" alt=\"\" class=\"wp-image-3428\" srcset=\"https:\/\/agora.xtec.cat\/ceipescursell-ripollet\/wp-content\/uploads\/usu1663\/2026\/01\/english2-3-1024x689.jpg 1024w, https:\/\/agora.xtec.cat\/ceipescursell-ripollet\/wp-content\/uploads\/usu1663\/2026\/01\/english2-3-300x202.jpg 300w, https:\/\/agora.xtec.cat\/ceipescursell-ripollet\/wp-content\/uploads\/usu1663\/2026\/01\/english2-3-768x516.jpg 768w, https:\/\/agora.xtec.cat\/ceipescursell-ripollet\/wp-content\/uploads\/usu1663\/2026\/01\/english2-3-1536x1033.jpg 1536w, https:\/\/agora.xtec.cat\/ceipescursell-ripollet\/wp-content\/uploads\/usu1663\/2026\/01\/english2-3-2048x1377.jpg 2048w\" sizes=\"auto, (max-width: 1024px) 100vw, 1024px\" \/><\/a><\/figure>\n<\/div>\n\n\n\n<div class=\"wp-block-column is-layout-flow wp-block-column-is-layout-flow\">\n<figure class=\"wp-block-image size-large\"><a href=\"https:\/\/agora.xtec.cat\/ceipescursell-ripollet\/wp-content\/uploads\/usu1663\/2026\/01\/english3-2-scaled.jpg\"><img loading=\"lazy\" decoding=\"async\" width=\"1024\" height=\"690\" src=\"https:\/\/agora.xtec.cat\/ceipescursell-ripollet\/wp-content\/uploads\/usu1663\/2026\/01\/english3-2-1024x690.jpg\" alt=\"\" class=\"wp-image-3431\" srcset=\"https:\/\/agora.xtec.cat\/ceipescursell-ripollet\/wp-content\/uploads\/usu1663\/2026\/01\/english3-2-1024x690.jpg 1024w, https:\/\/agora.xtec.cat\/ceipescursell-ripollet\/wp-content\/uploads\/usu1663\/2026\/01\/english3-2-300x202.jpg 300w, https:\/\/agora.xtec.cat\/ceipescursell-ripollet\/wp-content\/uploads\/usu1663\/2026\/01\/english3-2-768x518.jpg 768w, https:\/\/agora.xtec.cat\/ceipescursell-ripollet\/wp-content\/uploads\/usu1663\/2026\/01\/english3-2-1536x1036.jpg 1536w, https:\/\/agora.xtec.cat\/ceipescursell-ripollet\/wp-content\/uploads\/usu1663\/2026\/01\/english3-2-2048x1381.jpg 2048w\" sizes=\"auto, (max-width: 1024px) 100vw, 1024px\" \/><\/a><\/figure>\n<\/div>\n<\/div>\n","protected":false},"excerpt":{"rendered":"<p>A la comunitat de grans, l\u2019aprenentatge de la llengua anglesa es planteja com un proc\u00e9s actiu i significatiu, basat en situacions d\u2019aprenentatge properes a la realitat dels infants. Les activitats es dissenyen per afavorir el desenvolupament de les diferents compet\u00e8ncies ling\u00fc\u00edstiques \u2014comprensi\u00f3 i expressi\u00f3 oral i escrita\u2014 seguint un fil conductor com\u00fa i amb un [&hellip;]<\/p>\n","protected":false},"author":1,"featured_media":0,"parent":2825,"menu_order":9,"comment_status":"closed","ping_status":"closed","template":"","meta":{"_bbp_topic_count":0,"_bbp_reply_count":0,"_bbp_total_topic_count":0,"_bbp_total_reply_count":0,"_bbp_voice_count":0,"_bbp_anonymous_reply_count":0,"_bbp_topic_count_hidden":0,"_bbp_reply_count_hidden":0,"_bbp_forum_subforum_count":0,"site-sidebar-layout":"default","site-content-layout":"","ast-site-content-layout":"default","site-content-style":"default","site-sidebar-style":"default","ast-global-header-display":"","ast-banner-title-visibility":"","ast-main-header-display":"","ast-hfb-above-header-display":"","ast-hfb-below-header-display":"","ast-hfb-mobile-header-display":"","site-post-title":"","ast-breadcrumbs-content":"","ast-featured-img":"","footer-sml-layout":"","theme-transparent-header-meta":"","adv-header-id-meta":"","stick-header-meta":"","header-above-stick-meta":"","header-main-stick-meta":"","header-below-stick-meta":"","astra-migrate-meta-layouts":"set","ast-page-background-enabled":"default","ast-page-background-meta":{"desktop":{"background-color":"var(--ast-global-color-5)","background-image":"","background-repeat":"repeat","background-position":"center center","background-size":"auto","background-attachment":"scroll","background-type":"","background-media":"","overlay-type":"","overlay-color":"","overlay-opacity":"","overlay-gradient":""},"tablet":{"background-color":"","background-image":"","background-repeat":"repeat","background-position":"center center","background-size":"auto","background-attachment":"scroll","background-type":"","background-media":"","overlay-type":"","overlay-color":"","overlay-opacity":"","overlay-gradient":""},"mobile":{"background-color":"","background-image":"","background-repeat":"repeat","background-position":"center center","background-size":"auto","background-attachment":"scroll","background-type":"","background-media":"","overlay-type":"","overlay-color":"","overlay-opacity":"","overlay-gradient":""}},"ast-content-background-meta":{"desktop":{"background-color":"var(--ast-global-color-4)","background-image":"","background-repeat":"repeat","background-position":"center center","background-size":"auto","background-attachment":"scroll","background-type":"","background-media":"","overlay-type":"","overlay-color":"","overlay-opacity":"","overlay-gradient":""},"tablet":{"background-color":"var(--ast-global-color-4)","background-image":"","background-repeat":"repeat","background-position":"center center","background-size":"auto","background-attachment":"scroll","background-type":"","background-media":"","overlay-type":"","overlay-color":"","overlay-opacity":"","overlay-gradient":""},"mobile":{"background-color":"var(--ast-global-color-4)","background-image":"","background-repeat":"repeat","background-position":"center center","background-size":"auto","background-attachment":"scroll","background-type":"","background-media":"","overlay-type":"","overlay-color":"","overlay-opacity":"","overlay-gradient":""}},"footnotes":""},"class_list":["post-3414","page","type-page","status-publish","hentry"],"post_mailing_queue_ids":[],"_links":{"self":[{"href":"https:\/\/agora.xtec.cat\/ceipescursell-ripollet\/wp-json\/wp\/v2\/pages\/3414","targetHints":{"allow":["GET"]}}],"collection":[{"href":"https:\/\/agora.xtec.cat\/ceipescursell-ripollet\/wp-json\/wp\/v2\/pages"}],"about":[{"href":"https:\/\/agora.xtec.cat\/ceipescursell-ripollet\/wp-json\/wp\/v2\/types\/page"}],"author":[{"embeddable":true,"href":"https:\/\/agora.xtec.cat\/ceipescursell-ripollet\/wp-json\/wp\/v2\/users\/1"}],"replies":[{"embeddable":true,"href":"https:\/\/agora.xtec.cat\/ceipescursell-ripollet\/wp-json\/wp\/v2\/comments?post=3414"}],"version-history":[{"count":6,"href":"https:\/\/agora.xtec.cat\/ceipescursell-ripollet\/wp-json\/wp\/v2\/pages\/3414\/revisions"}],"predecessor-version":[{"id":3440,"href":"https:\/\/agora.xtec.cat\/ceipescursell-ripollet\/wp-json\/wp\/v2\/pages\/3414\/revisions\/3440"}],"up":[{"embeddable":true,"href":"https:\/\/agora.xtec.cat\/ceipescursell-ripollet\/wp-json\/wp\/v2\/pages\/2825"}],"wp:attachment":[{"href":"https:\/\/agora.xtec.cat\/ceipescursell-ripollet\/wp-json\/wp\/v2\/media?parent=3414"}],"curies":[{"name":"wp","href":"https:\/\/api.w.org\/{rel}","templated":true}]}}