{"id":3179,"date":"2025-11-28T11:01:56","date_gmt":"2025-11-28T10:01:56","guid":{"rendered":"https:\/\/agora.xtec.cat\/ceipescursell-ripollet\/?page_id=3179"},"modified":"2025-11-28T12:17:41","modified_gmt":"2025-11-28T11:17:41","slug":"english-a-i5","status":"publish","type":"page","link":"https:\/\/agora.xtec.cat\/ceipescursell-ripollet\/important\/comunitat-de-petits-2\/english-a-i5\/","title":{"rendered":"English a I5"},"content":{"rendered":"\n<p>A l&#8217;escola introdu\u00efm la llengua anglesa a I5,  i treballem a trav\u00e9s d\u2019activitats molt vivencials i adaptades a la manera natural que tenen els infants d\u2019aprendre. Les propostes s\u00f3n, sobretot, orals i sempre parteixen de situacions comunicatives senzilles que ens permeten introduir i refor\u00e7ar vocabulari b\u00e0sic.<\/p>\n\n\n\n<p>Per aix\u00f2 donem molta import\u00e0ncia a les can\u00e7ons, la dansa i els contes explicats per la mestra, ja que s\u00f3n moments en qu\u00e8 els infants escolten, repeteixen i participen amb molta motivaci\u00f3. Tamb\u00e9 utilitzem jocs de moviment i petites manualitats, que ajuden a relacionar el llenguatge amb experi\u00e8ncies concretes i significatives.<\/p>\n\n\n\n<p>Al llarg del curs, els infants tamb\u00e9 tenen l\u2019oportunitat de gaudir de la visualitzaci\u00f3 d\u2019una petita obra de teatre en angl\u00e8s, basada en un conte tradicional. Aquesta activitat els permet escoltar la llengua en un context m\u00e9s global i vivencial, alhora que connecten amb la fantasia i la narraci\u00f3, elements molt propis de la seva etapa.<\/p>\n\n\n\n<p>L\u2019objectiu principal \u00e9s que els nens i nenes s\u2019apropin a l\u2019angl\u00e8s amb naturalitat, curiositat i alegria, creant una base positiva per a futurs aprenentatges.<\/p>\n\n\n\n<div class=\"wp-block-columns is-layout-flex wp-container-core-columns-is-layout-1 wp-block-columns-is-layout-flex\" style=\"padding-top:0;padding-bottom:0\">\n<div class=\"wp-block-column is-layout-flow wp-block-column-is-layout-flow\">\n<figure class=\"wp-block-image size-full\"><a href=\"https:\/\/agora.xtec.cat\/ceipescursell-ripollet\/wp-content\/uploads\/usu1663\/2025\/11\/English-Rotllana.png\"><img loading=\"lazy\" decoding=\"async\" width=\"384\" height=\"254\" src=\"https:\/\/agora.xtec.cat\/ceipescursell-ripollet\/wp-content\/uploads\/usu1663\/2025\/11\/English-Rotllana.png\" alt=\"\" class=\"wp-image-3206\" srcset=\"https:\/\/agora.xtec.cat\/ceipescursell-ripollet\/wp-content\/uploads\/usu1663\/2025\/11\/English-Rotllana.png 384w, https:\/\/agora.xtec.cat\/ceipescursell-ripollet\/wp-content\/uploads\/usu1663\/2025\/11\/English-Rotllana-300x198.png 300w\" sizes=\"auto, (max-width: 384px) 100vw, 384px\" \/><\/a><\/figure>\n<\/div>\n\n\n\n<div class=\"wp-block-column is-layout-flow wp-block-column-is-layout-flow\">\n<figure class=\"wp-block-image size-full is-resized\"><a href=\"https:\/\/agora.xtec.cat\/ceipescursell-ripollet\/wp-content\/uploads\/usu1663\/2025\/11\/English-Kawtar.png\"><img loading=\"lazy\" decoding=\"async\" width=\"362\" height=\"252\" src=\"https:\/\/agora.xtec.cat\/ceipescursell-ripollet\/wp-content\/uploads\/usu1663\/2025\/11\/English-Kawtar.png\" alt=\"\" class=\"wp-image-3204\" style=\"width:269px;height:auto\" srcset=\"https:\/\/agora.xtec.cat\/ceipescursell-ripollet\/wp-content\/uploads\/usu1663\/2025\/11\/English-Kawtar.png 362w, https:\/\/agora.xtec.cat\/ceipescursell-ripollet\/wp-content\/uploads\/usu1663\/2025\/11\/English-Kawtar-300x209.png 300w\" sizes=\"auto, (max-width: 362px) 100vw, 362px\" \/><\/a><\/figure>\n<\/div>\n\n\n\n<div class=\"wp-block-column is-layout-flow wp-block-column-is-layout-flow\">\n<figure class=\"wp-block-image size-full\"><a href=\"https:\/\/agora.xtec.cat\/ceipescursell-ripollet\/wp-content\/uploads\/usu1663\/2025\/11\/English-happy-sad.png\"><img loading=\"lazy\" decoding=\"async\" width=\"381\" height=\"252\" src=\"https:\/\/agora.xtec.cat\/ceipescursell-ripollet\/wp-content\/uploads\/usu1663\/2025\/11\/English-happy-sad.png\" alt=\"\" class=\"wp-image-3205\" srcset=\"https:\/\/agora.xtec.cat\/ceipescursell-ripollet\/wp-content\/uploads\/usu1663\/2025\/11\/English-happy-sad.png 381w, https:\/\/agora.xtec.cat\/ceipescursell-ripollet\/wp-content\/uploads\/usu1663\/2025\/11\/English-happy-sad-300x198.png 300w\" sizes=\"auto, (max-width: 381px) 100vw, 381px\" \/><\/a><\/figure>\n<\/div>\n<\/div>\n","protected":false},"excerpt":{"rendered":"<p>A l&#8217;escola introdu\u00efm la llengua anglesa a I5, i treballem a trav\u00e9s d\u2019activitats molt vivencials i adaptades a la manera natural que tenen els infants d\u2019aprendre. Les propostes s\u00f3n, sobretot, orals i sempre parteixen de situacions comunicatives senzilles que ens permeten introduir i refor\u00e7ar vocabulari b\u00e0sic. Per aix\u00f2 donem molta import\u00e0ncia a les can\u00e7ons, la [&hellip;]<\/p>\n","protected":false},"author":1,"featured_media":0,"parent":2819,"menu_order":9,"comment_status":"closed","ping_status":"closed","template":"","meta":{"_bbp_topic_count":0,"_bbp_reply_count":0,"_bbp_total_topic_count":0,"_bbp_total_reply_count":0,"_bbp_voice_count":0,"_bbp_anonymous_reply_count":0,"_bbp_topic_count_hidden":0,"_bbp_reply_count_hidden":0,"_bbp_forum_subforum_count":0,"site-sidebar-layout":"default","site-content-layout":"","ast-site-content-layout":"default","site-content-style":"default","site-sidebar-style":"default","ast-global-header-display":"","ast-banner-title-visibility":"","ast-main-header-display":"","ast-hfb-above-header-display":"","ast-hfb-below-header-display":"","ast-hfb-mobile-header-display":"","site-post-title":"","ast-breadcrumbs-content":"","ast-featured-img":"","footer-sml-layout":"","theme-transparent-header-meta":"","adv-header-id-meta":"","stick-header-meta":"","header-above-stick-meta":"","header-main-stick-meta":"","header-below-stick-meta":"","astra-migrate-meta-layouts":"set","ast-page-background-enabled":"default","ast-page-background-meta":{"desktop":{"background-color":"var(--ast-global-color-5)","background-image":"","background-repeat":"repeat","background-position":"center center","background-size":"auto","background-attachment":"scroll","background-type":"","background-media":"","overlay-type":"","overlay-color":"","overlay-opacity":"","overlay-gradient":""},"tablet":{"background-color":"","background-image":"","background-repeat":"repeat","background-position":"center center","background-size":"auto","background-attachment":"scroll","background-type":"","background-media":"","overlay-type":"","overlay-color":"","overlay-opacity":"","overlay-gradient":""},"mobile":{"background-color":"","background-image":"","background-repeat":"repeat","background-position":"center center","background-size":"auto","background-attachment":"scroll","background-type":"","background-media":"","overlay-type":"","overlay-color":"","overlay-opacity":"","overlay-gradient":""}},"ast-content-background-meta":{"desktop":{"background-color":"var(--ast-global-color-4)","background-image":"","background-repeat":"repeat","background-position":"center center","background-size":"auto","background-attachment":"scroll","background-type":"","background-media":"","overlay-type":"","overlay-color":"","overlay-opacity":"","overlay-gradient":""},"tablet":{"background-color":"var(--ast-global-color-4)","background-image":"","background-repeat":"repeat","background-position":"center center","background-size":"auto","background-attachment":"scroll","background-type":"","background-media":"","overlay-type":"","overlay-color":"","overlay-opacity":"","overlay-gradient":""},"mobile":{"background-color":"var(--ast-global-color-4)","background-image":"","background-repeat":"repeat","background-position":"center center","background-size":"auto","background-attachment":"scroll","background-type":"","background-media":"","overlay-type":"","overlay-color":"","overlay-opacity":"","overlay-gradient":""}},"footnotes":""},"class_list":["post-3179","page","type-page","status-publish","hentry"],"post_mailing_queue_ids":[],"_links":{"self":[{"href":"https:\/\/agora.xtec.cat\/ceipescursell-ripollet\/wp-json\/wp\/v2\/pages\/3179","targetHints":{"allow":["GET"]}}],"collection":[{"href":"https:\/\/agora.xtec.cat\/ceipescursell-ripollet\/wp-json\/wp\/v2\/pages"}],"about":[{"href":"https:\/\/agora.xtec.cat\/ceipescursell-ripollet\/wp-json\/wp\/v2\/types\/page"}],"author":[{"embeddable":true,"href":"https:\/\/agora.xtec.cat\/ceipescursell-ripollet\/wp-json\/wp\/v2\/users\/1"}],"replies":[{"embeddable":true,"href":"https:\/\/agora.xtec.cat\/ceipescursell-ripollet\/wp-json\/wp\/v2\/comments?post=3179"}],"version-history":[{"count":6,"href":"https:\/\/agora.xtec.cat\/ceipescursell-ripollet\/wp-json\/wp\/v2\/pages\/3179\/revisions"}],"predecessor-version":[{"id":3212,"href":"https:\/\/agora.xtec.cat\/ceipescursell-ripollet\/wp-json\/wp\/v2\/pages\/3179\/revisions\/3212"}],"up":[{"embeddable":true,"href":"https:\/\/agora.xtec.cat\/ceipescursell-ripollet\/wp-json\/wp\/v2\/pages\/2819"}],"wp:attachment":[{"href":"https:\/\/agora.xtec.cat\/ceipescursell-ripollet\/wp-json\/wp\/v2\/media?parent=3179"}],"curies":[{"name":"wp","href":"https:\/\/api.w.org\/{rel}","templated":true}]}}