{"id":2752,"date":"2025-11-21T16:48:53","date_gmt":"2025-11-21T15:48:53","guid":{"rendered":"https:\/\/agora.xtec.cat\/ceipescursell-ripollet\/?page_id=2752"},"modified":"2025-11-21T16:49:10","modified_gmt":"2025-11-21T15:49:10","slug":"ampa","status":"publish","type":"page","link":"https:\/\/agora.xtec.cat\/ceipescursell-ripollet\/serveis\/ampa\/","title":{"rendered":"AMPA"},"content":{"rendered":"\n<p>La nostra associaci\u00f3 es compon de totes les fam\u00edlies de l\u2019escola i gr\u00e0cies a les aportacions en temps, dedicaci\u00f3 i energia d\u2019un equip de persones es poden portar a terme les activitats de:<\/p>\n\n\n\n<ul class=\"wp-block-list\">\n<li><strong>SOCIALITZACI\u00d3 DE LLIBRES:<\/strong>\u00a0Projecte estrella de l\u2019AMPA, que conjuntament amb l\u2019escola, mestres, alumnes i fam\u00edlies, ajuda a reduir els costos econ\u00f2mics en la despesa de llibres, a m\u00e9s de fomentar els valors de cura, manteniment, respecte i reutilitzaci\u00f3 al m\u00e0xim de tot el material did\u00e0ctic, a m\u00e9s de l\u2019estalvi en temps que suposa la gesti\u00f3 i compra per cada fam\u00edlia.<\/li>\n\n\n\n<li><strong>ACTIVITATS ESPORTIVES I L\u00daDIC\/EDUCATIVES I DE SUPORT:<\/strong>\u00a0concert, gesti\u00f3 i seguiment de totes les activitats extraescolars i de suport, p. ex. canguratge, que es porten a terme a l\u2019escola.<\/li>\n\n\n\n<li><strong>PARTICIPACI\u00d3 EN ACTIVITATS QUE SIGUIN D\u2019INTER\u00c8S PEL CENTRE I CURR\u00cdCULUM DELS ALUMNES:<\/strong>\u00a0segons el projecte d\u2019escola, participaci\u00f3 i\/o col\u00b7laboraci\u00f3 entre d\u2019altres: concert de Nadal, Castanyada, Carnestoltes, Sant Jordi, festa de fi de curs,\u2026<\/li>\n\n\n\n<li><strong>SEGUIMENT DE SERVEIS NO GESTIONATS PER L\u2019AMPA (per\u00f2 d\u2019inter\u00e8s per a les fam\u00edlies):\u00a0<\/strong>Comissi\u00f3 de seguiment satisfactori del menjador.<\/li>\n\n\n\n<li><strong>ALTRES:\u00a0\u00a0<\/strong>\n<ul class=\"wp-block-list\">\n<li>Participaci\u00f3 en els \u00f2rgans de govern que ens permeti la legislaci\u00f3, tals com el Consell Escolar a nivell d\u2019escola, on es troba representada tota la comunitat educativa. \u00c9s un \u00f2rgan de decisi\u00f3 i participaci\u00f3 que juga un paper important en el funcionament del centre.<\/li>\n\n\n\n<li>Participaci\u00f3 en les agrupacions, plataformes o associacions que puguin aportar coneixement de l\u2019entorn i donin m\u00e9s for\u00e7a conjunta a la nostra associaci\u00f3.<\/li>\n<\/ul>\n<\/li>\n<\/ul>\n\n\n\n<p>Totes aquestes activitats i moltes m\u00e9s que es podrien realitzar, requereixen dedicaci\u00f3 i il\u00b7lusi\u00f3, per\u00f2 que aporten enriquiment personal i satisfacci\u00f3 de participaci\u00f3 i coneixement de l\u2019escola i l\u2019entorn que envolta els nostres fills.<\/p>\n\n\n\n<p>Per aix\u00f2 us convidem a participar amb les aportacions, suggeriments de millora, nous projectes, comentaris i\/o queixes per tal d\u2019aconseguir entre tots i dia rera dia, que podem fer la nostra escola m\u00e9s gran.<\/p>\n\n\n\n<blockquote class=\"wp-block-quote is-layout-flow wp-block-quote-is-layout-flow\">\n<p><strong><em>L\u2019AMPA es reuneix els dilluns i dimecres de 9 a 10h i els dimarts i dijous de 16h a 17h.<\/em><\/strong><\/p>\n<\/blockquote>\n\n\n\n<p><strong>email:<\/strong>&nbsp;<a href=\"mailto:ampaescursell@gmail.com\" target=\"_blank\" rel=\"noreferrer noopener\">ampaescursell@gmail.com<\/a><\/p>\n\n\n\n<p>Sembla que no trobem aquesta p\u00e0gina. Potser voleu intentar amb una cerca.<\/p>\n","protected":false},"excerpt":{"rendered":"<p>La nostra associaci\u00f3 es compon de totes les fam\u00edlies de l\u2019escola i gr\u00e0cies a les aportacions en temps, dedicaci\u00f3 i energia d\u2019un equip de persones es poden portar a terme les activitats de: Totes aquestes activitats i moltes m\u00e9s que es podrien realitzar, requereixen dedicaci\u00f3 i il\u00b7lusi\u00f3, per\u00f2 que aporten enriquiment personal i satisfacci\u00f3 de [&hellip;]<\/p>\n","protected":false},"author":1,"featured_media":0,"parent":66,"menu_order":1,"comment_status":"closed","ping_status":"closed","template":"","meta":{"_bbp_topic_count":0,"_bbp_reply_count":0,"_bbp_total_topic_count":0,"_bbp_total_reply_count":0,"_bbp_voice_count":0,"_bbp_anonymous_reply_count":0,"_bbp_topic_count_hidden":0,"_bbp_reply_count_hidden":0,"_bbp_forum_subforum_count":0,"site-sidebar-layout":"default","site-content-layout":"","ast-site-content-layout":"default","site-content-style":"default","site-sidebar-style":"default","ast-global-header-display":"","ast-banner-title-visibility":"","ast-main-header-display":"","ast-hfb-above-header-display":"","ast-hfb-below-header-display":"","ast-hfb-mobile-header-display":"","site-post-title":"","ast-breadcrumbs-content":"","ast-featured-img":"","footer-sml-layout":"","theme-transparent-header-meta":"","adv-header-id-meta":"","stick-header-meta":"","header-above-stick-meta":"","header-main-stick-meta":"","header-below-stick-meta":"","astra-migrate-meta-layouts":"set","ast-page-background-enabled":"default","ast-page-background-meta":{"desktop":{"background-color":"var(--ast-global-color-5)","background-image":"","background-repeat":"repeat","background-position":"center center","background-size":"auto","background-attachment":"scroll","background-type":"","background-media":"","overlay-type":"","overlay-color":"","overlay-opacity":"","overlay-gradient":""},"tablet":{"background-color":"","background-image":"","background-repeat":"repeat","background-position":"center center","background-size":"auto","background-attachment":"scroll","background-type":"","background-media":"","overlay-type":"","overlay-color":"","overlay-opacity":"","overlay-gradient":""},"mobile":{"background-color":"","background-image":"","background-repeat":"repeat","background-position":"center center","background-size":"auto","background-attachment":"scroll","background-type":"","background-media":"","overlay-type":"","overlay-color":"","overlay-opacity":"","overlay-gradient":""}},"ast-content-background-meta":{"desktop":{"background-color":"var(--ast-global-color-4)","background-image":"","background-repeat":"repeat","background-position":"center center","background-size":"auto","background-attachment":"scroll","background-type":"","background-media":"","overlay-type":"","overlay-color":"","overlay-opacity":"","overlay-gradient":""},"tablet":{"background-color":"var(--ast-global-color-4)","background-image":"","background-repeat":"repeat","background-position":"center center","background-size":"auto","background-attachment":"scroll","background-type":"","background-media":"","overlay-type":"","overlay-color":"","overlay-opacity":"","overlay-gradient":""},"mobile":{"background-color":"var(--ast-global-color-4)","background-image":"","background-repeat":"repeat","background-position":"center center","background-size":"auto","background-attachment":"scroll","background-type":"","background-media":"","overlay-type":"","overlay-color":"","overlay-opacity":"","overlay-gradient":""}},"footnotes":""},"class_list":["post-2752","page","type-page","status-publish","hentry"],"post_mailing_queue_ids":[],"_links":{"self":[{"href":"https:\/\/agora.xtec.cat\/ceipescursell-ripollet\/wp-json\/wp\/v2\/pages\/2752","targetHints":{"allow":["GET"]}}],"collection":[{"href":"https:\/\/agora.xtec.cat\/ceipescursell-ripollet\/wp-json\/wp\/v2\/pages"}],"about":[{"href":"https:\/\/agora.xtec.cat\/ceipescursell-ripollet\/wp-json\/wp\/v2\/types\/page"}],"author":[{"embeddable":true,"href":"https:\/\/agora.xtec.cat\/ceipescursell-ripollet\/wp-json\/wp\/v2\/users\/1"}],"replies":[{"embeddable":true,"href":"https:\/\/agora.xtec.cat\/ceipescursell-ripollet\/wp-json\/wp\/v2\/comments?post=2752"}],"version-history":[{"count":1,"href":"https:\/\/agora.xtec.cat\/ceipescursell-ripollet\/wp-json\/wp\/v2\/pages\/2752\/revisions"}],"predecessor-version":[{"id":2754,"href":"https:\/\/agora.xtec.cat\/ceipescursell-ripollet\/wp-json\/wp\/v2\/pages\/2752\/revisions\/2754"}],"up":[{"embeddable":true,"href":"https:\/\/agora.xtec.cat\/ceipescursell-ripollet\/wp-json\/wp\/v2\/pages\/66"}],"wp:attachment":[{"href":"https:\/\/agora.xtec.cat\/ceipescursell-ripollet\/wp-json\/wp\/v2\/media?parent=2752"}],"curies":[{"name":"wp","href":"https:\/\/api.w.org\/{rel}","templated":true}]}}