{"id":2692,"date":"2025-11-18T15:45:40","date_gmt":"2025-11-18T14:45:40","guid":{"rendered":"https:\/\/agora.xtec.cat\/ceipescursell-ripollet\/?page_id=2692"},"modified":"2025-11-28T13:16:09","modified_gmt":"2025-11-28T12:16:09","slug":"documents","status":"publish","type":"page","link":"https:\/\/agora.xtec.cat\/ceipescursell-ripollet\/lescola\/documents\/","title":{"rendered":"Documents"},"content":{"rendered":"\n<div class=\"wp-block-columns is-layout-flex wp-container-core-columns-is-layout-1 wp-block-columns-is-layout-flex\" style=\"padding-top:0;padding-bottom:0;line-height:1.5\">\n<div class=\"wp-block-column is-layout-flow wp-block-column-is-layout-flow\">\n<div class=\"wp-block-cover is-light has-custom-content-position is-position-bottom-center\" style=\"border-width:1px;line-height:1.5;min-height:343px;aspect-ratio:unset;\"><span aria-hidden=\"true\" class=\"wp-block-cover__background has-white-background-color has-background-dim\"><\/span><img loading=\"lazy\" decoding=\"async\" width=\"1242\" height=\"1755\" class=\"wp-block-cover__image-background wp-image-2521\" alt=\"\" src=\"https:\/\/agora.xtec.cat\/ceipescursell-ripollet\/wp-content\/uploads\/usu1663\/2024\/10\/1.jpg\" style=\"object-position:50% 50%\" data-object-fit=\"cover\" data-object-position=\"50% 50%\" srcset=\"https:\/\/agora.xtec.cat\/ceipescursell-ripollet\/wp-content\/uploads\/usu1663\/2024\/10\/1.jpg 1242w, https:\/\/agora.xtec.cat\/ceipescursell-ripollet\/wp-content\/uploads\/usu1663\/2024\/10\/1-212x300.jpg 212w, https:\/\/agora.xtec.cat\/ceipescursell-ripollet\/wp-content\/uploads\/usu1663\/2024\/10\/1-725x1024.jpg 725w, https:\/\/agora.xtec.cat\/ceipescursell-ripollet\/wp-content\/uploads\/usu1663\/2024\/10\/1-768x1085.jpg 768w, https:\/\/agora.xtec.cat\/ceipescursell-ripollet\/wp-content\/uploads\/usu1663\/2024\/10\/1-1087x1536.jpg 1087w\" sizes=\"auto, (max-width: 1242px) 100vw, 1242px\" \/><div class=\"wp-block-cover__inner-container is-layout-flow wp-block-cover-is-layout-flow\">\n<p class=\"has-text-align-center has-black-color has-text-color has-link-color has-medium-font-size wp-elements-89fde5adf8408dadbd41e978f20847c3\"><a href=\"https:\/\/agora.xtec.cat\/ceipescursell-ripollet\/lescola\/documents\/projecte-de-direccio-2024-2028-2\/\">Projecte de direcci\u00f3 24 &#8211; 28<\/a><\/p>\n<\/div><\/div>\n<\/div>\n\n\n\n<div class=\"wp-block-column is-layout-flow wp-block-column-is-layout-flow\" style=\"border-width:1px\">\n<div class=\"wp-block-cover is-light\" style=\"border-style:none;border-width:0px;margin-top:0;margin-bottom:0;line-height:1.5;min-height:258px;aspect-ratio:unset;\"><span aria-hidden=\"true\" class=\"wp-block-cover__background has-white-background-color has-background-dim\"><\/span><img loading=\"lazy\" decoding=\"async\" width=\"1414\" height=\"2000\" class=\"wp-block-cover__image-background wp-image-3018\" alt=\"\" src=\"https:\/\/agora.xtec.cat\/ceipescursell-ripollet\/wp-content\/uploads\/usu1663\/2025\/11\/Un-dels-principals-objectius-de-leducacio-ha-de-ser-ampliar-les-finestres-per-les-quals-veiem-el-mon-Andrew-Glasow.jpg\" style=\"object-position:48% 27%\" data-object-fit=\"cover\" data-object-position=\"48% 27%\" srcset=\"https:\/\/agora.xtec.cat\/ceipescursell-ripollet\/wp-content\/uploads\/usu1663\/2025\/11\/Un-dels-principals-objectius-de-leducacio-ha-de-ser-ampliar-les-finestres-per-les-quals-veiem-el-mon-Andrew-Glasow.jpg 1414w, https:\/\/agora.xtec.cat\/ceipescursell-ripollet\/wp-content\/uploads\/usu1663\/2025\/11\/Un-dels-principals-objectius-de-leducacio-ha-de-ser-ampliar-les-finestres-per-les-quals-veiem-el-mon-Andrew-Glasow-212x300.jpg 212w, https:\/\/agora.xtec.cat\/ceipescursell-ripollet\/wp-content\/uploads\/usu1663\/2025\/11\/Un-dels-principals-objectius-de-leducacio-ha-de-ser-ampliar-les-finestres-per-les-quals-veiem-el-mon-Andrew-Glasow-724x1024.jpg 724w, https:\/\/agora.xtec.cat\/ceipescursell-ripollet\/wp-content\/uploads\/usu1663\/2025\/11\/Un-dels-principals-objectius-de-leducacio-ha-de-ser-ampliar-les-finestres-per-les-quals-veiem-el-mon-Andrew-Glasow-768x1086.jpg 768w, https:\/\/agora.xtec.cat\/ceipescursell-ripollet\/wp-content\/uploads\/usu1663\/2025\/11\/Un-dels-principals-objectius-de-leducacio-ha-de-ser-ampliar-les-finestres-per-les-quals-veiem-el-mon-Andrew-Glasow-1086x1536.jpg 1086w\" sizes=\"auto, (max-width: 1414px) 100vw, 1414px\" \/><div class=\"wp-block-cover__inner-container is-layout-flow wp-container-core-cover-is-layout-2 wp-block-cover-is-layout-flow\">\n<p class=\"has-text-align-center has-black-color has-text-color has-link-color has-medium-font-size wp-elements-adf4179928b1272eb1fc4f237890c565\" style=\"border-style:none;border-width:0px;margin-top:0;margin-right:0;margin-bottom:0;margin-left:0;padding-top:0;padding-right:0;padding-bottom:0;padding-left:0;line-height:1.5\"><\/p>\n<\/div><\/div>\n\n\n\n<p class=\"has-text-align-center has-black-color has-text-color has-link-color has-medium-font-size wp-elements-aec7d4b27323a9e1254baa539207c3b3\"><a href=\"https:\/\/agora.xtec.cat\/ceipescursell-ripollet\/lescola\/documents\/pla-dacollida-docent\/\">Pla d&#8217;acollida docent<\/a><\/p>\n<\/div>\n\n\n\n<div class=\"wp-block-column is-vertically-aligned-stretch is-layout-flow wp-block-column-is-layout-flow\" style=\"border-width:1px;border-radius:0px\">\n<div class=\"wp-block-cover aligncenter is-light\" style=\"min-height:256px;aspect-ratio:unset;\"><span aria-hidden=\"true\" class=\"wp-block-cover__background has-white-background-color has-background-dim-30 has-background-dim\"><\/span><img loading=\"lazy\" decoding=\"async\" width=\"789\" height=\"606\" class=\"wp-block-cover__image-background wp-image-3003\" alt=\"\" src=\"https:\/\/agora.xtec.cat\/ceipescursell-ripollet\/wp-content\/uploads\/usu1663\/2025\/11\/Captura-de-pantalla-2025-11-27-122239.png\" style=\"object-position:25% 20%\" data-object-fit=\"cover\" data-object-position=\"25% 20%\" srcset=\"https:\/\/agora.xtec.cat\/ceipescursell-ripollet\/wp-content\/uploads\/usu1663\/2025\/11\/Captura-de-pantalla-2025-11-27-122239.png 789w, https:\/\/agora.xtec.cat\/ceipescursell-ripollet\/wp-content\/uploads\/usu1663\/2025\/11\/Captura-de-pantalla-2025-11-27-122239-300x230.png 300w, https:\/\/agora.xtec.cat\/ceipescursell-ripollet\/wp-content\/uploads\/usu1663\/2025\/11\/Captura-de-pantalla-2025-11-27-122239-768x590.png 768w\" sizes=\"auto, (max-width: 789px) 100vw, 789px\" \/><div class=\"wp-block-cover__inner-container is-layout-constrained wp-block-cover-is-layout-constrained\">\n<p class=\"has-text-align-center has-black-color has-text-color has-link-color has-medium-font-size wp-elements-73549572c42d6aae411c007122cc3e78\"><\/p>\n<\/div><\/div>\n\n\n\n<p class=\"has-text-align-center has-black-color has-text-color has-link-color has-medium-font-size wp-elements-ca9e3981036623a80c3c172c501bf35f\"><a href=\"https:\/\/agora.xtec.cat\/ceipescursell-ripollet\/lescola\/documents\/projecte-linguistic\/\">Projecte ling\u00fc\u00edstic<\/a><\/p>\n<\/div>\n\n\n\n<div class=\"wp-block-column is-layout-flow wp-block-column-is-layout-flow\" style=\"border-width:1px\">\n<figure class=\"wp-block-image size-full\" style=\"margin-top:var(--wp--preset--spacing--50);margin-bottom:var(--wp--preset--spacing--50)\"><a href=\"https:\/\/agora.xtec.cat\/ceipescursell-ripollet\/wp-content\/uploads\/usu1663\/2025\/11\/Captura-de-pantalla-2025-11-27-160529.png\"><img loading=\"lazy\" decoding=\"async\" width=\"739\" height=\"717\" src=\"https:\/\/agora.xtec.cat\/ceipescursell-ripollet\/wp-content\/uploads\/usu1663\/2025\/11\/Captura-de-pantalla-2025-11-27-160529.png\" alt=\"\" class=\"wp-image-3056\" style=\"object-fit:cover\" srcset=\"https:\/\/agora.xtec.cat\/ceipescursell-ripollet\/wp-content\/uploads\/usu1663\/2025\/11\/Captura-de-pantalla-2025-11-27-160529.png 739w, https:\/\/agora.xtec.cat\/ceipescursell-ripollet\/wp-content\/uploads\/usu1663\/2025\/11\/Captura-de-pantalla-2025-11-27-160529-300x291.png 300w\" sizes=\"auto, (max-width: 739px) 100vw, 739px\" \/><\/a><\/figure>\n\n\n\n<p class=\"has-text-align-center has-black-color has-text-color has-link-color has-medium-font-size wp-elements-0a51f7e6930bf2387e10795719592aba\" style=\"margin-top:0;margin-bottom:0;line-height:1.5\"><a href=\"https:\/\/agora.xtec.cat\/ceipescursell-ripollet\/lescola\/documents\/estrategia-digital-de-centre\/\">Estrat\u00e8gia digital de centre<\/a><\/p>\n<\/div>\n<\/div>\n\n\n\n<div class=\"wp-block-columns is-layout-flex wp-container-core-columns-is-layout-2 wp-block-columns-is-layout-flex\">\n<div class=\"wp-block-column is-layout-flow wp-block-column-is-layout-flow\">\n<div class=\"wp-block-cover aligncenter is-light has-custom-content-position is-position-bottom-center\" style=\"border-width:1px;margin-top:0;margin-bottom:0;min-height:328px;aspect-ratio:unset;\"><span aria-hidden=\"true\" class=\"wp-block-cover__background has-white-background-color has-background-dim\"><\/span><img loading=\"lazy\" decoding=\"async\" width=\"455\" height=\"623\" class=\"wp-block-cover__image-background wp-image-3062\" alt=\"\" src=\"https:\/\/agora.xtec.cat\/ceipescursell-ripollet\/wp-content\/uploads\/usu1663\/2025\/11\/Captura-de-pantalla-2025-11-27-161601.png\" data-object-fit=\"cover\" srcset=\"https:\/\/agora.xtec.cat\/ceipescursell-ripollet\/wp-content\/uploads\/usu1663\/2025\/11\/Captura-de-pantalla-2025-11-27-161601.png 455w, https:\/\/agora.xtec.cat\/ceipescursell-ripollet\/wp-content\/uploads\/usu1663\/2025\/11\/Captura-de-pantalla-2025-11-27-161601-219x300.png 219w\" sizes=\"auto, (max-width: 455px) 100vw, 455px\" \/><div class=\"wp-block-cover__inner-container is-layout-constrained wp-block-cover-is-layout-constrained\">\n<p class=\"has-text-align-center has-black-color has-text-color has-link-color has-medium-font-size wp-elements-fe92e587db711b9d4d07318a25f63bac\"><a href=\"https:\/\/agora.xtec.cat\/ceipescursell-ripollet\/lescola\/documents\/projecte-de-convivencia\/\">Projecte de conviv\u00e8ncia<\/a><\/p>\n<\/div><\/div>\n<\/div>\n\n\n\n<div class=\"wp-block-column is-layout-flow wp-block-column-is-layout-flow\" style=\"border-width:1px\">\n<figure class=\"wp-block-image aligncenter size-full is-resized\" style=\"margin-top:var(--wp--preset--spacing--20);margin-bottom:var(--wp--preset--spacing--20)\"><a href=\"https:\/\/agora.xtec.cat\/ceipescursell-ripollet\/wp-content\/uploads\/usu1663\/2025\/11\/Captura-de-pantalla-2025-11-27-163318.png\"><img loading=\"lazy\" decoding=\"async\" width=\"819\" height=\"803\" src=\"https:\/\/agora.xtec.cat\/ceipescursell-ripollet\/wp-content\/uploads\/usu1663\/2025\/11\/Captura-de-pantalla-2025-11-27-163318.png\" alt=\"\" class=\"wp-image-3086\" style=\"width:197px;height:auto\" srcset=\"https:\/\/agora.xtec.cat\/ceipescursell-ripollet\/wp-content\/uploads\/usu1663\/2025\/11\/Captura-de-pantalla-2025-11-27-163318.png 819w, https:\/\/agora.xtec.cat\/ceipescursell-ripollet\/wp-content\/uploads\/usu1663\/2025\/11\/Captura-de-pantalla-2025-11-27-163318-300x294.png 300w, https:\/\/agora.xtec.cat\/ceipescursell-ripollet\/wp-content\/uploads\/usu1663\/2025\/11\/Captura-de-pantalla-2025-11-27-163318-768x753.png 768w\" sizes=\"auto, (max-width: 819px) 100vw, 819px\" \/><\/a><\/figure>\n\n\n\n<p class=\"has-text-align-center has-black-color has-text-color has-link-color has-medium-font-size wp-elements-c4dca11551309cc2f4db789004c0ec17\"><a href=\"https:\/\/agora.xtec.cat\/ceipescursell-ripollet\/lescola\/documents\/tecnica-integracio-social-ins\/\">Programa T\u00e8cnic\/a Integraci\u00f3 Social (TIS<\/a>)<\/p>\n<\/div>\n\n\n\n<div class=\"wp-block-column is-layout-flow wp-block-column-is-layout-flow\">\n<div class=\"wp-block-cover is-light has-custom-content-position is-position-bottom-center\" style=\"border-width:1px;min-height:328px;aspect-ratio:unset;\"><span aria-hidden=\"true\" class=\"wp-block-cover__background has-white-background-color has-background-dim\"><\/span><img loading=\"lazy\" decoding=\"async\" width=\"394\" height=\"487\" class=\"wp-block-cover__image-background wp-image-3092\" alt=\"\" src=\"https:\/\/agora.xtec.cat\/ceipescursell-ripollet\/wp-content\/uploads\/usu1663\/2025\/11\/Captura-de-pantalla-2025-11-27-165352.png\" data-object-fit=\"cover\" srcset=\"https:\/\/agora.xtec.cat\/ceipescursell-ripollet\/wp-content\/uploads\/usu1663\/2025\/11\/Captura-de-pantalla-2025-11-27-165352.png 394w, https:\/\/agora.xtec.cat\/ceipescursell-ripollet\/wp-content\/uploads\/usu1663\/2025\/11\/Captura-de-pantalla-2025-11-27-165352-243x300.png 243w\" sizes=\"auto, (max-width: 394px) 100vw, 394px\" \/><div class=\"wp-block-cover__inner-container is-layout-constrained wp-block-cover-is-layout-constrained\">\n<p class=\"has-text-align-center has-black-color has-text-color has-link-color has-medium-font-size wp-elements-19d0e135e1d078d8c739482d39d3674c\"><a href=\"https:\/\/agora.xtec.cat\/ceipescursell-ripollet\/lescola\/documents\/programa-de-llet-a-les-escoles-de-la-unio-europea\/\">Programa de llet a les escoles<\/a><\/p>\n<\/div><\/div>\n<\/div>\n\n\n\n<div class=\"wp-block-column is-layout-flow wp-block-column-is-layout-flow\">\n<div class=\"wp-block-cover is-light has-custom-content-position is-position-bottom-center\" style=\"border-width:1px;min-height:326px;aspect-ratio:unset;\"><span aria-hidden=\"true\" class=\"wp-block-cover__background has-white-background-color has-background-dim\"><\/span><img loading=\"lazy\" decoding=\"async\" width=\"367\" height=\"493\" class=\"wp-block-cover__image-background wp-image-3133\" alt=\"\" src=\"https:\/\/agora.xtec.cat\/ceipescursell-ripollet\/wp-content\/uploads\/usu1663\/2025\/11\/Captura-de-pantalla-2025-11-28-090840.png\" data-object-fit=\"cover\" srcset=\"https:\/\/agora.xtec.cat\/ceipescursell-ripollet\/wp-content\/uploads\/usu1663\/2025\/11\/Captura-de-pantalla-2025-11-28-090840.png 367w, https:\/\/agora.xtec.cat\/ceipescursell-ripollet\/wp-content\/uploads\/usu1663\/2025\/11\/Captura-de-pantalla-2025-11-28-090840-223x300.png 223w\" sizes=\"auto, (max-width: 367px) 100vw, 367px\" \/><div class=\"wp-block-cover__inner-container is-layout-constrained wp-block-cover-is-layout-constrained\">\n<p class=\"has-text-align-center has-black-color has-text-color has-link-color has-medium-font-size wp-elements-be5d31be943208635abf7b2ce1a79e60\"><a href=\"https:\/\/agora.xtec.cat\/ceipescursell-ripollet\/lescola\/documents\/programa-de-consum-de-fruita-i-hortalisses-a-les-escoles-de-la-unio-europea\/\">Programa de consum de fruita i hortalisses a les escoles<\/a><\/p>\n<\/div><\/div>\n<\/div>\n<\/div>\n\n\n\n<div class=\"wp-block-columns is-layout-flex wp-container-core-columns-is-layout-3 wp-block-columns-is-layout-flex\" style=\"margin-top:0;margin-bottom:0;padding-top:0;padding-bottom:0\">\n<div class=\"wp-block-column is-layout-flow wp-block-column-is-layout-flow\">\n<div class=\"wp-block-cover is-light has-custom-content-position is-position-bottom-center\" style=\"border-width:1px;min-height:344px;aspect-ratio:unset;\"><span aria-hidden=\"true\" class=\"wp-block-cover__background has-white-background-color has-background-dim\"><\/span><img loading=\"lazy\" decoding=\"async\" width=\"1024\" height=\"838\" class=\"wp-block-cover__image-background wp-image-3263\" alt=\"\" src=\"https:\/\/agora.xtec.cat\/ceipescursell-ripollet\/wp-content\/uploads\/usu1663\/2025\/11\/Captura-de-pantalla-2025-11-28-131225.png\" data-object-fit=\"cover\" srcset=\"https:\/\/agora.xtec.cat\/ceipescursell-ripollet\/wp-content\/uploads\/usu1663\/2025\/11\/Captura-de-pantalla-2025-11-28-131225.png 1024w, https:\/\/agora.xtec.cat\/ceipescursell-ripollet\/wp-content\/uploads\/usu1663\/2025\/11\/Captura-de-pantalla-2025-11-28-131225-300x246.png 300w, https:\/\/agora.xtec.cat\/ceipescursell-ripollet\/wp-content\/uploads\/usu1663\/2025\/11\/Captura-de-pantalla-2025-11-28-131225-768x629.png 768w\" sizes=\"auto, (max-width: 1024px) 100vw, 1024px\" \/><div class=\"wp-block-cover__inner-container is-layout-constrained wp-block-cover-is-layout-constrained\">\n<p class=\"has-text-align-center has-black-color has-text-color has-link-color has-medium-font-size wp-elements-22b71de5be60504069b0c1d8045b6f14\"><a href=\"https:\/\/agora.xtec.cat\/ceipescursell-ripollet\/lescola\/documents\/carta-de-compromis\/\">Carta de Comprom\u00eds<\/a><\/p>\n<\/div><\/div>\n<\/div>\n\n\n\n<div class=\"wp-block-column is-layout-flow wp-block-column-is-layout-flow\"><\/div>\n\n\n\n<div class=\"wp-block-column is-layout-flow wp-block-column-is-layout-flow\"><\/div>\n\n\n\n<div class=\"wp-block-column is-layout-flow wp-block-column-is-layout-flow\"><\/div>\n<\/div>\n\n\n\n<p><\/p>\n","protected":false},"excerpt":{"rendered":"<p>Pla d&#8217;acollida docent Projecte ling\u00fc\u00edstic Estrat\u00e8gia digital de centre Programa T\u00e8cnic\/a Integraci\u00f3 Social (TIS)<\/p>\n","protected":false},"author":1,"featured_media":0,"parent":22,"menu_order":5,"comment_status":"closed","ping_status":"closed","template":"","meta":{"_bbp_topic_count":0,"_bbp_reply_count":0,"_bbp_total_topic_count":0,"_bbp_total_reply_count":0,"_bbp_voice_count":0,"_bbp_anonymous_reply_count":0,"_bbp_topic_count_hidden":0,"_bbp_reply_count_hidden":0,"_bbp_forum_subforum_count":0,"site-sidebar-layout":"default","site-content-layout":"","ast-site-content-layout":"default","site-content-style":"default","site-sidebar-style":"default","ast-global-header-display":"","ast-banner-title-visibility":"","ast-main-header-display":"","ast-hfb-above-header-display":"","ast-hfb-below-header-display":"","ast-hfb-mobile-header-display":"","site-post-title":"","ast-breadcrumbs-content":"","ast-featured-img":"","footer-sml-layout":"","theme-transparent-header-meta":"","adv-header-id-meta":"","stick-header-meta":"","header-above-stick-meta":"","header-main-stick-meta":"","header-below-stick-meta":"","astra-migrate-meta-layouts":"set","ast-page-background-enabled":"default","ast-page-background-meta":{"desktop":{"background-color":"var(--ast-global-color-5)","background-image":"","background-repeat":"repeat","background-position":"center center","background-size":"auto","background-attachment":"scroll","background-type":"","background-media":"","overlay-type":"","overlay-color":"","overlay-opacity":"","overlay-gradient":""},"tablet":{"background-color":"","background-image":"","background-repeat":"repeat","background-position":"center center","background-size":"auto","background-attachment":"scroll","background-type":"","background-media":"","overlay-type":"","overlay-color":"","overlay-opacity":"","overlay-gradient":""},"mobile":{"background-color":"","background-image":"","background-repeat":"repeat","background-position":"center center","background-size":"auto","background-attachment":"scroll","background-type":"","background-media":"","overlay-type":"","overlay-color":"","overlay-opacity":"","overlay-gradient":""}},"ast-content-background-meta":{"desktop":{"background-color":"var(--ast-global-color-4)","background-image":"","background-repeat":"repeat","background-position":"center center","background-size":"auto","background-attachment":"scroll","background-type":"","background-media":"","overlay-type":"","overlay-color":"","overlay-opacity":"","overlay-gradient":""},"tablet":{"background-color":"var(--ast-global-color-4)","background-image":"","background-repeat":"repeat","background-position":"center center","background-size":"auto","background-attachment":"scroll","background-type":"","background-media":"","overlay-type":"","overlay-color":"","overlay-opacity":"","overlay-gradient":""},"mobile":{"background-color":"var(--ast-global-color-4)","background-image":"","background-repeat":"repeat","background-position":"center center","background-size":"auto","background-attachment":"scroll","background-type":"","background-media":"","overlay-type":"","overlay-color":"","overlay-opacity":"","overlay-gradient":""}},"footnotes":""},"class_list":["post-2692","page","type-page","status-publish","hentry"],"post_mailing_queue_ids":[],"_links":{"self":[{"href":"https:\/\/agora.xtec.cat\/ceipescursell-ripollet\/wp-json\/wp\/v2\/pages\/2692","targetHints":{"allow":["GET"]}}],"collection":[{"href":"https:\/\/agora.xtec.cat\/ceipescursell-ripollet\/wp-json\/wp\/v2\/pages"}],"about":[{"href":"https:\/\/agora.xtec.cat\/ceipescursell-ripollet\/wp-json\/wp\/v2\/types\/page"}],"author":[{"embeddable":true,"href":"https:\/\/agora.xtec.cat\/ceipescursell-ripollet\/wp-json\/wp\/v2\/users\/1"}],"replies":[{"embeddable":true,"href":"https:\/\/agora.xtec.cat\/ceipescursell-ripollet\/wp-json\/wp\/v2\/comments?post=2692"}],"version-history":[{"count":6,"href":"https:\/\/agora.xtec.cat\/ceipescursell-ripollet\/wp-json\/wp\/v2\/pages\/2692\/revisions"}],"predecessor-version":[{"id":3268,"href":"https:\/\/agora.xtec.cat\/ceipescursell-ripollet\/wp-json\/wp\/v2\/pages\/2692\/revisions\/3268"}],"up":[{"embeddable":true,"href":"https:\/\/agora.xtec.cat\/ceipescursell-ripollet\/wp-json\/wp\/v2\/pages\/22"}],"wp:attachment":[{"href":"https:\/\/agora.xtec.cat\/ceipescursell-ripollet\/wp-json\/wp\/v2\/media?parent=2692"}],"curies":[{"name":"wp","href":"https:\/\/api.w.org\/{rel}","templated":true}]}}