{"id":2566,"date":"2025-07-01T11:08:18","date_gmt":"2025-07-01T09:08:18","guid":{"rendered":"https:\/\/agora.xtec.cat\/ceipescursell-ripollet\/?page_id=2566"},"modified":"2026-01-23T16:09:12","modified_gmt":"2026-01-23T15:09:12","slug":"projecte-de-pati","status":"publish","type":"page","link":"https:\/\/agora.xtec.cat\/ceipescursell-ripollet\/documentacio-de-centre\/projecte-de-pati\/","title":{"rendered":"Projecte de pati"},"content":{"rendered":"\n<p>A la nostra escola entenem el pati com un espai educatiu fonamental. Per aix\u00f2 hem impulsat un <strong>projecte de pati<\/strong> que neix directament de les <strong>propostes i inquietuds dels infants<\/strong>. Despr\u00e9s d\u2019un proc\u00e9s participatiu i d\u2019una <strong>votaci\u00f3<\/strong>, l\u2019alumnat va decidir com volia organitzar els espais de joc, fomentant aix\u00ed la participaci\u00f3, la responsabilitat i la conviv\u00e8ncia.<\/p>\n\n\n\n<p>Tres dies a la setmana, el pati s\u2019organitza en <strong>diferents espais de joc lliure i divers<\/strong>, pensats per donar resposta als interessos de tots els infants. Aquests espais inclouen: jocs de taula, escacs, petanca, elaboraci\u00f3 de polseres, slackline, escalada, ball, taps i bales, espai creatiu i de manualitats, cultura i tradicions, skate, v\u00f2lei i tennis taula.<\/p>\n\n\n\n<p>Els altres dos dies de la setmana s\u2019organitzen <strong>partits esportius<\/strong> d\u2019handbol, futbol i b\u00e0squet, dinamitzats pels <strong>mestres d\u2019Educaci\u00f3 F\u00edsica<\/strong>, que acompanyen i promouen la pr\u00e0ctica esportiva, el joc net i el treball en equip. A m\u00e9s, aquests dies els infants disposen de <strong>caixes amb material divers<\/strong> per poder realitzar diferents jocs de manera aut\u00f2noma.<\/p>\n\n\n\n<p>Aquest projecte de pati afavoreix un <strong>temps de lleure m\u00e9s inclusiu, actiu i participatiu<\/strong>, on cada infant pot trobar el seu espai, expressar-se i gaudir del joc com a part essencial del seu aprenentatge.<\/p>\n\n\n\n<div class=\"wp-block-columns is-layout-flex wp-container-core-columns-is-layout-1 wp-block-columns-is-layout-flex\" style=\"padding-top:0;padding-bottom:0\">\n<div class=\"wp-block-column is-layout-flow wp-block-column-is-layout-flow\">\n<figure class=\"wp-block-image size-full\"><a href=\"https:\/\/agora.xtec.cat\/ceipescursell-ripollet\/wp-content\/uploads\/usu1663\/2026\/01\/Captura-de-pantalla-2026-01-23-152813-e1769179006319.png\"><img loading=\"lazy\" decoding=\"async\" width=\"555\" height=\"399\" src=\"https:\/\/agora.xtec.cat\/ceipescursell-ripollet\/wp-content\/uploads\/usu1663\/2026\/01\/Captura-de-pantalla-2026-01-23-152813-e1769179006319.png\" alt=\"\" class=\"wp-image-4035\" srcset=\"https:\/\/agora.xtec.cat\/ceipescursell-ripollet\/wp-content\/uploads\/usu1663\/2026\/01\/Captura-de-pantalla-2026-01-23-152813-e1769179006319.png 555w, https:\/\/agora.xtec.cat\/ceipescursell-ripollet\/wp-content\/uploads\/usu1663\/2026\/01\/Captura-de-pantalla-2026-01-23-152813-e1769179006319-300x216.png 300w\" sizes=\"auto, (max-width: 555px) 100vw, 555px\" \/><\/a><\/figure>\n<\/div>\n\n\n\n<div class=\"wp-block-column is-layout-flow wp-block-column-is-layout-flow\">\n<figure class=\"wp-block-image size-full\"><a href=\"https:\/\/agora.xtec.cat\/ceipescursell-ripollet\/wp-content\/uploads\/usu1663\/2026\/01\/Captura-de-pantalla-2026-01-23-152830-e1769178983770.png\"><img loading=\"lazy\" decoding=\"async\" width=\"456\" height=\"331\" src=\"https:\/\/agora.xtec.cat\/ceipescursell-ripollet\/wp-content\/uploads\/usu1663\/2026\/01\/Captura-de-pantalla-2026-01-23-152830-e1769178983770.png\" alt=\"\" class=\"wp-image-4036\" srcset=\"https:\/\/agora.xtec.cat\/ceipescursell-ripollet\/wp-content\/uploads\/usu1663\/2026\/01\/Captura-de-pantalla-2026-01-23-152830-e1769178983770.png 456w, https:\/\/agora.xtec.cat\/ceipescursell-ripollet\/wp-content\/uploads\/usu1663\/2026\/01\/Captura-de-pantalla-2026-01-23-152830-e1769178983770-300x218.png 300w\" sizes=\"auto, (max-width: 456px) 100vw, 456px\" \/><\/a><\/figure>\n<\/div>\n\n\n\n<div class=\"wp-block-column is-layout-flow wp-block-column-is-layout-flow\">\n<figure class=\"wp-block-image alignleft size-full is-resized\"><a href=\"https:\/\/agora.xtec.cat\/ceipescursell-ripollet\/wp-content\/uploads\/usu1663\/2026\/01\/Captura-de-pantalla-2026-01-23-152859-e1769178938289.png\"><img loading=\"lazy\" decoding=\"async\" width=\"339\" height=\"286\" src=\"https:\/\/agora.xtec.cat\/ceipescursell-ripollet\/wp-content\/uploads\/usu1663\/2026\/01\/Captura-de-pantalla-2026-01-23-152859-e1769178938289.png\" alt=\"\" class=\"wp-image-4037\" style=\"width:248px;height:auto\" srcset=\"https:\/\/agora.xtec.cat\/ceipescursell-ripollet\/wp-content\/uploads\/usu1663\/2026\/01\/Captura-de-pantalla-2026-01-23-152859-e1769178938289.png 339w, https:\/\/agora.xtec.cat\/ceipescursell-ripollet\/wp-content\/uploads\/usu1663\/2026\/01\/Captura-de-pantalla-2026-01-23-152859-e1769178938289-300x253.png 300w\" sizes=\"auto, (max-width: 339px) 100vw, 339px\" \/><\/a><\/figure>\n<\/div>\n<\/div>\n\n\n\n<div class=\"wp-block-columns is-layout-flex wp-container-core-columns-is-layout-2 wp-block-columns-is-layout-flex\" style=\"padding-top:var(--wp--preset--spacing--40);padding-bottom:0\">\n<div class=\"wp-block-column is-layout-flow wp-block-column-is-layout-flow\" style=\"padding-top:0\">\n<figure class=\"wp-block-image size-full\"><a href=\"https:\/\/agora.xtec.cat\/ceipescursell-ripollet\/wp-content\/uploads\/usu1663\/2026\/01\/Captura-de-pantalla-2026-01-23-152923-e1769179527725.png\"><img loading=\"lazy\" decoding=\"async\" width=\"393\" height=\"278\" src=\"https:\/\/agora.xtec.cat\/ceipescursell-ripollet\/wp-content\/uploads\/usu1663\/2026\/01\/Captura-de-pantalla-2026-01-23-152923-e1769179527725.png\" alt=\"\" class=\"wp-image-4041\" srcset=\"https:\/\/agora.xtec.cat\/ceipescursell-ripollet\/wp-content\/uploads\/usu1663\/2026\/01\/Captura-de-pantalla-2026-01-23-152923-e1769179527725.png 393w, https:\/\/agora.xtec.cat\/ceipescursell-ripollet\/wp-content\/uploads\/usu1663\/2026\/01\/Captura-de-pantalla-2026-01-23-152923-e1769179527725-300x212.png 300w\" sizes=\"auto, (max-width: 393px) 100vw, 393px\" \/><\/a><\/figure>\n<\/div>\n\n\n\n<div class=\"wp-block-column is-layout-flow wp-block-column-is-layout-flow\">\n<figure class=\"wp-block-image size-full is-resized\"><a href=\"https:\/\/agora.xtec.cat\/ceipescursell-ripollet\/wp-content\/uploads\/usu1663\/2026\/01\/Captura-de-pantalla-2026-01-23-152951-e1769179447287.png\"><img loading=\"lazy\" decoding=\"async\" width=\"317\" height=\"231\" src=\"https:\/\/agora.xtec.cat\/ceipescursell-ripollet\/wp-content\/uploads\/usu1663\/2026\/01\/Captura-de-pantalla-2026-01-23-152951-e1769179447287.png\" alt=\"\" class=\"wp-image-4042\" style=\"width:306px;height:auto\" srcset=\"https:\/\/agora.xtec.cat\/ceipescursell-ripollet\/wp-content\/uploads\/usu1663\/2026\/01\/Captura-de-pantalla-2026-01-23-152951-e1769179447287.png 317w, https:\/\/agora.xtec.cat\/ceipescursell-ripollet\/wp-content\/uploads\/usu1663\/2026\/01\/Captura-de-pantalla-2026-01-23-152951-e1769179447287-300x219.png 300w\" sizes=\"auto, (max-width: 317px) 100vw, 317px\" \/><\/a><\/figure>\n<\/div>\n\n\n\n<div class=\"wp-block-column is-layout-flow wp-block-column-is-layout-flow\">\n<figure class=\"wp-block-image alignleft size-full is-resized\"><a href=\"https:\/\/agora.xtec.cat\/ceipescursell-ripollet\/wp-content\/uploads\/usu1663\/2026\/01\/Captura-de-pantalla-2026-01-23-153007.png\"><img loading=\"lazy\" decoding=\"async\" width=\"340\" height=\"284\" src=\"https:\/\/agora.xtec.cat\/ceipescursell-ripollet\/wp-content\/uploads\/usu1663\/2026\/01\/Captura-de-pantalla-2026-01-23-153007.png\" alt=\"\" class=\"wp-image-4043\" style=\"width:250px;height:auto\" srcset=\"https:\/\/agora.xtec.cat\/ceipescursell-ripollet\/wp-content\/uploads\/usu1663\/2026\/01\/Captura-de-pantalla-2026-01-23-153007.png 340w, https:\/\/agora.xtec.cat\/ceipescursell-ripollet\/wp-content\/uploads\/usu1663\/2026\/01\/Captura-de-pantalla-2026-01-23-153007-300x251.png 300w\" sizes=\"auto, (max-width: 340px) 100vw, 340px\" \/><\/a><\/figure>\n<\/div>\n<\/div>\n\n\n\n<div class=\"wp-block-columns is-layout-flex wp-container-core-columns-is-layout-3 wp-block-columns-is-layout-flex\" style=\"padding-top:var(--wp--preset--spacing--40);padding-bottom:0\">\n<div class=\"wp-block-column is-layout-flow wp-block-column-is-layout-flow\">\n<figure class=\"wp-block-image size-full\"><a href=\"https:\/\/agora.xtec.cat\/ceipescursell-ripollet\/wp-content\/uploads\/usu1663\/2026\/01\/Captura-de-pantalla-2026-01-23-153104.png\"><img loading=\"lazy\" decoding=\"async\" width=\"425\" height=\"309\" src=\"https:\/\/agora.xtec.cat\/ceipescursell-ripollet\/wp-content\/uploads\/usu1663\/2026\/01\/Captura-de-pantalla-2026-01-23-153104.png\" alt=\"\" class=\"wp-image-4056\" srcset=\"https:\/\/agora.xtec.cat\/ceipescursell-ripollet\/wp-content\/uploads\/usu1663\/2026\/01\/Captura-de-pantalla-2026-01-23-153104.png 425w, https:\/\/agora.xtec.cat\/ceipescursell-ripollet\/wp-content\/uploads\/usu1663\/2026\/01\/Captura-de-pantalla-2026-01-23-153104-300x218.png 300w\" sizes=\"auto, (max-width: 425px) 100vw, 425px\" \/><\/a><\/figure>\n<\/div>\n\n\n\n<div class=\"wp-block-column is-layout-flow wp-block-column-is-layout-flow\">\n<figure class=\"wp-block-image size-full\"><a href=\"https:\/\/agora.xtec.cat\/ceipescursell-ripollet\/wp-content\/uploads\/usu1663\/2026\/01\/Captura-de-pantalla-2026-01-23-153123-e1769179691752.png\"><img loading=\"lazy\" decoding=\"async\" width=\"349\" height=\"251\" src=\"https:\/\/agora.xtec.cat\/ceipescursell-ripollet\/wp-content\/uploads\/usu1663\/2026\/01\/Captura-de-pantalla-2026-01-23-153123-e1769179691752.png\" alt=\"\" class=\"wp-image-4057\" srcset=\"https:\/\/agora.xtec.cat\/ceipescursell-ripollet\/wp-content\/uploads\/usu1663\/2026\/01\/Captura-de-pantalla-2026-01-23-153123-e1769179691752.png 349w, https:\/\/agora.xtec.cat\/ceipescursell-ripollet\/wp-content\/uploads\/usu1663\/2026\/01\/Captura-de-pantalla-2026-01-23-153123-e1769179691752-300x216.png 300w\" sizes=\"auto, (max-width: 349px) 100vw, 349px\" \/><\/a><\/figure>\n<\/div>\n\n\n\n<div class=\"wp-block-column is-layout-flow wp-block-column-is-layout-flow\">\n<figure class=\"wp-block-image size-full is-resized\"><a href=\"https:\/\/agora.xtec.cat\/ceipescursell-ripollet\/wp-content\/uploads\/usu1663\/2026\/01\/Captura-de-pantalla-2026-01-23-160301-e1769180921769.png\"><img loading=\"lazy\" decoding=\"async\" width=\"337\" height=\"278\" src=\"https:\/\/agora.xtec.cat\/ceipescursell-ripollet\/wp-content\/uploads\/usu1663\/2026\/01\/Captura-de-pantalla-2026-01-23-160301-e1769180921769.png\" alt=\"\" class=\"wp-image-4060\" style=\"width:249px;height:auto\" srcset=\"https:\/\/agora.xtec.cat\/ceipescursell-ripollet\/wp-content\/uploads\/usu1663\/2026\/01\/Captura-de-pantalla-2026-01-23-160301-e1769180921769.png 337w, https:\/\/agora.xtec.cat\/ceipescursell-ripollet\/wp-content\/uploads\/usu1663\/2026\/01\/Captura-de-pantalla-2026-01-23-160301-e1769180921769-300x247.png 300w\" sizes=\"auto, (max-width: 337px) 100vw, 337px\" \/><\/a><\/figure>\n<\/div>\n<\/div>\n","protected":false},"excerpt":{"rendered":"<p>A la nostra escola entenem el pati com un espai educatiu fonamental. Per aix\u00f2 hem impulsat un projecte de pati que neix directament de les propostes i inquietuds dels infants. Despr\u00e9s d\u2019un proc\u00e9s participatiu i d\u2019una votaci\u00f3, l\u2019alumnat va decidir com volia organitzar els espais de joc, fomentant aix\u00ed la participaci\u00f3, la responsabilitat i la [&hellip;]<\/p>\n","protected":false},"author":1,"featured_media":0,"parent":2364,"menu_order":8,"comment_status":"closed","ping_status":"closed","template":"","meta":{"_bbp_topic_count":0,"_bbp_reply_count":0,"_bbp_total_topic_count":0,"_bbp_total_reply_count":0,"_bbp_voice_count":0,"_bbp_anonymous_reply_count":0,"_bbp_topic_count_hidden":0,"_bbp_reply_count_hidden":0,"_bbp_forum_subforum_count":0,"site-sidebar-layout":"default","site-content-layout":"","ast-site-content-layout":"default","site-content-style":"default","site-sidebar-style":"default","ast-global-header-display":"","ast-banner-title-visibility":"","ast-main-header-display":"","ast-hfb-above-header-display":"","ast-hfb-below-header-display":"","ast-hfb-mobile-header-display":"","site-post-title":"","ast-breadcrumbs-content":"","ast-featured-img":"","footer-sml-layout":"","theme-transparent-header-meta":"default","adv-header-id-meta":"","stick-header-meta":"","header-above-stick-meta":"","header-main-stick-meta":"","header-below-stick-meta":"","astra-migrate-meta-layouts":"set","ast-page-background-enabled":"default","ast-page-background-meta":{"desktop":{"background-color":"var(--ast-global-color-5)","background-image":"","background-repeat":"repeat","background-position":"center center","background-size":"auto","background-attachment":"scroll","background-type":"","background-media":"","overlay-type":"","overlay-color":"","overlay-opacity":"","overlay-gradient":""},"tablet":{"background-color":"","background-image":"","background-repeat":"repeat","background-position":"center center","background-size":"auto","background-attachment":"scroll","background-type":"","background-media":"","overlay-type":"","overlay-color":"","overlay-opacity":"","overlay-gradient":""},"mobile":{"background-color":"","background-image":"","background-repeat":"repeat","background-position":"center center","background-size":"auto","background-attachment":"scroll","background-type":"","background-media":"","overlay-type":"","overlay-color":"","overlay-opacity":"","overlay-gradient":""}},"ast-content-background-meta":{"desktop":{"background-color":"var(--ast-global-color-4)","background-image":"","background-repeat":"repeat","background-position":"center center","background-size":"auto","background-attachment":"scroll","background-type":"","background-media":"","overlay-type":"","overlay-color":"","overlay-opacity":"","overlay-gradient":""},"tablet":{"background-color":"var(--ast-global-color-4)","background-image":"","background-repeat":"repeat","background-position":"center center","background-size":"auto","background-attachment":"scroll","background-type":"","background-media":"","overlay-type":"","overlay-color":"","overlay-opacity":"","overlay-gradient":""},"mobile":{"background-color":"var(--ast-global-color-4)","background-image":"","background-repeat":"repeat","background-position":"center center","background-size":"auto","background-attachment":"scroll","background-type":"","background-media":"","overlay-type":"","overlay-color":"","overlay-opacity":"","overlay-gradient":""}},"footnotes":""},"class_list":["post-2566","page","type-page","status-publish","hentry"],"post_mailing_queue_ids":[],"_links":{"self":[{"href":"https:\/\/agora.xtec.cat\/ceipescursell-ripollet\/wp-json\/wp\/v2\/pages\/2566","targetHints":{"allow":["GET"]}}],"collection":[{"href":"https:\/\/agora.xtec.cat\/ceipescursell-ripollet\/wp-json\/wp\/v2\/pages"}],"about":[{"href":"https:\/\/agora.xtec.cat\/ceipescursell-ripollet\/wp-json\/wp\/v2\/types\/page"}],"author":[{"embeddable":true,"href":"https:\/\/agora.xtec.cat\/ceipescursell-ripollet\/wp-json\/wp\/v2\/users\/1"}],"replies":[{"embeddable":true,"href":"https:\/\/agora.xtec.cat\/ceipescursell-ripollet\/wp-json\/wp\/v2\/comments?post=2566"}],"version-history":[{"count":6,"href":"https:\/\/agora.xtec.cat\/ceipescursell-ripollet\/wp-json\/wp\/v2\/pages\/2566\/revisions"}],"predecessor-version":[{"id":4073,"href":"https:\/\/agora.xtec.cat\/ceipescursell-ripollet\/wp-json\/wp\/v2\/pages\/2566\/revisions\/4073"}],"up":[{"embeddable":true,"href":"https:\/\/agora.xtec.cat\/ceipescursell-ripollet\/wp-json\/wp\/v2\/pages\/2364"}],"wp:attachment":[{"href":"https:\/\/agora.xtec.cat\/ceipescursell-ripollet\/wp-json\/wp\/v2\/media?parent=2566"}],"curies":[{"name":"wp","href":"https:\/\/api.w.org\/{rel}","templated":true}]}}