{"id":2364,"date":"2024-04-26T12:52:07","date_gmt":"2024-04-26T10:52:07","guid":{"rendered":"https:\/\/agora.xtec.cat\/ceipescursell-ripollet\/?page_id=2364"},"modified":"2026-04-17T12:47:50","modified_gmt":"2026-04-17T10:47:50","slug":"documentacio-de-centre","status":"publish","type":"page","link":"https:\/\/agora.xtec.cat\/ceipescursell-ripollet\/documentacio-de-centre\/","title":{"rendered":"Projectes d&#8217;Escola"},"content":{"rendered":"\n<p>Hi ha projectes que formen part de la nostra identitat i que marquen la nostra l\u00ednia pedag\u00f2gica. S\u00f3n propostes consolidades que ens defineixen com a centre i que donen coher\u00e8ncia al nostre projecte educatiu. Aquests projectes ens ajuden a mantenir una continu\u00eftat pedag\u00f2gica al llarg de totes les etapes educatives i els adaptem a l\u2019edat i moment maduratiu de l\u2019alumnat, garantint una progressi\u00f3 coherent i significativa.<\/p>\n\n\n\n<p>A trav\u00e9s d\u2019aquests projectes, creem experi\u00e8ncies d\u2019aprenentatge que deixen empremta i que formen part de la mem\u00f2ria col\u00b7lectiva del centre. Ens permeten consolidar una manera de fer pr\u00f2pia, refor\u00e7ar els nostres valors i construir una escola amb personalitat. S\u00f3n projectes que ens representen, que ens cohesionen com a comunitat educativa i que ens defineixen.<\/p>\n\n\n\n<div class=\"wp-block-columns is-layout-flex wp-container-core-columns-is-layout-1 wp-block-columns-is-layout-flex\" style=\"padding-top:0;padding-bottom:0\">\n<div class=\"wp-block-column is-layout-flow wp-block-column-is-layout-flow\">\n<figure class=\"wp-block-image size-full\"><a href=\"https:\/\/agora.xtec.cat\/ceipescursell-ripollet\/documentacio-de-centre\/els-musicals\/\"><img loading=\"lazy\" decoding=\"async\" width=\"485\" height=\"351\" src=\"https:\/\/agora.xtec.cat\/ceipescursell-ripollet\/wp-content\/uploads\/usu1663\/2026\/03\/Captura-de-pantalla-2026-01-19-161636.png\" alt=\"\" class=\"wp-image-4104\" srcset=\"https:\/\/agora.xtec.cat\/ceipescursell-ripollet\/wp-content\/uploads\/usu1663\/2026\/03\/Captura-de-pantalla-2026-01-19-161636.png 485w, https:\/\/agora.xtec.cat\/ceipescursell-ripollet\/wp-content\/uploads\/usu1663\/2026\/03\/Captura-de-pantalla-2026-01-19-161636-300x217.png 300w\" sizes=\"auto, (max-width: 485px) 100vw, 485px\" \/><\/a><\/figure>\n\n\n\n<p class=\"has-text-align-center\">Els musicals<\/p>\n<\/div>\n\n\n\n<div class=\"wp-block-column is-layout-flow wp-block-column-is-layout-flow\">\n<figure class=\"wp-block-image aligncenter size-full is-resized\"><a href=\"https:\/\/agora.xtec.cat\/ceipescursell-ripollet\/documentacio-de-centre\/festes-populars\/\"><img loading=\"lazy\" decoding=\"async\" width=\"750\" height=\"626\" src=\"https:\/\/agora.xtec.cat\/ceipescursell-ripollet\/wp-content\/uploads\/usu1663\/2026\/03\/IMG_20260209_174410.jpg\" alt=\"\" class=\"wp-image-4105\" style=\"width:248px;height:auto\" srcset=\"https:\/\/agora.xtec.cat\/ceipescursell-ripollet\/wp-content\/uploads\/usu1663\/2026\/03\/IMG_20260209_174410.jpg 750w, https:\/\/agora.xtec.cat\/ceipescursell-ripollet\/wp-content\/uploads\/usu1663\/2026\/03\/IMG_20260209_174410-300x250.jpg 300w\" sizes=\"auto, (max-width: 750px) 100vw, 750px\" \/><\/a><\/figure>\n\n\n\n<p class=\"has-text-align-center\">Festes Populars<\/p>\n<\/div>\n\n\n\n<div class=\"wp-block-column is-layout-flow wp-block-column-is-layout-flow\">\n<figure class=\"wp-block-image aligncenter size-large is-resized\"><a href=\"https:\/\/agora.xtec.cat\/ceipescursell-ripollet\/documentacio-de-centre\/setmana-de-tallers-de-carnaval\/\"><img loading=\"lazy\" decoding=\"async\" width=\"1024\" height=\"768\" src=\"https:\/\/agora.xtec.cat\/ceipescursell-ripollet\/wp-content\/uploads\/usu1663\/2026\/03\/IMG_20260213_100219-1024x768.jpg\" alt=\"\" class=\"wp-image-4114\" style=\"width:277px;height:auto\" srcset=\"https:\/\/agora.xtec.cat\/ceipescursell-ripollet\/wp-content\/uploads\/usu1663\/2026\/03\/IMG_20260213_100219-1024x768.jpg 1024w, https:\/\/agora.xtec.cat\/ceipescursell-ripollet\/wp-content\/uploads\/usu1663\/2026\/03\/IMG_20260213_100219-300x225.jpg 300w, https:\/\/agora.xtec.cat\/ceipescursell-ripollet\/wp-content\/uploads\/usu1663\/2026\/03\/IMG_20260213_100219-768x576.jpg 768w, https:\/\/agora.xtec.cat\/ceipescursell-ripollet\/wp-content\/uploads\/usu1663\/2026\/03\/IMG_20260213_100219.jpg 1050w\" sizes=\"auto, (max-width: 1024px) 100vw, 1024px\" \/><\/a><\/figure>\n\n\n\n<p class=\"has-text-align-center\">Setmana de Tallers de Carnaval<\/p>\n<\/div>\n<\/div>\n\n\n\n<div class=\"wp-block-columns is-layout-flex wp-container-core-columns-is-layout-2 wp-block-columns-is-layout-flex\" style=\"padding-top:var(--wp--preset--spacing--40);padding-bottom:var(--wp--preset--spacing--40)\">\n<div class=\"wp-block-column is-layout-flow wp-block-column-is-layout-flow\">\n<figure class=\"wp-block-image size-full\"><a href=\"https:\/\/agora.xtec.cat\/ceipescursell-ripollet\/documentacio-de-centre\/mostra-de-cultura-popular\/\"><img loading=\"lazy\" decoding=\"async\" width=\"642\" height=\"467\" src=\"https:\/\/agora.xtec.cat\/ceipescursell-ripollet\/wp-content\/uploads\/usu1663\/2026\/03\/MG_0290-e1772461789993.jpg\" alt=\"\" class=\"wp-image-4119\" srcset=\"https:\/\/agora.xtec.cat\/ceipescursell-ripollet\/wp-content\/uploads\/usu1663\/2026\/03\/MG_0290-e1772461789993.jpg 642w, https:\/\/agora.xtec.cat\/ceipescursell-ripollet\/wp-content\/uploads\/usu1663\/2026\/03\/MG_0290-e1772461789993-300x218.jpg 300w\" sizes=\"auto, (max-width: 642px) 100vw, 642px\" \/><\/a><\/figure>\n\n\n\n<p class=\"has-text-align-center\">Mostra de Cultura Popular<\/p>\n<\/div>\n\n\n\n<div class=\"wp-block-column is-layout-flow wp-block-column-is-layout-flow\">\n<figure class=\"wp-block-image aligncenter size-large is-resized\"><a href=\"https:\/\/agora.xtec.cat\/ceipescursell-ripollet\/wp-content\/uploads\/usu1663\/2026\/03\/20260302_161236-scaled.jpg\"><img loading=\"lazy\" decoding=\"async\" width=\"1024\" height=\"768\" src=\"https:\/\/agora.xtec.cat\/ceipescursell-ripollet\/wp-content\/uploads\/usu1663\/2026\/03\/20260302_161236-1024x768.jpg\" alt=\"\" class=\"wp-image-4170\" style=\"width:293px;height:auto\" srcset=\"https:\/\/agora.xtec.cat\/ceipescursell-ripollet\/wp-content\/uploads\/usu1663\/2026\/03\/20260302_161236-1024x768.jpg 1024w, https:\/\/agora.xtec.cat\/ceipescursell-ripollet\/wp-content\/uploads\/usu1663\/2026\/03\/20260302_161236-300x225.jpg 300w, https:\/\/agora.xtec.cat\/ceipescursell-ripollet\/wp-content\/uploads\/usu1663\/2026\/03\/20260302_161236-768x576.jpg 768w, https:\/\/agora.xtec.cat\/ceipescursell-ripollet\/wp-content\/uploads\/usu1663\/2026\/03\/20260302_161236-1536x1152.jpg 1536w, https:\/\/agora.xtec.cat\/ceipescursell-ripollet\/wp-content\/uploads\/usu1663\/2026\/03\/20260302_161236-2048x1536.jpg 2048w\" sizes=\"auto, (max-width: 1024px) 100vw, 1024px\" \/><\/a><\/figure>\n\n\n\n<p class=\"has-text-align-center\">Biblioteca Escolar<\/p>\n<\/div>\n\n\n\n<div class=\"wp-block-column is-layout-flow wp-block-column-is-layout-flow\">\n<figure class=\"wp-block-image aligncenter size-large is-resized is-style-default\"><a href=\"https:\/\/agora.xtec.cat\/ceipescursell-ripollet\/documentacio-de-centre\/el-petit-ripollet\/\"><img loading=\"lazy\" decoding=\"async\" width=\"1024\" height=\"775\" src=\"https:\/\/agora.xtec.cat\/ceipescursell-ripollet\/wp-content\/uploads\/usu1663\/2026\/03\/20210420_120454-1024x775.jpg\" alt=\"\" class=\"wp-image-4124\" style=\"width:280px;height:auto\" srcset=\"https:\/\/agora.xtec.cat\/ceipescursell-ripollet\/wp-content\/uploads\/usu1663\/2026\/03\/20210420_120454-1024x775.jpg 1024w, https:\/\/agora.xtec.cat\/ceipescursell-ripollet\/wp-content\/uploads\/usu1663\/2026\/03\/20210420_120454-300x227.jpg 300w, https:\/\/agora.xtec.cat\/ceipescursell-ripollet\/wp-content\/uploads\/usu1663\/2026\/03\/20210420_120454-768x581.jpg 768w, https:\/\/agora.xtec.cat\/ceipescursell-ripollet\/wp-content\/uploads\/usu1663\/2026\/03\/20210420_120454-1536x1162.jpg 1536w, https:\/\/agora.xtec.cat\/ceipescursell-ripollet\/wp-content\/uploads\/usu1663\/2026\/03\/20210420_120454-2048x1549.jpg 2048w\" sizes=\"auto, (max-width: 1024px) 100vw, 1024px\" \/><\/a><\/figure>\n\n\n\n<p class=\"has-text-align-center\">El Petit Ripollet<\/p>\n<\/div>\n<\/div>\n\n\n\n<div class=\"wp-block-columns is-layout-flex wp-container-core-columns-is-layout-3 wp-block-columns-is-layout-flex\" style=\"padding-top:var(--wp--preset--spacing--30);padding-bottom:var(--wp--preset--spacing--30)\">\n<div class=\"wp-block-column is-layout-flow wp-block-column-is-layout-flow\">\n<figure class=\"wp-block-image size-full\"><a href=\"https:\/\/agora.xtec.cat\/ceipescursell-ripollet\/documentacio-de-centre\/tothom-es-benvingut\/\"><img loading=\"lazy\" decoding=\"async\" width=\"870\" height=\"620\" src=\"https:\/\/agora.xtec.cat\/ceipescursell-ripollet\/wp-content\/uploads\/usu1663\/2026\/03\/Captura-de-pantalla-2026-03-02-153356-e1772462440398.png\" alt=\"\" class=\"wp-image-4149\" srcset=\"https:\/\/agora.xtec.cat\/ceipescursell-ripollet\/wp-content\/uploads\/usu1663\/2026\/03\/Captura-de-pantalla-2026-03-02-153356-e1772462440398.png 870w, https:\/\/agora.xtec.cat\/ceipescursell-ripollet\/wp-content\/uploads\/usu1663\/2026\/03\/Captura-de-pantalla-2026-03-02-153356-e1772462440398-300x214.png 300w, https:\/\/agora.xtec.cat\/ceipescursell-ripollet\/wp-content\/uploads\/usu1663\/2026\/03\/Captura-de-pantalla-2026-03-02-153356-e1772462440398-768x547.png 768w\" sizes=\"auto, (max-width: 870px) 100vw, 870px\" \/><\/a><\/figure>\n\n\n\n<p class=\"has-text-align-center\">Tothom hi \u00e9s benvingut. Garrot\u00edn<\/p>\n<\/div>\n\n\n\n<div class=\"wp-block-column is-layout-flow wp-block-column-is-layout-flow\">\n<figure class=\"wp-block-image aligncenter size-full is-resized\"><a href=\"https:\/\/agora.xtec.cat\/ceipescursell-ripollet\/documentacio-de-centre\/projecte-de-pati\/\"><img loading=\"lazy\" decoding=\"async\" width=\"700\" height=\"525\" src=\"https:\/\/agora.xtec.cat\/ceipescursell-ripollet\/wp-content\/uploads\/usu1663\/2026\/03\/IMG_3297.jpg\" alt=\"\" class=\"wp-image-4152\" style=\"width:268px;height:auto\" srcset=\"https:\/\/agora.xtec.cat\/ceipescursell-ripollet\/wp-content\/uploads\/usu1663\/2026\/03\/IMG_3297.jpg 700w, https:\/\/agora.xtec.cat\/ceipescursell-ripollet\/wp-content\/uploads\/usu1663\/2026\/03\/IMG_3297-300x225.jpg 300w\" sizes=\"auto, (max-width: 700px) 100vw, 700px\" \/><\/a><\/figure>\n\n\n\n<p class=\"has-text-align-center\">Projecte de Pati<\/p>\n<\/div>\n\n\n\n<div class=\"wp-block-column is-layout-flow wp-block-column-is-layout-flow\">\n<figure class=\"wp-block-image aligncenter size-large is-resized\"><a href=\"https:\/\/agora.xtec.cat\/ceipescursell-ripollet\/documentacio-de-centre\/aula-dacollida\/\"><img loading=\"lazy\" decoding=\"async\" width=\"1024\" height=\"768\" src=\"https:\/\/agora.xtec.cat\/ceipescursell-ripollet\/wp-content\/uploads\/usu1663\/2026\/03\/20241021_101409-1-1024x768.jpg\" alt=\"\" class=\"wp-image-4160\" style=\"width:271px;height:auto\" srcset=\"https:\/\/agora.xtec.cat\/ceipescursell-ripollet\/wp-content\/uploads\/usu1663\/2026\/03\/20241021_101409-1-1024x768.jpg 1024w, https:\/\/agora.xtec.cat\/ceipescursell-ripollet\/wp-content\/uploads\/usu1663\/2026\/03\/20241021_101409-1-300x225.jpg 300w, https:\/\/agora.xtec.cat\/ceipescursell-ripollet\/wp-content\/uploads\/usu1663\/2026\/03\/20241021_101409-1-768x576.jpg 768w, https:\/\/agora.xtec.cat\/ceipescursell-ripollet\/wp-content\/uploads\/usu1663\/2026\/03\/20241021_101409-1-1536x1152.jpg 1536w, https:\/\/agora.xtec.cat\/ceipescursell-ripollet\/wp-content\/uploads\/usu1663\/2026\/03\/20241021_101409-1-2048x1536.jpg 2048w\" sizes=\"auto, (max-width: 1024px) 100vw, 1024px\" \/><\/a><\/figure>\n\n\n\n<p class=\"has-text-align-center\">Aula d&#8217;Acollida<\/p>\n<\/div>\n<\/div>\n\n\n\n<div class=\"wp-block-columns is-layout-flex wp-container-core-columns-is-layout-4 wp-block-columns-is-layout-flex\" style=\"padding-top:var(--wp--preset--spacing--30);padding-bottom:var(--wp--preset--spacing--30)\">\n<div class=\"wp-block-column is-layout-flow wp-block-column-is-layout-flow\">\n<figure class=\"wp-block-image aligncenter size-large\"><a href=\"https:\/\/agora.xtec.cat\/ceipescursell-ripollet\/documentacio-de-centre\/tallers-internivells\/\"><img loading=\"lazy\" decoding=\"async\" width=\"1024\" height=\"768\" src=\"https:\/\/agora.xtec.cat\/ceipescursell-ripollet\/wp-content\/uploads\/usu1663\/2025\/11\/Llum-horitzontal-2-1024x768.jpg\" alt=\"\" class=\"wp-image-3004\" srcset=\"https:\/\/agora.xtec.cat\/ceipescursell-ripollet\/wp-content\/uploads\/usu1663\/2025\/11\/Llum-horitzontal-2-1024x768.jpg 1024w, https:\/\/agora.xtec.cat\/ceipescursell-ripollet\/wp-content\/uploads\/usu1663\/2025\/11\/Llum-horitzontal-2-300x225.jpg 300w, https:\/\/agora.xtec.cat\/ceipescursell-ripollet\/wp-content\/uploads\/usu1663\/2025\/11\/Llum-horitzontal-2-768x576.jpg 768w, https:\/\/agora.xtec.cat\/ceipescursell-ripollet\/wp-content\/uploads\/usu1663\/2025\/11\/Llum-horitzontal-2-1536x1152.jpg 1536w, https:\/\/agora.xtec.cat\/ceipescursell-ripollet\/wp-content\/uploads\/usu1663\/2025\/11\/Llum-horitzontal-2-2048x1536.jpg 2048w\" sizes=\"auto, (max-width: 1024px) 100vw, 1024px\" \/><\/a><\/figure>\n\n\n\n<p class=\"has-text-align-center\">Tallers<\/p>\n<\/div>\n\n\n\n<div class=\"wp-block-column is-layout-flow wp-block-column-is-layout-flow\">\n<figure class=\"wp-block-image size-large\"><a href=\"https:\/\/agora.xtec.cat\/ceipescursell-ripollet\/documentacio-de-centre\/lassamblea\/\"><img loading=\"lazy\" decoding=\"async\" width=\"1024\" height=\"768\" src=\"https:\/\/agora.xtec.cat\/ceipescursell-ripollet\/wp-content\/uploads\/usu1663\/2025\/11\/Rotllana-Patufet-1024x768.jpg\" alt=\"\" class=\"wp-image-3099\" srcset=\"https:\/\/agora.xtec.cat\/ceipescursell-ripollet\/wp-content\/uploads\/usu1663\/2025\/11\/Rotllana-Patufet-1024x768.jpg 1024w, https:\/\/agora.xtec.cat\/ceipescursell-ripollet\/wp-content\/uploads\/usu1663\/2025\/11\/Rotllana-Patufet-300x225.jpg 300w, https:\/\/agora.xtec.cat\/ceipescursell-ripollet\/wp-content\/uploads\/usu1663\/2025\/11\/Rotllana-Patufet-768x576.jpg 768w, https:\/\/agora.xtec.cat\/ceipescursell-ripollet\/wp-content\/uploads\/usu1663\/2025\/11\/Rotllana-Patufet-1536x1152.jpg 1536w, https:\/\/agora.xtec.cat\/ceipescursell-ripollet\/wp-content\/uploads\/usu1663\/2025\/11\/Rotllana-Patufet.jpg 2000w\" sizes=\"auto, (max-width: 1024px) 100vw, 1024px\" \/><\/a><\/figure>\n\n\n\n<p class=\"has-text-align-center\">L&#8217;assemblea<\/p>\n<\/div>\n\n\n\n<div class=\"wp-block-column is-layout-flow wp-block-column-is-layout-flow\">\n<figure class=\"wp-block-image aligncenter size-large is-resized\"><a href=\"https:\/\/agora.xtec.cat\/ceipescursell-ripollet\/documentacio-de-centre\/apadrinament-lector\/\"><img loading=\"lazy\" decoding=\"async\" width=\"1024\" height=\"803\" src=\"https:\/\/agora.xtec.cat\/ceipescursell-ripollet\/wp-content\/uploads\/usu1663\/2026\/03\/1743064571332-1024x803.jpg\" alt=\"\" class=\"wp-image-4180\" style=\"width:273px;height:auto\" srcset=\"https:\/\/agora.xtec.cat\/ceipescursell-ripollet\/wp-content\/uploads\/usu1663\/2026\/03\/1743064571332-1024x803.jpg 1024w, https:\/\/agora.xtec.cat\/ceipescursell-ripollet\/wp-content\/uploads\/usu1663\/2026\/03\/1743064571332-300x235.jpg 300w, https:\/\/agora.xtec.cat\/ceipescursell-ripollet\/wp-content\/uploads\/usu1663\/2026\/03\/1743064571332-768x603.jpg 768w, https:\/\/agora.xtec.cat\/ceipescursell-ripollet\/wp-content\/uploads\/usu1663\/2026\/03\/1743064571332-1536x1205.jpg 1536w, https:\/\/agora.xtec.cat\/ceipescursell-ripollet\/wp-content\/uploads\/usu1663\/2026\/03\/1743064571332-2048x1607.jpg 2048w\" sizes=\"auto, (max-width: 1024px) 100vw, 1024px\" \/><\/a><\/figure>\n\n\n\n<p class=\"has-text-align-center\">Xarxa de Compet\u00e8ncia Lectora<\/p>\n<\/div>\n<\/div>\n\n\n\n<p><\/p>\n","protected":false},"excerpt":{"rendered":"<p>Hi ha projectes que formen part de la nostra identitat i que marquen la nostra l\u00ednia pedag\u00f2gica. S\u00f3n propostes consolidades que ens defineixen com a centre i que donen coher\u00e8ncia al nostre projecte educatiu. Aquests projectes ens ajuden a mantenir una continu\u00eftat pedag\u00f2gica al llarg de totes les etapes educatives i els adaptem a l\u2019edat [&hellip;]<\/p>\n","protected":false},"author":1,"featured_media":0,"parent":0,"menu_order":0,"comment_status":"closed","ping_status":"closed","template":"","meta":{"_bbp_topic_count":0,"_bbp_reply_count":0,"_bbp_total_topic_count":0,"_bbp_total_reply_count":0,"_bbp_voice_count":0,"_bbp_anonymous_reply_count":0,"_bbp_topic_count_hidden":0,"_bbp_reply_count_hidden":0,"_bbp_forum_subforum_count":0,"site-sidebar-layout":"default","site-content-layout":"","ast-site-content-layout":"default","site-content-style":"default","site-sidebar-style":"default","ast-global-header-display":"","ast-banner-title-visibility":"","ast-main-header-display":"","ast-hfb-above-header-display":"","ast-hfb-below-header-display":"","ast-hfb-mobile-header-display":"","site-post-title":"","ast-breadcrumbs-content":"","ast-featured-img":"","footer-sml-layout":"","theme-transparent-header-meta":"default","adv-header-id-meta":"","stick-header-meta":"","header-above-stick-meta":"","header-main-stick-meta":"","header-below-stick-meta":"","astra-migrate-meta-layouts":"set","ast-page-background-enabled":"default","ast-page-background-meta":{"desktop":{"background-color":"var(--ast-global-color-5)","background-image":"","background-repeat":"repeat","background-position":"center center","background-size":"auto","background-attachment":"scroll","background-type":"","background-media":"","overlay-type":"","overlay-color":"","overlay-opacity":"","overlay-gradient":""},"tablet":{"background-color":"","background-image":"","background-repeat":"repeat","background-position":"center center","background-size":"auto","background-attachment":"scroll","background-type":"","background-media":"","overlay-type":"","overlay-color":"","overlay-opacity":"","overlay-gradient":""},"mobile":{"background-color":"","background-image":"","background-repeat":"repeat","background-position":"center center","background-size":"auto","background-attachment":"scroll","background-type":"","background-media":"","overlay-type":"","overlay-color":"","overlay-opacity":"","overlay-gradient":""}},"ast-content-background-meta":{"desktop":{"background-color":"var(--ast-global-color-4)","background-image":"","background-repeat":"repeat","background-position":"center center","background-size":"auto","background-attachment":"scroll","background-type":"","background-media":"","overlay-type":"","overlay-color":"","overlay-opacity":"","overlay-gradient":""},"tablet":{"background-color":"var(--ast-global-color-4)","background-image":"","background-repeat":"repeat","background-position":"center center","background-size":"auto","background-attachment":"scroll","background-type":"","background-media":"","overlay-type":"","overlay-color":"","overlay-opacity":"","overlay-gradient":""},"mobile":{"background-color":"var(--ast-global-color-4)","background-image":"","background-repeat":"repeat","background-position":"center center","background-size":"auto","background-attachment":"scroll","background-type":"","background-media":"","overlay-type":"","overlay-color":"","overlay-opacity":"","overlay-gradient":""}},"footnotes":""},"class_list":["post-2364","page","type-page","status-publish","hentry"],"post_mailing_queue_ids":[],"_links":{"self":[{"href":"https:\/\/agora.xtec.cat\/ceipescursell-ripollet\/wp-json\/wp\/v2\/pages\/2364","targetHints":{"allow":["GET"]}}],"collection":[{"href":"https:\/\/agora.xtec.cat\/ceipescursell-ripollet\/wp-json\/wp\/v2\/pages"}],"about":[{"href":"https:\/\/agora.xtec.cat\/ceipescursell-ripollet\/wp-json\/wp\/v2\/types\/page"}],"author":[{"embeddable":true,"href":"https:\/\/agora.xtec.cat\/ceipescursell-ripollet\/wp-json\/wp\/v2\/users\/1"}],"replies":[{"embeddable":true,"href":"https:\/\/agora.xtec.cat\/ceipescursell-ripollet\/wp-json\/wp\/v2\/comments?post=2364"}],"version-history":[{"count":6,"href":"https:\/\/agora.xtec.cat\/ceipescursell-ripollet\/wp-json\/wp\/v2\/pages\/2364\/revisions"}],"predecessor-version":[{"id":4360,"href":"https:\/\/agora.xtec.cat\/ceipescursell-ripollet\/wp-json\/wp\/v2\/pages\/2364\/revisions\/4360"}],"wp:attachment":[{"href":"https:\/\/agora.xtec.cat\/ceipescursell-ripollet\/wp-json\/wp\/v2\/media?parent=2364"}],"curies":[{"name":"wp","href":"https:\/\/api.w.org\/{rel}","templated":true}]}}