{"id":2350,"date":"2024-04-26T12:27:50","date_gmt":"2024-04-26T10:27:50","guid":{"rendered":"https:\/\/agora.xtec.cat\/ceipescursell-ripollet\/?page_id=2350"},"modified":"2026-01-08T13:05:04","modified_gmt":"2026-01-08T12:05:04","slug":"important","status":"publish","type":"page","link":"https:\/\/agora.xtec.cat\/ceipescursell-ripollet\/important\/","title":{"rendered":"Comunitats"},"content":{"rendered":"\n<div class=\"wp-block-media-text is-stacked-on-mobile\"><figure class=\"wp-block-media-text__media\"><a href=\"https:\/\/agora.xtec.cat\/ceipescursell-ripollet\/important\/comunitat-de-petits-2\/\"><img loading=\"lazy\" decoding=\"async\" width=\"754\" height=\"562\" src=\"https:\/\/agora.xtec.cat\/ceipescursell-ripollet\/wp-content\/uploads\/usu1663\/2025\/11\/Comunitat-de-PETITS.png\" alt=\"\" class=\"wp-image-2684 size-full\" srcset=\"https:\/\/agora.xtec.cat\/ceipescursell-ripollet\/wp-content\/uploads\/usu1663\/2025\/11\/Comunitat-de-PETITS.png 754w, https:\/\/agora.xtec.cat\/ceipescursell-ripollet\/wp-content\/uploads\/usu1663\/2025\/11\/Comunitat-de-PETITS-300x224.png 300w\" sizes=\"auto, (max-width: 754px) 100vw, 754px\" \/><\/a><\/figure><div class=\"wp-block-media-text__content\">\n<p>La <mark style=\"background-color:rgba(0, 0, 0, 0)\" class=\"has-inline-color has-ast-global-color-0-color\"><a href=\"https:\/\/agora.xtec.cat\/ceipescursell-ripollet\/important\/comunitat-de-petits-2\/\">Comunitat de Petits<\/a><\/mark> \u00e9s un espai acollidor i estimulant on els infants creixen, descobrint i aprenent a partir de l\u2019experi\u00e8ncia. \u00c9s un moment clau pel seu desenvolupament on la curiositat natural es converteix en motor d\u2019aprenentatge.<\/p>\n\n\n\n<p>Les mestres acompanyen els infants amb una mirada respectuosa per comprendre els seus interessos, proposant reptes i garantint un clima emocionalment segur per expressar-se i provar coses noves.<\/p>\n\n\n\n<p>La Comunitat de Petits es converteix en un espai on neixen les primeres amistats, i a trav\u00e9s de moments compartits, els infants aprenen a conviure, expressar emocions i sentir-se part d&#8217;un grup que els acull.<\/p>\n<\/div><\/div>\n\n\n\n<div class=\"wp-block-media-text has-media-on-the-right is-stacked-on-mobile\"><div class=\"wp-block-media-text__content\">\n<p>A la <mark style=\"background-color:rgba(0, 0, 0, 0)\" class=\"has-inline-color has-ast-global-color-0-color\"><a href=\"https:\/\/agora.xtec.cat\/ceipescursell-ripollet\/important\/comunitat-de-mitjans-2\/\">Comunitat de Mitjans<\/a><\/mark> la curiositat es combina amb el desig d\u2019explorar, crear i participar activament en el seu propi aprenentatge i es proposen Situacions d&#8217;Aprenentatge que els permeten investigar, cooperar i construir coneixement de manera significativa.<\/p>\n\n\n\n<p>Les mestres observen, escolten i acompanyen els infants, oferint suport quan cal i deixant espai perqu\u00e8 puguin provar, equivocar-se i aprendre.<\/p>\n\n\n\n<p>A la Comunitat de Mitjans es promou la cooperaci\u00f3, el di\u00e0leg i la gesti\u00f3 respectuosa de les emocions, fent del dia a dia una oportunitat constant per aprendre a conviure.<\/p>\n<\/div><figure class=\"wp-block-media-text__media\"><a href=\"https:\/\/agora.xtec.cat\/ceipescursell-ripollet\/important\/comunitat-de-mitjans-2\/\"><img loading=\"lazy\" decoding=\"async\" width=\"758\" height=\"484\" src=\"https:\/\/agora.xtec.cat\/ceipescursell-ripollet\/wp-content\/uploads\/usu1663\/2025\/11\/Comunitat-de-MITJANS.png\" alt=\"\" class=\"wp-image-2685 size-full\" srcset=\"https:\/\/agora.xtec.cat\/ceipescursell-ripollet\/wp-content\/uploads\/usu1663\/2025\/11\/Comunitat-de-MITJANS.png 758w, https:\/\/agora.xtec.cat\/ceipescursell-ripollet\/wp-content\/uploads\/usu1663\/2025\/11\/Comunitat-de-MITJANS-300x192.png 300w\" sizes=\"auto, (max-width: 758px) 100vw, 758px\" \/><\/a><\/figure><\/div>\n\n\n\n<div class=\"wp-block-media-text is-stacked-on-mobile\"><figure class=\"wp-block-media-text__media\"><a href=\"https:\/\/agora.xtec.cat\/ceipescursell-ripollet\/important\/comunitat-dels-grans\/\"><img loading=\"lazy\" decoding=\"async\" width=\"769\" height=\"522\" src=\"https:\/\/agora.xtec.cat\/ceipescursell-ripollet\/wp-content\/uploads\/usu1663\/2025\/11\/Comunitat-de-GRANS.png\" alt=\"\" class=\"wp-image-2686 size-full\" srcset=\"https:\/\/agora.xtec.cat\/ceipescursell-ripollet\/wp-content\/uploads\/usu1663\/2025\/11\/Comunitat-de-GRANS.png 769w, https:\/\/agora.xtec.cat\/ceipescursell-ripollet\/wp-content\/uploads\/usu1663\/2025\/11\/Comunitat-de-GRANS-300x204.png 300w\" sizes=\"auto, (max-width: 769px) 100vw, 769px\" \/><\/a><\/figure><div class=\"wp-block-media-text__content\">\n<p>A la <mark style=\"background-color:rgba(0, 0, 0, 0)\" class=\"has-inline-color has-ast-global-color-0-color\"><a href=\"https:\/\/agora.xtec.cat\/ceipescursell-ripollet\/important\/comunitat-dels-grans\/\">Comunitat de Grans<\/a><\/mark> esdevenen cada vegada m\u00e9s aut\u00f2noms i responsables del seu propi aprenentatge. El desig de comprendre el m\u00f3n, de pensar de manera cr\u00edtica i de cooperar amb els altres pren un paper central en el dia a dia.<\/p>\n\n\n\n<p>Les mestres acompanyen afavorint que els infants prenguin decisions, planifiquin el seu treball i adquireixin estrat\u00e8gies per gestionar el temps i l\u2019esfor\u00e7. <\/p>\n\n\n\n<p>La Comunitat de Grans els ofereix espais per reflexionar, prendre iniciativa i descobrir les seves capacitats, tot preparant-los per afrontar nous reptes amb confian\u00e7a i curiositat.<\/p>\n<\/div><\/div>\n\n\n\n<p><\/p>\n","protected":false},"excerpt":{"rendered":"<p>La Comunitat de Petits \u00e9s un espai acollidor i estimulant on els infants creixen, descobrint i aprenent a partir de l\u2019experi\u00e8ncia. \u00c9s un moment clau pel seu desenvolupament on la curiositat natural es converteix en motor d\u2019aprenentatge. Les mestres acompanyen els infants amb una mirada respectuosa per comprendre els seus interessos, proposant reptes i garantint [&hellip;]<\/p>\n","protected":false},"author":1,"featured_media":0,"parent":0,"menu_order":0,"comment_status":"closed","ping_status":"closed","template":"","meta":{"_bbp_topic_count":0,"_bbp_reply_count":0,"_bbp_total_topic_count":0,"_bbp_total_reply_count":0,"_bbp_voice_count":0,"_bbp_anonymous_reply_count":0,"_bbp_topic_count_hidden":0,"_bbp_reply_count_hidden":0,"_bbp_forum_subforum_count":0,"site-sidebar-layout":"default","site-content-layout":"","ast-site-content-layout":"default","site-content-style":"default","site-sidebar-style":"default","ast-global-header-display":"","ast-banner-title-visibility":"","ast-main-header-display":"","ast-hfb-above-header-display":"","ast-hfb-below-header-display":"","ast-hfb-mobile-header-display":"","site-post-title":"","ast-breadcrumbs-content":"","ast-featured-img":"","footer-sml-layout":"","theme-transparent-header-meta":"","adv-header-id-meta":"","stick-header-meta":"","header-above-stick-meta":"","header-main-stick-meta":"","header-below-stick-meta":"","astra-migrate-meta-layouts":"set","ast-page-background-enabled":"default","ast-page-background-meta":{"desktop":{"background-color":"var(--ast-global-color-5)","background-image":"","background-repeat":"repeat","background-position":"center center","background-size":"auto","background-attachment":"scroll","background-type":"","background-media":"","overlay-type":"","overlay-color":"","overlay-opacity":"","overlay-gradient":""},"tablet":{"background-color":"","background-image":"","background-repeat":"repeat","background-position":"center center","background-size":"auto","background-attachment":"scroll","background-type":"","background-media":"","overlay-type":"","overlay-color":"","overlay-opacity":"","overlay-gradient":""},"mobile":{"background-color":"","background-image":"","background-repeat":"repeat","background-position":"center center","background-size":"auto","background-attachment":"scroll","background-type":"","background-media":"","overlay-type":"","overlay-color":"","overlay-opacity":"","overlay-gradient":""}},"ast-content-background-meta":{"desktop":{"background-color":"var(--ast-global-color-4)","background-image":"","background-repeat":"repeat","background-position":"center center","background-size":"auto","background-attachment":"scroll","background-type":"","background-media":"","overlay-type":"","overlay-color":"","overlay-opacity":"","overlay-gradient":""},"tablet":{"background-color":"var(--ast-global-color-4)","background-image":"","background-repeat":"repeat","background-position":"center center","background-size":"auto","background-attachment":"scroll","background-type":"","background-media":"","overlay-type":"","overlay-color":"","overlay-opacity":"","overlay-gradient":""},"mobile":{"background-color":"var(--ast-global-color-4)","background-image":"","background-repeat":"repeat","background-position":"center center","background-size":"auto","background-attachment":"scroll","background-type":"","background-media":"","overlay-type":"","overlay-color":"","overlay-opacity":"","overlay-gradient":""}},"footnotes":""},"class_list":["post-2350","page","type-page","status-publish","hentry"],"post_mailing_queue_ids":[],"_links":{"self":[{"href":"https:\/\/agora.xtec.cat\/ceipescursell-ripollet\/wp-json\/wp\/v2\/pages\/2350","targetHints":{"allow":["GET"]}}],"collection":[{"href":"https:\/\/agora.xtec.cat\/ceipescursell-ripollet\/wp-json\/wp\/v2\/pages"}],"about":[{"href":"https:\/\/agora.xtec.cat\/ceipescursell-ripollet\/wp-json\/wp\/v2\/types\/page"}],"author":[{"embeddable":true,"href":"https:\/\/agora.xtec.cat\/ceipescursell-ripollet\/wp-json\/wp\/v2\/users\/1"}],"replies":[{"embeddable":true,"href":"https:\/\/agora.xtec.cat\/ceipescursell-ripollet\/wp-json\/wp\/v2\/comments?post=2350"}],"version-history":[{"count":6,"href":"https:\/\/agora.xtec.cat\/ceipescursell-ripollet\/wp-json\/wp\/v2\/pages\/2350\/revisions"}],"predecessor-version":[{"id":3320,"href":"https:\/\/agora.xtec.cat\/ceipescursell-ripollet\/wp-json\/wp\/v2\/pages\/2350\/revisions\/3320"}],"wp:attachment":[{"href":"https:\/\/agora.xtec.cat\/ceipescursell-ripollet\/wp-json\/wp\/v2\/media?parent=2350"}],"curies":[{"name":"wp","href":"https:\/\/api.w.org\/{rel}","templated":true}]}}