{"id":84,"date":"2014-09-18T14:11:31","date_gmt":"2014-09-18T13:11:31","guid":{"rendered":"http:\/\/agora.xtec.cat\/ceipescolamarina\/?page_id=84"},"modified":"2025-11-06T16:29:58","modified_gmt":"2025-11-06T15:29:58","slug":"activitats-extraescolars","status":"publish","type":"page","link":"https:\/\/agora.xtec.cat\/ceipescolamarina\/serveis\/activitats-extraescolars\/","title":{"rendered":"Activitats extraescolars"},"content":{"rendered":"<p><span style=\"font-weight: 400;\">Les <\/span>activitats d\u2019extraescolars<span style=\"font-weight: 400;\"> que es realitzen en el nostre centre estan planificades i gestionades per l\u2019empresa <a href=\"https:\/\/www.eduactivities.cat\/\" target=\"_blank\" rel=\"noopener\">Eduactivities<\/a>, i supervisades per la comissi\u00f3 mixta d\u2019extraescolars de l\u2019escola Marina.<\/span><\/p>\n<p><span style=\"font-weight: 400;\">Cada curs s\u2019ofereixen activitats variades i inclusives per a tots els nens i nenes de <\/span><span style=\"font-weight: 400;\">l\u2019escola, des d&#8217; I4 a 6\u00e8 de Prim\u00e0ria, amb horari de dilluns a dijous de 16.30h a 17.45h.<\/span><\/p>\n<p><span style=\"font-weight: 400;\">Les activitats comencen a principis d\u2019octubre i finalitzen a finals de maig.<\/span><\/p>\n<p><span style=\"font-weight: 400;\">Dins del centre hi ha una coordinadora d&#8217;activitats, que \u00e9s la referent i interlocutora amb les fam\u00edlies, amb l\u2019escola i la comissi\u00f3 d\u2019extraescolars.<\/span><\/p>\n<p><span style=\"font-weight: 400;\">Fora del centre hi ha la possibilitat de realitzar nataci\u00f3 els dilluns i dimecres a la tarda, fora d&#8217;horari lectiu, i els dissabtes al mat\u00ed, des dels grups d&#8217;infantil 3 fins a 6\u00e8, al Duet Tiana.<\/span><\/p>\n<p>&nbsp;<\/p>\n","protected":false},"excerpt":{"rendered":"<p>Les activitats d\u2019extraescolars que es realitzen en el nostre centre estan planificades i gestionades per l\u2019empresa Eduactivities, i supervisades per la comissi\u00f3 mixta d\u2019extraescolars de l\u2019escola Marina. Cada curs s\u2019ofereixen activitats variades i inclusives per a tots els nens i nenes de l\u2019escola, des d&#8217; I4 a 6\u00e8 de Prim\u00e0ria, amb horari de dilluns a [&hellip;]<\/p>\n","protected":false},"author":1,"featured_media":0,"parent":66,"menu_order":30,"comment_status":"closed","ping_status":"closed","template":"","meta":{"_bbp_topic_count":0,"_bbp_reply_count":0,"_bbp_total_topic_count":0,"_bbp_total_reply_count":0,"_bbp_voice_count":0,"_bbp_anonymous_reply_count":0,"_bbp_topic_count_hidden":0,"_bbp_reply_count_hidden":0,"_bbp_forum_subforum_count":0,"site-sidebar-layout":"default","site-content-layout":"","ast-site-content-layout":"default","site-content-style":"default","site-sidebar-style":"default","ast-global-header-display":"","ast-banner-title-visibility":"","ast-main-header-display":"","ast-hfb-above-header-display":"","ast-hfb-below-header-display":"","ast-hfb-mobile-header-display":"","site-post-title":"","ast-breadcrumbs-content":"","ast-featured-img":"","footer-sml-layout":"","theme-transparent-header-meta":"default","adv-header-id-meta":"","stick-header-meta":"","header-above-stick-meta":"","header-main-stick-meta":"","header-below-stick-meta":"","astra-migrate-meta-layouts":"set","ast-page-background-enabled":"default","ast-page-background-meta":{"desktop":{"background-color":"var(--ast-global-color-4)","background-image":"","background-repeat":"repeat","background-position":"center center","background-size":"auto","background-attachment":"scroll","background-type":"","background-media":"","overlay-type":"","overlay-color":"","overlay-opacity":"","overlay-gradient":""},"tablet":{"background-color":"","background-image":"","background-repeat":"repeat","background-position":"center center","background-size":"auto","background-attachment":"scroll","background-type":"","background-media":"","overlay-type":"","overlay-color":"","overlay-opacity":"","overlay-gradient":""},"mobile":{"background-color":"","background-image":"","background-repeat":"repeat","background-position":"center center","background-size":"auto","background-attachment":"scroll","background-type":"","background-media":"","overlay-type":"","overlay-color":"","overlay-opacity":"","overlay-gradient":""}},"ast-content-background-meta":{"desktop":{"background-color":"var(--ast-global-color-5)","background-image":"","background-repeat":"repeat","background-position":"center center","background-size":"auto","background-attachment":"scroll","background-type":"","background-media":"","overlay-type":"","overlay-color":"","overlay-opacity":"","overlay-gradient":""},"tablet":{"background-color":"var(--ast-global-color-5)","background-image":"","background-repeat":"repeat","background-position":"center center","background-size":"auto","background-attachment":"scroll","background-type":"","background-media":"","overlay-type":"","overlay-color":"","overlay-opacity":"","overlay-gradient":""},"mobile":{"background-color":"var(--ast-global-color-5)","background-image":"","background-repeat":"repeat","background-position":"center center","background-size":"auto","background-attachment":"scroll","background-type":"","background-media":"","overlay-type":"","overlay-color":"","overlay-opacity":"","overlay-gradient":""}},"footnotes":""},"class_list":["post-84","page","type-page","status-publish","hentry"],"post_mailing_queue_ids":[],"_links":{"self":[{"href":"https:\/\/agora.xtec.cat\/ceipescolamarina\/wp-json\/wp\/v2\/pages\/84","targetHints":{"allow":["GET"]}}],"collection":[{"href":"https:\/\/agora.xtec.cat\/ceipescolamarina\/wp-json\/wp\/v2\/pages"}],"about":[{"href":"https:\/\/agora.xtec.cat\/ceipescolamarina\/wp-json\/wp\/v2\/types\/page"}],"author":[{"embeddable":true,"href":"https:\/\/agora.xtec.cat\/ceipescolamarina\/wp-json\/wp\/v2\/users\/1"}],"replies":[{"embeddable":true,"href":"https:\/\/agora.xtec.cat\/ceipescolamarina\/wp-json\/wp\/v2\/comments?post=84"}],"version-history":[{"count":6,"href":"https:\/\/agora.xtec.cat\/ceipescolamarina\/wp-json\/wp\/v2\/pages\/84\/revisions"}],"predecessor-version":[{"id":7320,"href":"https:\/\/agora.xtec.cat\/ceipescolamarina\/wp-json\/wp\/v2\/pages\/84\/revisions\/7320"}],"up":[{"embeddable":true,"href":"https:\/\/agora.xtec.cat\/ceipescolamarina\/wp-json\/wp\/v2\/pages\/66"}],"wp:attachment":[{"href":"https:\/\/agora.xtec.cat\/ceipescolamarina\/wp-json\/wp\/v2\/media?parent=84"}],"curies":[{"name":"wp","href":"https:\/\/api.w.org\/{rel}","templated":true}]}}