{"id":73,"date":"2014-09-18T14:01:51","date_gmt":"2014-09-18T13:01:51","guid":{"rendered":"http:\/\/agora.xtec.cat\/ceipescolamarina\/?page_id=73"},"modified":"2026-02-03T12:57:56","modified_gmt":"2026-02-03T11:57:56","slug":"menjador-escolar","status":"publish","type":"page","link":"https:\/\/agora.xtec.cat\/ceipescolamarina\/serveis\/menjador-escolar\/","title":{"rendered":"Menjador escolar"},"content":{"rendered":"<h5>Servei de menjador<\/h5>\n<p>El temps de menjador \u00e9s una part important del dia que cal atendre amb molta cura. \u00c9s b\u00e0sic que els nens i nenes disposin de temps i tranquil\u00b7litat per menjar i descansar abans de continuar amb la jornada.<\/p>\n<p>Els infants d&#8217;Infantil 3 i Infantil 4 descansen despr\u00e9s de dinar, en llits, a les seves aules.<\/p>\n<p>La comunicaci\u00f3 amb l&#8217;espai migdia la podeu fer mitjan\u00e7ant el Whatsapp <strong>687.856.609<\/strong>, <strong>l&#8217;App<\/strong> de Fundesplai o el correu electr\u00f2nic\u00a0 <strong>coordinaciomarina@fundesplai.org<\/strong><\/p>\n<p>L&#8217;espai migdia l\u2019organitza l\u2019empresa Fundesplai, que elabora el dinar a la cuina de l\u2019escola i disposa d\u2019un equip de monitors i monitores per atendre els vostres fills i filles. Podreu con\u00e8ixer el personal de menjador el dia de la reuni\u00f3 d&#8217;inici de curs.<\/p>\n<p>L&#8217;escola compta amb cuina pr\u00f2pia.<\/p>\n<table style=\"height: 664px; width: 55.81712518712717%;\" width=\"595\">\n<tbody>\n<tr style=\"height: 32px;\">\n<td style=\"width: 121.57087676016465%; height: 32px;\" colspan=\"3\"><strong>MONITORS\/ES MENJADOR CURS 2025-2026<\/strong><\/td>\n<\/tr>\n<tr style=\"height: 32px;\">\n<td style=\"width: 30.6947%; height: 32px;\">Coordinadora<\/td>\n<td style=\"width: 90.87617676016465%; height: 32px;\" colspan=\"2\">Yolanda Rodr\u00edguez<\/td>\n<\/tr>\n<tr style=\"height: 32px;\">\n<td style=\"width: 30.6947%; height: 192px;\" rowspan=\"6\">Educaci\u00f3 Infantil<\/td>\n<td style=\"width: 30.6947%; height: 32px;\">I3 A<\/td>\n<td style=\"width: 60.18147676016466%; height: 32px;\">Ma. del Carmen Manzanera<\/td>\n<\/tr>\n<tr style=\"height: 32px;\">\n<td style=\"width: 30.6947%; height: 32px;\">I3 B<\/td>\n<td style=\"width: 60.18147676016466%; height: 32px;\">Cecilia Tirado<\/td>\n<\/tr>\n<tr style=\"height: 32px;\">\n<td style=\"width: 30.6947%; height: 32px;\">I4 A<\/td>\n<td style=\"width: 60.18147676016466%; height: 32px;\">Sonia Huguet<\/td>\n<\/tr>\n<tr style=\"height: 32px;\">\n<td style=\"width: 30.6947%; height: 32px;\">I4 B<\/td>\n<td style=\"width: 60.18147676016466%; height: 32px;\">Carme Sanchez<\/td>\n<\/tr>\n<tr style=\"height: 32px;\">\n<td style=\"width: 30.6947%; height: 32px;\">I5 A<\/td>\n<td style=\"width: 60.18147676016466%; height: 32px;\">\u00darsula Calderon<\/td>\n<\/tr>\n<tr style=\"height: 32px;\">\n<td style=\"width: 30.6947%; height: 32px;\">I5 B<\/td>\n<td style=\"width: 60.18147676016466%; height: 32px;\">Eva Garrido<\/td>\n<\/tr>\n<tr style=\"height: 32px;\">\n<td style=\"width: 30.6947%; height: 408px;\" rowspan=\"12\">Educaci\u00f3 Prim\u00e0ria<\/td>\n<td style=\"width: 30.6947%; height: 32px;\">1r A<\/td>\n<td style=\"width: 60.18147676016466%; height: 32px;\">Eva Baldoma<\/td>\n<\/tr>\n<tr style=\"height: 32px;\">\n<td style=\"width: 30.6947%; height: 32px;\">1r B<\/td>\n<td style=\"width: 60.18147676016466%; height: 32px;\">Yolanda Sancho<\/td>\n<\/tr>\n<tr style=\"height: 32px;\">\n<td style=\"width: 30.6947%; height: 32px;\">2n A<\/td>\n<td style=\"width: 60.18147676016466%; height: 32px;\">Estela Garrido<\/td>\n<\/tr>\n<tr style=\"height: 32px;\">\n<td style=\"width: 30.6947%; height: 32px;\">2n B<\/td>\n<td style=\"width: 60.18147676016466%; height: 32px;\">Jan Alarge<\/td>\n<\/tr>\n<tr style=\"height: 32px;\">\n<td style=\"width: 30.6947%; height: 32px;\">3r A<\/td>\n<td style=\"width: 60.18147676016466%; height: 32px;\">Carla Mach<\/td>\n<\/tr>\n<tr style=\"height: 32px;\">\n<td style=\"width: 30.6947%; height: 32px;\">3r B<\/td>\n<td style=\"width: 60.18147676016466%; height: 32px;\">Isabel Romera<\/td>\n<\/tr>\n<tr style=\"height: 32px;\">\n<td style=\"width: 30.6947%; height: 32px;\">4t A<\/td>\n<td style=\"width: 60.18147676016466%; height: 32px;\">Lu\u00eds Gonzalez<\/td>\n<\/tr>\n<tr style=\"height: 32px;\">\n<td style=\"width: 30.6947%; height: 32px;\">4t B<\/td>\n<td style=\"width: 60.18147676016466%; height: 32px;\">Silvia Gener<\/td>\n<\/tr>\n<tr style=\"height: 32px;\">\n<td style=\"width: 30.6947%; height: 32px;\">5\u00e8 A<\/td>\n<td style=\"width: 60.18147676016466%; height: 32px;\">Marta Piccione<\/td>\n<\/tr>\n<tr style=\"height: 32px;\">\n<td style=\"width: 30.6947%; height: 32px;\">5\u00e8 B<\/td>\n<td style=\"width: 60.18147676016466%; height: 32px;\">Elisa Nicol\u00e1s<\/td>\n<\/tr>\n<tr style=\"height: 32px;\">\n<td style=\"width: 30.6947%; height: 32px;\">6\u00e8 A<\/td>\n<td style=\"width: 60.18147676016466%; height: 32px;\">Pilar Ruiz<\/td>\n<\/tr>\n<tr style=\"height: 32px;\">\n<td style=\"width: 30.6947%; height: 32px;\">6\u00e8 B<\/td>\n<td style=\"width: 60.18147676016466%; height: 32px;\">Maria Mart\u00ed<\/td>\n<\/tr>\n<\/tbody>\n<\/table>\n<h5>Cuina<\/h5>\n<p>Cuinera: Betty Lamb,<\/p>\n<p>Ajudants: Belgica Haro i Daisy M.<\/p>\n","protected":false},"excerpt":{"rendered":"<p>Servei de menjador El temps de menjador \u00e9s una part important del dia que cal atendre amb molta cura. \u00c9s b\u00e0sic que els nens i nenes disposin de temps i tranquil\u00b7litat per menjar i descansar abans de continuar amb la jornada. Els infants d&#8217;Infantil 3 i Infantil 4 descansen despr\u00e9s de dinar, en llits, a [&hellip;]<\/p>\n","protected":false},"author":1,"featured_media":0,"parent":66,"menu_order":30,"comment_status":"closed","ping_status":"closed","template":"","meta":{"_bbp_topic_count":0,"_bbp_reply_count":0,"_bbp_total_topic_count":0,"_bbp_total_reply_count":0,"_bbp_voice_count":0,"_bbp_anonymous_reply_count":0,"_bbp_topic_count_hidden":0,"_bbp_reply_count_hidden":0,"_bbp_forum_subforum_count":0,"site-sidebar-layout":"default","site-content-layout":"","ast-site-content-layout":"default","site-content-style":"default","site-sidebar-style":"default","ast-global-header-display":"","ast-banner-title-visibility":"","ast-main-header-display":"","ast-hfb-above-header-display":"","ast-hfb-below-header-display":"","ast-hfb-mobile-header-display":"","site-post-title":"","ast-breadcrumbs-content":"","ast-featured-img":"","footer-sml-layout":"","theme-transparent-header-meta":"default","adv-header-id-meta":"","stick-header-meta":"","header-above-stick-meta":"","header-main-stick-meta":"","header-below-stick-meta":"","astra-migrate-meta-layouts":"set","ast-page-background-enabled":"default","ast-page-background-meta":{"desktop":{"background-color":"var(--ast-global-color-4)","background-image":"","background-repeat":"repeat","background-position":"center center","background-size":"auto","background-attachment":"scroll","background-type":"","background-media":"","overlay-type":"","overlay-color":"","overlay-opacity":"","overlay-gradient":""},"tablet":{"background-color":"","background-image":"","background-repeat":"repeat","background-position":"center center","background-size":"auto","background-attachment":"scroll","background-type":"","background-media":"","overlay-type":"","overlay-color":"","overlay-opacity":"","overlay-gradient":""},"mobile":{"background-color":"","background-image":"","background-repeat":"repeat","background-position":"center center","background-size":"auto","background-attachment":"scroll","background-type":"","background-media":"","overlay-type":"","overlay-color":"","overlay-opacity":"","overlay-gradient":""}},"ast-content-background-meta":{"desktop":{"background-color":"var(--ast-global-color-5)","background-image":"","background-repeat":"repeat","background-position":"center center","background-size":"auto","background-attachment":"scroll","background-type":"","background-media":"","overlay-type":"","overlay-color":"","overlay-opacity":"","overlay-gradient":""},"tablet":{"background-color":"var(--ast-global-color-5)","background-image":"","background-repeat":"repeat","background-position":"center center","background-size":"auto","background-attachment":"scroll","background-type":"","background-media":"","overlay-type":"","overlay-color":"","overlay-opacity":"","overlay-gradient":""},"mobile":{"background-color":"var(--ast-global-color-5)","background-image":"","background-repeat":"repeat","background-position":"center center","background-size":"auto","background-attachment":"scroll","background-type":"","background-media":"","overlay-type":"","overlay-color":"","overlay-opacity":"","overlay-gradient":""}},"footnotes":""},"class_list":["post-73","page","type-page","status-publish","hentry"],"post_mailing_queue_ids":[],"_links":{"self":[{"href":"https:\/\/agora.xtec.cat\/ceipescolamarina\/wp-json\/wp\/v2\/pages\/73","targetHints":{"allow":["GET"]}}],"collection":[{"href":"https:\/\/agora.xtec.cat\/ceipescolamarina\/wp-json\/wp\/v2\/pages"}],"about":[{"href":"https:\/\/agora.xtec.cat\/ceipescolamarina\/wp-json\/wp\/v2\/types\/page"}],"author":[{"embeddable":true,"href":"https:\/\/agora.xtec.cat\/ceipescolamarina\/wp-json\/wp\/v2\/users\/1"}],"replies":[{"embeddable":true,"href":"https:\/\/agora.xtec.cat\/ceipescolamarina\/wp-json\/wp\/v2\/comments?post=73"}],"version-history":[{"count":7,"href":"https:\/\/agora.xtec.cat\/ceipescolamarina\/wp-json\/wp\/v2\/pages\/73\/revisions"}],"predecessor-version":[{"id":7555,"href":"https:\/\/agora.xtec.cat\/ceipescolamarina\/wp-json\/wp\/v2\/pages\/73\/revisions\/7555"}],"up":[{"embeddable":true,"href":"https:\/\/agora.xtec.cat\/ceipescolamarina\/wp-json\/wp\/v2\/pages\/66"}],"wp:attachment":[{"href":"https:\/\/agora.xtec.cat\/ceipescolamarina\/wp-json\/wp\/v2\/media?parent=73"}],"curies":[{"name":"wp","href":"https:\/\/api.w.org\/{rel}","templated":true}]}}