{"id":5814,"date":"2023-10-05T12:17:33","date_gmt":"2023-10-05T10:17:33","guid":{"rendered":"https:\/\/agora.xtec.cat\/ceipescolamarina\/?page_id=5814"},"modified":"2023-10-05T12:17:33","modified_gmt":"2023-10-05T10:17:33","slug":"comissions-mixtes","status":"publish","type":"page","link":"https:\/\/agora.xtec.cat\/ceipescolamarina\/families\/comissions-mixtes\/","title":{"rendered":"Comissions mixtes"},"content":{"rendered":"<p>Les\u00a0<span class=\"il\">comissions<\/span> <b><span class=\"il\">mixtes <\/span><\/b>s\u00f3n les que estan formades per fam\u00edlies i mestres que, volunt\u00e0riament, en volen formar part. Cada\u00a0<span class=\"il\">comissi\u00f3<\/span> estableix el seu horari de reuni\u00f3, la seva periodicitat de trobada i els temes a tractar.<\/p>\n<div>\n<div><span style=\"color: #000000;\">Actualment hi ha les seg\u00fcents\u00a0<span class=\"il\">comissions<\/span>\u00a0<span class=\"il\">mixtes<\/span>:<\/span><\/div>\n<\/div>\n<blockquote>\n<div>\n<div><span style=\"color: #000000;\">1. La\u00a0<b><span class=\"il\">Comissi\u00f3<\/span>\u00a0d&#8217;activitats extraescolars<\/b>.\u00a0El seu objectiu \u00e9s vetllar per la qualitat de les activitats extraescolars de l&#8217;escola, proposa les activitats a portar a terme, n&#8217;estudia les seves programacions, supervisa i avalua el seu funcionament i dona orientacions sobre millores. Es reuneixen com a m\u00ednim un o dos cops al trimestre.<\/span><\/div>\n<\/div>\n<div>\n<div><span style=\"color: #000000;\">2. La\u00a0<b><span class=\"il\">Comissi\u00f3<\/span>\u00a0de Solidaritat<\/b>.\u00a0Aquesta\u00a0<span class=\"il\">comissi\u00f3<\/span>\u00a0neix amb l&#8217;objectiu de fomentar la solidaritat de la nostra comunitat educativa vers altres realitats menys afavorides. Organitza campanyes d&#8217;ajuda i de difusi\u00f3 dels valors solidaris. L&#8217;any passat va dur a terme una actuaci\u00f3 durant el tercer trimestre.<\/span><\/div>\n<\/div>\n<\/blockquote>\n","protected":false},"excerpt":{"rendered":"<p>Les\u00a0comissions mixtes s\u00f3n les que estan formades per fam\u00edlies i mestres que, volunt\u00e0riament, en volen formar part. Cada\u00a0comissi\u00f3 estableix el seu horari de reuni\u00f3, la seva periodicitat de trobada i els temes a tractar. Actualment hi ha les seg\u00fcents\u00a0comissions\u00a0mixtes: 1. La\u00a0Comissi\u00f3\u00a0d&#8217;activitats extraescolars.\u00a0El seu objectiu \u00e9s vetllar per la qualitat de les activitats extraescolars de l&#8217;escola, [&hellip;]<\/p>\n","protected":false},"author":1,"featured_media":0,"parent":517,"menu_order":90,"comment_status":"closed","ping_status":"closed","template":"","meta":{"_bbp_topic_count":0,"_bbp_reply_count":0,"_bbp_total_topic_count":0,"_bbp_total_reply_count":0,"_bbp_voice_count":0,"_bbp_anonymous_reply_count":0,"_bbp_topic_count_hidden":0,"_bbp_reply_count_hidden":0,"_bbp_forum_subforum_count":0,"site-sidebar-layout":"default","site-content-layout":"","ast-site-content-layout":"","site-content-style":"default","site-sidebar-style":"default","ast-global-header-display":"","ast-banner-title-visibility":"","ast-main-header-display":"","ast-hfb-above-header-display":"","ast-hfb-below-header-display":"","ast-hfb-mobile-header-display":"","site-post-title":"","ast-breadcrumbs-content":"","ast-featured-img":"","footer-sml-layout":"","theme-transparent-header-meta":"","adv-header-id-meta":"","stick-header-meta":"","header-above-stick-meta":"","header-main-stick-meta":"","header-below-stick-meta":"","astra-migrate-meta-layouts":"default","ast-page-background-enabled":"default","ast-page-background-meta":{"desktop":{"background-color":"var(--ast-global-color-4)","background-image":"","background-repeat":"repeat","background-position":"center center","background-size":"auto","background-attachment":"scroll","background-type":"","background-media":"","overlay-type":"","overlay-color":"","overlay-opacity":"","overlay-gradient":""},"tablet":{"background-color":"","background-image":"","background-repeat":"repeat","background-position":"center center","background-size":"auto","background-attachment":"scroll","background-type":"","background-media":"","overlay-type":"","overlay-color":"","overlay-opacity":"","overlay-gradient":""},"mobile":{"background-color":"","background-image":"","background-repeat":"repeat","background-position":"center center","background-size":"auto","background-attachment":"scroll","background-type":"","background-media":"","overlay-type":"","overlay-color":"","overlay-opacity":"","overlay-gradient":""}},"ast-content-background-meta":{"desktop":{"background-color":"var(--ast-global-color-5)","background-image":"","background-repeat":"repeat","background-position":"center center","background-size":"auto","background-attachment":"scroll","background-type":"","background-media":"","overlay-type":"","overlay-color":"","overlay-opacity":"","overlay-gradient":""},"tablet":{"background-color":"var(--ast-global-color-5)","background-image":"","background-repeat":"repeat","background-position":"center center","background-size":"auto","background-attachment":"scroll","background-type":"","background-media":"","overlay-type":"","overlay-color":"","overlay-opacity":"","overlay-gradient":""},"mobile":{"background-color":"var(--ast-global-color-5)","background-image":"","background-repeat":"repeat","background-position":"center center","background-size":"auto","background-attachment":"scroll","background-type":"","background-media":"","overlay-type":"","overlay-color":"","overlay-opacity":"","overlay-gradient":""}},"footnotes":""},"class_list":["post-5814","page","type-page","status-publish","hentry"],"post_mailing_queue_ids":[],"_links":{"self":[{"href":"https:\/\/agora.xtec.cat\/ceipescolamarina\/wp-json\/wp\/v2\/pages\/5814","targetHints":{"allow":["GET"]}}],"collection":[{"href":"https:\/\/agora.xtec.cat\/ceipescolamarina\/wp-json\/wp\/v2\/pages"}],"about":[{"href":"https:\/\/agora.xtec.cat\/ceipescolamarina\/wp-json\/wp\/v2\/types\/page"}],"author":[{"embeddable":true,"href":"https:\/\/agora.xtec.cat\/ceipescolamarina\/wp-json\/wp\/v2\/users\/1"}],"replies":[{"embeddable":true,"href":"https:\/\/agora.xtec.cat\/ceipescolamarina\/wp-json\/wp\/v2\/comments?post=5814"}],"version-history":[{"count":1,"href":"https:\/\/agora.xtec.cat\/ceipescolamarina\/wp-json\/wp\/v2\/pages\/5814\/revisions"}],"predecessor-version":[{"id":5815,"href":"https:\/\/agora.xtec.cat\/ceipescolamarina\/wp-json\/wp\/v2\/pages\/5814\/revisions\/5815"}],"up":[{"embeddable":true,"href":"https:\/\/agora.xtec.cat\/ceipescolamarina\/wp-json\/wp\/v2\/pages\/517"}],"wp:attachment":[{"href":"https:\/\/agora.xtec.cat\/ceipescolamarina\/wp-json\/wp\/v2\/media?parent=5814"}],"curies":[{"name":"wp","href":"https:\/\/api.w.org\/{rel}","templated":true}]}}