{"id":540,"date":"2016-07-21T23:47:51","date_gmt":"2016-07-21T21:47:51","guid":{"rendered":"http:\/\/agora.xtec.cat\/ceipescolamarina\/?page_id=540"},"modified":"2026-02-24T12:15:30","modified_gmt":"2026-02-24T11:15:30","slug":"equip","status":"publish","type":"page","link":"https:\/\/agora.xtec.cat\/ceipescolamarina\/lescola\/equip\/","title":{"rendered":"Equip"},"content":{"rendered":"<h4>Curs 2025-26<\/h4>\n<h5>Equip directiu. <a href=\"https:\/\/drive.google.com\/drive\/folders\/1AJMnixMcz4TOYfnSOnHTqNYfxkfGgl4J?usp=sharing\" target=\"_blank\" rel=\"noopener\">Perfil i traject\u00f2ria professional<\/a><\/h5>\n<ul style=\"list-style-type: square;\">\n<li>Direcci\u00f3: Rosa P\u00e9rez Aguilar<\/li>\n<li>Cap d&#8217;estudis: Estefania Torres Gaspar<\/li>\n<li>Secretaria: Cristina Soro Corbella<\/li>\n<\/ul>\n<h5>Coordinacions<\/h5>\n<ul style=\"list-style-type: square;\">\n<li>Educaci\u00f3 infantil: X\u00e8nia Pujol<\/li>\n<li>Primer cicle de prim\u00e0ria: Yolanda Gonzalez<\/li>\n<li>Segon cicle de prim\u00e0ria: AndreaTorrente<\/li>\n<li>TAC: Estefania Torres<\/li>\n<li>Llengua i interculturalitat: Joan Parra<\/li>\n<li>Prevenci\u00f3 de riscos laborals: Marta Anoll<\/li>\n<li>Biblioteca: Arantza Fernandez de Viana<\/li>\n<\/ul>\n<h5>Quadre pedag\u00f2gic<\/h5>\n<table style=\"width: 54.206%; height: 170px;\">\n<tbody>\n<tr style=\"height: 31px;\">\n<td style=\"height: 31px; width: 210.276%;\" colspan=\"3\"><strong>Educaci\u00f3 Infantil<\/strong><\/td>\n<\/tr>\n<tr style=\"height: 29px;\">\n<td style=\"width: 8.26346%; height: 57px; text-align: left;\" rowspan=\"2\"><strong>I3\u00a0<\/strong><\/td>\n<td style=\"width: 6.53245%; height: 29px;\">A<\/td>\n<td style=\"width: 195.48%; height: 29px;\">X\u00e8nia Pujol\u00a0 \u00a0 \u00a0xeniapujol<span class=\"\">@escolamarina.cat<\/span><\/td>\n<\/tr>\n<tr style=\"height: 31px;\">\n<td style=\"width: 6.53245%; height: 28px;\">B<\/td>\n<td style=\"width: 195.48%; height: 28px;\">Sara Mel\u00f3n\u00a0 \u00a0 \u00a0saramelon@escolamarina.cat<\/td>\n<\/tr>\n<tr style=\"height: 31px;\">\n<td style=\"width: 8.26346%; height: 41px; text-align: left;\" rowspan=\"2\"><strong>I4<\/strong><\/td>\n<td style=\"width: 6.53245%; height: 10px;\">A<\/td>\n<td style=\"width: 195.48%; height: 10px;\">Joana D\u00edaz\u00a0 \u00a0 \u00a0joanadiaz@escolamarina.cat<\/td>\n<\/tr>\n<tr style=\"height: 31px;\">\n<td style=\"width: 6.53245%; height: 31px;\">B<\/td>\n<td style=\"width: 195.48%; height: 31px;\">Loly Gonz\u00e1lez\u00a0 \u00a0 \u00a0lolygonzalez@escolamarina.cat<\/td>\n<\/tr>\n<tr style=\"height: 22px;\">\n<td style=\"width: 8.26346%; height: 41px; text-align: left;\" rowspan=\"2\"><strong>I5\u00a0<\/strong><\/td>\n<td style=\"width: 6.53245%; height: 10px;\">A<\/td>\n<td style=\"width: 195.48%; height: 10px;\">( Marta Anoll\u00a0 \u00a0 \u00a0martaanoll@escolamarina.cat )<\/p>\n<p>Marta Masdeu\u00a0 \u00a0martamasdeu@escolamarina.cat<\/td>\n<\/tr>\n<tr style=\"height: 31px;\">\n<td style=\"width: 6.53245%; height: 31px;\">B<\/td>\n<td style=\"width: 195.48%; height: 31px;\">Estefania Tesoro\u00a0 \u00a0 \u00a0estefaniatesoro@escolamarina.cat<\/td>\n<\/tr>\n<\/tbody>\n<\/table>\n<p><strong>TEEI<\/strong>: (Alba Duerto)\u00a0 N\u00faria Navarro<\/p>\n<p>&nbsp;<\/p>\n<table style=\"height: 350px; width: 66.2306%;\" width=\"80.63424457287539%\">\n<tbody>\n<tr style=\"height: 31px;\">\n<td style=\"height: 31px; width: 209.297%;\" colspan=\"3\"><strong>Educaci\u00f3 Prim\u00e0ria<\/strong><\/td>\n<\/tr>\n<tr style=\"height: 31px;\">\n<td style=\"width: 8.15307%; height: 52px;\" rowspan=\"2\"><strong>1r<\/strong><\/td>\n<td style=\"width: 6.44549%; height: 21px;\">A<\/td>\n<td style=\"width: 194.698%; height: 21px;\">N\u00faria Grande\u00a0 \u00a0 \u00a0nuriagrande@escolamarina.cat<\/td>\n<\/tr>\n<tr style=\"height: 31px;\">\n<td style=\"width: 6.44549%; height: 31px;\">B<\/td>\n<td style=\"width: 194.698%; height: 31px;\">Ana Mart\u00edn\u00a0 \u00a0 \u00a0 \u00a0 anamartin@escolamarina.cat<\/td>\n<\/tr>\n<tr style=\"height: 31px;\">\n<td style=\"width: 8.15307%; height: 45px;\" rowspan=\"2\"><strong>2n\u00a0<\/strong><\/td>\n<td style=\"width: 6.44549%; height: 31px;\">A<\/td>\n<td style=\"width: 194.698%; height: 31px;\">Yolanda Gonz\u00e1lez\u00a0 \u00a0 \u00a0yolandagonzalez@escolamarina.cat<\/td>\n<\/tr>\n<tr style=\"height: 31px;\">\n<td style=\"width: 6.44549%; height: 14px;\">B<\/td>\n<td style=\"width: 194.698%; height: 14px;\">Arnau Romans\u00a0 \u00a0 \u00a0 \u00a0arnauromans@escolamarina.cat<\/td>\n<\/tr>\n<tr style=\"height: 31px;\">\n<td style=\"width: 8.15307%; height: 41px;\" rowspan=\"2\"><strong>3r<\/strong><\/td>\n<td style=\"width: 6.44549%; height: 31px;\">A<\/td>\n<td style=\"width: 194.698%; height: 31px;\">Joan Parra\u00a0 \u00a0 \u00a0 \u00a0joanparra@escolamarina.cat<\/td>\n<\/tr>\n<tr style=\"height: 31px;\">\n<td style=\"width: 6.44549%; height: 10px;\">B<\/td>\n<td style=\"width: 194.698%; height: 10px;\">Diana Bartra\u00a0 \u00a0 dianabartra@escolamarina.cat<\/td>\n<\/tr>\n<tr style=\"height: 31px;\">\n<td style=\"width: 8.15307%; height: 47px;\" rowspan=\"2\"><strong>4t<\/strong><br \/>\n<strong><br \/>\n<\/strong><\/td>\n<td style=\"width: 6.44549%; height: 31px;\">A<\/td>\n<td style=\"width: 194.698%; height: 31px;\">Javier Sim\u00f3\u00a0 \u00a0 \u00a0javiersimo@escolamarina.cat<\/td>\n<\/tr>\n<tr style=\"height: 31px;\">\n<td style=\"width: 6.44549%; height: 16px;\">B<\/td>\n<td style=\"width: 194.698%; height: 16px;\">( \u00c0lex Rosa\u00a0 \u00a0 \u00a0 \u00a0alexrosa<span class=\"\">@escolamarina.cat )<\/span><\/p>\n<p>\u00c0gata Chichiercha\u00a0 \u00a0 \u00a0agatachichiercha@escolamarina.cat<\/td>\n<\/tr>\n<tr style=\"height: 31px;\">\n<td style=\"width: 8.15307%; height: 39px;\" rowspan=\"2\"><strong>5\u00e8\u00a0<\/strong><br \/>\n<strong><br \/>\n<\/strong><\/td>\n<td style=\"width: 6.44549%; height: 23px;\">A<\/td>\n<td style=\"width: 194.698%; height: 23px;\">Andrea Torrente\u00a0 \u00a0andreatorrente@escolamarina.cat<\/td>\n<\/tr>\n<tr style=\"height: 31px;\">\n<td style=\"width: 6.44549%; height: 16px;\">B<\/td>\n<td style=\"width: 194.698%; height: 16px;\">( Raquel Santib\u00e1\u00f1ez\u00a0 \u00a0raquelsantibanyez@escolamarina.cat )<\/p>\n<p>Al\u00edcia Torns\u00a0 \u00a0aliciatorns@escolamarina.cat<\/td>\n<\/tr>\n<tr style=\"height: 31px;\">\n<td style=\"width: 8.15307%; height: 95px;\" rowspan=\"2\"><strong>6\u00e8\u00a0<\/strong><br \/>\n<strong><br \/>\n<\/strong><\/td>\n<td style=\"width: 6.44549%; height: 31px;\">A<\/td>\n<td style=\"width: 194.698%; height: 31px;\">Marc Sis\u00f3 ( subs. Jessica N\u00fa\u00f1ez)\u00a0 \u00a0marcsiso@escolamarina.cat<\/td>\n<\/tr>\n<tr style=\"height: 31px;\">\n<td style=\"width: 6.44549%; height: 31px;\">B<\/td>\n<td style=\"width: 194.698%; height: 31px;\">Marta Bosch i Guillem Parera\u00a0 martabosch@escolamarina.cat\u00a0 \u00a0guillemparera@escolamarina.cat<\/td>\n<\/tr>\n<\/tbody>\n<\/table>\n<table style=\"width: 57.46025385382315%;\">\n<tbody>\n<tr style=\"height: 33px;\">\n<td style=\"width: 250.00704225352112px; height: 159px;\" rowspan=\"5\"><strong><br \/>\n<\/strong><strong><br \/>\n<\/strong><strong>Refor\u00e7 Educaci\u00f3 Infantil i Prim\u00e0ria<\/strong><\/td>\n<td style=\"width: 276.1480829360726px; height: 33px;\">Cristina Soro<\/td>\n<\/tr>\n<tr style=\"height: 33px;\">\n<td style=\"width: 276.1480829360726px; height: 33px;\">Arantza Fern\u00e1ndez de Viana<\/td>\n<\/tr>\n<tr style=\"height: 31px;\">\n<td style=\"width: 276.1480829360726px; height: 31px;\">Rosa P\u00e9rez<\/td>\n<\/tr>\n<tr style=\"height: 31px;\">\n<td style=\"width: 276.1480829360726px; height: 31px;\">Estefania Torres<\/td>\n<\/tr>\n<tr style=\"height: 31px;\">\n<td style=\"width: 276.1480829360726px; height: 31px;\">Maria Grajera<\/td>\n<\/tr>\n<tr style=\"height: 33px;\">\n<td style=\"width: 250.00704225352112px; height: 66px;\" rowspan=\"2\"><strong>Especialitat Angl\u00e8s<\/strong><strong><br \/>\n<\/strong><\/td>\n<td style=\"width: 276.1480829360726px; height: 33px;\">Zoe Araus<\/td>\n<\/tr>\n<tr style=\"height: 33px;\">\n<td style=\"width: 276.1480829360726px; height: 33px;\">Alba Luri<\/td>\n<\/tr>\n<tr style=\"height: 52px;\">\n<td style=\"width: 250.00704225352112px; height: 52px;\"><strong>Especialitat Educaci\u00f3 F\u00edsica<\/strong><\/td>\n<td style=\"width: 276.1480829360726px; height: 52px;\">(Ra\u00fcl Borr\u00e0s)\u00a0 Ferran Sarri\u00f3<\/td>\n<\/tr>\n<tr style=\"height: 31px;\">\n<td style=\"width: 250.00704225352112px; height: 42px;\" rowspan=\"2\"><strong>Educaci\u00f3 especial<\/strong><\/td>\n<td style=\"width: 276.1480829360726px; height: 32px;\">(Andrea Prados) Carla Valiente<\/td>\n<\/tr>\n<tr style=\"height: 31px;\">\n<td style=\"width: 276.1480829360726px; height: 10px;\">Laura Morte<\/td>\n<\/tr>\n<tr style=\"height: 31px;\">\n<td style=\"width: 250.00704225352112px; height: 31px;\"><strong>M\u00fasica<\/strong><\/td>\n<td style=\"width: 276.1480829360726px; height: 31px;\">Txus Maestro<\/td>\n<\/tr>\n<tr style=\"height: 31px;\">\n<td style=\"width: 250.00704225352112px; height: 40px;\"><strong>Atenci\u00f3 EAP<\/strong><\/td>\n<td style=\"width: 276.1480829360726px; height: 40px;\">Erica Calatayud<\/td>\n<\/tr>\n<tr style=\"height: 32px;\">\n<td style=\"width: 250.00704225352112px; height: 32px;\"><strong>CREDA<\/strong><\/td>\n<td style=\"width: 276.1480829360726px; height: 32px;\">Toni Sanchez<\/td>\n<\/tr>\n<tr style=\"height: 32px;\">\n<td style=\"width: 250.00704225352112px; height: 32px;\"><strong>Vetlladora<\/strong><\/td>\n<td style=\"width: 276.1480829360726px; height: 32px;\"><\/td>\n<\/tr>\n<\/tbody>\n<\/table>\n<h5>Personal d&#8217;administraci\u00f3 i serveis<\/h5>\n<ul style=\"list-style-type: square;\">\n<li>Administrativa: Raquel Gimeno<\/li>\n<li>Conserge: Tere Guti\u00e9rrez<\/li>\n<li>Neteja: Lourdes Ferrer, Lourdes Ortega, Cristina Vicente i S\u00edlvia Bonet.<\/li>\n<\/ul>\n","protected":false},"excerpt":{"rendered":"<p>Curs 2025-26 Equip directiu. Perfil i traject\u00f2ria professional Direcci\u00f3: Rosa P\u00e9rez Aguilar Cap d&#8217;estudis: Estefania Torres Gaspar Secretaria: Cristina Soro Corbella Coordinacions Educaci\u00f3 infantil: X\u00e8nia Pujol Primer cicle de prim\u00e0ria: Yolanda Gonzalez Segon cicle de prim\u00e0ria: AndreaTorrente TAC: Estefania Torres Llengua i interculturalitat: Joan Parra Prevenci\u00f3 de riscos laborals: Marta Anoll Biblioteca: Arantza Fernandez de [&hellip;]<\/p>\n","protected":false},"author":1,"featured_media":0,"parent":22,"menu_order":40,"comment_status":"closed","ping_status":"closed","template":"","meta":{"_bbp_topic_count":0,"_bbp_reply_count":0,"_bbp_total_topic_count":0,"_bbp_total_reply_count":0,"_bbp_voice_count":0,"_bbp_anonymous_reply_count":0,"_bbp_topic_count_hidden":0,"_bbp_reply_count_hidden":0,"_bbp_forum_subforum_count":0,"site-sidebar-layout":"default","site-content-layout":"","ast-site-content-layout":"default","site-content-style":"default","site-sidebar-style":"default","ast-global-header-display":"","ast-banner-title-visibility":"","ast-main-header-display":"","ast-hfb-above-header-display":"","ast-hfb-below-header-display":"","ast-hfb-mobile-header-display":"","site-post-title":"","ast-breadcrumbs-content":"","ast-featured-img":"","footer-sml-layout":"","theme-transparent-header-meta":"default","adv-header-id-meta":"","stick-header-meta":"","header-above-stick-meta":"","header-main-stick-meta":"","header-below-stick-meta":"","astra-migrate-meta-layouts":"set","ast-page-background-enabled":"default","ast-page-background-meta":{"desktop":{"background-color":"var(--ast-global-color-4)","background-image":"","background-repeat":"repeat","background-position":"center center","background-size":"auto","background-attachment":"scroll","background-type":"","background-media":"","overlay-type":"","overlay-color":"","overlay-opacity":"","overlay-gradient":""},"tablet":{"background-color":"","background-image":"","background-repeat":"repeat","background-position":"center center","background-size":"auto","background-attachment":"scroll","background-type":"","background-media":"","overlay-type":"","overlay-color":"","overlay-opacity":"","overlay-gradient":""},"mobile":{"background-color":"","background-image":"","background-repeat":"repeat","background-position":"center center","background-size":"auto","background-attachment":"scroll","background-type":"","background-media":"","overlay-type":"","overlay-color":"","overlay-opacity":"","overlay-gradient":""}},"ast-content-background-meta":{"desktop":{"background-color":"var(--ast-global-color-5)","background-image":"","background-repeat":"repeat","background-position":"center center","background-size":"auto","background-attachment":"scroll","background-type":"","background-media":"","overlay-type":"","overlay-color":"","overlay-opacity":"","overlay-gradient":""},"tablet":{"background-color":"var(--ast-global-color-5)","background-image":"","background-repeat":"repeat","background-position":"center center","background-size":"auto","background-attachment":"scroll","background-type":"","background-media":"","overlay-type":"","overlay-color":"","overlay-opacity":"","overlay-gradient":""},"mobile":{"background-color":"var(--ast-global-color-5)","background-image":"","background-repeat":"repeat","background-position":"center center","background-size":"auto","background-attachment":"scroll","background-type":"","background-media":"","overlay-type":"","overlay-color":"","overlay-opacity":"","overlay-gradient":""}},"footnotes":""},"class_list":["post-540","page","type-page","status-publish","hentry"],"post_mailing_queue_ids":[],"_links":{"self":[{"href":"https:\/\/agora.xtec.cat\/ceipescolamarina\/wp-json\/wp\/v2\/pages\/540","targetHints":{"allow":["GET"]}}],"collection":[{"href":"https:\/\/agora.xtec.cat\/ceipescolamarina\/wp-json\/wp\/v2\/pages"}],"about":[{"href":"https:\/\/agora.xtec.cat\/ceipescolamarina\/wp-json\/wp\/v2\/types\/page"}],"author":[{"embeddable":true,"href":"https:\/\/agora.xtec.cat\/ceipescolamarina\/wp-json\/wp\/v2\/users\/1"}],"replies":[{"embeddable":true,"href":"https:\/\/agora.xtec.cat\/ceipescolamarina\/wp-json\/wp\/v2\/comments?post=540"}],"version-history":[{"count":9,"href":"https:\/\/agora.xtec.cat\/ceipescolamarina\/wp-json\/wp\/v2\/pages\/540\/revisions"}],"predecessor-version":[{"id":7586,"href":"https:\/\/agora.xtec.cat\/ceipescolamarina\/wp-json\/wp\/v2\/pages\/540\/revisions\/7586"}],"up":[{"embeddable":true,"href":"https:\/\/agora.xtec.cat\/ceipescolamarina\/wp-json\/wp\/v2\/pages\/22"}],"wp:attachment":[{"href":"https:\/\/agora.xtec.cat\/ceipescolamarina\/wp-json\/wp\/v2\/media?parent=540"}],"curies":[{"name":"wp","href":"https:\/\/api.w.org\/{rel}","templated":true}]}}