{"id":536,"date":"2016-07-22T00:21:04","date_gmt":"2016-07-21T22:21:04","guid":{"rendered":"http:\/\/agora.xtec.cat\/ceipescolamarina\/?page_id=536"},"modified":"2025-10-14T10:34:31","modified_gmt":"2025-10-14T08:34:31","slug":"afa","status":"publish","type":"page","link":"https:\/\/agora.xtec.cat\/ceipescolamarina\/families\/afa\/","title":{"rendered":"AFA"},"content":{"rendered":"<p>L\u2019AFA \u00e9s el conjunt de fam\u00edlies que s\u2019associen per complementar la tasca pedag\u00f2gica del centre i els serveis que ofereix l\u2019escola, tenint en compte les necessitats de les fam\u00edlies. El funcionament \u00e9s assembleari i compta amb una Junta formada per pares i mares voluntaris.<\/p>\n<p>Algunes de les seves funcions s\u00f3n:<\/p>\n<ul>\n<li>Organitzar activitats extraescolars, fora de l&#8217;horari lectiu, aprovades en Consell Escolar.<\/li>\n<li>Sol\u00b7licitar anualment una subvenci\u00f3 municipal per invertir a l&#8217;escola.<\/li>\n<li>Organitzar festes, trobades i xerrades.<\/li>\n<li>Representar a les fam\u00edlies a les reunions.<\/li>\n<li>Gestionar la foto de tots els grups i editar una revista anual.<\/li>\n<li>Difondre informaci\u00f3 educativa de l&#8217;escola i del municipi<\/li>\n<\/ul>\n<p>Si voleu contactar o formar-ne part, podeu fer-ho a trav\u00e9s del:<\/p>\n<ul>\n<li>Correu electr\u00f2nic: <b style=\"color: #6f6f6f;\"><a href=\"mailto:afa@escolamarina.cat\" target=\"_blank\" rel=\"noopener\">afa<span class=\"\">@escolamarina.cat<\/span><\/a><\/b><\/li>\n<li>Tel\u00e8fon:\u00a0<b style=\"font-family: inherit; font-size: 1em; color: #6f6f6f;\">623982123<\/b><\/li>\n<li>Instagram:\u00a0<b style=\"font-family: inherit; font-size: 1em; color: #6f6f6f;\">@afaescolamarina<\/b><\/li>\n<\/ul>\n<p>&nbsp;<\/p>\n<div>\n<div dir=\"auto\">\n<div dir=\"auto\"><a href=\"https:\/\/agora.xtec.cat\/ceipescolamarina\/wp-content\/uploads\/usu1421\/2025\/10\/LOGO-AFA-ESCOLA-MARINA-1.png\"><img loading=\"lazy\" decoding=\"async\" class=\"wp-image-7193 alignnone\" src=\"https:\/\/agora.xtec.cat\/ceipescolamarina\/wp-content\/uploads\/usu1421\/2025\/10\/LOGO-AFA-ESCOLA-MARINA-1.png\" alt=\"\" width=\"194\" height=\"214\" srcset=\"https:\/\/agora.xtec.cat\/ceipescolamarina\/wp-content\/uploads\/usu1421\/2025\/10\/LOGO-AFA-ESCOLA-MARINA-1.png 910w, https:\/\/agora.xtec.cat\/ceipescolamarina\/wp-content\/uploads\/usu1421\/2025\/10\/LOGO-AFA-ESCOLA-MARINA-1-272x300.png 272w, https:\/\/agora.xtec.cat\/ceipescolamarina\/wp-content\/uploads\/usu1421\/2025\/10\/LOGO-AFA-ESCOLA-MARINA-1-768x847.png 768w\" sizes=\"auto, (max-width: 194px) 100vw, 194px\" \/><\/a><\/div>\n<\/div>\n<\/div>\n","protected":false},"excerpt":{"rendered":"<p>L\u2019AFA \u00e9s el conjunt de fam\u00edlies que s\u2019associen per complementar la tasca pedag\u00f2gica del centre i els serveis que ofereix l\u2019escola, tenint en compte les necessitats de les fam\u00edlies. El funcionament \u00e9s assembleari i compta amb una Junta formada per pares i mares voluntaris. Algunes de les seves funcions s\u00f3n: Organitzar activitats extraescolars, fora de [&hellip;]<\/p>\n","protected":false},"author":1,"featured_media":0,"parent":517,"menu_order":90,"comment_status":"closed","ping_status":"closed","template":"page-templates\/side-menu.php","meta":{"_bbp_topic_count":0,"_bbp_reply_count":0,"_bbp_total_topic_count":0,"_bbp_total_reply_count":0,"_bbp_voice_count":0,"_bbp_anonymous_reply_count":0,"_bbp_topic_count_hidden":0,"_bbp_reply_count_hidden":0,"_bbp_forum_subforum_count":0,"site-sidebar-layout":"default","site-content-layout":"","ast-site-content-layout":"","site-content-style":"default","site-sidebar-style":"default","ast-global-header-display":"","ast-banner-title-visibility":"","ast-main-header-display":"","ast-hfb-above-header-display":"","ast-hfb-below-header-display":"","ast-hfb-mobile-header-display":"","site-post-title":"","ast-breadcrumbs-content":"","ast-featured-img":"","footer-sml-layout":"","theme-transparent-header-meta":"","adv-header-id-meta":"","stick-header-meta":"","header-above-stick-meta":"","header-main-stick-meta":"","header-below-stick-meta":"","astra-migrate-meta-layouts":"default","ast-page-background-enabled":"default","ast-page-background-meta":{"desktop":{"background-color":"var(--ast-global-color-4)","background-image":"","background-repeat":"repeat","background-position":"center center","background-size":"auto","background-attachment":"scroll","background-type":"","background-media":"","overlay-type":"","overlay-color":"","overlay-opacity":"","overlay-gradient":""},"tablet":{"background-color":"","background-image":"","background-repeat":"repeat","background-position":"center center","background-size":"auto","background-attachment":"scroll","background-type":"","background-media":"","overlay-type":"","overlay-color":"","overlay-opacity":"","overlay-gradient":""},"mobile":{"background-color":"","background-image":"","background-repeat":"repeat","background-position":"center center","background-size":"auto","background-attachment":"scroll","background-type":"","background-media":"","overlay-type":"","overlay-color":"","overlay-opacity":"","overlay-gradient":""}},"ast-content-background-meta":{"desktop":{"background-color":"var(--ast-global-color-5)","background-image":"","background-repeat":"repeat","background-position":"center center","background-size":"auto","background-attachment":"scroll","background-type":"","background-media":"","overlay-type":"","overlay-color":"","overlay-opacity":"","overlay-gradient":""},"tablet":{"background-color":"var(--ast-global-color-5)","background-image":"","background-repeat":"repeat","background-position":"center center","background-size":"auto","background-attachment":"scroll","background-type":"","background-media":"","overlay-type":"","overlay-color":"","overlay-opacity":"","overlay-gradient":""},"mobile":{"background-color":"var(--ast-global-color-5)","background-image":"","background-repeat":"repeat","background-position":"center center","background-size":"auto","background-attachment":"scroll","background-type":"","background-media":"","overlay-type":"","overlay-color":"","overlay-opacity":"","overlay-gradient":""}},"footnotes":""},"class_list":["post-536","page","type-page","status-publish","hentry"],"post_mailing_queue_ids":[],"_links":{"self":[{"href":"https:\/\/agora.xtec.cat\/ceipescolamarina\/wp-json\/wp\/v2\/pages\/536","targetHints":{"allow":["GET"]}}],"collection":[{"href":"https:\/\/agora.xtec.cat\/ceipescolamarina\/wp-json\/wp\/v2\/pages"}],"about":[{"href":"https:\/\/agora.xtec.cat\/ceipescolamarina\/wp-json\/wp\/v2\/types\/page"}],"author":[{"embeddable":true,"href":"https:\/\/agora.xtec.cat\/ceipescolamarina\/wp-json\/wp\/v2\/users\/1"}],"replies":[{"embeddable":true,"href":"https:\/\/agora.xtec.cat\/ceipescolamarina\/wp-json\/wp\/v2\/comments?post=536"}],"version-history":[{"count":6,"href":"https:\/\/agora.xtec.cat\/ceipescolamarina\/wp-json\/wp\/v2\/pages\/536\/revisions"}],"predecessor-version":[{"id":7195,"href":"https:\/\/agora.xtec.cat\/ceipescolamarina\/wp-json\/wp\/v2\/pages\/536\/revisions\/7195"}],"up":[{"embeddable":true,"href":"https:\/\/agora.xtec.cat\/ceipescolamarina\/wp-json\/wp\/v2\/pages\/517"}],"wp:attachment":[{"href":"https:\/\/agora.xtec.cat\/ceipescolamarina\/wp-json\/wp\/v2\/media?parent=536"}],"curies":[{"name":"wp","href":"https:\/\/api.w.org\/{rel}","templated":true}]}}