{"id":525,"date":"2016-07-22T00:24:45","date_gmt":"2016-07-21T22:24:45","guid":{"rendered":"http:\/\/agora.xtec.cat\/ceipescolamarina\/?page_id=525"},"modified":"2026-01-27T10:15:51","modified_gmt":"2026-01-27T09:15:51","slug":"informacions-generals","status":"publish","type":"page","link":"https:\/\/agora.xtec.cat\/ceipescolamarina\/families\/informacions-generals\/","title":{"rendered":"Normes de funcionament"},"content":{"rendered":"<table style=\"border-collapse: collapse; width: 100%;\">\n<tbody>\n<tr>\n<td style=\"width: 100%;\">\n<h4><strong><u>Normes d&#8217;organitzaci\u00f3 i funcionament<\/u><\/strong><\/h4>\n<p><a href=\"https:\/\/drive.google.com\/file\/d\/1la97LxKKUHl4Ss4YMVw7M62Y-LDQk1L1\/view\" target=\"_blank\" rel=\"noopener noreferrer\">Enlla\u00e7 al document complert<\/a><\/td>\n<\/tr>\n<\/tbody>\n<\/table>\n<p><strong>Relaci\u00f3 amb les fam\u00edlies<\/strong><\/p>\n<p>Volem que l\u2019entrada i la sortida de l\u2019escola es faci de manera tranquil\u00b7la i relaxada.<\/p>\n<p>La porta del carrer s\u2019obrir\u00e0 a les 9 menys cinc minuts per tal que pugueu esperar-vos a la rampa d\u2019entrada de l\u2019escola. Durant aquests cinc minuts, els nens i nenes estan sota la vostra responsabilitat i no els podeu deixar sols. A les 9h, quan soni la m\u00fasica, els nens i les nenes podran dirigir-se a les seves aules.<\/p>\n<p>A educaci\u00f3 infantil acompanyareu i recollireu els nens i nenes a la porta de l\u2019aula. S\u00f3n moments de contacte entre la fam\u00edlia i l\u2019escola que ens han de servir per petits enc\u00e0rrecs, novetats del dia o canvis d\u2019impressions sobre aspectes puntuals. Tamb\u00e9 \u00e9s un moment que podeu aprofitar per veure algun treball a la classe o con\u00e8ixer algun company o companya del grup d\u2019alumnes. <strong>No conv\u00e9 que us quedeu a la classe parlant amb altres fam\u00edlies<\/strong>, aix\u00f2 distorsiona l\u2019organitzaci\u00f3 de l\u2019aula.<\/p>\n<p>Si b\u00e9 volem que aquestes estones siguin tranquil\u00b7les, <strong>us preguem puntualitat a l\u2019hora d\u2019arribar<\/strong>. Passats 10 minuts, tant a l\u2019entrada com a la sortida, tancarem la porta per poder garantir un bon funcionament i la seguretat necess\u00e0ria en una escola.<\/p>\n<p>Els nens i nenes de prim\u00e0ria entraran i sortiran per la porta principal de l\u2019escola, <strong>sense que els acompanyin els mestres ni les fam\u00edlies<\/strong>; de forma ordenada, per\u00f2 no en files per classe. Haureu de vetllar perqu\u00e8 s\u00e0piguen el que han de fer quan surtin de l\u2019escola.<\/p>\n<p>Les tardes del divendres, les fam\u00edlies de prim\u00e0ria que vulgueu, podreu entrar a recollir els vostres fills i filles fins a l\u2019aula. D\u2019aquesta manera, volem facilitar la comunicaci\u00f3 i el contacte entre l\u2019escola i la fam\u00edlia. Us preguem puntualitat a l\u2019hora d\u2019arribar, si, passats 10 minuts de l\u2019hora d\u2019obertura no heu recollit l\u2019alumne, aquest sortir\u00e0 sol de l\u2019escola o passar\u00e0 al servei d\u2019acollida.<\/p>\n<p>En el cas que algun alumne d\u2019educaci\u00f3 infantil no sigui recollit a l\u2019hora de sortida, passar\u00e0 al servei d\u2019acollida de tarda, organitzat per l\u2019AMPA, i haur\u00e0 d\u2019abonar la quantitat corresponent. Si el fet es produeix al migdia, es deixar\u00e0 l\u2019alumne\/a a c\u00e0rrec del servei de menjador i haur\u00e0 d\u2019abonar el preu de men\u00fa espor\u00e0dic.<\/p>\n<p>Si un alumne de prim\u00e0ria no \u00e9s recollit a l\u2019hora de sortida <strong>caldr\u00e0 que tingui instruccions clares<\/strong> sobre si dirigir-se al servei d\u2019acollida o marxar amb alguna altra fam\u00edlia. Si el nen o nena no sap qu\u00e8 ha de fer, el passarem al servei d\u2019acollida i haur\u00e0 d\u2019abonar la quantitat corresponent.<\/p>\n<p>Si us cal <strong>recollir un alumne<\/strong> fora de l\u2019horari habitual de sortida us caldr\u00e0 <strong>avisar amb anterioritat per escrit i nom\u00e9s ho podreu fer a les hores que no s\u2019interrompi classe<\/strong> (<strong>11h \u2013 12\u201930h \u2013 15h). <\/strong>Durant l\u2019horari de menjador, podreu recollir-lo a qualsevol hora si heu avisat pr\u00e8viament per escrit.<\/p>\n<p>Si us cal <strong>arribar fora de l\u2019horari<\/strong> d\u2019entrada habitual perqu\u00e8 heu d\u2019assistir a una visita m\u00e8dica o similar, podreu fer-ho a qualsevol hora, dins l\u2019horari lectiu i ser\u00e0 imprescindible presentar el <strong>justificant escrit est\u00e8s per l\u2019organisme corresponent<\/strong>. No es podr\u00e0 arribar fora d\u2019horari durant el temps de menjador.<\/p>\n<p>Com que no totes les fam\u00edlies podeu acompanyar els vostres fills a l\u2019entrada o sortida de l\u2019escola, a educaci\u00f3 infantil tindrem una llibreta que ens servir\u00e0 per anotar all\u00f2 que creiem oport\u00fa comunicar, tant per part de l\u2019escola com de les fam\u00edlies. Els alumnes de prim\u00e0ria tindran tamb\u00e9 una llibreta o agenda on ells mateixos anotaran les comunicacions. Tamb\u00e9 la pot fer servir la fam\u00edlia, per\u00f2 haur\u00e0 de responsabilitzar l\u2019alumne\/a que l\u2019ensenyi al mestre. <strong>Caldr\u00e0 revisar cada dia aquesta llibreta a casa<\/strong>.<\/p>\n<p>Aquesta llibreta tamb\u00e9 serveix com agenda per demanar coses a les fam\u00edlies i per explicar per escrit el que pot ser interessant saber: el que hem fet el cap de setmana, si hi ha alguna cosa que preocupa al nen o a la nena, si ha fet un aprenentatge important&#8230; a les reunions de cada curs que es realitzaran properament us insistiran sobre l\u2019\u00fas d\u2019aquesta llibreta.<\/p>\n<p>A educaci\u00f3 prim\u00e0ria, a m\u00e9s a m\u00e9s de tenir aquesta funci\u00f3, la llibreta serveix perqu\u00e8 els nens i nenes aprenguin a utilitzar l\u2019agenda.<\/p>\n<p>Tamb\u00e9 hi ha un full d\u2019incid\u00e8ncies per recollir aspectes puntuals que vulgueu comunicar. Aquests fulls es troben a totes les aules i a consergeria.<\/p>\n<p>Si el que voleu \u00e9s parlar amb m\u00e9s amplitud, tindrem entrevistes programades. Aquestes trobades poden ser sol\u00b7licitades tant per la fam\u00edlia com pel professorat\u00a0 i es realitzaran, si \u00e9s possible, <strong>dins l\u2019horari d\u2019atenci\u00f3 de qu\u00e8 disposa cada tutor i tutora<\/strong>. Aquest horari el coneixereu durant la reuni\u00f3 d\u2019inici de curs. En cas que vulgueu parlar amb un mestre especialista us heu de dirigir abans al tutor o tutora per tal de concretar una entrevista.<\/p>\n<p>Les fam\u00edlies d\u2019educaci\u00f3 infantil rebreu dos <strong>informes escrits<\/strong> al llarg del curs sobre el desenvolupament del vostre fill o filla. A prim\u00e0ria, se\u2019n lliuren tres, un al final de cada trimestre.<\/p>\n<p><strong>Cal justificar totes les abs\u00e8ncies<\/strong>. Si \u00e9s possible, es far\u00e0 amb anterioritat i mitjan\u00e7ant una nota escrita. Si aix\u00f2 no pot ser, es far\u00e0 per escrit a la llibreta el dia que s\u2019incorpori el nen o nena.<\/p>\n<p>Per a qualsevol pregunta, inquietud o aclariment no dubteu a parlar amb nosaltres, l\u2019educaci\u00f3 dels vostres fills i filles \u00e9s una tasca que compartim i cal buscar la complicitat entre nosaltres.<\/p>\n<p><strong>\u00a0<\/strong><\/p>\n<p><strong>Esmorzars<\/strong><\/p>\n<p>Els nens i nenes han d\u2019esmorzar de forma completa a casa i <strong>no han de venir en dej\u00fa a l\u2019escola<\/strong>. L\u2019esmorzar a casa \u00e9s un h\u00e0bit i, per tant, susceptible de ser educat. I \u00e9s en aquestes edats que els h\u00e0bits s\u2019han d\u2019anar consolidant. Si el nen interioritza l\u2019h\u00e0bit d\u2019esmorzar abans d\u2019iniciar la seva activitat, aquest perdurar\u00e0 al llarg de la seva vida i contribuir\u00e0 a una vida saludable.<\/p>\n<p>Per fer un esmorzar complet (l\u00e0ctics, farines i fruita), els nens i nenes han de llevar-se amb el temps suficient per rentar-se, vestir-se, esmorzar tranquil\u00b7lament i sortir cap a l\u2019escola amb l\u2019energia necess\u00e0ria per emprendre una altra jornada i, si es vol aconseguir tot aix\u00f2, han de dormir les hores que necessiten, anant a dormir d\u2019hora, per poder despertar-se descansats.<\/p>\n<p>El que portin de menjar a classe ha de servir per trencar el mat\u00ed i <strong>ha de ser fruita o fruits secs<\/strong>. No es permet la pastisseria industrial ni els sucs, els l\u00e0ctics o similars. Tampoc disposen del temps necessari per menjar un entrep\u00e0.<\/p>\n<p><strong>\u00a0<\/strong><\/p>\n<p><strong>Celebracions d\u2019aniversari i regals<\/strong><\/p>\n<p>A Educaci\u00f3 Infantil els aniversaris se celebraran el divendres de la setmana que el nen o nena faci anys, durant el temps de l\u2019esmorzar. Si voleu, podeu portar un past\u00eds, entrepans petits, fruita preparada o una capsa de galetes per compartir.<\/p>\n<p>A Educaci\u00f3 Prim\u00e0ria, si algun nen o nena vol celebrar l\u2019aniversari, pot portar alguna cosa per compartir que fomenti els h\u00e0bits d\u2019alimentaci\u00f3 saludable (fruita, fruits secs&#8230;) el divendres de la setmana que fa anys.<\/p>\n<p>No es repartiran invitacions per a festes dins de l\u2019escola, <strong>ni es poden donar regals ni obsequis de cap tipus. Tampoc es permeten les llaminadures a l\u2019escola.<\/strong><\/p>\n<p><strong>\u00a0<\/strong><\/p>\n<p><b>\u00das de m\u00f2bil i altres dispositius intel\u00b7ligents<\/b><\/p>\n<p><span style=\"font-weight: 400;\">A l&#8217;etapa d&#8217;educaci\u00f3 infantil i prim\u00e0ria <\/span><b>no est\u00e0 perm\u00e8s l&#8217;\u00fas de tel\u00e8fons m\u00f2bils ni cap altre dispositiu digital que realitzi les mateixes funcions (enregistrar imatges o v\u00eddeos, connectar-se a Internet, enviar missatges o fer trucades)<\/b><span style=\"font-weight: 400;\"> a l&#8217;alumnat al centre educatiu. L&#8217;escola vetlla per posar a disposici\u00f3 de l&#8217;alumnat els dispositius tecnol\u00f2gics que siguin necessaris per assolir la compet\u00e8ncia digital en l&#8217;aplicaci\u00f3 de les situacions d&#8217;aprenentatge que aix\u00ed ho requereixin.<\/span><\/p>\n<p><span style=\"font-weight: 400;\">Aquesta indicaci\u00f3 es fa extensiva tant a l&#8217;horari lectiu com a l&#8217;horari no lectiu i afecta, per tant, les estones de benvinguda del mat\u00ed abans d&#8217;iniciar les classes, les estones de la pausa al migdia als espais de menjador i en altres espais que el centre utilitzi, i les activitats extraescolars i complement\u00e0ries en qu\u00e8 participin alumnes d&#8217;educaci\u00f3 infantil i prim\u00e0ria<\/span><\/p>\n<p>&nbsp;<\/p>\n<p><strong>Imatges<\/strong><\/p>\n<p>Est\u00e0 prohibida la captaci\u00f3 d\u2019imatges dins el recinte escolar, sense autoritzaci\u00f3 escrita de la direcci\u00f3 del centre.<\/p>\n<p><strong>\u00a0<\/strong><\/p>\n<p><strong>Salut<\/strong><\/p>\n<p>Quan un nen o una nena presenta s\u00edmptomes de malaltia cal que es quedi a casa, perqu\u00e8 a l\u2019escola no el podrem atendre amb la deguda atenci\u00f3 i pot ser font de contagi per als seus companys. \u00c9s important no portar a l\u2019escola el nen o la nena que:<\/p>\n<ul>\n<li>tingui febre, malestar general, dificultats a l\u2019hora de respirar, tos, mal de coll, mal d\u2019o\u00efda, v\u00f2mits, diarrea &#8230;<\/li>\n<li>mostri erupcions a la pell (excepte si el metge certifica per escrit que no \u00e9s contagi\u00f3s)<\/li>\n<li>tingui fongs<\/li>\n<li>estigui infestat de pediculosi (polls)<\/li>\n<\/ul>\n<p>Com a norma general, no podem donar medicaments a l\u2019escola. <strong>Si \u00e9s totalment necessari,<\/strong> caldr\u00e0 una prescripci\u00f3 m\u00e8dica que indiqui nom del nen o nena, nom del medicament, dosificaci\u00f3 i horari d\u2019administraci\u00f3 i l\u2019autoritzaci\u00f3 signada de la fam\u00edlia. No deixeu mai un medicament dins la motxilla sense avisar l&#8217;equip de mestres.<\/p>\n<p>En el cas que un alumne tingui febre, podem administrar-li paracetamol, mentre esperem que el vingueu a buscar, sempre i quan ho hagueu autoritzat per escrit en el full que\u00a0us podeu descarregar de l&#8217;apartat &#8220;Documents&#8221;.<\/p>\n<p>Quan un alumne presenti s\u00edmptomes de malaltia o prengui mal en horari escolar es trucar\u00e0 als pares o tutors perqu\u00e8 el vinguin a buscar a l\u2019escola, nom\u00e9s se\u2019l portar\u00e0 al metge en cas d\u2019emerg\u00e8ncia.<\/p>\n<p><strong>\u00a0<\/strong><\/p>\n<p><strong>Joguines<\/strong><\/p>\n<p>L\u2019escola no es responsabilitza de les joguines de casa que els nens i nenes portin a l\u2019escola. Si porten de casa una joguina, un llibre o algun altre objecte hauran d\u2019entendre que s\u2019ha de compartir, es pot perdre o es pot trencar. No aconsellem que les portin i intentem que els nens i les nenes juguin amb el que ja tenim a l\u2019escola. No es permeten les joguines b\u00e8l\u00b7liques o que fomentin la viol\u00e8ncia.<\/p>\n","protected":false},"excerpt":{"rendered":"<p>Normes d&#8217;organitzaci\u00f3 i funcionament Enlla\u00e7 al document complert Relaci\u00f3 amb les fam\u00edlies Volem que l\u2019entrada i la sortida de l\u2019escola es faci de manera tranquil\u00b7la i relaxada. La porta del carrer s\u2019obrir\u00e0 a les 9 menys cinc minuts per tal que pugueu esperar-vos a la rampa d\u2019entrada de l\u2019escola. Durant aquests cinc minuts, els nens [&hellip;]<\/p>\n","protected":false},"author":1,"featured_media":0,"parent":517,"menu_order":70,"comment_status":"closed","ping_status":"closed","template":"","meta":{"_bbp_topic_count":0,"_bbp_reply_count":0,"_bbp_total_topic_count":0,"_bbp_total_reply_count":0,"_bbp_voice_count":0,"_bbp_anonymous_reply_count":0,"_bbp_topic_count_hidden":0,"_bbp_reply_count_hidden":0,"_bbp_forum_subforum_count":0,"site-sidebar-layout":"default","site-content-layout":"","ast-site-content-layout":"default","site-content-style":"default","site-sidebar-style":"default","ast-global-header-display":"","ast-banner-title-visibility":"","ast-main-header-display":"","ast-hfb-above-header-display":"","ast-hfb-below-header-display":"","ast-hfb-mobile-header-display":"","site-post-title":"","ast-breadcrumbs-content":"","ast-featured-img":"","footer-sml-layout":"","theme-transparent-header-meta":"default","adv-header-id-meta":"","stick-header-meta":"","header-above-stick-meta":"","header-main-stick-meta":"","header-below-stick-meta":"","astra-migrate-meta-layouts":"set","ast-page-background-enabled":"default","ast-page-background-meta":{"desktop":{"background-color":"var(--ast-global-color-4)","background-image":"","background-repeat":"repeat","background-position":"center center","background-size":"auto","background-attachment":"scroll","background-type":"","background-media":"","overlay-type":"","overlay-color":"","overlay-opacity":"","overlay-gradient":""},"tablet":{"background-color":"","background-image":"","background-repeat":"repeat","background-position":"center center","background-size":"auto","background-attachment":"scroll","background-type":"","background-media":"","overlay-type":"","overlay-color":"","overlay-opacity":"","overlay-gradient":""},"mobile":{"background-color":"","background-image":"","background-repeat":"repeat","background-position":"center center","background-size":"auto","background-attachment":"scroll","background-type":"","background-media":"","overlay-type":"","overlay-color":"","overlay-opacity":"","overlay-gradient":""}},"ast-content-background-meta":{"desktop":{"background-color":"var(--ast-global-color-5)","background-image":"","background-repeat":"repeat","background-position":"center center","background-size":"auto","background-attachment":"scroll","background-type":"","background-media":"","overlay-type":"","overlay-color":"","overlay-opacity":"","overlay-gradient":""},"tablet":{"background-color":"var(--ast-global-color-5)","background-image":"","background-repeat":"repeat","background-position":"center center","background-size":"auto","background-attachment":"scroll","background-type":"","background-media":"","overlay-type":"","overlay-color":"","overlay-opacity":"","overlay-gradient":""},"mobile":{"background-color":"var(--ast-global-color-5)","background-image":"","background-repeat":"repeat","background-position":"center center","background-size":"auto","background-attachment":"scroll","background-type":"","background-media":"","overlay-type":"","overlay-color":"","overlay-opacity":"","overlay-gradient":""}},"footnotes":""},"class_list":["post-525","page","type-page","status-publish","hentry"],"post_mailing_queue_ids":[],"_links":{"self":[{"href":"https:\/\/agora.xtec.cat\/ceipescolamarina\/wp-json\/wp\/v2\/pages\/525","targetHints":{"allow":["GET"]}}],"collection":[{"href":"https:\/\/agora.xtec.cat\/ceipescolamarina\/wp-json\/wp\/v2\/pages"}],"about":[{"href":"https:\/\/agora.xtec.cat\/ceipescolamarina\/wp-json\/wp\/v2\/types\/page"}],"author":[{"embeddable":true,"href":"https:\/\/agora.xtec.cat\/ceipescolamarina\/wp-json\/wp\/v2\/users\/1"}],"replies":[{"embeddable":true,"href":"https:\/\/agora.xtec.cat\/ceipescolamarina\/wp-json\/wp\/v2\/comments?post=525"}],"version-history":[{"count":6,"href":"https:\/\/agora.xtec.cat\/ceipescolamarina\/wp-json\/wp\/v2\/pages\/525\/revisions"}],"predecessor-version":[{"id":7554,"href":"https:\/\/agora.xtec.cat\/ceipescolamarina\/wp-json\/wp\/v2\/pages\/525\/revisions\/7554"}],"up":[{"embeddable":true,"href":"https:\/\/agora.xtec.cat\/ceipescolamarina\/wp-json\/wp\/v2\/pages\/517"}],"wp:attachment":[{"href":"https:\/\/agora.xtec.cat\/ceipescolamarina\/wp-json\/wp\/v2\/media?parent=525"}],"curies":[{"name":"wp","href":"https:\/\/api.w.org\/{rel}","templated":true}]}}