{"id":523,"date":"2016-07-22T00:25:13","date_gmt":"2016-07-21T22:25:13","guid":{"rendered":"http:\/\/agora.xtec.cat\/ceipescolamarina\/?page_id=523"},"modified":"2023-10-03T18:50:21","modified_gmt":"2023-10-03T16:50:21","slug":"autoritzacions","status":"publish","type":"page","link":"https:\/\/agora.xtec.cat\/ceipescolamarina\/families\/autoritzacions\/","title":{"rendered":"Autoritzacions"},"content":{"rendered":"<p>Tot seguit us compartim els enlla\u00e7os de les autoritzacions que lliurem als vostres fills i filles a l&#8217;inici de curs.<\/p>\n<table style=\"width: 72.6385%; height: 221px;\">\n<tbody>\n<tr style=\"height: 49px;\">\n<td style=\"width: 63.7725%; height: 49px;\">Autoritzaci\u00f3 sortides locals<\/td>\n<td style=\"width: 35.3293%; height: 49px;\"><a href=\"https:\/\/drive.google.com\/file\/d\/1sbM74QOy75clsimnHRNmBQjAZDCV3UuH\/view?usp=sharing\" target=\"_blank\" rel=\"noopener\">Enlla\u00e7 al document<\/a><\/td>\n<\/tr>\n<tr style=\"height: 32px;\">\n<td style=\"width: 63.7725%; height: 32px;\">Autoritzaci\u00f3 per a l&#8217;administraci\u00f3 de paracetamol<\/td>\n<td style=\"width: 35.3293%; height: 32px;\"><a href=\"https:\/\/drive.google.com\/file\/d\/1n4HZJBYSwqmW4VxptLRMG8sNtDc8JAtq\/view?usp=sharing\" target=\"_blank\" rel=\"noopener noreferrer\">Enlla\u00e7 al document<\/a><\/td>\n<\/tr>\n<tr style=\"height: 32px;\">\n<td style=\"width: 63.7725%; height: 32px;\">Autoritzaci\u00f3 relativa als alumnes menors de 14 anys: \u00fas d&#8217;imatges, publicaci\u00f3 de dades de car\u00e0cter personal i de material que elaboren<\/td>\n<td style=\"width: 35.3293%; height: 32px;\"><a href=\"https:\/\/drive.google.com\/file\/d\/1Clm81zqkp8Qu08gQjfSooE-k1GhHGu6A\/view?usp=sharing\" target=\"_blank\" rel=\"noopener noreferrer\">Enlla\u00e7 al document<\/a><\/td>\n<\/tr>\n<tr style=\"height: 62px;\">\n<td style=\"width: 63.7725%; height: 62px;\">Autoritzaci\u00f3 relativa als alumnes de menys de 14 anys: \u00fas de serveis i recursos digitals a Internet per treballar a l\u2019aula<\/td>\n<td style=\"width: 35.3293%; height: 62px;\"><a href=\"https:\/\/drive.google.com\/file\/d\/1dAEb087QcivwCi1bBUS2nNRUUW-Z4jCv\/view?usp=sharing\" target=\"_blank\" rel=\"noopener noreferrer\">Enlla\u00e7 al document<\/a><\/td>\n<\/tr>\n<tr style=\"height: 46px;\">\n<td style=\"width: 63.7725%; height: 46px;\">Fitxa sanit\u00e0ria<\/td>\n<td style=\"width: 35.3293%; height: 46px;\"><a href=\"https:\/\/drive.google.com\/file\/d\/1ssNg7PjbITNH5OuOEQOw9sK82vPyop2x\/view?usp=sharing\" target=\"_blank\" rel=\"noopener\">Enlla\u00e7 al document<\/a><\/td>\n<\/tr>\n<\/tbody>\n<\/table>\n<p>&nbsp;<\/p>\n","protected":false},"excerpt":{"rendered":"<p>Tot seguit us compartim els enlla\u00e7os de les autoritzacions que lliurem als vostres fills i filles a l&#8217;inici de curs. Autoritzaci\u00f3 sortides locals Enlla\u00e7 al document Autoritzaci\u00f3 per a l&#8217;administraci\u00f3 de paracetamol Enlla\u00e7 al document Autoritzaci\u00f3 relativa als alumnes menors de 14 anys: \u00fas d&#8217;imatges, publicaci\u00f3 de dades de car\u00e0cter personal i de material que [&hellip;]<\/p>\n","protected":false},"author":1,"featured_media":0,"parent":517,"menu_order":50,"comment_status":"closed","ping_status":"closed","template":"page-templates\/side-menu.php","meta":{"_bbp_topic_count":0,"_bbp_reply_count":0,"_bbp_total_topic_count":0,"_bbp_total_reply_count":0,"_bbp_voice_count":0,"_bbp_anonymous_reply_count":0,"_bbp_topic_count_hidden":0,"_bbp_reply_count_hidden":0,"_bbp_forum_subforum_count":0,"site-sidebar-layout":"default","site-content-layout":"","ast-site-content-layout":"","site-content-style":"default","site-sidebar-style":"default","ast-global-header-display":"","ast-banner-title-visibility":"","ast-main-header-display":"","ast-hfb-above-header-display":"","ast-hfb-below-header-display":"","ast-hfb-mobile-header-display":"","site-post-title":"","ast-breadcrumbs-content":"","ast-featured-img":"","footer-sml-layout":"","theme-transparent-header-meta":"","adv-header-id-meta":"","stick-header-meta":"","header-above-stick-meta":"","header-main-stick-meta":"","header-below-stick-meta":"","astra-migrate-meta-layouts":"default","ast-page-background-enabled":"default","ast-page-background-meta":{"desktop":{"background-color":"var(--ast-global-color-4)","background-image":"","background-repeat":"repeat","background-position":"center center","background-size":"auto","background-attachment":"scroll","background-type":"","background-media":"","overlay-type":"","overlay-color":"","overlay-opacity":"","overlay-gradient":""},"tablet":{"background-color":"","background-image":"","background-repeat":"repeat","background-position":"center center","background-size":"auto","background-attachment":"scroll","background-type":"","background-media":"","overlay-type":"","overlay-color":"","overlay-opacity":"","overlay-gradient":""},"mobile":{"background-color":"","background-image":"","background-repeat":"repeat","background-position":"center center","background-size":"auto","background-attachment":"scroll","background-type":"","background-media":"","overlay-type":"","overlay-color":"","overlay-opacity":"","overlay-gradient":""}},"ast-content-background-meta":{"desktop":{"background-color":"var(--ast-global-color-5)","background-image":"","background-repeat":"repeat","background-position":"center center","background-size":"auto","background-attachment":"scroll","background-type":"","background-media":"","overlay-type":"","overlay-color":"","overlay-opacity":"","overlay-gradient":""},"tablet":{"background-color":"var(--ast-global-color-5)","background-image":"","background-repeat":"repeat","background-position":"center center","background-size":"auto","background-attachment":"scroll","background-type":"","background-media":"","overlay-type":"","overlay-color":"","overlay-opacity":"","overlay-gradient":""},"mobile":{"background-color":"var(--ast-global-color-5)","background-image":"","background-repeat":"repeat","background-position":"center center","background-size":"auto","background-attachment":"scroll","background-type":"","background-media":"","overlay-type":"","overlay-color":"","overlay-opacity":"","overlay-gradient":""}},"footnotes":""},"class_list":["post-523","page","type-page","status-publish","hentry"],"post_mailing_queue_ids":[],"_links":{"self":[{"href":"https:\/\/agora.xtec.cat\/ceipescolamarina\/wp-json\/wp\/v2\/pages\/523","targetHints":{"allow":["GET"]}}],"collection":[{"href":"https:\/\/agora.xtec.cat\/ceipescolamarina\/wp-json\/wp\/v2\/pages"}],"about":[{"href":"https:\/\/agora.xtec.cat\/ceipescolamarina\/wp-json\/wp\/v2\/types\/page"}],"author":[{"embeddable":true,"href":"https:\/\/agora.xtec.cat\/ceipescolamarina\/wp-json\/wp\/v2\/users\/1"}],"replies":[{"embeddable":true,"href":"https:\/\/agora.xtec.cat\/ceipescolamarina\/wp-json\/wp\/v2\/comments?post=523"}],"version-history":[{"count":6,"href":"https:\/\/agora.xtec.cat\/ceipescolamarina\/wp-json\/wp\/v2\/pages\/523\/revisions"}],"predecessor-version":[{"id":5812,"href":"https:\/\/agora.xtec.cat\/ceipescolamarina\/wp-json\/wp\/v2\/pages\/523\/revisions\/5812"}],"up":[{"embeddable":true,"href":"https:\/\/agora.xtec.cat\/ceipescolamarina\/wp-json\/wp\/v2\/pages\/517"}],"wp:attachment":[{"href":"https:\/\/agora.xtec.cat\/ceipescolamarina\/wp-json\/wp\/v2\/media?parent=523"}],"curies":[{"name":"wp","href":"https:\/\/api.w.org\/{rel}","templated":true}]}}