{"id":519,"date":"2016-07-22T00:01:11","date_gmt":"2016-07-21T22:01:11","guid":{"rendered":"http:\/\/agora.xtec.cat\/ceipescolamarina\/?page_id=519"},"modified":"2026-04-15T10:51:13","modified_gmt":"2026-04-15T08:51:13","slug":"informacio","status":"publish","type":"page","link":"https:\/\/agora.xtec.cat\/ceipescolamarina\/preinscripcio-i-matricula-2026-27\/informacio\/","title":{"rendered":"Calendari i publicaci\u00f3 de llistats"},"content":{"rendered":"<p><strong><a href=\"https:\/\/agora.xtec.cat\/ceipescolamarina\/wp-content\/uploads\/usu1421\/2026\/01\/cercle-groc-e1768295919109.png\"><img loading=\"lazy\" decoding=\"async\" class=\"alignright wp-image-7535 \" src=\"https:\/\/agora.xtec.cat\/ceipescolamarina\/wp-content\/uploads\/usu1421\/2026\/01\/cercle-groc-e1768295919109.png\" alt=\"\" width=\"297\" height=\"237\" srcset=\"https:\/\/agora.xtec.cat\/ceipescolamarina\/wp-content\/uploads\/usu1421\/2026\/01\/cercle-groc-e1768295919109.png 573w, https:\/\/agora.xtec.cat\/ceipescolamarina\/wp-content\/uploads\/usu1421\/2026\/01\/cercle-groc-e1768295919109-300x240.png 300w\" sizes=\"auto, (max-width: 297px) 100vw, 297px\" \/><\/a>PREINSCRIPCIONS CURS<\/strong><strong> 2026-2027<\/strong><\/p>\n<p>Per a totes aquelles fam\u00edlies interessades, us recordem que el per\u00edode de preinscripcions ser\u00e0 del\u00a0<strong>4 al 18 de mar\u00e7<\/strong>\u00a0i es far\u00e0\u00a0<strong>de manera telem\u00e0tica<\/strong>.<\/p>\n<p><strong>PASSOS A SEGUIR:<\/strong><\/p>\n<ol start=\"1\" data-spread=\"false\">\n<li>Escolliu el centre educatiu.\u00a0<strong>(CODI DE CENTRE:\u00a0<span class=\"OYPEnA font-feature-liga-off font-feature-clig-off font-feature-calt-off text-decoration-none text-strikethrough-none\">08061087)<\/span><\/strong><\/li>\n<li>Informeu-vos sobre el proc\u00e9s, les dates clau i les accions que heu de dur a terme.<\/li>\n<li>Empleneu la sol\u00b7licitud de preinscripci\u00f3 seguint els passos que us detallen a la web:\u00a0<a href=\"https:\/\/preinscripcio.gencat.cat\/ca\/inici\">PREINSCRIPCIONS.GENCAT<\/a>\n<ul data-spread=\"false\">\n<li>Nom\u00e9s es pot presentar una sol\u00b7licitud de preinscripci\u00f3 per alumne\/a.<\/li>\n<li>Es pot demanar m\u00e9s d\u2019un centre.<\/li>\n<\/ul>\n<\/li>\n<li>Presenteu la sol\u00b7licitud i la documentaci\u00f3 de manera telem\u00e0tica.<\/li>\n<li>Si sou de Montgat, heu de marcar la casella\u00a0<strong>\u201cZona educativa\u201d<\/strong>\u00a0(i no la de\u00a0<strong>\u201cmateix municipi\u201d<\/strong>).<\/li>\n<li>Consulteu les llistes que es publicaran al centre (web i tauler d\u2019anuncis).<\/li>\n<\/ol>\n<p>Per a qualsevol consulta, no dubteu a contactar amb nosaltres al tel\u00e8fon: <strong><span class=\"OYPEnA font-feature-liga-off font-feature-clig-off font-feature-calt-off text-decoration-none text-strikethrough-none\">664 67 24 17<\/span><\/strong>. Us esperem amb molta il\u00b7lusi\u00f3!<\/p>\n<p style=\"text-align: center;\"><em><strong>\u201cLa clau de l\u2019educaci\u00f3 \u00e9s despertar\u201d<\/strong><\/em><\/p>\n<hr \/>\n<p>Trobareu la informaci\u00f3 que publica el Departament d&#8217;Educaci\u00f3 a la seva p\u00e0gina web, a mesura que la vagin actualitzant.<\/p>\n<p><b><a href=\"https:\/\/preinscripcio.gencat.cat\/ca\/inici\" target=\"_blank\" rel=\"noopener\">PREINSCRIPCIO.GENCAT.CAT<\/a><\/b><a href=\"https:\/\/preinscripcio.gencat.cat\/ca\/inici\/\" target=\"_blank\" rel=\"noopener\">\u00a0<\/a><\/p>\n<p>Codi de centre de l&#8217;Escola Marina: <strong>08061087<\/strong>\u00a0 \u00a0 \u00a0 \u00a0 \u00a0 <a href=\"http:\/\/mapaescolar.gencat.cat\/\" target=\"_blank\" rel=\"noopener\">Mapa escolar<\/a><\/p>\n<p><span style=\"font-weight: 400;\">Per a qualsevol dubte, poseu-vos en contacte amb l&#8217;escola enviant-nos un correu electr\u00f2nic (<strong>preinscripcio@escolamarina.cat<\/strong>) <\/span><\/p>\n<p><span style=\"font-weight: 400;\">o b\u00e9 trucant-nos al tel\u00e8fon m\u00f2bil de contacte: <strong>664 67 24 17<\/strong> (en horari de 10h a 13:30h i de 15h a 16h).<\/span><\/p>\n<h5 style=\"text-align: center;\"><strong>Videotutorial: \u00a0\u00a0<\/strong><a style=\"font-family: inherit; font-size: 1em; font-weight: normal;\" href=\"https:\/\/youtu.be\/9xMdvXoFR_4\" target=\"_blank\" rel=\"noopener\">Com has d&#8217;emplenar la sol\u00b7licitud de preinscripci\u00f3?<\/a><\/h5>\n<h5 style=\"text-align: right;\"><sup>Data d&#8217;actualitzaci\u00f3: 10.02.26<\/sup><\/h5>\n<hr \/>\n<h4><strong>Preinscripci\u00f3 per al curs 2026-2027<\/strong><\/h4>\n<h5><strong>CALENDARI\u00a0<\/strong><\/h5>\n<p>&nbsp;<\/p>\n<p><span style=\"font-size: 16px; font-style: normal; font-weight: 400;\">Publicaci\u00f3 de l&#8217;oferta inicial.\u00a0 \u00a0 \u00a0<a href=\"https:\/\/drive.google.com\/file\/d\/1_M4BMS2yj0EVpeWVXf_yyYDjxhMnMgYS\/view?usp=drive_link\">Llista oferta inicial de places<\/a>\u00a0 \u00a0<strong>3 de mar\u00e7<\/strong><\/span><\/p>\n<p>Presentaci\u00f3 de sol\u00b7licituds\u00a0 \u00a0<strong>Del 4 al 18 de mar\u00e7<\/strong><\/p>\n<ul style=\"font-size: 16px; font-style: normal; font-weight: 400; list-style-type: circle;\">\n<li style=\"font-size: 16px;\">Sol\u00b7licitud de preinscripci\u00f3 per a Educaci\u00f3 infantil (I3, I4, I5): <a href=\"https:\/\/tramits.gencat.cat\/ca\/tramits\/tramits-temes\/perinscripcio-obligatoris?moda=1\">ENLLA\u00c7 SOL\u00b7LICITUD INFANTIL<\/a><\/li>\n<li style=\"font-size: 16px;\">Sol\u00b7licitud de preinscripci\u00f3 per als cursos d&#8217;ed. Prim\u00e0ria (1r, 2n, 3r, 4t, 5\u00e8, 6\u00e8): <a href=\"https:\/\/tramits.gencat.cat\/ca\/tramits\/tramits-temes\/perinscripcio-obligatoris?&amp;moda=2\">ENLLA\u00c7 SOL\u00b7LICITUD PRIM\u00c0RIA<\/a><\/li>\n<\/ul>\n<p><span style=\"font-size: 16px; font-style: normal; font-weight: 400;\">Publicaci\u00f3 de la llista amb la puntuaci\u00f3 provisional. <a href=\"https:\/\/drive.google.com\/file\/d\/1qqhZDX16mT3imKTN1pPhZL9oN8Htn1aG\/view?usp=sharing\">Enlla\u00e7 al document<\/a>\u00a0 \u00a0<strong>15 d&#8217;abril<\/strong><\/span><\/p>\n<p><span style=\"font-size: 16px; font-style: normal; font-weight: 400;\">Reclamacions a la puntuaci\u00f3 provisional.\u00a0 \u00a0<strong>Del 15 al 20 d&#8217;abril<\/strong><\/span><\/p>\n<p><span style=\"font-size: 16px; font-style: normal; font-weight: 400;\">Publicaci\u00f3 de les llistes amb la puntuaci\u00f3 definitiva.\u00a0 Enlla\u00e7 al document\u00a0 \u00a0<strong>23 d&#8217;abril<\/strong><\/span><\/p>\n<p><span style=\"font-size: 16px; font-style: normal; font-weight: 400;\">Sorteig del n\u00famero de desempat:\u00a0 \u00a0<strong>28 d&#8217;abril <\/strong><\/span><strong style=\"font-size: 16px; font-style: normal;\">\u00a0 \u00a0 \u00a0\u00a0<\/strong><\/p>\n<p><span style=\"font-size: 16px; font-style: normal; font-weight: 400;\">Publicaci\u00f3 de la llista ordenada definitiva.\u00a0 Enlla\u00e7 al document\u00a0 \u00a0<strong>29 d&#8217;abril<\/strong><\/span><\/p>\n<p><span style=\"font-size: 16px; font-style: normal; font-weight: 400;\">Ampliaci\u00f3 de peticions per a alumnes que necessiten assignaci\u00f3 d&#8217;ofici i no s&#8217;han assignat per petici\u00f3 original\u00a0 \u00a0<strong>De l&#8217;1 al 3 de juny<\/strong><\/span><\/p>\n<p><span style=\"font-size: 16px; font-style: normal; font-weight: 400;\">Publicaci\u00f3 de l&#8217;oferta final.\u00a0 Enlla\u00e7 al document\u00a0 \u00a0<strong>10 de juny<\/strong><\/span><\/p>\n<p><span style=\"font-size: 16px; font-style: normal; font-weight: 400;\">Publicaci\u00f3 de la llista d&#8217;admesos i de la llista d&#8217;espera\u00a0 \u00a0<strong>10 de juny<\/strong><\/span><\/p>\n<p><span style=\"font-size: 16px; font-style: normal; font-weight: 400;\">Per\u00edode de matr\u00edcula:\u00a0 \u00a0<strong>Del 22 al 30 de juny\u00a0<\/strong><\/span><\/p>\n<p><span style=\"font-size: 16px; font-style: normal; font-weight: 400;\">Llistes d&#8217;alumnes matriculats procedents de preinscripci\u00f3 i nova admissi\u00f3.\u00a0 Enlla\u00e7 al document\u00a0 \u00a0<strong>30 de setembre<\/strong><\/span><\/p>\n<h5 style=\"text-align: right;\"><sup><a href=\"https:\/\/agora.xtec.cat\/ceipescolamarina\/wp-content\/uploads\/usu1421\/2026\/01\/cercles-colors-3.png\"><img loading=\"lazy\" decoding=\"async\" class=\"alignleft wp-image-7537 \" src=\"https:\/\/agora.xtec.cat\/ceipescolamarina\/wp-content\/uploads\/usu1421\/2026\/01\/cercles-colors-3-e1768296032456.png\" alt=\"\" width=\"353\" height=\"219\" srcset=\"https:\/\/agora.xtec.cat\/ceipescolamarina\/wp-content\/uploads\/usu1421\/2026\/01\/cercles-colors-3-e1768296032456.png 883w, https:\/\/agora.xtec.cat\/ceipescolamarina\/wp-content\/uploads\/usu1421\/2026\/01\/cercles-colors-3-e1768296032456-300x186.png 300w, https:\/\/agora.xtec.cat\/ceipescolamarina\/wp-content\/uploads\/usu1421\/2026\/01\/cercles-colors-3-e1768296032456-768x477.png 768w\" sizes=\"auto, (max-width: 353px) 100vw, 353px\" \/><\/a><\/sup><\/h5>\n<h5 style=\"text-align: right;\"><sup>Data d&#8217;actualitzaci\u00f3: 10.02.26<\/sup><\/h5>\n<h5><\/h5>\n","protected":false},"excerpt":{"rendered":"<p>PREINSCRIPCIONS CURS 2026-2027 Per a totes aquelles fam\u00edlies interessades, us recordem que el per\u00edode de preinscripcions ser\u00e0 del\u00a04 al 18 de mar\u00e7\u00a0i es far\u00e0\u00a0de manera telem\u00e0tica. PASSOS A SEGUIR: Escolliu el centre educatiu.\u00a0(CODI DE CENTRE:\u00a008061087) Informeu-vos sobre el proc\u00e9s, les dates clau i les accions que heu de dur a terme. Empleneu la sol\u00b7licitud de [&hellip;]<\/p>\n","protected":false},"author":1,"featured_media":0,"parent":5321,"menu_order":10,"comment_status":"closed","ping_status":"closed","template":"","meta":{"_bbp_topic_count":0,"_bbp_reply_count":0,"_bbp_total_topic_count":0,"_bbp_total_reply_count":0,"_bbp_voice_count":0,"_bbp_anonymous_reply_count":0,"_bbp_topic_count_hidden":0,"_bbp_reply_count_hidden":0,"_bbp_forum_subforum_count":0,"site-sidebar-layout":"default","site-content-layout":"","ast-site-content-layout":"default","site-content-style":"default","site-sidebar-style":"default","ast-global-header-display":"","ast-banner-title-visibility":"","ast-main-header-display":"","ast-hfb-above-header-display":"","ast-hfb-below-header-display":"","ast-hfb-mobile-header-display":"","site-post-title":"","ast-breadcrumbs-content":"","ast-featured-img":"","footer-sml-layout":"","theme-transparent-header-meta":"default","adv-header-id-meta":"","stick-header-meta":"","header-above-stick-meta":"","header-main-stick-meta":"","header-below-stick-meta":"","astra-migrate-meta-layouts":"set","ast-page-background-enabled":"default","ast-page-background-meta":{"desktop":{"background-color":"var(--ast-global-color-4)","background-image":"","background-repeat":"repeat","background-position":"center center","background-size":"auto","background-attachment":"scroll","background-type":"","background-media":"","overlay-type":"","overlay-color":"","overlay-opacity":"","overlay-gradient":""},"tablet":{"background-color":"","background-image":"","background-repeat":"repeat","background-position":"center center","background-size":"auto","background-attachment":"scroll","background-type":"","background-media":"","overlay-type":"","overlay-color":"","overlay-opacity":"","overlay-gradient":""},"mobile":{"background-color":"","background-image":"","background-repeat":"repeat","background-position":"center center","background-size":"auto","background-attachment":"scroll","background-type":"","background-media":"","overlay-type":"","overlay-color":"","overlay-opacity":"","overlay-gradient":""}},"ast-content-background-meta":{"desktop":{"background-color":"var(--ast-global-color-5)","background-image":"","background-repeat":"repeat","background-position":"center center","background-size":"auto","background-attachment":"scroll","background-type":"","background-media":"","overlay-type":"","overlay-color":"","overlay-opacity":"","overlay-gradient":""},"tablet":{"background-color":"var(--ast-global-color-5)","background-image":"","background-repeat":"repeat","background-position":"center center","background-size":"auto","background-attachment":"scroll","background-type":"","background-media":"","overlay-type":"","overlay-color":"","overlay-opacity":"","overlay-gradient":""},"mobile":{"background-color":"var(--ast-global-color-5)","background-image":"","background-repeat":"repeat","background-position":"center center","background-size":"auto","background-attachment":"scroll","background-type":"","background-media":"","overlay-type":"","overlay-color":"","overlay-opacity":"","overlay-gradient":""}},"footnotes":""},"class_list":["post-519","page","type-page","status-publish","hentry"],"post_mailing_queue_ids":[],"_links":{"self":[{"href":"https:\/\/agora.xtec.cat\/ceipescolamarina\/wp-json\/wp\/v2\/pages\/519","targetHints":{"allow":["GET"]}}],"collection":[{"href":"https:\/\/agora.xtec.cat\/ceipescolamarina\/wp-json\/wp\/v2\/pages"}],"about":[{"href":"https:\/\/agora.xtec.cat\/ceipescolamarina\/wp-json\/wp\/v2\/types\/page"}],"author":[{"embeddable":true,"href":"https:\/\/agora.xtec.cat\/ceipescolamarina\/wp-json\/wp\/v2\/users\/1"}],"replies":[{"embeddable":true,"href":"https:\/\/agora.xtec.cat\/ceipescolamarina\/wp-json\/wp\/v2\/comments?post=519"}],"version-history":[{"count":7,"href":"https:\/\/agora.xtec.cat\/ceipescolamarina\/wp-json\/wp\/v2\/pages\/519\/revisions"}],"predecessor-version":[{"id":7627,"href":"https:\/\/agora.xtec.cat\/ceipescolamarina\/wp-json\/wp\/v2\/pages\/519\/revisions\/7627"}],"up":[{"embeddable":true,"href":"https:\/\/agora.xtec.cat\/ceipescolamarina\/wp-json\/wp\/v2\/pages\/5321"}],"wp:attachment":[{"href":"https:\/\/agora.xtec.cat\/ceipescolamarina\/wp-json\/wp\/v2\/media?parent=519"}],"curies":[{"name":"wp","href":"https:\/\/api.w.org\/{rel}","templated":true}]}}