{"id":517,"date":"2016-07-21T23:32:19","date_gmt":"2016-07-21T21:32:19","guid":{"rendered":"http:\/\/agora.xtec.cat\/ceipescolamarina\/?page_id=517"},"modified":"2025-11-11T13:58:31","modified_gmt":"2025-11-11T12:58:31","slug":"families","status":"publish","type":"page","link":"https:\/\/agora.xtec.cat\/ceipescolamarina\/families\/","title":{"rendered":"Espai fam\u00edlia-escola"},"content":{"rendered":"<p style=\"text-align: justify;\" data-start=\"166\" data-end=\"439\">En un m\u00f3n tan complex com l\u2019actual, la <strong data-start=\"205\" data-end=\"227\">fam\u00edlia i l\u2019escola<\/strong> no poden caminar separades en la tasca d\u2019educar els infants. A l\u2019<strong>e<\/strong><strong data-start=\"293\" data-end=\"321\">scola Marina<\/strong>\u00a0entenem que compartim la responsabilitat de ser els principals agents educadors i socialitzadors dels nens i nenes.<\/p>\n<p style=\"text-align: justify;\" data-start=\"441\" data-end=\"619\">Treballem amb un <strong data-start=\"458\" data-end=\"475\">objectiu com\u00fa<\/strong>: ajudar-los a cr\u00e9ixer i a formar-se com a persones lliures, responsables i solid\u00e0ries, capaces d\u2019afrontar els reptes del m\u00f3n que els envolta.<\/p>\n<p style=\"text-align: justify;\" data-start=\"621\" data-end=\"984\">Creiem fermament que l\u2019educaci\u00f3 \u00e9s m\u00e9s rica i significativa quan hi ha una <strong data-start=\"696\" data-end=\"734\">relaci\u00f3 de complicitat i confian\u00e7a<\/strong> entre fam\u00edlia i escola. La fam\u00edlia \u00e9s el <strong data-start=\"776\" data-end=\"809\">primer espai de socialitzaci\u00f3<\/strong>, i l\u2019escola n\u2019\u00e9s la <strong data-start=\"830\" data-end=\"853\">continuaci\u00f3 natural<\/strong>, on ampliem aprenentatges, valors i experi\u00e8ncies que afavoreixen el desenvolupament personal, social i emocional de cada infant.<\/p>\n<p style=\"text-align: justify;\" data-start=\"621\" data-end=\"984\"><a href=\"https:\/\/agora.xtec.cat\/ceipescolamarina\/wp-content\/uploads\/usu1421\/2025\/11\/logo-color.png\"><img loading=\"lazy\" decoding=\"async\" class=\"wp-image-7294 aligncenter\" src=\"https:\/\/agora.xtec.cat\/ceipescolamarina\/wp-content\/uploads\/usu1421\/2025\/11\/logo-color.png\" alt=\"\" width=\"157\" height=\"124\" srcset=\"https:\/\/agora.xtec.cat\/ceipescolamarina\/wp-content\/uploads\/usu1421\/2025\/11\/logo-color.png 910w, https:\/\/agora.xtec.cat\/ceipescolamarina\/wp-content\/uploads\/usu1421\/2025\/11\/logo-color-300x237.png 300w, https:\/\/agora.xtec.cat\/ceipescolamarina\/wp-content\/uploads\/usu1421\/2025\/11\/logo-color-768x608.png 768w, https:\/\/agora.xtec.cat\/ceipescolamarina\/wp-content\/uploads\/usu1421\/2025\/11\/logo-color-200x158.png 200w\" sizes=\"auto, (max-width: 157px) 100vw, 157px\" \/><\/a><\/p>\n","protected":false},"excerpt":{"rendered":"<p>En un m\u00f3n tan complex com l\u2019actual, la fam\u00edlia i l\u2019escola no poden caminar separades en la tasca d\u2019educar els infants. A l\u2019escola Marina\u00a0entenem que compartim la responsabilitat de ser els principals agents educadors i socialitzadors dels nens i nenes. Treballem amb un objectiu com\u00fa: ajudar-los a cr\u00e9ixer i a formar-se com a persones lliures, [&hellip;]<\/p>\n","protected":false},"author":1,"featured_media":0,"parent":0,"menu_order":4,"comment_status":"closed","ping_status":"closed","template":"","meta":{"_bbp_topic_count":0,"_bbp_reply_count":0,"_bbp_total_topic_count":0,"_bbp_total_reply_count":0,"_bbp_voice_count":0,"_bbp_anonymous_reply_count":0,"_bbp_topic_count_hidden":0,"_bbp_reply_count_hidden":0,"_bbp_forum_subforum_count":0,"site-sidebar-layout":"default","site-content-layout":"","ast-site-content-layout":"default","site-content-style":"default","site-sidebar-style":"default","ast-global-header-display":"","ast-banner-title-visibility":"","ast-main-header-display":"","ast-hfb-above-header-display":"","ast-hfb-below-header-display":"","ast-hfb-mobile-header-display":"","site-post-title":"","ast-breadcrumbs-content":"","ast-featured-img":"","footer-sml-layout":"","theme-transparent-header-meta":"default","adv-header-id-meta":"","stick-header-meta":"","header-above-stick-meta":"","header-main-stick-meta":"","header-below-stick-meta":"","astra-migrate-meta-layouts":"set","ast-page-background-enabled":"default","ast-page-background-meta":{"desktop":{"background-color":"var(--ast-global-color-4)","background-image":"","background-repeat":"repeat","background-position":"center center","background-size":"auto","background-attachment":"scroll","background-type":"","background-media":"","overlay-type":"","overlay-color":"","overlay-opacity":"","overlay-gradient":""},"tablet":{"background-color":"","background-image":"","background-repeat":"repeat","background-position":"center center","background-size":"auto","background-attachment":"scroll","background-type":"","background-media":"","overlay-type":"","overlay-color":"","overlay-opacity":"","overlay-gradient":""},"mobile":{"background-color":"","background-image":"","background-repeat":"repeat","background-position":"center center","background-size":"auto","background-attachment":"scroll","background-type":"","background-media":"","overlay-type":"","overlay-color":"","overlay-opacity":"","overlay-gradient":""}},"ast-content-background-meta":{"desktop":{"background-color":"var(--ast-global-color-5)","background-image":"","background-repeat":"repeat","background-position":"center center","background-size":"auto","background-attachment":"scroll","background-type":"","background-media":"","overlay-type":"","overlay-color":"","overlay-opacity":"","overlay-gradient":""},"tablet":{"background-color":"var(--ast-global-color-5)","background-image":"","background-repeat":"repeat","background-position":"center center","background-size":"auto","background-attachment":"scroll","background-type":"","background-media":"","overlay-type":"","overlay-color":"","overlay-opacity":"","overlay-gradient":""},"mobile":{"background-color":"var(--ast-global-color-5)","background-image":"","background-repeat":"repeat","background-position":"center center","background-size":"auto","background-attachment":"scroll","background-type":"","background-media":"","overlay-type":"","overlay-color":"","overlay-opacity":"","overlay-gradient":""}},"footnotes":""},"class_list":["post-517","page","type-page","status-publish","hentry"],"post_mailing_queue_ids":[],"_links":{"self":[{"href":"https:\/\/agora.xtec.cat\/ceipescolamarina\/wp-json\/wp\/v2\/pages\/517","targetHints":{"allow":["GET"]}}],"collection":[{"href":"https:\/\/agora.xtec.cat\/ceipescolamarina\/wp-json\/wp\/v2\/pages"}],"about":[{"href":"https:\/\/agora.xtec.cat\/ceipescolamarina\/wp-json\/wp\/v2\/types\/page"}],"author":[{"embeddable":true,"href":"https:\/\/agora.xtec.cat\/ceipescolamarina\/wp-json\/wp\/v2\/users\/1"}],"replies":[{"embeddable":true,"href":"https:\/\/agora.xtec.cat\/ceipescolamarina\/wp-json\/wp\/v2\/comments?post=517"}],"version-history":[{"count":4,"href":"https:\/\/agora.xtec.cat\/ceipescolamarina\/wp-json\/wp\/v2\/pages\/517\/revisions"}],"predecessor-version":[{"id":7386,"href":"https:\/\/agora.xtec.cat\/ceipescolamarina\/wp-json\/wp\/v2\/pages\/517\/revisions\/7386"}],"wp:attachment":[{"href":"https:\/\/agora.xtec.cat\/ceipescolamarina\/wp-json\/wp\/v2\/media?parent=517"}],"curies":[{"name":"wp","href":"https:\/\/api.w.org\/{rel}","templated":true}]}}