{"id":504,"date":"2016-07-21T23:27:18","date_gmt":"2016-07-21T21:27:18","guid":{"rendered":"http:\/\/agora.xtec.cat\/ceipescolamarina\/?page_id=504"},"modified":"2025-11-25T10:31:33","modified_gmt":"2025-11-25T09:31:33","slug":"consell-de-delegatsdes","status":"publish","type":"page","link":"https:\/\/agora.xtec.cat\/ceipescolamarina\/families\/consell-de-delegatsdes\/","title":{"rendered":"Consell de fam\u00edlies delegades"},"content":{"rendered":"<p><strong><u>Els pares i mares delegats de classe<\/u><\/strong><\/p>\n<p>\u00c9s el pare, mare o tutor\/a legal d\u2019un alumne\/a del centre que s\u2019ofereix de forma volunt\u00e0ria a exercir aquest paper. Els delegats s\u00f3n escollits cada nou curs en la reuni\u00f3 d\u2019inici de curs. Tenen\u00a0com a <strong>funcions<\/strong>:<\/p>\n<ol>\n<li>Mantenir el contacte directe amb el tutor\/a de la seva classe per tal de rebre informaci\u00f3 dels objectius generals i de les activitats que es duguin a terme amb el seu grup-classe. Tamb\u00e9 ha de trametre les inquietuds i interessos dels pares i mares del seu grup.<\/li>\n<li>Motivar als pares i mares del seu curs per tal d\u2019integrar-los en la din\u00e0mica del centre (reunions, festes, equips de treball, confer\u00e8ncies, etc.).<\/li>\n<li>Assistir a les reunions que convoqui la presidenta de l\u2019AFA.<\/li>\n<li>Col\u00b7laborar amb la Junta de l\u2019AFA en tots aquells afers que es decideixi dur a terme en el pla del curs.<\/li>\n<li>Mantenir informada la Junta de l\u2019AFA de les activitats quotidianes que sorgeixen en el seu col\u00b7lectiu.<\/li>\n<li>Mantenir informat al seu col\u00b7lectiu, en base a all\u00f2 que es determini des d\u2019un \u00f2rgan competent (\u00f2rgan del centre, AFA, etc.).<\/li>\n<li>Tenir cura de la recepci\u00f3 i organitzaci\u00f3 de la informaci\u00f3 que els sigui facilitada, tant per part dels \u00f2rgans del centre (Consell Escolar, Claustre, Equip directiu, AFA\u2026) com del respectiu tutor o tutora de la seva classe.<\/li>\n<li>Intercanviar les pr\u00f2pies opinions amb la resta de delegats\/des del centre i revisar la seva tasca amb la periodicitat que estableixi la Junta de l&#8217;AFA.<\/li>\n<li>Fer el seguiment de les activitats extraescolars dels alumnes que organitza l\u2019AFA i de les activitats complement\u00e0ries que organitzen les fam\u00edlies.<\/li>\n<\/ol>\n","protected":false},"excerpt":{"rendered":"<p>Els pares i mares delegats de classe \u00c9s el pare, mare o tutor\/a legal d\u2019un alumne\/a del centre que s\u2019ofereix de forma volunt\u00e0ria a exercir aquest paper. Els delegats s\u00f3n escollits cada nou curs en la reuni\u00f3 d\u2019inici de curs. Tenen\u00a0com a funcions: Mantenir el contacte directe amb el tutor\/a de la seva classe per [&hellip;]<\/p>\n","protected":false},"author":1,"featured_media":0,"parent":517,"menu_order":30,"comment_status":"closed","ping_status":"closed","template":"","meta":{"_bbp_topic_count":0,"_bbp_reply_count":0,"_bbp_total_topic_count":0,"_bbp_total_reply_count":0,"_bbp_voice_count":0,"_bbp_anonymous_reply_count":0,"_bbp_topic_count_hidden":0,"_bbp_reply_count_hidden":0,"_bbp_forum_subforum_count":0,"site-sidebar-layout":"default","site-content-layout":"","ast-site-content-layout":"default","site-content-style":"default","site-sidebar-style":"default","ast-global-header-display":"","ast-banner-title-visibility":"","ast-main-header-display":"","ast-hfb-above-header-display":"","ast-hfb-below-header-display":"","ast-hfb-mobile-header-display":"","site-post-title":"","ast-breadcrumbs-content":"","ast-featured-img":"","footer-sml-layout":"","theme-transparent-header-meta":"default","adv-header-id-meta":"","stick-header-meta":"","header-above-stick-meta":"","header-main-stick-meta":"","header-below-stick-meta":"","astra-migrate-meta-layouts":"set","ast-page-background-enabled":"default","ast-page-background-meta":{"desktop":{"background-color":"var(--ast-global-color-4)","background-image":"","background-repeat":"repeat","background-position":"center center","background-size":"auto","background-attachment":"scroll","background-type":"","background-media":"","overlay-type":"","overlay-color":"","overlay-opacity":"","overlay-gradient":""},"tablet":{"background-color":"","background-image":"","background-repeat":"repeat","background-position":"center center","background-size":"auto","background-attachment":"scroll","background-type":"","background-media":"","overlay-type":"","overlay-color":"","overlay-opacity":"","overlay-gradient":""},"mobile":{"background-color":"","background-image":"","background-repeat":"repeat","background-position":"center center","background-size":"auto","background-attachment":"scroll","background-type":"","background-media":"","overlay-type":"","overlay-color":"","overlay-opacity":"","overlay-gradient":""}},"ast-content-background-meta":{"desktop":{"background-color":"var(--ast-global-color-5)","background-image":"","background-repeat":"repeat","background-position":"center center","background-size":"auto","background-attachment":"scroll","background-type":"","background-media":"","overlay-type":"","overlay-color":"","overlay-opacity":"","overlay-gradient":""},"tablet":{"background-color":"var(--ast-global-color-5)","background-image":"","background-repeat":"repeat","background-position":"center center","background-size":"auto","background-attachment":"scroll","background-type":"","background-media":"","overlay-type":"","overlay-color":"","overlay-opacity":"","overlay-gradient":""},"mobile":{"background-color":"var(--ast-global-color-5)","background-image":"","background-repeat":"repeat","background-position":"center center","background-size":"auto","background-attachment":"scroll","background-type":"","background-media":"","overlay-type":"","overlay-color":"","overlay-opacity":"","overlay-gradient":""}},"footnotes":""},"class_list":["post-504","page","type-page","status-publish","hentry"],"post_mailing_queue_ids":[],"_links":{"self":[{"href":"https:\/\/agora.xtec.cat\/ceipescolamarina\/wp-json\/wp\/v2\/pages\/504","targetHints":{"allow":["GET"]}}],"collection":[{"href":"https:\/\/agora.xtec.cat\/ceipescolamarina\/wp-json\/wp\/v2\/pages"}],"about":[{"href":"https:\/\/agora.xtec.cat\/ceipescolamarina\/wp-json\/wp\/v2\/types\/page"}],"author":[{"embeddable":true,"href":"https:\/\/agora.xtec.cat\/ceipescolamarina\/wp-json\/wp\/v2\/users\/1"}],"replies":[{"embeddable":true,"href":"https:\/\/agora.xtec.cat\/ceipescolamarina\/wp-json\/wp\/v2\/comments?post=504"}],"version-history":[{"count":6,"href":"https:\/\/agora.xtec.cat\/ceipescolamarina\/wp-json\/wp\/v2\/pages\/504\/revisions"}],"predecessor-version":[{"id":7461,"href":"https:\/\/agora.xtec.cat\/ceipescolamarina\/wp-json\/wp\/v2\/pages\/504\/revisions\/7461"}],"up":[{"embeddable":true,"href":"https:\/\/agora.xtec.cat\/ceipescolamarina\/wp-json\/wp\/v2\/pages\/517"}],"wp:attachment":[{"href":"https:\/\/agora.xtec.cat\/ceipescolamarina\/wp-json\/wp\/v2\/media?parent=504"}],"curies":[{"name":"wp","href":"https:\/\/api.w.org\/{rel}","templated":true}]}}