{"id":502,"date":"2016-07-21T23:26:37","date_gmt":"2016-07-21T21:26:37","guid":{"rendered":"http:\/\/agora.xtec.cat\/ceipescolamarina\/?page_id=502"},"modified":"2025-11-11T13:26:08","modified_gmt":"2025-11-11T12:26:08","slug":"documents-de-centre","status":"publish","type":"page","link":"https:\/\/agora.xtec.cat\/ceipescolamarina\/families\/documents-de-centre\/","title":{"rendered":"Documents de centre"},"content":{"rendered":"<p>En aquest apartat trobareu tots els documents del centre:<\/p>\n<table style=\"border-collapse: collapse; width: 78.2751%;\">\n<tbody>\n<tr>\n<td style=\"width: 55.3333%; text-align: center;\">Projecte educatiu de centre (PEC)<\/td>\n<td style=\"width: 21.0676%; text-align: center;\"><a href=\"https:\/\/agora.xtec.cat\/ceipescolamarina\/lescola\/projecte-educatiu\/\" target=\"_blank\" rel=\"noopener\">Enlla\u00e7 al document<\/a><\/td>\n<\/tr>\n<tr>\n<td style=\"width: 55.3333%; text-align: center;\">Les Normes d&#8217;Organitzaci\u00f3 i Funcionament de Centre (NOFC)<\/td>\n<td style=\"width: 21.0676%; text-align: center;\"><a href=\"https:\/\/drive.google.com\/file\/d\/1la97LxKKUHl4Ss4YMVw7M62Y-LDQk1L1\/view?usp=sharing\" target=\"_blank\" rel=\"noopener\">Enlla\u00e7 al document<\/a><\/td>\n<\/tr>\n<tr>\n<td style=\"width: 55.3333%; text-align: center;\">Pla d&#8217;Atenci\u00f3 a la Diversitat<\/td>\n<td style=\"width: 21.0676%; text-align: center;\"><a href=\"https:\/\/drive.google.com\/file\/d\/1qLs7Xe_wFwapeSPoWhbyJhss2xRJMMAr\/view?usp=share_link\" target=\"_blank\" rel=\"noopener\">Enlla\u00e7 al document<\/a><\/td>\n<\/tr>\n<tr>\n<td style=\"width: 55.3333%; text-align: center;\">Projecte Ling\u00fc\u00edstic<\/td>\n<td style=\"width: 21.0676%; text-align: center;\"><a href=\"https:\/\/drive.google.com\/file\/d\/1kv8NKpB2rwUKcl7g-hyOClmiQnc4PD7b\/view?usp=sharing\" target=\"_blank\" rel=\"noopener\">Enlla\u00e7 al document<\/a><\/td>\n<\/tr>\n<tr>\n<td style=\"width: 55.3333%; text-align: center;\">Extracte Projecte Ling\u00fc\u00edstic<\/td>\n<td style=\"width: 21.0676%; text-align: center;\"><a href=\"https:\/\/drive.google.com\/file\/d\/1PxmwkQsVcgJdc9h5yF4QLioK4ZSIdnMa\/view?usp=share_link\" target=\"_blank\" rel=\"noopener\">Enlla\u00e7 al document<\/a><\/td>\n<\/tr>\n<tr>\n<td style=\"width: 55.3333%; text-align: center;\">Pla TAC<\/td>\n<td style=\"width: 21.0676%; text-align: center;\"><a href=\"https:\/\/drive.google.com\/file\/d\/1y6gcNKgC_rCuf8808PvAWAwo4IDg4fS2\/view?usp=share_link\" target=\"_blank\" rel=\"noopener\">Enlla\u00e7 al document<\/a><\/td>\n<\/tr>\n<tr>\n<td style=\"width: 55.3333%; text-align: center;\">Projecte de conviv\u00e8ncia<\/td>\n<td style=\"width: 21.0676%; text-align: center;\"><a href=\"https:\/\/drive.google.com\/file\/d\/19oQpawBcArLl-1vTztQjXjPzlYvJHX3N\/view?usp=share_link\" target=\"_blank\" rel=\"noopener\">Enlla\u00e7 al document<\/a><\/td>\n<\/tr>\n<tr>\n<td style=\"width: 55.3333%; text-align: center;\">Carta de comprom\u00eds educatiu (Educaci\u00f3 Infantil)<\/td>\n<td style=\"width: 21.0676%; text-align: center;\"><a href=\"https:\/\/drive.google.com\/file\/d\/1nkegif5WwPua7RdROGtjSK7qdQw5-rLo\/view?usp=share_link\" target=\"_blank\" rel=\"noopener\">Enlla\u00e7 al document<\/a><\/td>\n<\/tr>\n<tr>\n<td style=\"width: 55.3333%; text-align: center;\">Carta de comprom\u00eds educatiu (1r, 2n i 3r)<\/td>\n<td style=\"width: 21.0676%; text-align: center;\"><a href=\"https:\/\/drive.google.com\/file\/d\/16ZEgsnzeLd-WcRkJk18GxAtZoHOwaGSL\/view?usp=share_link\" target=\"_blank\" rel=\"noopener\">Enlla\u00e7 al document<\/a><\/td>\n<\/tr>\n<tr>\n<td style=\"width: 55.3333%; text-align: center;\">Carta de comprom\u00eds educatiu (4t, 5\u00e8 i 6\u00e8)<\/td>\n<td style=\"width: 21.0676%; text-align: center;\"><a href=\"https:\/\/drive.google.com\/file\/d\/1tKY4M18i1KsGJePn9XjOi7ObgW-ETlIW\/view?usp=share_link\" target=\"_blank\" rel=\"noopener\">Enlla\u00e7 al document<\/a><\/td>\n<\/tr>\n<tr>\n<td style=\"width: 55.3333%; text-align: center;\">Pressupost 2024<\/td>\n<td style=\"width: 21.0676%; text-align: center;\"><a href=\"https:\/\/drive.google.com\/file\/d\/1VWJa1RH4HZN0hrPxW6qUgPERZZNN-1tP\/view?usp=sharing\" target=\"_blank\" rel=\"noopener\">Enlla\u00e7 al document<\/a><\/td>\n<\/tr>\n<\/tbody>\n<\/table>\n","protected":false},"excerpt":{"rendered":"<p>En aquest apartat trobareu tots els documents del centre: Projecte educatiu de centre (PEC) Enlla\u00e7 al document Les Normes d&#8217;Organitzaci\u00f3 i Funcionament de Centre (NOFC) Enlla\u00e7 al document Pla d&#8217;Atenci\u00f3 a la Diversitat Enlla\u00e7 al document Projecte Ling\u00fc\u00edstic Enlla\u00e7 al document Extracte Projecte Ling\u00fc\u00edstic Enlla\u00e7 al document Pla TAC Enlla\u00e7 al document Projecte de conviv\u00e8ncia [&hellip;]<\/p>\n","protected":false},"author":1,"featured_media":0,"parent":517,"menu_order":40,"comment_status":"closed","ping_status":"closed","template":"","meta":{"_bbp_topic_count":0,"_bbp_reply_count":0,"_bbp_total_topic_count":0,"_bbp_total_reply_count":0,"_bbp_voice_count":0,"_bbp_anonymous_reply_count":0,"_bbp_topic_count_hidden":0,"_bbp_reply_count_hidden":0,"_bbp_forum_subforum_count":0,"site-sidebar-layout":"default","site-content-layout":"","ast-site-content-layout":"default","site-content-style":"default","site-sidebar-style":"default","ast-global-header-display":"","ast-banner-title-visibility":"","ast-main-header-display":"","ast-hfb-above-header-display":"","ast-hfb-below-header-display":"","ast-hfb-mobile-header-display":"","site-post-title":"","ast-breadcrumbs-content":"","ast-featured-img":"","footer-sml-layout":"","theme-transparent-header-meta":"default","adv-header-id-meta":"","stick-header-meta":"","header-above-stick-meta":"","header-main-stick-meta":"","header-below-stick-meta":"","astra-migrate-meta-layouts":"set","ast-page-background-enabled":"default","ast-page-background-meta":{"desktop":{"background-color":"var(--ast-global-color-4)","background-image":"","background-repeat":"repeat","background-position":"center center","background-size":"auto","background-attachment":"scroll","background-type":"","background-media":"","overlay-type":"","overlay-color":"","overlay-opacity":"","overlay-gradient":""},"tablet":{"background-color":"","background-image":"","background-repeat":"repeat","background-position":"center center","background-size":"auto","background-attachment":"scroll","background-type":"","background-media":"","overlay-type":"","overlay-color":"","overlay-opacity":"","overlay-gradient":""},"mobile":{"background-color":"","background-image":"","background-repeat":"repeat","background-position":"center center","background-size":"auto","background-attachment":"scroll","background-type":"","background-media":"","overlay-type":"","overlay-color":"","overlay-opacity":"","overlay-gradient":""}},"ast-content-background-meta":{"desktop":{"background-color":"var(--ast-global-color-5)","background-image":"","background-repeat":"repeat","background-position":"center center","background-size":"auto","background-attachment":"scroll","background-type":"","background-media":"","overlay-type":"","overlay-color":"","overlay-opacity":"","overlay-gradient":""},"tablet":{"background-color":"var(--ast-global-color-5)","background-image":"","background-repeat":"repeat","background-position":"center center","background-size":"auto","background-attachment":"scroll","background-type":"","background-media":"","overlay-type":"","overlay-color":"","overlay-opacity":"","overlay-gradient":""},"mobile":{"background-color":"var(--ast-global-color-5)","background-image":"","background-repeat":"repeat","background-position":"center center","background-size":"auto","background-attachment":"scroll","background-type":"","background-media":"","overlay-type":"","overlay-color":"","overlay-opacity":"","overlay-gradient":""}},"footnotes":""},"class_list":["post-502","page","type-page","status-publish","hentry"],"post_mailing_queue_ids":[],"_links":{"self":[{"href":"https:\/\/agora.xtec.cat\/ceipescolamarina\/wp-json\/wp\/v2\/pages\/502","targetHints":{"allow":["GET"]}}],"collection":[{"href":"https:\/\/agora.xtec.cat\/ceipescolamarina\/wp-json\/wp\/v2\/pages"}],"about":[{"href":"https:\/\/agora.xtec.cat\/ceipescolamarina\/wp-json\/wp\/v2\/types\/page"}],"author":[{"embeddable":true,"href":"https:\/\/agora.xtec.cat\/ceipescolamarina\/wp-json\/wp\/v2\/users\/1"}],"replies":[{"embeddable":true,"href":"https:\/\/agora.xtec.cat\/ceipescolamarina\/wp-json\/wp\/v2\/comments?post=502"}],"version-history":[{"count":6,"href":"https:\/\/agora.xtec.cat\/ceipescolamarina\/wp-json\/wp\/v2\/pages\/502\/revisions"}],"predecessor-version":[{"id":7353,"href":"https:\/\/agora.xtec.cat\/ceipescolamarina\/wp-json\/wp\/v2\/pages\/502\/revisions\/7353"}],"up":[{"embeddable":true,"href":"https:\/\/agora.xtec.cat\/ceipescolamarina\/wp-json\/wp\/v2\/pages\/517"}],"wp:attachment":[{"href":"https:\/\/agora.xtec.cat\/ceipescolamarina\/wp-json\/wp\/v2\/media?parent=502"}],"curies":[{"name":"wp","href":"https:\/\/api.w.org\/{rel}","templated":true}]}}