{"id":492,"date":"2016-07-21T22:58:48","date_gmt":"2016-07-21T20:58:48","guid":{"rendered":"http:\/\/agora.xtec.cat\/ceipescolamarina\/?page_id=492"},"modified":"2025-11-25T10:09:29","modified_gmt":"2025-11-25T09:09:29","slug":"plantejaments-educatius","status":"publish","type":"page","link":"https:\/\/agora.xtec.cat\/ceipescolamarina\/plantejaments-educatius\/","title":{"rendered":"Plantejaments educatius"},"content":{"rendered":"<p>En base a aquests objectius generals del nostre projecte educatiu, formulem els criteris pedag\u00f2gics que regeixen i orienten la nostra activitat professional, dins de dos \u00e0mbits d\u2019actuaci\u00f3: el pedag\u00f2gic i el de la conviv\u00e8ncia.<\/p>\n<h5>\u00c0mbit pedag\u00f2gic<\/h5>\n<ul style=\"list-style-type: square;\">\n<li>Treball amb situacions d&#8217;aprenentatge<\/li>\n<li>Ambients a Educaci\u00f3 Infantil<\/li>\n<li>Espais d&#8217;aprenentatge als cursos de 1r i 2n<\/li>\n<li>Propostes de treball als cursos de 3r a 6\u00e8<\/li>\n<li>Autoavaluaci\u00f3 de l&#8217;alumnat<\/li>\n<li>l&#8217;Estona de pensar: Filosofia 3\/18<\/li>\n<li>Agrupaments variables i treball cooperatiu<a href=\"http:\/\/agora.xtec.cat\/ceipescolamarina\/wp-content\/uploads\/usu1421\/2016\/07\/rotllana-blava2.jpg\"><img loading=\"lazy\" decoding=\"async\" class=\" wp-image-599 alignright\" src=\"http:\/\/agora.xtec.cat\/ceipescolamarina\/wp-content\/uploads\/usu1421\/2016\/07\/rotllana-blava2-1024x426.jpg\" alt=\"rotllana blava2\" width=\"575\" height=\"239\" srcset=\"https:\/\/agora.xtec.cat\/ceipescolamarina\/wp-content\/uploads\/usu1421\/2016\/07\/rotllana-blava2-1024x426.jpg 1024w, https:\/\/agora.xtec.cat\/ceipescolamarina\/wp-content\/uploads\/usu1421\/2016\/07\/rotllana-blava2-300x125.jpg 300w, https:\/\/agora.xtec.cat\/ceipescolamarina\/wp-content\/uploads\/usu1421\/2016\/07\/rotllana-blava2-768x319.jpg 768w\" sizes=\"auto, (max-width: 575px) 100vw, 575px\" \/><\/a><\/li>\n<li>Pla TAC<\/li>\n<li>Biblioteca escolar<\/li>\n<li>Treball de sons a educaci\u00f3 infantil<\/li>\n<li>Coneguem Montgat<\/li>\n<li>Projecte est\u00e8tic i ambiental de centre<\/li>\n<li>Festes d&#8217;escola<\/li>\n<li>Projecte &#8220;M\u00fasica a 4 cordes: l&#8217;Ukelele&#8221;<\/li>\n<li>Projecte de Vela<\/li>\n<li>Projecte d&#8217;innovaci\u00f3 &#8220;Apadrinem el nostre patrimoni&#8221;<\/li>\n<\/ul>\n<h5>\u00c0mbit de conviv\u00e8ncia<\/h5>\n<ul style=\"list-style-type: square;\">\n<li>Pla d&#8217;acci\u00f3 tutorial<\/li>\n<li>Pla de participaci\u00f3 i cooperaci\u00f3 de l&#8217;alumnat<\/li>\n<li>Pla d&#8217;adaptaci\u00f3 de l&#8217;alumnat<\/li>\n<li>Relaci\u00f3 amb les fam\u00edlies<\/li>\n<li>Centre formador<\/li>\n<\/ul>\n<p>&nbsp;<\/p>\n<p>&nbsp;<\/p>\n<p>&nbsp;<\/p>\n","protected":false},"excerpt":{"rendered":"<p>En base a aquests objectius generals del nostre projecte educatiu, formulem els criteris pedag\u00f2gics que regeixen i orienten la nostra activitat professional, dins de dos \u00e0mbits d\u2019actuaci\u00f3: el pedag\u00f2gic i el de la conviv\u00e8ncia. \u00c0mbit pedag\u00f2gic Treball amb situacions d&#8217;aprenentatge Ambients a Educaci\u00f3 Infantil Espais d&#8217;aprenentatge als cursos de 1r i 2n Propostes de treball [&hellip;]<\/p>\n","protected":false},"author":1,"featured_media":0,"parent":0,"menu_order":9,"comment_status":"closed","ping_status":"closed","template":"","meta":{"_bbp_topic_count":0,"_bbp_reply_count":0,"_bbp_total_topic_count":0,"_bbp_total_reply_count":0,"_bbp_voice_count":0,"_bbp_anonymous_reply_count":0,"_bbp_topic_count_hidden":0,"_bbp_reply_count_hidden":0,"_bbp_forum_subforum_count":0,"site-sidebar-layout":"default","site-content-layout":"","ast-site-content-layout":"default","site-content-style":"default","site-sidebar-style":"default","ast-global-header-display":"","ast-banner-title-visibility":"","ast-main-header-display":"","ast-hfb-above-header-display":"","ast-hfb-below-header-display":"","ast-hfb-mobile-header-display":"","site-post-title":"","ast-breadcrumbs-content":"","ast-featured-img":"","footer-sml-layout":"","theme-transparent-header-meta":"default","adv-header-id-meta":"","stick-header-meta":"","header-above-stick-meta":"","header-main-stick-meta":"","header-below-stick-meta":"","astra-migrate-meta-layouts":"set","ast-page-background-enabled":"default","ast-page-background-meta":{"desktop":{"background-color":"var(--ast-global-color-4)","background-image":"","background-repeat":"repeat","background-position":"center center","background-size":"auto","background-attachment":"scroll","background-type":"","background-media":"","overlay-type":"","overlay-color":"","overlay-opacity":"","overlay-gradient":""},"tablet":{"background-color":"","background-image":"","background-repeat":"repeat","background-position":"center center","background-size":"auto","background-attachment":"scroll","background-type":"","background-media":"","overlay-type":"","overlay-color":"","overlay-opacity":"","overlay-gradient":""},"mobile":{"background-color":"","background-image":"","background-repeat":"repeat","background-position":"center center","background-size":"auto","background-attachment":"scroll","background-type":"","background-media":"","overlay-type":"","overlay-color":"","overlay-opacity":"","overlay-gradient":""}},"ast-content-background-meta":{"desktop":{"background-color":"var(--ast-global-color-5)","background-image":"","background-repeat":"repeat","background-position":"center center","background-size":"auto","background-attachment":"scroll","background-type":"","background-media":"","overlay-type":"","overlay-color":"","overlay-opacity":"","overlay-gradient":""},"tablet":{"background-color":"var(--ast-global-color-5)","background-image":"","background-repeat":"repeat","background-position":"center center","background-size":"auto","background-attachment":"scroll","background-type":"","background-media":"","overlay-type":"","overlay-color":"","overlay-opacity":"","overlay-gradient":""},"mobile":{"background-color":"var(--ast-global-color-5)","background-image":"","background-repeat":"repeat","background-position":"center center","background-size":"auto","background-attachment":"scroll","background-type":"","background-media":"","overlay-type":"","overlay-color":"","overlay-opacity":"","overlay-gradient":""}},"footnotes":""},"class_list":["post-492","page","type-page","status-publish","hentry"],"post_mailing_queue_ids":[],"_links":{"self":[{"href":"https:\/\/agora.xtec.cat\/ceipescolamarina\/wp-json\/wp\/v2\/pages\/492","targetHints":{"allow":["GET"]}}],"collection":[{"href":"https:\/\/agora.xtec.cat\/ceipescolamarina\/wp-json\/wp\/v2\/pages"}],"about":[{"href":"https:\/\/agora.xtec.cat\/ceipescolamarina\/wp-json\/wp\/v2\/types\/page"}],"author":[{"embeddable":true,"href":"https:\/\/agora.xtec.cat\/ceipescolamarina\/wp-json\/wp\/v2\/users\/1"}],"replies":[{"embeddable":true,"href":"https:\/\/agora.xtec.cat\/ceipescolamarina\/wp-json\/wp\/v2\/comments?post=492"}],"version-history":[{"count":4,"href":"https:\/\/agora.xtec.cat\/ceipescolamarina\/wp-json\/wp\/v2\/pages\/492\/revisions"}],"predecessor-version":[{"id":7452,"href":"https:\/\/agora.xtec.cat\/ceipescolamarina\/wp-json\/wp\/v2\/pages\/492\/revisions\/7452"}],"wp:attachment":[{"href":"https:\/\/agora.xtec.cat\/ceipescolamarina\/wp-json\/wp\/v2\/media?parent=492"}],"curies":[{"name":"wp","href":"https:\/\/api.w.org\/{rel}","templated":true}]}}