{"id":4323,"date":"2021-02-22T22:33:53","date_gmt":"2021-02-22T21:33:53","guid":{"rendered":"http:\/\/agora.xtec.cat\/ceipescolamarina\/?page_id=4323"},"modified":"2026-01-13T10:23:15","modified_gmt":"2026-01-13T09:23:15","slug":"portes-obertes","status":"publish","type":"page","link":"https:\/\/agora.xtec.cat\/ceipescolamarina\/preinscripcio-i-matricula-2026-27\/portes-obertes\/","title":{"rendered":"Portes Obertes"},"content":{"rendered":"<div>\n<p>Properament realitzarem un parell de sessions de portes obertes, orientades a les fam\u00edlies de nova matr\u00edcula.<\/p>\n<ul>\n<li><strong>Divendres 27 de febrer, a les 9:15h<\/strong>. Farem una sessi\u00f3 dins de l\u2019horari per tal que pugueu veure l\u2019escola en funcionament.<\/li>\n<li><strong>Dissabte 28 de febrer, a les 11h. <\/strong>Realitzarem un recorregut per l\u2019escola on podreu veure les instal\u00b7lacions i realitzarem una xerrada per explicar-vos en nostre projecte educatiu i resoldre els vostres dubtes.<\/li>\n<\/ul>\n<p>Les dues sessions s\u00f3n complement\u00e0ries i podeu assistir a les dues.<\/p>\n<p>Per tal de reservar pla\u00e7a, us demanem que ompliu aquest formulari i ens faciliteu les vostres dades de contacte.<\/p>\n<table style=\"width: 53.9773%; border-collapse: collapse; background-color: #f1f7a8; height: 43px;\">\n<tbody>\n<tr>\n<td style=\"width: 100%; text-align: center;\">\n<h5><span style=\"color: #333399;\"><a style=\"color: #333399;\" href=\"https:\/\/forms.gle\/CGAsKqbUpYHDaTmj6\" target=\"_blank\" rel=\"noopener\" data-saferedirecturl=\"https:\/\/www.google.com\/url?q=https:\/\/forms.gle\/CGAsKqbUpYHDaTmj6&amp;source=gmail&amp;ust=1705390962136000&amp;usg=AOvVaw28CFRCMys9K3rb8Ck1eFLQ\"><strong>\u00a0E N L L A \u00c7\u00a0 \u00a0 \u00a0A L\u00a0 \u00a0 \u00a0F O R M U L A R I<\/strong><\/a><\/span><\/h5>\n<\/td>\n<\/tr>\n<\/tbody>\n<\/table>\n<h5>Per a qualsevol dubte, poseu-vos en contacte amb l\u2019escola enviant-nos un correu electr\u00f2nic (<strong>preinscripcio@escolamarina.cat<\/strong>) o b\u00e9 trucant-nos al tel\u00e8fon m\u00f2bil de contacte:\u00a0<strong>664 67 24 17<\/strong>\u00a0(en horari de 10h a 13:30h i de 15h a 16h)<\/h5>\n<p><a href=\"https:\/\/agora.xtec.cat\/ceipescolamarina\/wp-content\/uploads\/usu1421\/2026\/01\/cercle-blau.png\"><img loading=\"lazy\" decoding=\"async\" class=\"wp-image-7539  alignnone\" src=\"https:\/\/agora.xtec.cat\/ceipescolamarina\/wp-content\/uploads\/usu1421\/2026\/01\/cercle-blau-e1768296151285.png\" alt=\"\" width=\"142\" height=\"129\" srcset=\"https:\/\/agora.xtec.cat\/ceipescolamarina\/wp-content\/uploads\/usu1421\/2026\/01\/cercle-blau-e1768296151285.png 670w, https:\/\/agora.xtec.cat\/ceipescolamarina\/wp-content\/uploads\/usu1421\/2026\/01\/cercle-blau-e1768296151285-300x272.png 300w\" sizes=\"auto, (max-width: 142px) 100vw, 142px\" \/><\/a><\/p>\n<p style=\"text-align: right;\">data actualitzaci\u00f3: 13.01.26<\/p>\n<\/div>\n<div>\n<p style=\"text-align: right;\">\n<\/div>\n<hr \/>\n<p>Aprofitem per compartir amb vosaltres uns v\u00eddeos que mostren com es concreta el nostre projecte educatiu.<\/p>\n<ul>\n<li>\n<h5>Treball per projectes<\/h5>\n<\/li>\n<\/ul>\n<p><iframe loading=\"lazy\" src=\"https:\/\/drive.google.com\/file\/d\/1fNkoBdTV_J9Gw1qz4G3Szz-x1bHK4T2G\/preview\" width=\"640\" height=\"360\"><span data-mce-type=\"bookmark\" style=\"display: inline-block; width: 0px; overflow: hidden; line-height: 0;\" class=\"mce_SELRES_start\">\ufeff<\/span><\/iframe><\/p>\n<ul>\n<li>\n<h5>C\u00e0rrecs d&#8217;escola<\/h5>\n<\/li>\n<\/ul>\n<p><iframe loading=\"lazy\" src=\"https:\/\/drive.google.com\/file\/d\/1ivJ-1Md8wQcJRBx0wUb8xPUuvZy9zekK\/preview\" width=\"640\" height=\"360\"><span data-mce-type=\"bookmark\" style=\"display: inline-block; width: 0px; overflow: hidden; line-height: 0;\" class=\"mce_SELRES_start\">\ufeff<\/span><\/iframe><\/p>\n<ul>\n<li>\n<h5>Estona de pensar<\/h5>\n<\/li>\n<\/ul>\n<p><iframe loading=\"lazy\" src=\"https:\/\/drive.google.com\/file\/d\/1gC0WKziIpkGwIlDUgsxjOkFNAFQYIGbw\/preview\" width=\"640\" height=\"360\"><\/iframe><\/p>\n<ul>\n<li>\n<h5>Tutoritzaci\u00f3 d&#8217;alumnes m\u00e9s petits<\/h5>\n<\/li>\n<\/ul>\n<p><iframe loading=\"lazy\" src=\"https:\/\/drive.google.com\/file\/d\/14x0DyPG4G-2f_UAde4Yhha8KmVtU6W3E\/preview\" width=\"640\" height=\"360\"><span data-mce-type=\"bookmark\" style=\"display: inline-block; width: 0px; overflow: hidden; line-height: 0;\" class=\"mce_SELRES_start\">\ufeff<\/span><\/iframe><\/p>\n<ul>\n<li>\n<h5>Assemblea de delegades i delegats<\/h5>\n<\/li>\n<\/ul>\n<p><iframe loading=\"lazy\" src=\"https:\/\/drive.google.com\/file\/d\/1YVAUtLkcQpZiWhHDtrNg3AoU3v_Vtb2l\/preview\" width=\"640\" height=\"360\"><\/iframe><\/p>\n<ul>\n<li>\n<h5>Autoavaluaci\u00f3<\/h5>\n<\/li>\n<\/ul>\n<p><iframe loading=\"lazy\" src=\"https:\/\/drive.google.com\/file\/d\/1oi9CCe2ORNqamW3UNqE-r-QvpeNbIxSH\/preview\" width=\"640\" height=\"360\"><span data-mce-type=\"bookmark\" style=\"display: inline-block; width: 0px; overflow: hidden; line-height: 0;\" class=\"mce_SELRES_start\">\ufeff<\/span><\/iframe><\/p>\n<ul>\n<li>\n<h5>Festes d&#8217;escola<\/h5>\n<\/li>\n<\/ul>\n<p><iframe loading=\"lazy\" src=\"https:\/\/drive.google.com\/file\/d\/1xJshTzKk8QJk9fYPmcbU1ZCKWuapxnwl\/preview\" width=\"640\" height=\"360\"><span data-mce-type=\"bookmark\" style=\"display: inline-block; width: 0px; overflow: hidden; line-height: 0;\" class=\"mce_SELRES_start\">\ufeff<\/span><\/iframe><\/p>\n<ul>\n<li>\n<h5>Els espais de l&#8217;escola<\/h5>\n<\/li>\n<\/ul>\n<p><iframe loading=\"lazy\" src=\"https:\/\/drive.google.com\/file\/d\/1w56KdKZwsAO5afE6np2lIbs1O88CPDS-\/preview\" width=\"640\" height=\"360\"><span data-mce-type=\"bookmark\" style=\"display: inline-block; width: 0px; overflow: hidden; line-height: 0;\" class=\"mce_SELRES_start\">\ufeff<\/span><\/iframe><\/p>\n","protected":false},"excerpt":{"rendered":"<p>Properament realitzarem un parell de sessions de portes obertes, orientades a les fam\u00edlies de nova matr\u00edcula. Divendres 27 de febrer, a les 9:15h. Farem una sessi\u00f3 dins de l\u2019horari per tal que pugueu veure l\u2019escola en funcionament. Dissabte 28 de febrer, a les 11h. Realitzarem un recorregut per l\u2019escola on podreu veure les instal\u00b7lacions i [&hellip;]<\/p>\n","protected":false},"author":1,"featured_media":0,"parent":5321,"menu_order":20,"comment_status":"closed","ping_status":"closed","template":"","meta":{"_bbp_topic_count":0,"_bbp_reply_count":0,"_bbp_total_topic_count":0,"_bbp_total_reply_count":0,"_bbp_voice_count":0,"_bbp_anonymous_reply_count":0,"_bbp_topic_count_hidden":0,"_bbp_reply_count_hidden":0,"_bbp_forum_subforum_count":0,"site-sidebar-layout":"default","site-content-layout":"","ast-site-content-layout":"default","site-content-style":"default","site-sidebar-style":"default","ast-global-header-display":"","ast-banner-title-visibility":"","ast-main-header-display":"","ast-hfb-above-header-display":"","ast-hfb-below-header-display":"","ast-hfb-mobile-header-display":"","site-post-title":"","ast-breadcrumbs-content":"","ast-featured-img":"","footer-sml-layout":"","theme-transparent-header-meta":"default","adv-header-id-meta":"","stick-header-meta":"","header-above-stick-meta":"","header-main-stick-meta":"","header-below-stick-meta":"","astra-migrate-meta-layouts":"set","ast-page-background-enabled":"default","ast-page-background-meta":{"desktop":{"background-color":"var(--ast-global-color-4)","background-image":"","background-repeat":"repeat","background-position":"center center","background-size":"auto","background-attachment":"scroll","background-type":"","background-media":"","overlay-type":"","overlay-color":"","overlay-opacity":"","overlay-gradient":""},"tablet":{"background-color":"","background-image":"","background-repeat":"repeat","background-position":"center center","background-size":"auto","background-attachment":"scroll","background-type":"","background-media":"","overlay-type":"","overlay-color":"","overlay-opacity":"","overlay-gradient":""},"mobile":{"background-color":"","background-image":"","background-repeat":"repeat","background-position":"center center","background-size":"auto","background-attachment":"scroll","background-type":"","background-media":"","overlay-type":"","overlay-color":"","overlay-opacity":"","overlay-gradient":""}},"ast-content-background-meta":{"desktop":{"background-color":"var(--ast-global-color-5)","background-image":"","background-repeat":"repeat","background-position":"center center","background-size":"auto","background-attachment":"scroll","background-type":"","background-media":"","overlay-type":"","overlay-color":"","overlay-opacity":"","overlay-gradient":""},"tablet":{"background-color":"var(--ast-global-color-5)","background-image":"","background-repeat":"repeat","background-position":"center center","background-size":"auto","background-attachment":"scroll","background-type":"","background-media":"","overlay-type":"","overlay-color":"","overlay-opacity":"","overlay-gradient":""},"mobile":{"background-color":"var(--ast-global-color-5)","background-image":"","background-repeat":"repeat","background-position":"center center","background-size":"auto","background-attachment":"scroll","background-type":"","background-media":"","overlay-type":"","overlay-color":"","overlay-opacity":"","overlay-gradient":""}},"footnotes":""},"class_list":["post-4323","page","type-page","status-publish","hentry"],"post_mailing_queue_ids":[],"_links":{"self":[{"href":"https:\/\/agora.xtec.cat\/ceipescolamarina\/wp-json\/wp\/v2\/pages\/4323","targetHints":{"allow":["GET"]}}],"collection":[{"href":"https:\/\/agora.xtec.cat\/ceipescolamarina\/wp-json\/wp\/v2\/pages"}],"about":[{"href":"https:\/\/agora.xtec.cat\/ceipescolamarina\/wp-json\/wp\/v2\/types\/page"}],"author":[{"embeddable":true,"href":"https:\/\/agora.xtec.cat\/ceipescolamarina\/wp-json\/wp\/v2\/users\/1"}],"replies":[{"embeddable":true,"href":"https:\/\/agora.xtec.cat\/ceipescolamarina\/wp-json\/wp\/v2\/comments?post=4323"}],"version-history":[{"count":7,"href":"https:\/\/agora.xtec.cat\/ceipescolamarina\/wp-json\/wp\/v2\/pages\/4323\/revisions"}],"predecessor-version":[{"id":7540,"href":"https:\/\/agora.xtec.cat\/ceipescolamarina\/wp-json\/wp\/v2\/pages\/4323\/revisions\/7540"}],"up":[{"embeddable":true,"href":"https:\/\/agora.xtec.cat\/ceipescolamarina\/wp-json\/wp\/v2\/pages\/5321"}],"wp:attachment":[{"href":"https:\/\/agora.xtec.cat\/ceipescolamarina\/wp-json\/wp\/v2\/media?parent=4323"}],"curies":[{"name":"wp","href":"https:\/\/api.w.org\/{rel}","templated":true}]}}