{"id":3610,"date":"2019-10-07T23:03:21","date_gmt":"2019-10-07T21:03:21","guid":{"rendered":"http:\/\/agora.xtec.cat\/ceipescolamarina\/?page_id=3610"},"modified":"2023-01-17T20:20:08","modified_gmt":"2023-01-17T19:20:08","slug":"calaixos-daprenentatge-a-3r-i-4t","status":"publish","type":"page","link":"https:\/\/agora.xtec.cat\/ceipescolamarina\/plantejaments-educatius\/calaixos-daprenentatge-a-3r-i-4t\/","title":{"rendered":"Calaixos d&#8217;aprenentatge a 3r i 4t"},"content":{"rendered":"<p><span style=\"font-weight: 400;\">S\u00f3n una nova manera de treballar. Anem actualitzant i modernitzant les metodologies de treball a l\u2019aula per fomentar les <strong>compet\u00e8ncies<\/strong> que necessitaran els\/les alumnes quan acabin l\u2019escolaritzaci\u00f3 obligat\u00f2ria. I a m\u00e9s, fem que el proc\u00e9s d\u2019aprenentatge sigui m\u00e9s atractiu i <strong>significatiu<\/strong> per a ells.<\/span><\/p>\n<p><span style=\"font-weight: 400;\">Els alumnes tenen una capsa on troben les tasques que han d\u2019anar realitzant de manera <strong>individual<\/strong>. Dins de cada capsa, troben les <strong>instruccions<\/strong> que han d\u2019anar seguint, i tamb\u00e9 tot el <strong>material<\/strong> que necessiten.<\/span><\/p>\n<p><span style=\"font-weight: 400;\">S\u00f3n una proposta de treball que provoca <strong>curiositat<\/strong> i proposa <strong>reptes<\/strong>, donant suficient temps per a poder anar investigant i reflexionant, per tal d\u2019ajudar als nens i nenes a <strong>anar construint els seus aprenentatges<\/strong>. S\u00f3n propostes engrescadores amb respostes obertes que fomenten <strong>l\u2019autonomia<\/strong> i actituds positives.<\/span><\/p>\n<p><span style=\"font-weight: 400;\"><a href=\"https:\/\/agora.xtec.cat\/ceipescolamarina\/wp-content\/uploads\/usu1421\/2019\/11\/20191118_131139-web.jpg\"><img loading=\"lazy\" decoding=\"async\" class=\"wp-image-3698 alignleft\" src=\"https:\/\/agora.xtec.cat\/ceipescolamarina\/wp-content\/uploads\/usu1421\/2019\/11\/20191118_131139-web.jpg\" alt=\"\" width=\"477\" height=\"358\" srcset=\"https:\/\/agora.xtec.cat\/ceipescolamarina\/wp-content\/uploads\/usu1421\/2019\/11\/20191118_131139-web.jpg 800w, https:\/\/agora.xtec.cat\/ceipescolamarina\/wp-content\/uploads\/usu1421\/2019\/11\/20191118_131139-web-300x225.jpg 300w, https:\/\/agora.xtec.cat\/ceipescolamarina\/wp-content\/uploads\/usu1421\/2019\/11\/20191118_131139-web-768x576.jpg 768w, https:\/\/agora.xtec.cat\/ceipescolamarina\/wp-content\/uploads\/usu1421\/2019\/11\/20191118_131139-web-200x150.jpg 200w\" sizes=\"auto, (max-width: 477px) 100vw, 477px\" \/><\/a><\/span><\/p>\n","protected":false},"excerpt":{"rendered":"<p>S\u00f3n una nova manera de treballar. Anem actualitzant i modernitzant les metodologies de treball a l\u2019aula per fomentar les compet\u00e8ncies que necessitaran els\/les alumnes quan acabin l\u2019escolaritzaci\u00f3 obligat\u00f2ria. I a m\u00e9s, fem que el proc\u00e9s d\u2019aprenentatge sigui m\u00e9s atractiu i significatiu per a ells. Els alumnes tenen una capsa on troben les tasques que han [&hellip;]<\/p>\n","protected":false},"author":1,"featured_media":0,"parent":492,"menu_order":40,"comment_status":"closed","ping_status":"closed","template":"page-templates\/side-menu.php","meta":{"_bbp_topic_count":0,"_bbp_reply_count":0,"_bbp_total_topic_count":0,"_bbp_total_reply_count":0,"_bbp_voice_count":0,"_bbp_anonymous_reply_count":0,"_bbp_topic_count_hidden":0,"_bbp_reply_count_hidden":0,"_bbp_forum_subforum_count":0,"site-sidebar-layout":"default","site-content-layout":"","ast-site-content-layout":"","site-content-style":"default","site-sidebar-style":"default","ast-global-header-display":"","ast-banner-title-visibility":"","ast-main-header-display":"","ast-hfb-above-header-display":"","ast-hfb-below-header-display":"","ast-hfb-mobile-header-display":"","site-post-title":"","ast-breadcrumbs-content":"","ast-featured-img":"","footer-sml-layout":"","theme-transparent-header-meta":"","adv-header-id-meta":"","stick-header-meta":"","header-above-stick-meta":"","header-main-stick-meta":"","header-below-stick-meta":"","astra-migrate-meta-layouts":"default","ast-page-background-enabled":"default","ast-page-background-meta":{"desktop":{"background-color":"var(--ast-global-color-4)","background-image":"","background-repeat":"repeat","background-position":"center center","background-size":"auto","background-attachment":"scroll","background-type":"","background-media":"","overlay-type":"","overlay-color":"","overlay-opacity":"","overlay-gradient":""},"tablet":{"background-color":"","background-image":"","background-repeat":"repeat","background-position":"center center","background-size":"auto","background-attachment":"scroll","background-type":"","background-media":"","overlay-type":"","overlay-color":"","overlay-opacity":"","overlay-gradient":""},"mobile":{"background-color":"","background-image":"","background-repeat":"repeat","background-position":"center center","background-size":"auto","background-attachment":"scroll","background-type":"","background-media":"","overlay-type":"","overlay-color":"","overlay-opacity":"","overlay-gradient":""}},"ast-content-background-meta":{"desktop":{"background-color":"var(--ast-global-color-5)","background-image":"","background-repeat":"repeat","background-position":"center center","background-size":"auto","background-attachment":"scroll","background-type":"","background-media":"","overlay-type":"","overlay-color":"","overlay-opacity":"","overlay-gradient":""},"tablet":{"background-color":"var(--ast-global-color-5)","background-image":"","background-repeat":"repeat","background-position":"center center","background-size":"auto","background-attachment":"scroll","background-type":"","background-media":"","overlay-type":"","overlay-color":"","overlay-opacity":"","overlay-gradient":""},"mobile":{"background-color":"var(--ast-global-color-5)","background-image":"","background-repeat":"repeat","background-position":"center center","background-size":"auto","background-attachment":"scroll","background-type":"","background-media":"","overlay-type":"","overlay-color":"","overlay-opacity":"","overlay-gradient":""}},"footnotes":""},"class_list":["post-3610","page","type-page","status-publish","hentry"],"post_mailing_queue_ids":[],"_links":{"self":[{"href":"https:\/\/agora.xtec.cat\/ceipescolamarina\/wp-json\/wp\/v2\/pages\/3610","targetHints":{"allow":["GET"]}}],"collection":[{"href":"https:\/\/agora.xtec.cat\/ceipescolamarina\/wp-json\/wp\/v2\/pages"}],"about":[{"href":"https:\/\/agora.xtec.cat\/ceipescolamarina\/wp-json\/wp\/v2\/types\/page"}],"author":[{"embeddable":true,"href":"https:\/\/agora.xtec.cat\/ceipescolamarina\/wp-json\/wp\/v2\/users\/1"}],"replies":[{"embeddable":true,"href":"https:\/\/agora.xtec.cat\/ceipescolamarina\/wp-json\/wp\/v2\/comments?post=3610"}],"version-history":[{"count":3,"href":"https:\/\/agora.xtec.cat\/ceipescolamarina\/wp-json\/wp\/v2\/pages\/3610\/revisions"}],"predecessor-version":[{"id":3700,"href":"https:\/\/agora.xtec.cat\/ceipescolamarina\/wp-json\/wp\/v2\/pages\/3610\/revisions\/3700"}],"up":[{"embeddable":true,"href":"https:\/\/agora.xtec.cat\/ceipescolamarina\/wp-json\/wp\/v2\/pages\/492"}],"wp:attachment":[{"href":"https:\/\/agora.xtec.cat\/ceipescolamarina\/wp-json\/wp\/v2\/media?parent=3610"}],"curies":[{"name":"wp","href":"https:\/\/api.w.org\/{rel}","templated":true}]}}