{"id":3306,"date":"2019-03-11T23:43:35","date_gmt":"2019-03-11T22:43:35","guid":{"rendered":"http:\/\/agora.xtec.cat\/ceipescolamarina\/?page_id=3306"},"modified":"2025-11-25T10:27:47","modified_gmt":"2025-11-25T09:27:47","slug":"espais-daprenentatge-a-1r-i-2n","status":"publish","type":"page","link":"https:\/\/agora.xtec.cat\/ceipescolamarina\/plantejaments-educatius\/espais-daprenentatge-a-1r-i-2n\/","title":{"rendered":"Espais d&#8217;aprenentatge a 1r i 2n"},"content":{"rendered":"<p>Els espais<a href=\"https:\/\/agora.xtec.cat\/ceipescolamarina\/wp-content\/uploads\/usu1421\/2019\/04\/espais-3-1.jpg\"><img loading=\"lazy\" decoding=\"async\" class=\"alignleft wp-image-3430\" src=\"https:\/\/agora.xtec.cat\/ceipescolamarina\/wp-content\/uploads\/usu1421\/2019\/04\/espais-3-1.jpg\" alt=\"\" width=\"253\" height=\"315\" srcset=\"https:\/\/agora.xtec.cat\/ceipescolamarina\/wp-content\/uploads\/usu1421\/2019\/04\/espais-3-1.jpg 1128w, https:\/\/agora.xtec.cat\/ceipescolamarina\/wp-content\/uploads\/usu1421\/2019\/04\/espais-3-1-241x300.jpg 241w, https:\/\/agora.xtec.cat\/ceipescolamarina\/wp-content\/uploads\/usu1421\/2019\/04\/espais-3-1-768x956.jpg 768w, https:\/\/agora.xtec.cat\/ceipescolamarina\/wp-content\/uploads\/usu1421\/2019\/04\/espais-3-1-823x1024.jpg 823w\" sizes=\"auto, (max-width: 253px) 100vw, 253px\" \/><\/a> d\u2019aprenentatge s\u00f3n <strong>moments educatius<\/strong> relaxats, l\u00fadics i no directius on infants de diferents edats aprenen utilitzant com a motor l\u2019inter\u00e8s propi. S\u00f3n <strong>ambients acollidors<\/strong>, que transmeten benestar i calidesa, amb <strong>varietat de materials estructurats i no estructurats<\/strong>. En els espais hi ha diferents propostes d\u2019aprenentatge en les quals els infants poden observar, investigar, experimentar, provar, assajar, modificar, construir, elaborar, relacionar-se, dialogar, compartir, jugar, inventar, crear i desenvolupar-se lliurement, individualment o en grup.<\/p>\n<p>S\u2019ha demostrat que <strong>l&#8217;infant apr\u00e8n jugant i juga aprenent<\/strong>. Per tant els espais d\u2019aprenentatge responen a aquesta necessitat i permeten que es desenvolupi i elabori un aprenentatge significatiu.<\/p>\n<p>Els infants duen a terme un paper actiu, <strong>prenen decisions<\/strong>. Ells s\u00f3n els veritables protagonistes del propi aprenentatge. Per tant la motivaci\u00f3 i l\u2019inter\u00e8s s\u00f3n la clau.<\/p>\n<p>El mestre <strong>acompanya<\/strong>, guia i respecta cada moment. D\u2019aquesta manera guanyen <strong>autonomia<\/strong> i <strong>autoconfian\u00e7a<\/strong>. Tamb\u00e9 es fomenta la <strong>iniciativa<\/strong> personal i la <strong>relaci\u00f3<\/strong> amb els altres.<\/p>\n<p>L\u2019espai esdev\u00e9 determinant per aconseguir els objectius educatius proposats, ja que quan el lloc f\u00edsic genera benestar facilita que s\u2019hi produeixi aprenentatge.<\/p>\n<p>L\u2019espai d\u2019aprenentatge est\u00e0 organitzat de manera que s\u2019adapta a les possibilitats, als <strong>interessos<\/strong> i a les <strong>necessitats<\/strong> dels infants que l\u2019han d\u2019utilitzar. Els elements estan disposats de forma <strong>ordenada<\/strong> i <strong>din\u00e0mica<\/strong>, amb prestatgeries i <strong>mobiliari a l\u2019abast<\/strong> i l\u2019al\u00e7ada dels infants. El fet que sigui m\u00f2bil ens d\u00f3na opcions de flexibilitat, <strong>canvi<\/strong> i transformaci\u00f3.<\/p>\n<p style=\"text-align: right;\"><em>\u201cL\u2019educaci\u00f3 \u00e9s un esdeveniment fet d\u2019interaccions complexes moltes de les quals es produeixen si l\u2019espai hi participa\u201d<\/em><\/p>\n<p style=\"text-align: right;\"><em>Loris Malaguzzi<\/em><\/p>\n<table style=\"border-collapse: collapse; width: 100%;\" border=\"1\">\n<tbody>\n<tr>\n<td style=\"width: 33.3333%;\"><a href=\"https:\/\/agora.xtec.cat\/ceipescolamarina\/wp-content\/uploads\/usu1421\/2019\/04\/espais-5-c\u00f2pia.jpg\"><img loading=\"lazy\" decoding=\"async\" class=\"alignleft size-full wp-image-3429\" src=\"https:\/\/agora.xtec.cat\/ceipescolamarina\/wp-content\/uploads\/usu1421\/2019\/04\/espais-5-c\u00f2pia.jpg\" alt=\"\" width=\"1321\" height=\"1012\" srcset=\"https:\/\/agora.xtec.cat\/ceipescolamarina\/wp-content\/uploads\/usu1421\/2019\/04\/espais-5-c\u00f2pia.jpg 1321w, https:\/\/agora.xtec.cat\/ceipescolamarina\/wp-content\/uploads\/usu1421\/2019\/04\/espais-5-c\u00f2pia-300x230.jpg 300w, https:\/\/agora.xtec.cat\/ceipescolamarina\/wp-content\/uploads\/usu1421\/2019\/04\/espais-5-c\u00f2pia-768x588.jpg 768w, https:\/\/agora.xtec.cat\/ceipescolamarina\/wp-content\/uploads\/usu1421\/2019\/04\/espais-5-c\u00f2pia-1024x784.jpg 1024w\" sizes=\"auto, (max-width: 1321px) 100vw, 1321px\" \/><\/a><\/td>\n<td style=\"width: 33.3333%;\"><a href=\"https:\/\/agora.xtec.cat\/ceipescolamarina\/wp-content\/uploads\/usu1421\/2019\/04\/espais-1.jpg\"><img loading=\"lazy\" decoding=\"async\" class=\"wp-image-3425 aligncenter\" src=\"https:\/\/agora.xtec.cat\/ceipescolamarina\/wp-content\/uploads\/usu1421\/2019\/04\/espais-1.jpg\" alt=\"\" width=\"347\" height=\"287\" srcset=\"https:\/\/agora.xtec.cat\/ceipescolamarina\/wp-content\/uploads\/usu1421\/2019\/04\/espais-1.jpg 766w, https:\/\/agora.xtec.cat\/ceipescolamarina\/wp-content\/uploads\/usu1421\/2019\/04\/espais-1-300x248.jpg 300w\" sizes=\"auto, (max-width: 347px) 100vw, 347px\" \/><\/a><\/td>\n<td style=\"width: 33.3333%;\"><\/td>\n<\/tr>\n<\/tbody>\n<\/table>\n","protected":false},"excerpt":{"rendered":"<p>Els espais d\u2019aprenentatge s\u00f3n moments educatius relaxats, l\u00fadics i no directius on infants de diferents edats aprenen utilitzant com a motor l\u2019inter\u00e8s propi. S\u00f3n ambients acollidors, que transmeten benestar i calidesa, amb varietat de materials estructurats i no estructurats. En els espais hi ha diferents propostes d\u2019aprenentatge en les quals els infants poden observar, investigar, [&hellip;]<\/p>\n","protected":false},"author":1,"featured_media":0,"parent":492,"menu_order":30,"comment_status":"closed","ping_status":"closed","template":"","meta":{"_bbp_topic_count":0,"_bbp_reply_count":0,"_bbp_total_topic_count":0,"_bbp_total_reply_count":0,"_bbp_voice_count":0,"_bbp_anonymous_reply_count":0,"_bbp_topic_count_hidden":0,"_bbp_reply_count_hidden":0,"_bbp_forum_subforum_count":0,"site-sidebar-layout":"default","site-content-layout":"","ast-site-content-layout":"default","site-content-style":"default","site-sidebar-style":"default","ast-global-header-display":"","ast-banner-title-visibility":"","ast-main-header-display":"","ast-hfb-above-header-display":"","ast-hfb-below-header-display":"","ast-hfb-mobile-header-display":"","site-post-title":"","ast-breadcrumbs-content":"","ast-featured-img":"","footer-sml-layout":"","theme-transparent-header-meta":"default","adv-header-id-meta":"","stick-header-meta":"","header-above-stick-meta":"","header-main-stick-meta":"","header-below-stick-meta":"","astra-migrate-meta-layouts":"set","ast-page-background-enabled":"default","ast-page-background-meta":{"desktop":{"background-color":"var(--ast-global-color-4)","background-image":"","background-repeat":"repeat","background-position":"center center","background-size":"auto","background-attachment":"scroll","background-type":"","background-media":"","overlay-type":"","overlay-color":"","overlay-opacity":"","overlay-gradient":""},"tablet":{"background-color":"","background-image":"","background-repeat":"repeat","background-position":"center center","background-size":"auto","background-attachment":"scroll","background-type":"","background-media":"","overlay-type":"","overlay-color":"","overlay-opacity":"","overlay-gradient":""},"mobile":{"background-color":"","background-image":"","background-repeat":"repeat","background-position":"center center","background-size":"auto","background-attachment":"scroll","background-type":"","background-media":"","overlay-type":"","overlay-color":"","overlay-opacity":"","overlay-gradient":""}},"ast-content-background-meta":{"desktop":{"background-color":"var(--ast-global-color-5)","background-image":"","background-repeat":"repeat","background-position":"center center","background-size":"auto","background-attachment":"scroll","background-type":"","background-media":"","overlay-type":"","overlay-color":"","overlay-opacity":"","overlay-gradient":""},"tablet":{"background-color":"var(--ast-global-color-5)","background-image":"","background-repeat":"repeat","background-position":"center center","background-size":"auto","background-attachment":"scroll","background-type":"","background-media":"","overlay-type":"","overlay-color":"","overlay-opacity":"","overlay-gradient":""},"mobile":{"background-color":"var(--ast-global-color-5)","background-image":"","background-repeat":"repeat","background-position":"center center","background-size":"auto","background-attachment":"scroll","background-type":"","background-media":"","overlay-type":"","overlay-color":"","overlay-opacity":"","overlay-gradient":""}},"footnotes":""},"class_list":["post-3306","page","type-page","status-publish","hentry"],"post_mailing_queue_ids":[],"_links":{"self":[{"href":"https:\/\/agora.xtec.cat\/ceipescolamarina\/wp-json\/wp\/v2\/pages\/3306","targetHints":{"allow":["GET"]}}],"collection":[{"href":"https:\/\/agora.xtec.cat\/ceipescolamarina\/wp-json\/wp\/v2\/pages"}],"about":[{"href":"https:\/\/agora.xtec.cat\/ceipescolamarina\/wp-json\/wp\/v2\/types\/page"}],"author":[{"embeddable":true,"href":"https:\/\/agora.xtec.cat\/ceipescolamarina\/wp-json\/wp\/v2\/users\/1"}],"replies":[{"embeddable":true,"href":"https:\/\/agora.xtec.cat\/ceipescolamarina\/wp-json\/wp\/v2\/comments?post=3306"}],"version-history":[{"count":4,"href":"https:\/\/agora.xtec.cat\/ceipescolamarina\/wp-json\/wp\/v2\/pages\/3306\/revisions"}],"predecessor-version":[{"id":7460,"href":"https:\/\/agora.xtec.cat\/ceipescolamarina\/wp-json\/wp\/v2\/pages\/3306\/revisions\/7460"}],"up":[{"embeddable":true,"href":"https:\/\/agora.xtec.cat\/ceipescolamarina\/wp-json\/wp\/v2\/pages\/492"}],"wp:attachment":[{"href":"https:\/\/agora.xtec.cat\/ceipescolamarina\/wp-json\/wp\/v2\/media?parent=3306"}],"curies":[{"name":"wp","href":"https:\/\/api.w.org\/{rel}","templated":true}]}}