{"id":3302,"date":"2019-03-11T23:35:23","date_gmt":"2019-03-11T22:35:23","guid":{"rendered":"http:\/\/agora.xtec.cat\/ceipescolamarina\/?page_id=3302"},"modified":"2025-11-25T10:13:06","modified_gmt":"2025-11-25T09:13:06","slug":"situacions-d-aprenentatge","status":"publish","type":"page","link":"https:\/\/agora.xtec.cat\/ceipescolamarina\/plantejaments-educatius\/situacions-d-aprenentatge\/","title":{"rendered":"Situacions d&#8217;aprenentatge"},"content":{"rendered":"<p>Entenem el treball amb situacions d&#8217;aprenentatge com una <strong>FILOSOFIA D\u2019ESCOLA<\/strong> on es pret\u00e9n que els infants estimulin les seves curiositats d\u2019una manera rellevant per la seva vida i connectada amb la societat.<\/p>\n<p>Els nens i nenes han de partir dels seus coneixements previs i els mestres hem d\u2019acompanyar i fer de \u201cguies\u201d durant aquests aprenentatges per tal que els infants arribin a <strong>coneixements significatius contextualitzats<\/strong> i a \u201caprendre a aprendre\u201d.<\/p>\n<p>\u00c9s molt important que els alumnes <strong>s\u2019impliquin<\/strong>, estiguin motivats, <strong>pensin per ells mateixos<\/strong>, utilitzin la seva creativitat, experimentin, <strong>investiguin<\/strong> i siguin cr\u00edtics.<\/p>\n<p>L&#8217;aprenentatge es construeix des de <strong>l&#8217;intercanvi<\/strong>; l&#8217;intercanvi amb els iguals (companys i companyes d&#8217;escola), l&#8217;intercanvi amb els savis (el coneixement te\u00f2ric) i l&#8217;intercanvi amb el temps (la biografia personal). Els aprenentatges han de ser la suma d&#8217;aprenentatges individuals per construir aprenentatges col\u00b7lectius.<\/p>\n<p>Ens interessa m\u00e9s que els nostres infants siguin f\u00e0briques de preguntes i directors de la seva pr\u00f2pia indagaci\u00f3, que no pas magatzems de respostes.<\/p>\n<p style=\"text-align: right;\"><em>Definici\u00f3 consensuada pel claustre.<\/em><\/p>\n<p><em>Formaci\u00f3 de la Xarxa de Compet\u00e8ncies B\u00e0siques.<\/em><\/p>\n<p>&nbsp;<\/p>\n","protected":false},"excerpt":{"rendered":"<p>Entenem el treball amb situacions d&#8217;aprenentatge com una FILOSOFIA D\u2019ESCOLA on es pret\u00e9n que els infants estimulin les seves curiositats d\u2019una manera rellevant per la seva vida i connectada amb la societat. Els nens i nenes han de partir dels seus coneixements previs i els mestres hem d\u2019acompanyar i fer de \u201cguies\u201d durant aquests aprenentatges [&hellip;]<\/p>\n","protected":false},"author":1,"featured_media":0,"parent":492,"menu_order":10,"comment_status":"closed","ping_status":"closed","template":"","meta":{"_bbp_topic_count":0,"_bbp_reply_count":0,"_bbp_total_topic_count":0,"_bbp_total_reply_count":0,"_bbp_voice_count":0,"_bbp_anonymous_reply_count":0,"_bbp_topic_count_hidden":0,"_bbp_reply_count_hidden":0,"_bbp_forum_subforum_count":0,"site-sidebar-layout":"default","site-content-layout":"","ast-site-content-layout":"default","site-content-style":"default","site-sidebar-style":"default","ast-global-header-display":"","ast-banner-title-visibility":"","ast-main-header-display":"","ast-hfb-above-header-display":"","ast-hfb-below-header-display":"","ast-hfb-mobile-header-display":"","site-post-title":"","ast-breadcrumbs-content":"","ast-featured-img":"","footer-sml-layout":"","theme-transparent-header-meta":"default","adv-header-id-meta":"","stick-header-meta":"","header-above-stick-meta":"","header-main-stick-meta":"","header-below-stick-meta":"","astra-migrate-meta-layouts":"set","ast-page-background-enabled":"default","ast-page-background-meta":{"desktop":{"background-color":"var(--ast-global-color-4)","background-image":"","background-repeat":"repeat","background-position":"center center","background-size":"auto","background-attachment":"scroll","background-type":"","background-media":"","overlay-type":"","overlay-color":"","overlay-opacity":"","overlay-gradient":""},"tablet":{"background-color":"","background-image":"","background-repeat":"repeat","background-position":"center center","background-size":"auto","background-attachment":"scroll","background-type":"","background-media":"","overlay-type":"","overlay-color":"","overlay-opacity":"","overlay-gradient":""},"mobile":{"background-color":"","background-image":"","background-repeat":"repeat","background-position":"center center","background-size":"auto","background-attachment":"scroll","background-type":"","background-media":"","overlay-type":"","overlay-color":"","overlay-opacity":"","overlay-gradient":""}},"ast-content-background-meta":{"desktop":{"background-color":"var(--ast-global-color-5)","background-image":"","background-repeat":"repeat","background-position":"center center","background-size":"auto","background-attachment":"scroll","background-type":"","background-media":"","overlay-type":"","overlay-color":"","overlay-opacity":"","overlay-gradient":""},"tablet":{"background-color":"var(--ast-global-color-5)","background-image":"","background-repeat":"repeat","background-position":"center center","background-size":"auto","background-attachment":"scroll","background-type":"","background-media":"","overlay-type":"","overlay-color":"","overlay-opacity":"","overlay-gradient":""},"mobile":{"background-color":"var(--ast-global-color-5)","background-image":"","background-repeat":"repeat","background-position":"center center","background-size":"auto","background-attachment":"scroll","background-type":"","background-media":"","overlay-type":"","overlay-color":"","overlay-opacity":"","overlay-gradient":""}},"footnotes":""},"class_list":["post-3302","page","type-page","status-publish","hentry"],"post_mailing_queue_ids":[],"_links":{"self":[{"href":"https:\/\/agora.xtec.cat\/ceipescolamarina\/wp-json\/wp\/v2\/pages\/3302","targetHints":{"allow":["GET"]}}],"collection":[{"href":"https:\/\/agora.xtec.cat\/ceipescolamarina\/wp-json\/wp\/v2\/pages"}],"about":[{"href":"https:\/\/agora.xtec.cat\/ceipescolamarina\/wp-json\/wp\/v2\/types\/page"}],"author":[{"embeddable":true,"href":"https:\/\/agora.xtec.cat\/ceipescolamarina\/wp-json\/wp\/v2\/users\/1"}],"replies":[{"embeddable":true,"href":"https:\/\/agora.xtec.cat\/ceipescolamarina\/wp-json\/wp\/v2\/comments?post=3302"}],"version-history":[{"count":4,"href":"https:\/\/agora.xtec.cat\/ceipescolamarina\/wp-json\/wp\/v2\/pages\/3302\/revisions"}],"predecessor-version":[{"id":7454,"href":"https:\/\/agora.xtec.cat\/ceipescolamarina\/wp-json\/wp\/v2\/pages\/3302\/revisions\/7454"}],"up":[{"embeddable":true,"href":"https:\/\/agora.xtec.cat\/ceipescolamarina\/wp-json\/wp\/v2\/pages\/492"}],"wp:attachment":[{"href":"https:\/\/agora.xtec.cat\/ceipescolamarina\/wp-json\/wp\/v2\/media?parent=3302"}],"curies":[{"name":"wp","href":"https:\/\/api.w.org\/{rel}","templated":true}]}}