{"id":32,"date":"2014-09-18T12:31:33","date_gmt":"2014-09-18T11:31:33","guid":{"rendered":"http:\/\/agora.xtec.cat\/ceipescolamarina\/?page_id=32"},"modified":"2025-09-02T12:52:36","modified_gmt":"2025-09-02T10:52:36","slug":"calendari-del-curs","status":"publish","type":"page","link":"https:\/\/agora.xtec.cat\/ceipescolamarina\/families\/calendari-del-curs\/","title":{"rendered":"Calendari del curs 2025-2026"},"content":{"rendered":"<h4 style=\"text-align: left;\"><strong>Inici de curs:<\/strong><\/h4>\n<p>8 de setembre de 2025<\/p>\n<p>L&#8217;alumnat d&#8217;Infantil 3 seguir\u00e0 l&#8217;horari d&#8217;adaptaci\u00f3.<\/p>\n<h4><strong>Vacances:<\/strong><\/h4>\n<p>Nadal: del 20 de desembre de 2025 al 7 de gener de 2026, ambd\u00f3s inclosos<\/p>\n<p>Setmana Santa: del 28 de mar\u00e7\u00a0 al 6 d&#8217;abril de 2025, ambd\u00f3s inclosos<\/p>\n<p>Estiu: darrer dia de classe 19 de juny de 2026<\/p>\n<h4><strong>Dies festius de lliure disposici\u00f3:<\/strong><\/h4>\n<p>10 de d&#8217;octubre de 2025<\/p>\n<p>3 de novembre de 2026<\/p>\n<p>16 de febrer de 20256<\/p>\n<p>24 d&#8217;abril de 2026<\/p>\n<p><strong>Festes locals:<br \/>\n<\/strong><\/p>\n<p>23 d&#8217;abril de 2026<\/p>\n<p>25 de maig de 2026<\/p>\n<h4><strong>Jornada compactada, de 9h a 13h:<\/strong><\/h4>\n<p>19 de desembre de 2025<\/p>\n<p>i del 8 al 19 de juny de 2026<\/p>\n<p><a href=\"https:\/\/drive.google.com\/file\/d\/17O8ivYTjdyEK3UsoMihMit6ZBc5opJQ-\/view?usp=sharing\" target=\"_blank\" rel=\"noopener\"><strong>Enlla\u00e7 calendari\u00a0<\/strong><\/a><\/p>\n<h4><strong>Horari del per\u00edode de familiaritzaci\u00f3 Infantil 3:<\/strong><\/h4>\n<p>Per als alumnes que inicien l\u2019escolaritzaci\u00f3 a <strong>I3<\/strong> s\u2019organitza un breu per\u00edode de familiaritzaci\u00f3 que suposa una certa modificaci\u00f3 dels horaris dels primers dies de classe, i que es fa saber a les fam\u00edlies en les reunions pr\u00e8vies corresponents.<\/p>\n<p><strong>Horari del per\u00edode d\u2019adaptaci\u00f3 a I3 (Setembre 2025)<\/strong><\/p>\n<table style=\"border-collapse: collapse; width: 62.7268%;\">\n<tbody>\n<tr>\n<td style=\"width: 19.9124%; text-align: center;\">DILLUNS 8<\/td>\n<td style=\"width: 21.2154%; text-align: center;\">DIMARTS 9<\/td>\n<td style=\"width: 18.861%; text-align: center;\">DIMECRES 10<\/td>\n<\/tr>\n<tr>\n<td style=\"width: 19.9124%; text-align: center;\">De 9h a 11h<\/p>\n<p><em>Entrada flexible de 9h a 9.30h<\/em><\/td>\n<td style=\"width: 21.2154%; text-align: center;\">De 9h a 11h<\/p>\n<p><em>Entrada flexible de 9h a 9.30h<\/em><\/td>\n<td style=\"width: 18.861%; text-align: center;\">De 9h a 12:30h<\/p>\n<p>TOT L&#8217;ALUMNAT D&#8217;I3<\/td>\n<\/tr>\n<\/tbody>\n<\/table>\n<p>A partir de divendres 12 tot l&#8217;alumnat far\u00e0 horari de 9\u202fh a 12:30\u202fh i de 15\u202fh a 16:30\u202fh. Ja podran fer \u00fas del servei de menjador.<\/p>\n","protected":false},"excerpt":{"rendered":"<p>Inici de curs: 8 de setembre de 2025 L&#8217;alumnat d&#8217;Infantil 3 seguir\u00e0 l&#8217;horari d&#8217;adaptaci\u00f3. Vacances: Nadal: del 20 de desembre de 2025 al 7 de gener de 2026, ambd\u00f3s inclosos Setmana Santa: del 28 de mar\u00e7\u00a0 al 6 d&#8217;abril de 2025, ambd\u00f3s inclosos Estiu: darrer dia de classe 19 de juny de 2026 Dies festius [&hellip;]<\/p>\n","protected":false},"author":1,"featured_media":0,"parent":517,"menu_order":10,"comment_status":"closed","ping_status":"closed","template":"page-templates\/side-menu.php","meta":{"_bbp_topic_count":0,"_bbp_reply_count":0,"_bbp_total_topic_count":0,"_bbp_total_reply_count":0,"_bbp_voice_count":0,"_bbp_anonymous_reply_count":0,"_bbp_topic_count_hidden":0,"_bbp_reply_count_hidden":0,"_bbp_forum_subforum_count":0,"site-sidebar-layout":"default","site-content-layout":"","ast-site-content-layout":"","site-content-style":"default","site-sidebar-style":"default","ast-global-header-display":"","ast-banner-title-visibility":"","ast-main-header-display":"","ast-hfb-above-header-display":"","ast-hfb-below-header-display":"","ast-hfb-mobile-header-display":"","site-post-title":"","ast-breadcrumbs-content":"","ast-featured-img":"","footer-sml-layout":"","theme-transparent-header-meta":"","adv-header-id-meta":"","stick-header-meta":"","header-above-stick-meta":"","header-main-stick-meta":"","header-below-stick-meta":"","astra-migrate-meta-layouts":"default","ast-page-background-enabled":"default","ast-page-background-meta":{"desktop":{"background-color":"var(--ast-global-color-4)","background-image":"","background-repeat":"repeat","background-position":"center center","background-size":"auto","background-attachment":"scroll","background-type":"","background-media":"","overlay-type":"","overlay-color":"","overlay-opacity":"","overlay-gradient":""},"tablet":{"background-color":"","background-image":"","background-repeat":"repeat","background-position":"center center","background-size":"auto","background-attachment":"scroll","background-type":"","background-media":"","overlay-type":"","overlay-color":"","overlay-opacity":"","overlay-gradient":""},"mobile":{"background-color":"","background-image":"","background-repeat":"repeat","background-position":"center center","background-size":"auto","background-attachment":"scroll","background-type":"","background-media":"","overlay-type":"","overlay-color":"","overlay-opacity":"","overlay-gradient":""}},"ast-content-background-meta":{"desktop":{"background-color":"var(--ast-global-color-5)","background-image":"","background-repeat":"repeat","background-position":"center center","background-size":"auto","background-attachment":"scroll","background-type":"","background-media":"","overlay-type":"","overlay-color":"","overlay-opacity":"","overlay-gradient":""},"tablet":{"background-color":"var(--ast-global-color-5)","background-image":"","background-repeat":"repeat","background-position":"center center","background-size":"auto","background-attachment":"scroll","background-type":"","background-media":"","overlay-type":"","overlay-color":"","overlay-opacity":"","overlay-gradient":""},"mobile":{"background-color":"var(--ast-global-color-5)","background-image":"","background-repeat":"repeat","background-position":"center center","background-size":"auto","background-attachment":"scroll","background-type":"","background-media":"","overlay-type":"","overlay-color":"","overlay-opacity":"","overlay-gradient":""}},"footnotes":""},"class_list":["post-32","page","type-page","status-publish","hentry"],"post_mailing_queue_ids":[],"_links":{"self":[{"href":"https:\/\/agora.xtec.cat\/ceipescolamarina\/wp-json\/wp\/v2\/pages\/32","targetHints":{"allow":["GET"]}}],"collection":[{"href":"https:\/\/agora.xtec.cat\/ceipescolamarina\/wp-json\/wp\/v2\/pages"}],"about":[{"href":"https:\/\/agora.xtec.cat\/ceipescolamarina\/wp-json\/wp\/v2\/types\/page"}],"author":[{"embeddable":true,"href":"https:\/\/agora.xtec.cat\/ceipescolamarina\/wp-json\/wp\/v2\/users\/1"}],"replies":[{"embeddable":true,"href":"https:\/\/agora.xtec.cat\/ceipescolamarina\/wp-json\/wp\/v2\/comments?post=32"}],"version-history":[{"count":8,"href":"https:\/\/agora.xtec.cat\/ceipescolamarina\/wp-json\/wp\/v2\/pages\/32\/revisions"}],"predecessor-version":[{"id":7169,"href":"https:\/\/agora.xtec.cat\/ceipescolamarina\/wp-json\/wp\/v2\/pages\/32\/revisions\/7169"}],"up":[{"embeddable":true,"href":"https:\/\/agora.xtec.cat\/ceipescolamarina\/wp-json\/wp\/v2\/pages\/517"}],"wp:attachment":[{"href":"https:\/\/agora.xtec.cat\/ceipescolamarina\/wp-json\/wp\/v2\/media?parent=32"}],"curies":[{"name":"wp","href":"https:\/\/api.w.org\/{rel}","templated":true}]}}