{"id":28,"date":"2014-09-18T12:29:35","date_gmt":"2014-09-18T11:29:35","guid":{"rendered":"http:\/\/agora.xtec.cat\/ceipescolamarina\/?page_id=28"},"modified":"2026-03-20T12:21:41","modified_gmt":"2026-03-20T11:21:41","slug":"consell-escolar","status":"publish","type":"page","link":"https:\/\/agora.xtec.cat\/ceipescolamarina\/families\/consell-escolar\/","title":{"rendered":"Consell escolar"},"content":{"rendered":"<p>El Consell Escolar \u00e9s l&#8217;\u00f2rgan de participaci\u00f3 de la comunitat escolar en el govern i gesti\u00f3 de l&#8217;escola.<\/p>\n<p>Est\u00e0 format per l&#8217;equip de direcci\u00f3 de l&#8217;escola, representants del sector de mestres, representants del sector fam\u00edlies, un representant del personal d&#8217;administraci\u00f3 i serveis, un representant de l&#8217;AFA i un representant de l&#8217;Ajuntament.<\/p>\n<p>Les fam\u00edlies trien, mitjan\u00e7ant votaci\u00f3, els seus representants quan es convoquen eleccions. \u00c9s molt important participar en aquestes eleccions i con\u00e8ixer les persones que es presenten perqu\u00e8 despr\u00e9s prendran decisions que afecten el funcionament general del centre (horaris, quotes, programes educatius &#8230;).<\/p>\n<p>El Consell Escolar serveix perqu\u00e8 cada sector estigui representat, pugui manifestar la seva opini\u00f3 i sigui tinguda en compte a l&#8217;hora de prendre decisions.<\/p>\n<p>La composici\u00f3 del consell escolar constitu\u00eft el 25 de novembre de 2025 \u00e9s la seg\u00fcent:<\/p>\n<ul>\n<li>President: Rosa P\u00e9rez<\/li>\n<li>Cap d&#8217;estudis: Estefania Torres<\/li>\n<li>Regidora. Representant Ajuntament: Marta Zorrilla<\/li>\n<li>Representants del sector mestres: Andrea Torrente, Marc Sis\u00f3, Estefania Tesoro, Yolanda Gonz\u00e1lez, X\u00e8nia Pujol.<\/li>\n<li>Representants del sector fam\u00edlies: Gl\u00f2ria Navarro, Tha\u00efs Colomer, Sandra Segura, Sebastiana Socias.<\/li>\n<li>Representant de l&#8217;AFA: Montse Trilla<\/li>\n<li>Representant del PAS: Tere Gutierrez<\/li>\n<li>Secret\u00e0ria: Cristina Soro<\/li>\n<\/ul>\n<h3>Calendari de reunions pel curs 2025-26<\/h3>\n<p>El consell escolar es reunir\u00e0 de manera ordin\u00e0ria els dies:<\/p>\n<table>\n<tbody>\n<tr>\n<td>16 de setembre<\/td>\n<td>25 de novembre<\/td>\n<td>20 de gener<\/td>\n<td>17 de mar\u00e7<\/td>\n<td>16 de juny<\/td>\n<\/tr>\n<\/tbody>\n<\/table>\n<h3>Acords del Consell Escolar<\/h3>\n<p><a href=\"https:\/\/drive.google.com\/drive\/folders\/1OpQ0skVfXrhdZUiJ6Wwf_PR_jO3QUALO?usp=sharing\" target=\"_blank\" rel=\"noopener\">Enlla\u00e7 als certificats.<\/a><\/p>\n","protected":false},"excerpt":{"rendered":"<p>El Consell Escolar \u00e9s l&#8217;\u00f2rgan de participaci\u00f3 de la comunitat escolar en el govern i gesti\u00f3 de l&#8217;escola. Est\u00e0 format per l&#8217;equip de direcci\u00f3 de l&#8217;escola, representants del sector de mestres, representants del sector fam\u00edlies, un representant del personal d&#8217;administraci\u00f3 i serveis, un representant de l&#8217;AFA i un representant de l&#8217;Ajuntament. Les fam\u00edlies trien, mitjan\u00e7ant [&hellip;]<\/p>\n","protected":false},"author":1,"featured_media":0,"parent":517,"menu_order":20,"comment_status":"closed","ping_status":"closed","template":"","meta":{"_bbp_topic_count":0,"_bbp_reply_count":0,"_bbp_total_topic_count":0,"_bbp_total_reply_count":0,"_bbp_voice_count":0,"_bbp_anonymous_reply_count":0,"_bbp_topic_count_hidden":0,"_bbp_reply_count_hidden":0,"_bbp_forum_subforum_count":0,"site-sidebar-layout":"default","site-content-layout":"","ast-site-content-layout":"default","site-content-style":"default","site-sidebar-style":"default","ast-global-header-display":"","ast-banner-title-visibility":"","ast-main-header-display":"","ast-hfb-above-header-display":"","ast-hfb-below-header-display":"","ast-hfb-mobile-header-display":"","site-post-title":"","ast-breadcrumbs-content":"","ast-featured-img":"","footer-sml-layout":"","theme-transparent-header-meta":"default","adv-header-id-meta":"","stick-header-meta":"","header-above-stick-meta":"","header-main-stick-meta":"","header-below-stick-meta":"","astra-migrate-meta-layouts":"set","ast-page-background-enabled":"default","ast-page-background-meta":{"desktop":{"background-color":"var(--ast-global-color-4)","background-image":"","background-repeat":"repeat","background-position":"center center","background-size":"auto","background-attachment":"scroll","background-type":"","background-media":"","overlay-type":"","overlay-color":"","overlay-opacity":"","overlay-gradient":""},"tablet":{"background-color":"","background-image":"","background-repeat":"repeat","background-position":"center center","background-size":"auto","background-attachment":"scroll","background-type":"","background-media":"","overlay-type":"","overlay-color":"","overlay-opacity":"","overlay-gradient":""},"mobile":{"background-color":"","background-image":"","background-repeat":"repeat","background-position":"center center","background-size":"auto","background-attachment":"scroll","background-type":"","background-media":"","overlay-type":"","overlay-color":"","overlay-opacity":"","overlay-gradient":""}},"ast-content-background-meta":{"desktop":{"background-color":"var(--ast-global-color-5)","background-image":"","background-repeat":"repeat","background-position":"center center","background-size":"auto","background-attachment":"scroll","background-type":"","background-media":"","overlay-type":"","overlay-color":"","overlay-opacity":"","overlay-gradient":""},"tablet":{"background-color":"var(--ast-global-color-5)","background-image":"","background-repeat":"repeat","background-position":"center center","background-size":"auto","background-attachment":"scroll","background-type":"","background-media":"","overlay-type":"","overlay-color":"","overlay-opacity":"","overlay-gradient":""},"mobile":{"background-color":"var(--ast-global-color-5)","background-image":"","background-repeat":"repeat","background-position":"center center","background-size":"auto","background-attachment":"scroll","background-type":"","background-media":"","overlay-type":"","overlay-color":"","overlay-opacity":"","overlay-gradient":""}},"footnotes":""},"class_list":["post-28","page","type-page","status-publish","hentry"],"post_mailing_queue_ids":[],"_links":{"self":[{"href":"https:\/\/agora.xtec.cat\/ceipescolamarina\/wp-json\/wp\/v2\/pages\/28","targetHints":{"allow":["GET"]}}],"collection":[{"href":"https:\/\/agora.xtec.cat\/ceipescolamarina\/wp-json\/wp\/v2\/pages"}],"about":[{"href":"https:\/\/agora.xtec.cat\/ceipescolamarina\/wp-json\/wp\/v2\/types\/page"}],"author":[{"embeddable":true,"href":"https:\/\/agora.xtec.cat\/ceipescolamarina\/wp-json\/wp\/v2\/users\/1"}],"replies":[{"embeddable":true,"href":"https:\/\/agora.xtec.cat\/ceipescolamarina\/wp-json\/wp\/v2\/comments?post=28"}],"version-history":[{"count":6,"href":"https:\/\/agora.xtec.cat\/ceipescolamarina\/wp-json\/wp\/v2\/pages\/28\/revisions"}],"predecessor-version":[{"id":7605,"href":"https:\/\/agora.xtec.cat\/ceipescolamarina\/wp-json\/wp\/v2\/pages\/28\/revisions\/7605"}],"up":[{"embeddable":true,"href":"https:\/\/agora.xtec.cat\/ceipescolamarina\/wp-json\/wp\/v2\/pages\/517"}],"wp:attachment":[{"href":"https:\/\/agora.xtec.cat\/ceipescolamarina\/wp-json\/wp\/v2\/media?parent=28"}],"curies":[{"name":"wp","href":"https:\/\/api.w.org\/{rel}","templated":true}]}}