{"id":26,"date":"2014-09-18T12:24:32","date_gmt":"2014-09-18T11:24:32","guid":{"rendered":"http:\/\/agora.xtec.cat\/ceipescolamarina\/?page_id=26"},"modified":"2025-11-25T10:15:08","modified_gmt":"2025-11-25T09:15:08","slug":"historia","status":"publish","type":"page","link":"https:\/\/agora.xtec.cat\/ceipescolamarina\/lescola\/historia\/","title":{"rendered":"Hist\u00f2ria"},"content":{"rendered":"<p><a href=\"https:\/\/agora.xtec.cat\/ceipescolamarina\/wp-content\/uploads\/usu1421\/2014\/09\/dibuix-carbonet-escola.jpg\"><img loading=\"lazy\" decoding=\"async\" class=\"alignleft wp-image-2274\" src=\"https:\/\/agora.xtec.cat\/ceipescolamarina\/wp-content\/uploads\/usu1421\/2014\/09\/dibuix-carbonet-escola.jpg\" alt=\"\" width=\"403\" height=\"266\" srcset=\"https:\/\/agora.xtec.cat\/ceipescolamarina\/wp-content\/uploads\/usu1421\/2014\/09\/dibuix-carbonet-escola.jpg 1289w, https:\/\/agora.xtec.cat\/ceipescolamarina\/wp-content\/uploads\/usu1421\/2014\/09\/dibuix-carbonet-escola-300x198.jpg 300w, https:\/\/agora.xtec.cat\/ceipescolamarina\/wp-content\/uploads\/usu1421\/2014\/09\/dibuix-carbonet-escola-768x507.jpg 768w, https:\/\/agora.xtec.cat\/ceipescolamarina\/wp-content\/uploads\/usu1421\/2014\/09\/dibuix-carbonet-escola-1024x676.jpg 1024w\" sizes=\"auto, (max-width: 403px) 100vw, 403px\" \/><\/a>L\u2019Escola Marina \u00e9s un centre que neix el curs 2005-2006 i passats aquests anys podem dir que tenim un projecte educatiu consolidat. Volem aconseguir l\u2019educaci\u00f3 integral de les nenes i els nens, desenvolupant al m\u00e0xim les seves capacitats. Vetllem per tenir un entorn acollidor i respectu\u00f3s amb la persona i busquem promoure la participaci\u00f3, la transpar\u00e8ncia, la conviv\u00e8ncia, la cooperaci\u00f3, el di\u00e0leg, la creativitat, la solidaritat i la responsabilitat.<\/p>\n<p>L\u2019escola t\u00e9 una metodologia de treball globalitzat, que s&#8217;adapta al moment educatiu actual.<\/p>\n<p>El centre \u00e9s d\u2019infantil i prim\u00e0ria, amb dues l\u00ednies per curs. Tot i ser gaireb\u00e9 400 alumnes tothom coincidim que dins de l&#8217;escola es respira un ambient agradable i familiar.<\/p>\n<p>L\u2019equip docent est\u00e0 conven\u00e7ut de la import\u00e0ncia del seu treball i les nombroses proves externes que realitzem i els resultats obtinguts <em>(ja sigui a l\u2019escola com a l\u2019institut) <\/em>aix\u00ed ho avalen.<\/p>\n<p>Tenim projectes per seguir millorant els espais, fent-los m\u00e9s funcionals i pr\u00e0ctics. Gaudim d\u2019uns <strong>patis exteriors<\/strong> privilegiats; tenim <strong>aules espec\u00edfiques d\u2019art i de m\u00fasica<\/strong>; aprofitem els recursos existents per aconseguir un entorn que estimuli <strong>l\u2019aprenentatge<\/strong>; fem \u00fas de les <strong>noves tecnologies<\/strong>; s\u2019inicia la <strong>llengua anglesa a Infantil 3<\/strong>; treballem la terra als <strong>horts de l\u2019escola<\/strong>; des de 3r treballem l&#8217;Educaci\u00f3 F\u00edsica amb el <strong>Projecte de Vela<\/strong>&#8230; I tot aix\u00f2 \u00e9s una petita part del projecte educatiu, de la nostra identitat.<\/p>\n<p>En aquesta p\u00e0gina web trobareu com es concreta aquest projecte educatiu de centre.<\/p>\n","protected":false},"excerpt":{"rendered":"<p>L\u2019Escola Marina \u00e9s un centre que neix el curs 2005-2006 i passats aquests anys podem dir que tenim un projecte educatiu consolidat. Volem aconseguir l\u2019educaci\u00f3 integral de les nenes i els nens, desenvolupant al m\u00e0xim les seves capacitats. Vetllem per tenir un entorn acollidor i respectu\u00f3s amb la persona i busquem promoure la participaci\u00f3, la [&hellip;]<\/p>\n","protected":false},"author":1,"featured_media":0,"parent":22,"menu_order":20,"comment_status":"closed","ping_status":"closed","template":"","meta":{"_bbp_topic_count":0,"_bbp_reply_count":0,"_bbp_total_topic_count":0,"_bbp_total_reply_count":0,"_bbp_voice_count":0,"_bbp_anonymous_reply_count":0,"_bbp_topic_count_hidden":0,"_bbp_reply_count_hidden":0,"_bbp_forum_subforum_count":0,"site-sidebar-layout":"default","site-content-layout":"","ast-site-content-layout":"default","site-content-style":"default","site-sidebar-style":"default","ast-global-header-display":"","ast-banner-title-visibility":"","ast-main-header-display":"","ast-hfb-above-header-display":"","ast-hfb-below-header-display":"","ast-hfb-mobile-header-display":"","site-post-title":"","ast-breadcrumbs-content":"","ast-featured-img":"","footer-sml-layout":"","theme-transparent-header-meta":"default","adv-header-id-meta":"","stick-header-meta":"","header-above-stick-meta":"","header-main-stick-meta":"","header-below-stick-meta":"","astra-migrate-meta-layouts":"set","ast-page-background-enabled":"default","ast-page-background-meta":{"desktop":{"background-color":"var(--ast-global-color-4)","background-image":"","background-repeat":"repeat","background-position":"center center","background-size":"auto","background-attachment":"scroll","background-type":"","background-media":"","overlay-type":"","overlay-color":"","overlay-opacity":"","overlay-gradient":""},"tablet":{"background-color":"","background-image":"","background-repeat":"repeat","background-position":"center center","background-size":"auto","background-attachment":"scroll","background-type":"","background-media":"","overlay-type":"","overlay-color":"","overlay-opacity":"","overlay-gradient":""},"mobile":{"background-color":"","background-image":"","background-repeat":"repeat","background-position":"center center","background-size":"auto","background-attachment":"scroll","background-type":"","background-media":"","overlay-type":"","overlay-color":"","overlay-opacity":"","overlay-gradient":""}},"ast-content-background-meta":{"desktop":{"background-color":"var(--ast-global-color-5)","background-image":"","background-repeat":"repeat","background-position":"center center","background-size":"auto","background-attachment":"scroll","background-type":"","background-media":"","overlay-type":"","overlay-color":"","overlay-opacity":"","overlay-gradient":""},"tablet":{"background-color":"var(--ast-global-color-5)","background-image":"","background-repeat":"repeat","background-position":"center center","background-size":"auto","background-attachment":"scroll","background-type":"","background-media":"","overlay-type":"","overlay-color":"","overlay-opacity":"","overlay-gradient":""},"mobile":{"background-color":"var(--ast-global-color-5)","background-image":"","background-repeat":"repeat","background-position":"center center","background-size":"auto","background-attachment":"scroll","background-type":"","background-media":"","overlay-type":"","overlay-color":"","overlay-opacity":"","overlay-gradient":""}},"footnotes":""},"class_list":["post-26","page","type-page","status-publish","hentry"],"post_mailing_queue_ids":[],"_links":{"self":[{"href":"https:\/\/agora.xtec.cat\/ceipescolamarina\/wp-json\/wp\/v2\/pages\/26","targetHints":{"allow":["GET"]}}],"collection":[{"href":"https:\/\/agora.xtec.cat\/ceipescolamarina\/wp-json\/wp\/v2\/pages"}],"about":[{"href":"https:\/\/agora.xtec.cat\/ceipescolamarina\/wp-json\/wp\/v2\/types\/page"}],"author":[{"embeddable":true,"href":"https:\/\/agora.xtec.cat\/ceipescolamarina\/wp-json\/wp\/v2\/users\/1"}],"replies":[{"embeddable":true,"href":"https:\/\/agora.xtec.cat\/ceipescolamarina\/wp-json\/wp\/v2\/comments?post=26"}],"version-history":[{"count":5,"href":"https:\/\/agora.xtec.cat\/ceipescolamarina\/wp-json\/wp\/v2\/pages\/26\/revisions"}],"predecessor-version":[{"id":7455,"href":"https:\/\/agora.xtec.cat\/ceipescolamarina\/wp-json\/wp\/v2\/pages\/26\/revisions\/7455"}],"up":[{"embeddable":true,"href":"https:\/\/agora.xtec.cat\/ceipescolamarina\/wp-json\/wp\/v2\/pages\/22"}],"wp:attachment":[{"href":"https:\/\/agora.xtec.cat\/ceipescolamarina\/wp-json\/wp\/v2\/media?parent=26"}],"curies":[{"name":"wp","href":"https:\/\/api.w.org\/{rel}","templated":true}]}}