{"id":2424,"date":"2018-02-08T21:44:26","date_gmt":"2018-02-08T20:44:26","guid":{"rendered":"http:\/\/agora.xtec.cat\/ceipescolamarina\/?page_id=2424"},"modified":"2025-11-25T10:26:54","modified_gmt":"2025-11-25T09:26:54","slug":"ambients-a-educacio-infantil","status":"publish","type":"page","link":"https:\/\/agora.xtec.cat\/ceipescolamarina\/plantejaments-educatius\/ambients-a-educacio-infantil\/","title":{"rendered":"Ambients d&#8217;aprenentatge a Educaci\u00f3 Infantil"},"content":{"rendered":"<div data-configid=\"32445822\/58191718\">\n<p>El treball per ambients \u00e9s una proposta metodol\u00f2gica que consisteix en la <strong>creaci\u00f3 d\u2019espais motivadors amb unes intencions concretes<\/strong>. En ells, els infants s\u00f3n protagonistes del seu propi proc\u00e9s d\u2019aprenentatge a trav\u00e9s de <strong>l\u2019acci\u00f3<\/strong>.<\/p>\n<p>Cada ambient compta amb <strong>materials espec\u00edfics<\/strong> pel treball d\u2019una tem\u00e0tica.<\/p>\n<p>Compartim la idea que qualsevol capacitat es desenvolupa millor amb el <strong>joc<\/strong>. Per aix\u00f2 considerem que el joc \u00e9s el millor mitj\u00e0 educatiu per afavorir l\u2019aprenentatge i el coneixement. Est\u00e0 demostrat que all\u00f2 que el nen apr\u00e8n a trav\u00e9s d\u2019un joc es transfereix a altres conductes. Per la qual cosa, podem afirmar que el joc \u00e9s una activitat que desperta la intel\u00b7lig\u00e8ncia.<\/p>\n<p>Aix\u00ed doncs, basant-nos en aquestes afirmacions, definim els ambients d\u2019aprenentatge de la seg\u00fcent manera:<\/p>\n<blockquote><p><em>Els ambients s\u00f3n diferents espais d\u2019aprenentatge, de relaci\u00f3 i comunicaci\u00f3 on a partir de diferents propostes els infants poden actuar, observar, experimentar, construir, inventar, imaginar, compartir, relacionar-se, emocionar-se&#8230; i interactuar amb els altres.<\/em><\/p><\/blockquote>\n<p><strong>Qu\u00e8 pretenem?<\/strong><\/p>\n<ul>\n<li><span style=\"color: #000000;\">Fomentar les <strong>relacions<\/strong> i la <strong>cooperaci\u00f3 <\/strong>entre infants de diferents edats.<\/span><\/li>\n<li><span style=\"color: #000000;\">Promoure <strong>l\u2019autonomia<\/strong>.<\/span><\/li>\n<li><span style=\"color: #000000;\">Potenciar <strong>l\u2019experimentaci\u00f3<\/strong>, la <strong>creaci\u00f3 <\/strong>i <strong>l\u2019acci\u00f3<\/strong>.<\/span><\/li>\n<li><span style=\"color: #000000;\">Donar resposta als <strong>diferents interessos<\/strong> de cada infant.<\/span><\/li>\n<li><span style=\"color: #000000;\">Aprendre a trav\u00e9s del <strong>di\u00e0leg <\/strong>i la verbalitzaci\u00f3 de les pr\u00f2pies <strong>viv\u00e8ncies<\/strong>.<\/span><\/li>\n<\/ul>\n<\/div>\n","protected":false},"excerpt":{"rendered":"<p>El treball per ambients \u00e9s una proposta metodol\u00f2gica que consisteix en la creaci\u00f3 d\u2019espais motivadors amb unes intencions concretes. En ells, els infants s\u00f3n protagonistes del seu propi proc\u00e9s d\u2019aprenentatge a trav\u00e9s de l\u2019acci\u00f3. Cada ambient compta amb materials espec\u00edfics pel treball d\u2019una tem\u00e0tica. Compartim la idea que qualsevol capacitat es desenvolupa millor amb el [&hellip;]<\/p>\n","protected":false},"author":1,"featured_media":0,"parent":492,"menu_order":20,"comment_status":"closed","ping_status":"closed","template":"","meta":{"_bbp_topic_count":0,"_bbp_reply_count":0,"_bbp_total_topic_count":0,"_bbp_total_reply_count":0,"_bbp_voice_count":0,"_bbp_anonymous_reply_count":0,"_bbp_topic_count_hidden":0,"_bbp_reply_count_hidden":0,"_bbp_forum_subforum_count":0,"site-sidebar-layout":"default","site-content-layout":"","ast-site-content-layout":"default","site-content-style":"default","site-sidebar-style":"default","ast-global-header-display":"","ast-banner-title-visibility":"","ast-main-header-display":"","ast-hfb-above-header-display":"","ast-hfb-below-header-display":"","ast-hfb-mobile-header-display":"","site-post-title":"","ast-breadcrumbs-content":"","ast-featured-img":"","footer-sml-layout":"","theme-transparent-header-meta":"default","adv-header-id-meta":"","stick-header-meta":"","header-above-stick-meta":"","header-main-stick-meta":"","header-below-stick-meta":"","astra-migrate-meta-layouts":"set","ast-page-background-enabled":"default","ast-page-background-meta":{"desktop":{"background-color":"var(--ast-global-color-4)","background-image":"","background-repeat":"repeat","background-position":"center center","background-size":"auto","background-attachment":"scroll","background-type":"","background-media":"","overlay-type":"","overlay-color":"","overlay-opacity":"","overlay-gradient":""},"tablet":{"background-color":"","background-image":"","background-repeat":"repeat","background-position":"center center","background-size":"auto","background-attachment":"scroll","background-type":"","background-media":"","overlay-type":"","overlay-color":"","overlay-opacity":"","overlay-gradient":""},"mobile":{"background-color":"","background-image":"","background-repeat":"repeat","background-position":"center center","background-size":"auto","background-attachment":"scroll","background-type":"","background-media":"","overlay-type":"","overlay-color":"","overlay-opacity":"","overlay-gradient":""}},"ast-content-background-meta":{"desktop":{"background-color":"var(--ast-global-color-5)","background-image":"","background-repeat":"repeat","background-position":"center center","background-size":"auto","background-attachment":"scroll","background-type":"","background-media":"","overlay-type":"","overlay-color":"","overlay-opacity":"","overlay-gradient":""},"tablet":{"background-color":"var(--ast-global-color-5)","background-image":"","background-repeat":"repeat","background-position":"center center","background-size":"auto","background-attachment":"scroll","background-type":"","background-media":"","overlay-type":"","overlay-color":"","overlay-opacity":"","overlay-gradient":""},"mobile":{"background-color":"var(--ast-global-color-5)","background-image":"","background-repeat":"repeat","background-position":"center center","background-size":"auto","background-attachment":"scroll","background-type":"","background-media":"","overlay-type":"","overlay-color":"","overlay-opacity":"","overlay-gradient":""}},"footnotes":""},"class_list":["post-2424","page","type-page","status-publish","hentry"],"post_mailing_queue_ids":[],"_links":{"self":[{"href":"https:\/\/agora.xtec.cat\/ceipescolamarina\/wp-json\/wp\/v2\/pages\/2424","targetHints":{"allow":["GET"]}}],"collection":[{"href":"https:\/\/agora.xtec.cat\/ceipescolamarina\/wp-json\/wp\/v2\/pages"}],"about":[{"href":"https:\/\/agora.xtec.cat\/ceipescolamarina\/wp-json\/wp\/v2\/types\/page"}],"author":[{"embeddable":true,"href":"https:\/\/agora.xtec.cat\/ceipescolamarina\/wp-json\/wp\/v2\/users\/1"}],"replies":[{"embeddable":true,"href":"https:\/\/agora.xtec.cat\/ceipescolamarina\/wp-json\/wp\/v2\/comments?post=2424"}],"version-history":[{"count":4,"href":"https:\/\/agora.xtec.cat\/ceipescolamarina\/wp-json\/wp\/v2\/pages\/2424\/revisions"}],"predecessor-version":[{"id":7459,"href":"https:\/\/agora.xtec.cat\/ceipescolamarina\/wp-json\/wp\/v2\/pages\/2424\/revisions\/7459"}],"up":[{"embeddable":true,"href":"https:\/\/agora.xtec.cat\/ceipescolamarina\/wp-json\/wp\/v2\/pages\/492"}],"wp:attachment":[{"href":"https:\/\/agora.xtec.cat\/ceipescolamarina\/wp-json\/wp\/v2\/media?parent=2424"}],"curies":[{"name":"wp","href":"https:\/\/api.w.org\/{rel}","templated":true}]}}