{"id":1465,"date":"2017-01-19T10:53:53","date_gmt":"2017-01-19T09:53:53","guid":{"rendered":"http:\/\/agora.xtec.cat\/ceipescolamarina\/?page_id=1465"},"modified":"2025-11-27T13:24:38","modified_gmt":"2025-11-27T12:24:38","slug":"contacte","status":"publish","type":"page","link":"https:\/\/agora.xtec.cat\/ceipescolamarina\/lescola\/contacte\/","title":{"rendered":"Contacte"},"content":{"rendered":"<p>El nostre tel\u00e8fon de contacte \u00e9s el <strong>93 469 42 66<\/strong> i el correu electr\u00f2nic <strong>ceipescolamarina@xtec.cat<\/strong><\/p>\n<ul style=\"list-style-type: square;\">\n<li>\n<h6>Horari d&#8217;atenci\u00f3:<\/h6>\n<ul style=\"list-style-type: square;\">\n<li>Administrativa: Dilluns, dimarts i dimecres de 8:00h a 14:30h i de 15:30h a 16:45h.\u00a0 Dijous i divendres de 8:00h a 15:00h<\/li>\n<li>Consergeria: de 8:30h a 13h i de 14:30h a 17h<\/li>\n<\/ul>\n<\/li>\n<\/ul>\n<ul>\n<li>\n<h6>Entrevistes amb l&#8217;equip docents:<\/h6>\n<\/li>\n<\/ul>\n<p>Per sol\u00b7licitar una entrevista amb les tutores,\u00a0 cal que demaneu hora mitjan\u00e7ant el seu correu electr\u00f2nic d&#8217;escola que us faciliten a la reuni\u00f3 de principi de curs.<\/p>\n<p>Les reunions amb les tutories i les especialitats es realitzen els dimarts de 12:45h a 14h.<\/p>\n<ul>\n<li>\n<h6>Entrevistes amb l&#8217;equip directiu:<\/h6>\n<\/li>\n<\/ul>\n<p>Per sol\u00b7licitar una entrevista, cal que demaneu hora amb antelaci\u00f3, enviant un correu a l&#8217;escola (a8061087@xtec.cat) i adjuntant el seg\u00fcent document (<a href=\"https:\/\/drive.google.com\/file\/d\/1BLLtkfxvRCaoo_QUVwqg2U0drySb0R-b\/view?usp=sharing\" target=\"_blank\" rel=\"noopener noreferrer\">Enlla\u00e7<\/a>).<\/p>\n<p>\u00c9s important que especifiqueu el tema que voleu tractar per tal de preparar-nos l&#8217;entrevista i millorar la nostra atenci\u00f3. Els horaris en qu\u00e8 es podran atendre les vostres peticions s\u00f3n els seg\u00fcents:<\/p>\n<table style=\"height: 90px; width: 542px;\" width=\"550\">\n<tbody>\n<tr style=\"height: 40px;\">\n<td style=\"height: 40px; width: 190px;\">Director<\/td>\n<td style=\"height: 40px; width: 352px;\">Els dimarts de 12:45h a 14h<\/td>\n<\/tr>\n<tr style=\"height: 40px;\">\n<td style=\"height: 40px; width: 190px;\">Cap d&#8217;estudis<\/td>\n<td style=\"height: 40px; width: 352px;\">Els dimarts de 12:45h a 14h<\/td>\n<\/tr>\n<tr style=\"height: 10px;\">\n<td style=\"height: 10px; width: 190px;\">Secret\u00e0ria<\/td>\n<td style=\"height: 10px; width: 352px;\">Els dimarts de 12:45h a 14h<\/td>\n<\/tr>\n<\/tbody>\n<\/table>\n<p>&nbsp;<\/p>\n","protected":false},"excerpt":{"rendered":"<p>El nostre tel\u00e8fon de contacte \u00e9s el 93 469 42 66 i el correu electr\u00f2nic ceipescolamarina@xtec.cat Horari d&#8217;atenci\u00f3: Administrativa: Dilluns, dimarts i dimecres de 8:00h a 14:30h i de 15:30h a 16:45h.\u00a0 Dijous i divendres de 8:00h a 15:00h Consergeria: de 8:30h a 13h i de 14:30h a 17h Entrevistes amb l&#8217;equip docents: Per sol\u00b7licitar [&hellip;]<\/p>\n","protected":false},"author":1,"featured_media":0,"parent":22,"menu_order":70,"comment_status":"closed","ping_status":"closed","template":"","meta":{"_bbp_topic_count":0,"_bbp_reply_count":0,"_bbp_total_topic_count":0,"_bbp_total_reply_count":0,"_bbp_voice_count":0,"_bbp_anonymous_reply_count":0,"_bbp_topic_count_hidden":0,"_bbp_reply_count_hidden":0,"_bbp_forum_subforum_count":0,"site-sidebar-layout":"default","site-content-layout":"","ast-site-content-layout":"default","site-content-style":"default","site-sidebar-style":"default","ast-global-header-display":"","ast-banner-title-visibility":"","ast-main-header-display":"","ast-hfb-above-header-display":"","ast-hfb-below-header-display":"","ast-hfb-mobile-header-display":"","site-post-title":"","ast-breadcrumbs-content":"","ast-featured-img":"","footer-sml-layout":"","theme-transparent-header-meta":"default","adv-header-id-meta":"","stick-header-meta":"","header-above-stick-meta":"","header-main-stick-meta":"","header-below-stick-meta":"","astra-migrate-meta-layouts":"set","ast-page-background-enabled":"default","ast-page-background-meta":{"desktop":{"background-color":"var(--ast-global-color-4)","background-image":"","background-repeat":"repeat","background-position":"center center","background-size":"auto","background-attachment":"scroll","background-type":"","background-media":"","overlay-type":"","overlay-color":"","overlay-opacity":"","overlay-gradient":""},"tablet":{"background-color":"","background-image":"","background-repeat":"repeat","background-position":"center center","background-size":"auto","background-attachment":"scroll","background-type":"","background-media":"","overlay-type":"","overlay-color":"","overlay-opacity":"","overlay-gradient":""},"mobile":{"background-color":"","background-image":"","background-repeat":"repeat","background-position":"center center","background-size":"auto","background-attachment":"scroll","background-type":"","background-media":"","overlay-type":"","overlay-color":"","overlay-opacity":"","overlay-gradient":""}},"ast-content-background-meta":{"desktop":{"background-color":"var(--ast-global-color-5)","background-image":"","background-repeat":"repeat","background-position":"center center","background-size":"auto","background-attachment":"scroll","background-type":"","background-media":"","overlay-type":"","overlay-color":"","overlay-opacity":"","overlay-gradient":""},"tablet":{"background-color":"var(--ast-global-color-5)","background-image":"","background-repeat":"repeat","background-position":"center center","background-size":"auto","background-attachment":"scroll","background-type":"","background-media":"","overlay-type":"","overlay-color":"","overlay-opacity":"","overlay-gradient":""},"mobile":{"background-color":"var(--ast-global-color-5)","background-image":"","background-repeat":"repeat","background-position":"center center","background-size":"auto","background-attachment":"scroll","background-type":"","background-media":"","overlay-type":"","overlay-color":"","overlay-opacity":"","overlay-gradient":""}},"footnotes":""},"class_list":["post-1465","page","type-page","status-publish","hentry"],"post_mailing_queue_ids":[],"_links":{"self":[{"href":"https:\/\/agora.xtec.cat\/ceipescolamarina\/wp-json\/wp\/v2\/pages\/1465","targetHints":{"allow":["GET"]}}],"collection":[{"href":"https:\/\/agora.xtec.cat\/ceipescolamarina\/wp-json\/wp\/v2\/pages"}],"about":[{"href":"https:\/\/agora.xtec.cat\/ceipescolamarina\/wp-json\/wp\/v2\/types\/page"}],"author":[{"embeddable":true,"href":"https:\/\/agora.xtec.cat\/ceipescolamarina\/wp-json\/wp\/v2\/users\/1"}],"replies":[{"embeddable":true,"href":"https:\/\/agora.xtec.cat\/ceipescolamarina\/wp-json\/wp\/v2\/comments?post=1465"}],"version-history":[{"count":7,"href":"https:\/\/agora.xtec.cat\/ceipescolamarina\/wp-json\/wp\/v2\/pages\/1465\/revisions"}],"predecessor-version":[{"id":7480,"href":"https:\/\/agora.xtec.cat\/ceipescolamarina\/wp-json\/wp\/v2\/pages\/1465\/revisions\/7480"}],"up":[{"embeddable":true,"href":"https:\/\/agora.xtec.cat\/ceipescolamarina\/wp-json\/wp\/v2\/pages\/22"}],"wp:attachment":[{"href":"https:\/\/agora.xtec.cat\/ceipescolamarina\/wp-json\/wp\/v2\/media?parent=1465"}],"curies":[{"name":"wp","href":"https:\/\/api.w.org\/{rel}","templated":true}]}}